{"id":72206,"date":"2023-03-11T17:43:50","date_gmt":"2023-03-11T16:43:50","guid":{"rendered":"https:\/\/poloforma.hu\/termek\/malfini-basic-kerek-nyaku-polo-gyerek\/"},"modified":"2023-04-04T10:48:01","modified_gmt":"2023-04-04T08:48:01","slug":"malfini-round-necked-shirt","status":"publish","type":"product","link":"https:\/\/poloforma.hu\/en\/product\/malfini-round-necked-shirt\/","title":{"rendered":"Malfini round-necked shirt"},"content":{"rendered":"<p><span style=\"font-weight: 400;\">If you&#8217;re looking for a classic, round-necked shirt made from natural materials, the BASIC 138 is the model that meets your expectations. The shirt can be washed at 40 degrees Celsius. The lightweight, 160 g\/m\u00b2 cotton material follows the body&#8217;s contours but isn&#8217;t too tight, making it a popular choice for kids as well. It&#8217;s recommended for children aged 4 to 12, ranging from 110 cm to 158 cm in height.<\/span><\/p>\n<p><span style=\"font-weight: 400;\">The silicon treatment makes the already pleasant-feeling 100% cotton shirt even more skin-friendly and silky. It also makes the cotton more durable, which is particularly useful for textile printing, as it provides a more stable base. The reinforced shoulder strap and side seam enhance the quality of the elastic yet shape-retaining single jersey cotton. The shirt&#8217;s neck has also been carefully considered, with a 1:1 ribbed narrow neckline that contains 5% elastane and a different material used for the back neckline. A satin label complements the shirt&#8217;s neckline.<\/span><\/p>\n<p><span style=\"font-weight: 400;\">Available in several colors, the material composition differs between the 3 and 12 color shades: 03 &#8211; 97% cotton, 3% viscose, 12 &#8211; 85% cotton and 15% viscose.<\/span><\/p>\n","protected":false},"excerpt":{"rendered":"<p>If you&#8217;re looking for a classic, round-necked shirt made from natural materials, the BASIC 138 is the model that meets your expectations. The shirt can be washed at 40 degrees Celsius. The lightweight, 160 g\/m\u00b2 cotton material follows the body&#8217;s contours but isn&#8217;t too tight, making it a popular choice for kids as well. It&#8217;s [&hellip;]<\/p>\n","protected":false},"featured_media":68615,"comment_status":"closed","ping_status":"closed","template":"","meta":{"_acf_changed":false,"inline_featured_image":false},"product_brand":[],"product_cat":[166,159],"product_tag":[],"class_list":{"0":"post-72206","1":"product","2":"type-product","3":"status-publish","4":"has-post-thumbnail","6":"product_cat-kids-clothing","7":"product_cat-t-shirts","9":"first","10":"instock","11":"shipping-taxable","12":"purchasable","13":"product-type-simple"},"acf":[],"yoast_head":"<!-- This site is optimized with the Yoast SEO Premium plugin v27.2 (Yoast SEO v27.2) - https:\/\/yoast.com\/product\/yoast-seo-premium-wordpress\/ -->\n<title>Malfini round-necked shirt - P\u00f3l\u00f3forma<\/title>\n<meta name=\"robots\" content=\"index, follow, max-snippet:-1, max-image-preview:large, max-video-preview:-1\" \/>\n<link rel=\"canonical\" href=\"https:\/\/poloforma.hu\/en\/product\/malfini-round-necked-shirt\/\" \/>\n<meta property=\"og:locale\" content=\"en_US\" \/>\n<meta property=\"og:type\" content=\"article\" \/>\n<meta property=\"og:title\" content=\"Malfini round-necked shirt\" \/>\n<meta property=\"og:description\" content=\"If you&#8217;re looking for a classic, round-necked shirt made from natural materials, the BASIC 138 is the model that meets your expectations. The shirt can be washed at 40 degrees Celsius. The lightweight, 160 g\/m\u00b2 cotton material follows the body&#8217;s contours but isn&#8217;t too tight, making it a popular choice for kids as well. It&#8217;s [&hellip;]\" \/>\n<meta property=\"og:url\" content=\"https:\/\/poloforma.hu\/en\/product\/malfini-round-necked-shirt\/\" \/>\n<meta property=\"og:site_name\" content=\"P\u00f3l\u00f3forma\" \/>\n<meta property=\"article:publisher\" content=\"http:\/\/www.facebook.com\/poloforma\" \/>\n<meta property=\"article:modified_time\" content=\"2023-04-04T08:48:01+00:00\" \/>\n<meta property=\"og:image\" content=\"https:\/\/poloforma.hu\/wp-content\/uploads\/2023\/03\/minta-scaled.jpg\" \/>\n\t<meta property=\"og:image:width\" content=\"1707\" \/>\n\t<meta property=\"og:image:height\" content=\"2560\" \/>\n\t<meta property=\"og:image:type\" content=\"image\/jpeg\" \/>\n<meta name=\"twitter:card\" content=\"summary_large_image\" \/>\n<meta name=\"twitter:label1\" content=\"Est. reading time\" \/>\n\t<meta name=\"twitter:data1\" content=\"2 minutes\" \/>\n<script type=\"application\/ld+json\" class=\"yoast-schema-graph\">{\"@context\":\"https:\/\/schema.org\",\"@graph\":[{\"@type\":\"WebPage\",\"@id\":\"https:\/\/poloforma.hu\/en\/product\/malfini-round-necked-shirt\/\",\"url\":\"https:\/\/poloforma.hu\/en\/product\/malfini-round-necked-shirt\/\",\"name\":\"Malfini round-necked shirt - P\u00f3l\u00f3forma\",\"isPartOf\":{\"@id\":\"https:\/\/poloforma.hu\/#website\"},\"primaryImageOfPage\":{\"@id\":\"https:\/\/poloforma.hu\/en\/product\/malfini-round-necked-shirt\/#primaryimage\"},\"image\":{\"@id\":\"https:\/\/poloforma.hu\/en\/product\/malfini-round-necked-shirt\/#primaryimage\"},\"thumbnailUrl\":\"https:\/\/poloforma.hu\/wp-content\/uploads\/2023\/03\/minta-scaled.jpg\",\"datePublished\":\"2023-03-11T16:43:50+00:00\",\"dateModified\":\"2023-04-04T08:48:01+00:00\",\"breadcrumb\":{\"@id\":\"https:\/\/poloforma.hu\/en\/product\/malfini-round-necked-shirt\/#breadcrumb\"},\"inLanguage\":\"en-US\",\"potentialAction\":[{\"@type\":\"ReadAction\",\"target\":[\"https:\/\/poloforma.hu\/en\/product\/malfini-round-necked-shirt\/\"]}]},{\"@type\":\"ImageObject\",\"inLanguage\":\"en-US\",\"@id\":\"https:\/\/poloforma.hu\/en\/product\/malfini-round-necked-shirt\/#primaryimage\",\"url\":\"https:\/\/poloforma.hu\/wp-content\/uploads\/2023\/03\/minta-scaled.jpg\",\"contentUrl\":\"https:\/\/poloforma.hu\/wp-content\/uploads\/2023\/03\/minta-scaled.jpg\",\"width\":1707,\"height\":2560,\"caption\":\"BASIC\"},{\"@type\":\"BreadcrumbList\",\"@id\":\"https:\/\/poloforma.hu\/en\/product\/malfini-round-necked-shirt\/#breadcrumb\",\"itemListElement\":[{\"@type\":\"ListItem\",\"position\":1,\"name\":\"Kezd\u0151lap\",\"item\":\"https:\/\/poloforma.hu\/en\/\"},{\"@type\":\"ListItem\",\"position\":2,\"name\":\"Shop\",\"item\":\"https:\/\/poloforma.hu\/en\/shop\/\"},{\"@type\":\"ListItem\",\"position\":3,\"name\":\"Gyerek ruh\u00e1zat\",\"item\":\"https:\/\/poloforma.hu\/termekkategoria\/gyerek-ruhazat-nyomtatas\/\"},{\"@type\":\"ListItem\",\"position\":4,\"name\":\"Malfini round-necked shirt\"}]},{\"@type\":\"WebSite\",\"@id\":\"https:\/\/poloforma.hu\/#website\",\"url\":\"https:\/\/poloforma.hu\/\",\"name\":\"www.poloforma.hu\",\"description\":\"F\u00e9nyk\u00e9pes p\u00f3l\u00f3, b\u00f6gre, aj\u00e1nd\u00e9kt\u00e1rgy nyomtat\u00e1s, h\u00edmz\u00e9s\",\"publisher\":{\"@id\":\"https:\/\/poloforma.hu\/#organization\"},\"potentialAction\":[{\"@type\":\"SearchAction\",\"target\":{\"@type\":\"EntryPoint\",\"urlTemplate\":\"https:\/\/poloforma.hu\/?s={search_term_string}\"},\"query-input\":{\"@type\":\"PropertyValueSpecification\",\"valueRequired\":true,\"valueName\":\"search_term_string\"}}],\"inLanguage\":\"en-US\"},{\"@type\":\"Organization\",\"@id\":\"https:\/\/poloforma.hu\/#organization\",\"name\":\"www.poloforma.hu\",\"url\":\"https:\/\/poloforma.hu\/\",\"logo\":{\"@type\":\"ImageObject\",\"inLanguage\":\"en-US\",\"@id\":\"https:\/\/poloforma.hu\/#\/schema\/logo\/image\/\",\"url\":\"https:\/\/poloforma.hu\/wp-content\/uploads\/2022\/08\/favikon.png\",\"contentUrl\":\"https:\/\/poloforma.hu\/wp-content\/uploads\/2022\/08\/favikon.png\",\"width\":1794,\"height\":1639,\"caption\":\"www.poloforma.hu\"},\"image\":{\"@id\":\"https:\/\/poloforma.hu\/#\/schema\/logo\/image\/\"},\"sameAs\":[\"http:\/\/www.facebook.com\/poloforma\",\"http:\/\/www.instagram.com\/poloparadicsom\"]}]}<\/script>\n<!-- \/ Yoast SEO Premium plugin. -->","yoast_head_json":{"title":"Malfini round-necked shirt - P\u00f3l\u00f3forma","robots":{"index":"index","follow":"follow","max-snippet":"max-snippet:-1","max-image-preview":"max-image-preview:large","max-video-preview":"max-video-preview:-1"},"canonical":"https:\/\/poloforma.hu\/en\/product\/malfini-round-necked-shirt\/","og_locale":"en_US","og_type":"article","og_title":"Malfini round-necked shirt","og_description":"If you&#8217;re looking for a classic, round-necked shirt made from natural materials, the BASIC 138 is the model that meets your expectations. The shirt can be washed at 40 degrees Celsius. The lightweight, 160 g\/m\u00b2 cotton material follows the body&#8217;s contours but isn&#8217;t too tight, making it a popular choice for kids as well. It&#8217;s [&hellip;]","og_url":"https:\/\/poloforma.hu\/en\/product\/malfini-round-necked-shirt\/","og_site_name":"P\u00f3l\u00f3forma","article_publisher":"http:\/\/www.facebook.com\/poloforma","article_modified_time":"2023-04-04T08:48:01+00:00","og_image":[{"width":1707,"height":2560,"url":"https:\/\/poloforma.hu\/wp-content\/uploads\/2023\/03\/minta-scaled.jpg","type":"image\/jpeg"}],"twitter_card":"summary_large_image","twitter_misc":{"Est. reading time":"2 minutes"},"schema":{"@context":"https:\/\/schema.org","@graph":[{"@type":"WebPage","@id":"https:\/\/poloforma.hu\/en\/product\/malfini-round-necked-shirt\/","url":"https:\/\/poloforma.hu\/en\/product\/malfini-round-necked-shirt\/","name":"Malfini round-necked shirt - P\u00f3l\u00f3forma","isPartOf":{"@id":"https:\/\/poloforma.hu\/#website"},"primaryImageOfPage":{"@id":"https:\/\/poloforma.hu\/en\/product\/malfini-round-necked-shirt\/#primaryimage"},"image":{"@id":"https:\/\/poloforma.hu\/en\/product\/malfini-round-necked-shirt\/#primaryimage"},"thumbnailUrl":"https:\/\/poloforma.hu\/wp-content\/uploads\/2023\/03\/minta-scaled.jpg","datePublished":"2023-03-11T16:43:50+00:00","dateModified":"2023-04-04T08:48:01+00:00","breadcrumb":{"@id":"https:\/\/poloforma.hu\/en\/product\/malfini-round-necked-shirt\/#breadcrumb"},"inLanguage":"en-US","potentialAction":[{"@type":"ReadAction","target":["https:\/\/poloforma.hu\/en\/product\/malfini-round-necked-shirt\/"]}]},{"@type":"ImageObject","inLanguage":"en-US","@id":"https:\/\/poloforma.hu\/en\/product\/malfini-round-necked-shirt\/#primaryimage","url":"https:\/\/poloforma.hu\/wp-content\/uploads\/2023\/03\/minta-scaled.jpg","contentUrl":"https:\/\/poloforma.hu\/wp-content\/uploads\/2023\/03\/minta-scaled.jpg","width":1707,"height":2560,"caption":"BASIC"},{"@type":"BreadcrumbList","@id":"https:\/\/poloforma.hu\/en\/product\/malfini-round-necked-shirt\/#breadcrumb","itemListElement":[{"@type":"ListItem","position":1,"name":"Kezd\u0151lap","item":"https:\/\/poloforma.hu\/en\/"},{"@type":"ListItem","position":2,"name":"Shop","item":"https:\/\/poloforma.hu\/en\/shop\/"},{"@type":"ListItem","position":3,"name":"Gyerek ruh\u00e1zat","item":"https:\/\/poloforma.hu\/termekkategoria\/gyerek-ruhazat-nyomtatas\/"},{"@type":"ListItem","position":4,"name":"Malfini round-necked shirt"}]},{"@type":"WebSite","@id":"https:\/\/poloforma.hu\/#website","url":"https:\/\/poloforma.hu\/","name":"www.poloforma.hu","description":"F\u00e9nyk\u00e9pes p\u00f3l\u00f3, b\u00f6gre, aj\u00e1nd\u00e9kt\u00e1rgy nyomtat\u00e1s, h\u00edmz\u00e9s","publisher":{"@id":"https:\/\/poloforma.hu\/#organization"},"potentialAction":[{"@type":"SearchAction","target":{"@type":"EntryPoint","urlTemplate":"https:\/\/poloforma.hu\/?s={search_term_string}"},"query-input":{"@type":"PropertyValueSpecification","valueRequired":true,"valueName":"search_term_string"}}],"inLanguage":"en-US"},{"@type":"Organization","@id":"https:\/\/poloforma.hu\/#organization","name":"www.poloforma.hu","url":"https:\/\/poloforma.hu\/","logo":{"@type":"ImageObject","inLanguage":"en-US","@id":"https:\/\/poloforma.hu\/#\/schema\/logo\/image\/","url":"https:\/\/poloforma.hu\/wp-content\/uploads\/2022\/08\/favikon.png","contentUrl":"https:\/\/poloforma.hu\/wp-content\/uploads\/2022\/08\/favikon.png","width":1794,"height":1639,"caption":"www.poloforma.hu"},"image":{"@id":"https:\/\/poloforma.hu\/#\/schema\/logo\/image\/"},"sameAs":["http:\/\/www.facebook.com\/poloforma","http:\/\/www.instagram.com\/poloparadicsom"]}]}},"_links":{"self":[{"href":"https:\/\/poloforma.hu\/en\/wp-json\/wp\/v2\/product\/72206","targetHints":{"allow":["GET"]}}],"collection":[{"href":"https:\/\/poloforma.hu\/en\/wp-json\/wp\/v2\/product"}],"about":[{"href":"https:\/\/poloforma.hu\/en\/wp-json\/wp\/v2\/types\/product"}],"replies":[{"embeddable":true,"href":"https:\/\/poloforma.hu\/en\/wp-json\/wp\/v2\/comments?post=72206"}],"wp:featuredmedia":[{"embeddable":true,"href":"https:\/\/poloforma.hu\/en\/wp-json\/wp\/v2\/media\/68615"}],"wp:attachment":[{"href":"https:\/\/poloforma.hu\/en\/wp-json\/wp\/v2\/media?parent=72206"}],"wp:term":[{"taxonomy":"product_brand","embeddable":true,"href":"https:\/\/poloforma.hu\/en\/wp-json\/wp\/v2\/product_brand?post=72206"},{"taxonomy":"product_cat","embeddable":true,"href":"https:\/\/poloforma.hu\/en\/wp-json\/wp\/v2\/product_cat?post=72206"},{"taxonomy":"product_tag","embeddable":true,"href":"https:\/\/poloforma.hu\/en\/wp-json\/wp\/v2\/product_tag?post=72206"}],"curies":[{"name":"wp","href":"https:\/\/api.w.org\/{rel}","templated":true}]}}