{"id":72204,"date":"2023-03-12T17:33:26","date_gmt":"2023-03-12T16:33:26","guid":{"rendered":"https:\/\/poloforma.hu\/termek\/malfini-fantasy-mez-gyerek\/"},"modified":"2023-03-28T17:06:29","modified_gmt":"2023-03-28T15:06:29","slug":"malfini-fantasy-jersey-2","status":"publish","type":"product","link":"https:\/\/poloforma.hu\/en\/product\/malfini-fantasy-jersey-2\/","title":{"rendered":"Malfini Fantasy jersey\u00a0"},"content":{"rendered":"<p><span style=\"font-weight: 400;\">The FANTASY 147 jersey is a top designed for children. The shirt is made of Interlock pique, a 100% polyester material that is soft, comfortable, and breathable, making it an ideal choice for comfortable wear that is also easy to care for. The shirt is sized for children between the ages of 6 and 12, with a height range of 122 cm to 158 cm.<\/span><\/p>\n<p><span style=\"font-weight: 400;\">This type of shirt material is a good choice for sports, gym class, or other leisure activities, as it does not absorb moisture but rather dries quickly. The FANTASY 147 jersey stands out from average sport shirts due to its specially designed neckline. The reinforced shoulder strap and side seam also ensure that even children cannot easily wear out the shirt.<\/span><\/p>\n<p><span style=\"font-weight: 400;\">The sweat produced during play, hiking, or sports quickly dries on the 100% polyester material, and the shirt is easily washable in a washing machine at 40 degrees Celsius. The satin labeled jersey is recommended for logo or text design, and is ideal for embroidery, film printing, sublimation printing (for light colors), or transfer printing. Available in multiple colors.<\/span><\/p>\n","protected":false},"excerpt":{"rendered":"<p>The FANTASY 147 jersey is a top designed for children. The shirt is made of Interlock pique, a 100% polyester material that is soft, comfortable, and breathable, making it an ideal choice for comfortable wear that is also easy to care for. The shirt is sized for children between the ages of 6 and 12, [&hellip;]<\/p>\n","protected":false},"featured_media":68971,"comment_status":"closed","ping_status":"closed","template":"","meta":{"_acf_changed":false,"inline_featured_image":false},"product_brand":[],"product_cat":[166,217],"product_tag":[],"class_list":{"0":"post-72204","1":"product","2":"type-product","3":"status-publish","4":"has-post-thumbnail","6":"product_cat-kids-clothing","7":"product_cat-mez-gyerek-nyomtatas-en","9":"first","10":"instock","11":"shipping-taxable","12":"purchasable","13":"product-type-simple"},"acf":[],"yoast_head":"<!-- This site is optimized with the Yoast SEO Premium plugin v27.2 (Yoast SEO v27.2) - https:\/\/yoast.com\/product\/yoast-seo-premium-wordpress\/ -->\n<title>Malfini Fantasy jersey\u00a0 - P\u00f3l\u00f3forma<\/title>\n<meta name=\"robots\" content=\"index, follow, max-snippet:-1, max-image-preview:large, max-video-preview:-1\" \/>\n<link rel=\"canonical\" href=\"https:\/\/poloforma.hu\/en\/product\/malfini-fantasy-jersey-2\/\" \/>\n<meta property=\"og:locale\" content=\"en_US\" \/>\n<meta property=\"og:type\" content=\"article\" \/>\n<meta property=\"og:title\" content=\"Malfini Fantasy jersey\u00a0\" \/>\n<meta property=\"og:description\" content=\"The FANTASY 147 jersey is a top designed for children. The shirt is made of Interlock pique, a 100% polyester material that is soft, comfortable, and breathable, making it an ideal choice for comfortable wear that is also easy to care for. The shirt is sized for children between the ages of 6 and 12, [&hellip;]\" \/>\n<meta property=\"og:url\" content=\"https:\/\/poloforma.hu\/en\/product\/malfini-fantasy-jersey-2\/\" \/>\n<meta property=\"og:site_name\" content=\"P\u00f3l\u00f3forma\" \/>\n<meta property=\"article:publisher\" content=\"http:\/\/www.facebook.com\/poloforma\" \/>\n<meta property=\"article:modified_time\" content=\"2023-03-28T15:06:29+00:00\" \/>\n<meta property=\"og:image\" content=\"https:\/\/poloforma.hu\/wp-content\/uploads\/2023\/03\/minta-polo-7-scaled.jpg\" \/>\n\t<meta property=\"og:image:width\" content=\"1707\" \/>\n\t<meta property=\"og:image:height\" content=\"2560\" \/>\n\t<meta property=\"og:image:type\" content=\"image\/jpeg\" \/>\n<meta name=\"twitter:card\" content=\"summary_large_image\" \/>\n<meta name=\"twitter:label1\" content=\"Est. reading time\" \/>\n\t<meta name=\"twitter:data1\" content=\"2 minutes\" \/>\n<script type=\"application\/ld+json\" class=\"yoast-schema-graph\">{\"@context\":\"https:\/\/schema.org\",\"@graph\":[{\"@type\":\"WebPage\",\"@id\":\"https:\/\/poloforma.hu\/en\/product\/malfini-fantasy-jersey-2\/\",\"url\":\"https:\/\/poloforma.hu\/en\/product\/malfini-fantasy-jersey-2\/\",\"name\":\"Malfini Fantasy jersey\u00a0 - P\u00f3l\u00f3forma\",\"isPartOf\":{\"@id\":\"https:\/\/poloforma.hu\/#website\"},\"primaryImageOfPage\":{\"@id\":\"https:\/\/poloforma.hu\/en\/product\/malfini-fantasy-jersey-2\/#primaryimage\"},\"image\":{\"@id\":\"https:\/\/poloforma.hu\/en\/product\/malfini-fantasy-jersey-2\/#primaryimage\"},\"thumbnailUrl\":\"https:\/\/poloforma.hu\/wp-content\/uploads\/2023\/03\/minta-polo-7-scaled.jpg\",\"datePublished\":\"2023-03-12T16:33:26+00:00\",\"dateModified\":\"2023-03-28T15:06:29+00:00\",\"breadcrumb\":{\"@id\":\"https:\/\/poloforma.hu\/en\/product\/malfini-fantasy-jersey-2\/#breadcrumb\"},\"inLanguage\":\"en-US\",\"potentialAction\":[{\"@type\":\"ReadAction\",\"target\":[\"https:\/\/poloforma.hu\/en\/product\/malfini-fantasy-jersey-2\/\"]}]},{\"@type\":\"ImageObject\",\"inLanguage\":\"en-US\",\"@id\":\"https:\/\/poloforma.hu\/en\/product\/malfini-fantasy-jersey-2\/#primaryimage\",\"url\":\"https:\/\/poloforma.hu\/wp-content\/uploads\/2023\/03\/minta-polo-7-scaled.jpg\",\"contentUrl\":\"https:\/\/poloforma.hu\/wp-content\/uploads\/2023\/03\/minta-polo-7-scaled.jpg\",\"width\":1707,\"height\":2560,\"caption\":\"FANTASY ENERGY\"},{\"@type\":\"BreadcrumbList\",\"@id\":\"https:\/\/poloforma.hu\/en\/product\/malfini-fantasy-jersey-2\/#breadcrumb\",\"itemListElement\":[{\"@type\":\"ListItem\",\"position\":1,\"name\":\"Kezd\u0151lap\",\"item\":\"https:\/\/poloforma.hu\/en\/\"},{\"@type\":\"ListItem\",\"position\":2,\"name\":\"Shop\",\"item\":\"https:\/\/poloforma.hu\/en\/shop\/\"},{\"@type\":\"ListItem\",\"position\":3,\"name\":\"Kids clothing\",\"item\":\"https:\/\/poloforma.hu\/product-category\/kids-clothing\/?lang=en\"},{\"@type\":\"ListItem\",\"position\":4,\"name\":\"Gyerek mez nyomtat\u00e1s\",\"item\":\"https:\/\/poloforma.hu\/termekkategoria\/gyerek-ruhazat-nyomtatas\/mez-gyerek-nyomtatas\/\"},{\"@type\":\"ListItem\",\"position\":5,\"name\":\"Malfini Fantasy jersey\u00a0\"}]},{\"@type\":\"WebSite\",\"@id\":\"https:\/\/poloforma.hu\/#website\",\"url\":\"https:\/\/poloforma.hu\/\",\"name\":\"www.poloforma.hu\",\"description\":\"F\u00e9nyk\u00e9pes p\u00f3l\u00f3, b\u00f6gre, aj\u00e1nd\u00e9kt\u00e1rgy nyomtat\u00e1s, h\u00edmz\u00e9s\",\"publisher\":{\"@id\":\"https:\/\/poloforma.hu\/#organization\"},\"potentialAction\":[{\"@type\":\"SearchAction\",\"target\":{\"@type\":\"EntryPoint\",\"urlTemplate\":\"https:\/\/poloforma.hu\/?s={search_term_string}\"},\"query-input\":{\"@type\":\"PropertyValueSpecification\",\"valueRequired\":true,\"valueName\":\"search_term_string\"}}],\"inLanguage\":\"en-US\"},{\"@type\":\"Organization\",\"@id\":\"https:\/\/poloforma.hu\/#organization\",\"name\":\"www.poloforma.hu\",\"url\":\"https:\/\/poloforma.hu\/\",\"logo\":{\"@type\":\"ImageObject\",\"inLanguage\":\"en-US\",\"@id\":\"https:\/\/poloforma.hu\/#\/schema\/logo\/image\/\",\"url\":\"https:\/\/poloforma.hu\/wp-content\/uploads\/2022\/08\/favikon.png\",\"contentUrl\":\"https:\/\/poloforma.hu\/wp-content\/uploads\/2022\/08\/favikon.png\",\"width\":1794,\"height\":1639,\"caption\":\"www.poloforma.hu\"},\"image\":{\"@id\":\"https:\/\/poloforma.hu\/#\/schema\/logo\/image\/\"},\"sameAs\":[\"http:\/\/www.facebook.com\/poloforma\",\"http:\/\/www.instagram.com\/poloparadicsom\"]}]}<\/script>\n<!-- \/ Yoast SEO Premium plugin. -->","yoast_head_json":{"title":"Malfini Fantasy jersey\u00a0 - P\u00f3l\u00f3forma","robots":{"index":"index","follow":"follow","max-snippet":"max-snippet:-1","max-image-preview":"max-image-preview:large","max-video-preview":"max-video-preview:-1"},"canonical":"https:\/\/poloforma.hu\/en\/product\/malfini-fantasy-jersey-2\/","og_locale":"en_US","og_type":"article","og_title":"Malfini Fantasy jersey\u00a0","og_description":"The FANTASY 147 jersey is a top designed for children. The shirt is made of Interlock pique, a 100% polyester material that is soft, comfortable, and breathable, making it an ideal choice for comfortable wear that is also easy to care for. The shirt is sized for children between the ages of 6 and 12, [&hellip;]","og_url":"https:\/\/poloforma.hu\/en\/product\/malfini-fantasy-jersey-2\/","og_site_name":"P\u00f3l\u00f3forma","article_publisher":"http:\/\/www.facebook.com\/poloforma","article_modified_time":"2023-03-28T15:06:29+00:00","og_image":[{"width":1707,"height":2560,"url":"https:\/\/poloforma.hu\/wp-content\/uploads\/2023\/03\/minta-polo-7-scaled.jpg","type":"image\/jpeg"}],"twitter_card":"summary_large_image","twitter_misc":{"Est. reading time":"2 minutes"},"schema":{"@context":"https:\/\/schema.org","@graph":[{"@type":"WebPage","@id":"https:\/\/poloforma.hu\/en\/product\/malfini-fantasy-jersey-2\/","url":"https:\/\/poloforma.hu\/en\/product\/malfini-fantasy-jersey-2\/","name":"Malfini Fantasy jersey\u00a0 - P\u00f3l\u00f3forma","isPartOf":{"@id":"https:\/\/poloforma.hu\/#website"},"primaryImageOfPage":{"@id":"https:\/\/poloforma.hu\/en\/product\/malfini-fantasy-jersey-2\/#primaryimage"},"image":{"@id":"https:\/\/poloforma.hu\/en\/product\/malfini-fantasy-jersey-2\/#primaryimage"},"thumbnailUrl":"https:\/\/poloforma.hu\/wp-content\/uploads\/2023\/03\/minta-polo-7-scaled.jpg","datePublished":"2023-03-12T16:33:26+00:00","dateModified":"2023-03-28T15:06:29+00:00","breadcrumb":{"@id":"https:\/\/poloforma.hu\/en\/product\/malfini-fantasy-jersey-2\/#breadcrumb"},"inLanguage":"en-US","potentialAction":[{"@type":"ReadAction","target":["https:\/\/poloforma.hu\/en\/product\/malfini-fantasy-jersey-2\/"]}]},{"@type":"ImageObject","inLanguage":"en-US","@id":"https:\/\/poloforma.hu\/en\/product\/malfini-fantasy-jersey-2\/#primaryimage","url":"https:\/\/poloforma.hu\/wp-content\/uploads\/2023\/03\/minta-polo-7-scaled.jpg","contentUrl":"https:\/\/poloforma.hu\/wp-content\/uploads\/2023\/03\/minta-polo-7-scaled.jpg","width":1707,"height":2560,"caption":"FANTASY ENERGY"},{"@type":"BreadcrumbList","@id":"https:\/\/poloforma.hu\/en\/product\/malfini-fantasy-jersey-2\/#breadcrumb","itemListElement":[{"@type":"ListItem","position":1,"name":"Kezd\u0151lap","item":"https:\/\/poloforma.hu\/en\/"},{"@type":"ListItem","position":2,"name":"Shop","item":"https:\/\/poloforma.hu\/en\/shop\/"},{"@type":"ListItem","position":3,"name":"Kids clothing","item":"https:\/\/poloforma.hu\/product-category\/kids-clothing\/?lang=en"},{"@type":"ListItem","position":4,"name":"Gyerek mez nyomtat\u00e1s","item":"https:\/\/poloforma.hu\/termekkategoria\/gyerek-ruhazat-nyomtatas\/mez-gyerek-nyomtatas\/"},{"@type":"ListItem","position":5,"name":"Malfini Fantasy jersey\u00a0"}]},{"@type":"WebSite","@id":"https:\/\/poloforma.hu\/#website","url":"https:\/\/poloforma.hu\/","name":"www.poloforma.hu","description":"F\u00e9nyk\u00e9pes p\u00f3l\u00f3, b\u00f6gre, aj\u00e1nd\u00e9kt\u00e1rgy nyomtat\u00e1s, h\u00edmz\u00e9s","publisher":{"@id":"https:\/\/poloforma.hu\/#organization"},"potentialAction":[{"@type":"SearchAction","target":{"@type":"EntryPoint","urlTemplate":"https:\/\/poloforma.hu\/?s={search_term_string}"},"query-input":{"@type":"PropertyValueSpecification","valueRequired":true,"valueName":"search_term_string"}}],"inLanguage":"en-US"},{"@type":"Organization","@id":"https:\/\/poloforma.hu\/#organization","name":"www.poloforma.hu","url":"https:\/\/poloforma.hu\/","logo":{"@type":"ImageObject","inLanguage":"en-US","@id":"https:\/\/poloforma.hu\/#\/schema\/logo\/image\/","url":"https:\/\/poloforma.hu\/wp-content\/uploads\/2022\/08\/favikon.png","contentUrl":"https:\/\/poloforma.hu\/wp-content\/uploads\/2022\/08\/favikon.png","width":1794,"height":1639,"caption":"www.poloforma.hu"},"image":{"@id":"https:\/\/poloforma.hu\/#\/schema\/logo\/image\/"},"sameAs":["http:\/\/www.facebook.com\/poloforma","http:\/\/www.instagram.com\/poloparadicsom"]}]}},"_links":{"self":[{"href":"https:\/\/poloforma.hu\/en\/wp-json\/wp\/v2\/product\/72204","targetHints":{"allow":["GET"]}}],"collection":[{"href":"https:\/\/poloforma.hu\/en\/wp-json\/wp\/v2\/product"}],"about":[{"href":"https:\/\/poloforma.hu\/en\/wp-json\/wp\/v2\/types\/product"}],"replies":[{"embeddable":true,"href":"https:\/\/poloforma.hu\/en\/wp-json\/wp\/v2\/comments?post=72204"}],"wp:featuredmedia":[{"embeddable":true,"href":"https:\/\/poloforma.hu\/en\/wp-json\/wp\/v2\/media\/68971"}],"wp:attachment":[{"href":"https:\/\/poloforma.hu\/en\/wp-json\/wp\/v2\/media?parent=72204"}],"wp:term":[{"taxonomy":"product_brand","embeddable":true,"href":"https:\/\/poloforma.hu\/en\/wp-json\/wp\/v2\/product_brand?post=72204"},{"taxonomy":"product_cat","embeddable":true,"href":"https:\/\/poloforma.hu\/en\/wp-json\/wp\/v2\/product_cat?post=72204"},{"taxonomy":"product_tag","embeddable":true,"href":"https:\/\/poloforma.hu\/en\/wp-json\/wp\/v2\/product_tag?post=72204"}],"curies":[{"name":"wp","href":"https:\/\/api.w.org\/{rel}","templated":true}]}}