{"id":72194,"date":"2023-03-11T16:21:31","date_gmt":"2023-03-11T15:21:31","guid":{"rendered":"https:\/\/poloforma.hu\/termek\/malfini-racer-triko\/"},"modified":"2023-03-28T16:58:38","modified_gmt":"2023-03-28T14:58:38","slug":"malfini-racer-tank-top","status":"publish","type":"product","link":"https:\/\/poloforma.hu\/en\/product\/malfini-racer-tank-top\/","title":{"rendered":"Malfini Racer tank top"},"content":{"rendered":"<p><span style=\"font-weight: 400;\">The RACER 167 women&#8217;s tank top is a sleeveless, sport-back upper garment. The cut and material of the women&#8217;s athlete make the tank top ideal for active wear. The 100% polyester material, which is also the material of the women&#8217;s athlete, is practical for sports, leisure, and active programs. The athlete&#8217;s smooth and very fast-drying material, weighing 130 g\/m\u00b2, ensures comfort.<\/span><\/p>\n<p><span style=\"font-weight: 400;\">The women&#8217;s athlete tank top is not only made of polyester but also of Double Face material, meaning it consists of two layers, and comes in multiple colors. The tank top is soft, comfortable, and adapts well to different temperatures. It also protects the body from overheating during increased physical activity.<\/span><\/p>\n<p><span style=\"font-weight: 400;\">The RACER 167 women&#8217;s tank top is available in XS-2XL sizes with a satin label and a deeper, round neckline. The women&#8217;s athlete&#8217;s neckline and armholes are finished with its own material and have a body-hugging side seam and curved cut. The material is ideal for printing or embroidery of text or graphics, and we recommend digital printing, film printing, transfer printing, and sublimation (light colors) applications.<\/span><\/p>\n","protected":false},"excerpt":{"rendered":"<p>The RACER 167 women&#8217;s tank top is a sleeveless, sport-back upper garment. The cut and material of the women&#8217;s athlete make the tank top ideal for active wear. The 100% polyester material, which is also the material of the women&#8217;s athlete, is practical for sports, leisure, and active programs. The athlete&#8217;s smooth and very fast-drying [&hellip;]<\/p>\n","protected":false},"featured_media":68334,"comment_status":"closed","ping_status":"closed","template":"","meta":{"_acf_changed":false,"inline_featured_image":false},"product_brand":[],"product_cat":[202,201,197],"product_tag":[],"class_list":{"0":"post-72194","1":"product","2":"type-product","3":"status-publish","4":"has-post-thumbnail","6":"product_cat-singlet","7":"product_cat-t-shirt","8":"product_cat-womens-clothing","10":"first","11":"instock","12":"shipping-taxable","13":"purchasable","14":"product-type-simple"},"acf":[],"yoast_head":"<!-- This site is optimized with the Yoast SEO Premium plugin v27.5 (Yoast SEO v27.5) - https:\/\/yoast.com\/product\/yoast-seo-premium-wordpress\/ -->\n<title>Malfini Racer tank top - P\u00f3l\u00f3forma<\/title>\n<meta name=\"robots\" content=\"index, follow, max-snippet:-1, max-image-preview:large, max-video-preview:-1\" \/>\n<link rel=\"canonical\" href=\"https:\/\/poloforma.hu\/en\/product\/malfini-racer-tank-top\/\" \/>\n<meta property=\"og:locale\" content=\"en_US\" \/>\n<meta property=\"og:type\" content=\"article\" \/>\n<meta property=\"og:title\" content=\"Malfini Racer tank top\" \/>\n<meta property=\"og:description\" content=\"The RACER 167 women&#8217;s tank top is a sleeveless, sport-back upper garment. The cut and material of the women&#8217;s athlete make the tank top ideal for active wear. The 100% polyester material, which is also the material of the women&#8217;s athlete, is practical for sports, leisure, and active programs. The athlete&#8217;s smooth and very fast-drying [&hellip;]\" \/>\n<meta property=\"og:url\" content=\"https:\/\/poloforma.hu\/en\/product\/malfini-racer-tank-top\/\" \/>\n<meta property=\"og:site_name\" content=\"P\u00f3l\u00f3forma\" \/>\n<meta property=\"article:publisher\" content=\"http:\/\/www.facebook.com\/poloforma\" \/>\n<meta property=\"article:modified_time\" content=\"2023-03-28T14:58:38+00:00\" \/>\n<meta property=\"og:image\" content=\"https:\/\/poloforma.hu\/wp-content\/uploads\/2023\/03\/mintakep-1-683x1024.jpg\" \/>\n\t<meta property=\"og:image:width\" content=\"683\" \/>\n\t<meta property=\"og:image:height\" content=\"1024\" \/>\n\t<meta property=\"og:image:type\" content=\"image\/jpeg\" \/>\n<meta name=\"twitter:card\" content=\"summary_large_image\" \/>\n<meta name=\"twitter:label1\" content=\"Est. reading time\" \/>\n\t<meta name=\"twitter:data1\" content=\"1 minute\" \/>\n<script type=\"application\/ld+json\" class=\"yoast-schema-graph\">{\"@context\":\"https:\\\/\\\/schema.org\",\"@graph\":[{\"@type\":\"WebPage\",\"@id\":\"https:\\\/\\\/poloforma.hu\\\/en\\\/product\\\/malfini-racer-tank-top\\\/\",\"url\":\"https:\\\/\\\/poloforma.hu\\\/en\\\/product\\\/malfini-racer-tank-top\\\/\",\"name\":\"Malfini Racer tank top - P\u00f3l\u00f3forma\",\"isPartOf\":{\"@id\":\"https:\\\/\\\/poloforma.hu\\\/#website\"},\"primaryImageOfPage\":{\"@id\":\"https:\\\/\\\/poloforma.hu\\\/en\\\/product\\\/malfini-racer-tank-top\\\/#primaryimage\"},\"image\":{\"@id\":\"https:\\\/\\\/poloforma.hu\\\/en\\\/product\\\/malfini-racer-tank-top\\\/#primaryimage\"},\"thumbnailUrl\":\"https:\\\/\\\/poloforma.hu\\\/wp-content\\\/uploads\\\/2023\\\/03\\\/mintakep-1.jpg\",\"datePublished\":\"2023-03-11T15:21:31+00:00\",\"dateModified\":\"2023-03-28T14:58:38+00:00\",\"breadcrumb\":{\"@id\":\"https:\\\/\\\/poloforma.hu\\\/en\\\/product\\\/malfini-racer-tank-top\\\/#breadcrumb\"},\"inLanguage\":\"en-US\",\"potentialAction\":[{\"@type\":\"ReadAction\",\"target\":[\"https:\\\/\\\/poloforma.hu\\\/en\\\/product\\\/malfini-racer-tank-top\\\/\"]}]},{\"@type\":\"ImageObject\",\"inLanguage\":\"en-US\",\"@id\":\"https:\\\/\\\/poloforma.hu\\\/en\\\/product\\\/malfini-racer-tank-top\\\/#primaryimage\",\"url\":\"https:\\\/\\\/poloforma.hu\\\/wp-content\\\/uploads\\\/2023\\\/03\\\/mintakep-1.jpg\",\"contentUrl\":\"https:\\\/\\\/poloforma.hu\\\/wp-content\\\/uploads\\\/2023\\\/03\\\/mintakep-1.jpg\",\"width\":5504,\"height\":8256,\"caption\":\"RACER BALANCE\"},{\"@type\":\"BreadcrumbList\",\"@id\":\"https:\\\/\\\/poloforma.hu\\\/en\\\/product\\\/malfini-racer-tank-top\\\/#breadcrumb\",\"itemListElement\":[{\"@type\":\"ListItem\",\"position\":1,\"name\":\"Kezd\u0151lap\",\"item\":\"https:\\\/\\\/poloforma.hu\\\/en\\\/\"},{\"@type\":\"ListItem\",\"position\":2,\"name\":\"Shop\",\"item\":\"https:\\\/\\\/poloforma.hu\\\/en\\\/shop\\\/\"},{\"@type\":\"ListItem\",\"position\":3,\"name\":\"N\u0151i ruh\u00e1zat\",\"item\":\"https:\\\/\\\/poloforma.hu\\\/termekkategoria\\\/noi-ruhazat-nyomtatas\\\/\"},{\"@type\":\"ListItem\",\"position\":4,\"name\":\"N\u0151i p\u00f3l\u00f3 nyomtat\u00e1s\",\"item\":\"https:\\\/\\\/poloforma.hu\\\/termekkategoria\\\/noi-ruhazat-nyomtatas\\\/noi-polo-nyomtatas\\\/\"},{\"@type\":\"ListItem\",\"position\":5,\"name\":\"Malfini Racer tank top\"}]},{\"@type\":\"WebSite\",\"@id\":\"https:\\\/\\\/poloforma.hu\\\/#website\",\"url\":\"https:\\\/\\\/poloforma.hu\\\/\",\"name\":\"www.poloforma.hu\",\"description\":\"F\u00e9nyk\u00e9pes p\u00f3l\u00f3, b\u00f6gre, aj\u00e1nd\u00e9kt\u00e1rgy nyomtat\u00e1s, h\u00edmz\u00e9s\",\"publisher\":{\"@id\":\"https:\\\/\\\/poloforma.hu\\\/#organization\"},\"potentialAction\":[{\"@type\":\"SearchAction\",\"target\":{\"@type\":\"EntryPoint\",\"urlTemplate\":\"https:\\\/\\\/poloforma.hu\\\/?s={search_term_string}\"},\"query-input\":{\"@type\":\"PropertyValueSpecification\",\"valueRequired\":true,\"valueName\":\"search_term_string\"}}],\"inLanguage\":\"en-US\"},{\"@type\":\"Organization\",\"@id\":\"https:\\\/\\\/poloforma.hu\\\/#organization\",\"name\":\"www.poloforma.hu\",\"url\":\"https:\\\/\\\/poloforma.hu\\\/\",\"logo\":{\"@type\":\"ImageObject\",\"inLanguage\":\"en-US\",\"@id\":\"https:\\\/\\\/poloforma.hu\\\/#\\\/schema\\\/logo\\\/image\\\/\",\"url\":\"https:\\\/\\\/poloforma.hu\\\/wp-content\\\/uploads\\\/2022\\\/08\\\/favikon.png\",\"contentUrl\":\"https:\\\/\\\/poloforma.hu\\\/wp-content\\\/uploads\\\/2022\\\/08\\\/favikon.png\",\"width\":1794,\"height\":1639,\"caption\":\"www.poloforma.hu\"},\"image\":{\"@id\":\"https:\\\/\\\/poloforma.hu\\\/#\\\/schema\\\/logo\\\/image\\\/\"},\"sameAs\":[\"http:\\\/\\\/www.facebook.com\\\/poloforma\",\"http:\\\/\\\/www.instagram.com\\\/poloparadicsom\"]}]}<\/script>\n<!-- \/ Yoast SEO Premium plugin. -->","yoast_head_json":{"title":"Malfini Racer tank top - P\u00f3l\u00f3forma","robots":{"index":"index","follow":"follow","max-snippet":"max-snippet:-1","max-image-preview":"max-image-preview:large","max-video-preview":"max-video-preview:-1"},"canonical":"https:\/\/poloforma.hu\/en\/product\/malfini-racer-tank-top\/","og_locale":"en_US","og_type":"article","og_title":"Malfini Racer tank top","og_description":"The RACER 167 women&#8217;s tank top is a sleeveless, sport-back upper garment. The cut and material of the women&#8217;s athlete make the tank top ideal for active wear. The 100% polyester material, which is also the material of the women&#8217;s athlete, is practical for sports, leisure, and active programs. The athlete&#8217;s smooth and very fast-drying [&hellip;]","og_url":"https:\/\/poloforma.hu\/en\/product\/malfini-racer-tank-top\/","og_site_name":"P\u00f3l\u00f3forma","article_publisher":"http:\/\/www.facebook.com\/poloforma","article_modified_time":"2023-03-28T14:58:38+00:00","og_image":[{"width":683,"height":1024,"url":"https:\/\/poloforma.hu\/wp-content\/uploads\/2023\/03\/mintakep-1-683x1024.jpg","type":"image\/jpeg"}],"twitter_card":"summary_large_image","twitter_misc":{"Est. reading time":"1 minute"},"schema":{"@context":"https:\/\/schema.org","@graph":[{"@type":"WebPage","@id":"https:\/\/poloforma.hu\/en\/product\/malfini-racer-tank-top\/","url":"https:\/\/poloforma.hu\/en\/product\/malfini-racer-tank-top\/","name":"Malfini Racer tank top - P\u00f3l\u00f3forma","isPartOf":{"@id":"https:\/\/poloforma.hu\/#website"},"primaryImageOfPage":{"@id":"https:\/\/poloforma.hu\/en\/product\/malfini-racer-tank-top\/#primaryimage"},"image":{"@id":"https:\/\/poloforma.hu\/en\/product\/malfini-racer-tank-top\/#primaryimage"},"thumbnailUrl":"https:\/\/poloforma.hu\/wp-content\/uploads\/2023\/03\/mintakep-1.jpg","datePublished":"2023-03-11T15:21:31+00:00","dateModified":"2023-03-28T14:58:38+00:00","breadcrumb":{"@id":"https:\/\/poloforma.hu\/en\/product\/malfini-racer-tank-top\/#breadcrumb"},"inLanguage":"en-US","potentialAction":[{"@type":"ReadAction","target":["https:\/\/poloforma.hu\/en\/product\/malfini-racer-tank-top\/"]}]},{"@type":"ImageObject","inLanguage":"en-US","@id":"https:\/\/poloforma.hu\/en\/product\/malfini-racer-tank-top\/#primaryimage","url":"https:\/\/poloforma.hu\/wp-content\/uploads\/2023\/03\/mintakep-1.jpg","contentUrl":"https:\/\/poloforma.hu\/wp-content\/uploads\/2023\/03\/mintakep-1.jpg","width":5504,"height":8256,"caption":"RACER BALANCE"},{"@type":"BreadcrumbList","@id":"https:\/\/poloforma.hu\/en\/product\/malfini-racer-tank-top\/#breadcrumb","itemListElement":[{"@type":"ListItem","position":1,"name":"Kezd\u0151lap","item":"https:\/\/poloforma.hu\/en\/"},{"@type":"ListItem","position":2,"name":"Shop","item":"https:\/\/poloforma.hu\/en\/shop\/"},{"@type":"ListItem","position":3,"name":"N\u0151i ruh\u00e1zat","item":"https:\/\/poloforma.hu\/termekkategoria\/noi-ruhazat-nyomtatas\/"},{"@type":"ListItem","position":4,"name":"N\u0151i p\u00f3l\u00f3 nyomtat\u00e1s","item":"https:\/\/poloforma.hu\/termekkategoria\/noi-ruhazat-nyomtatas\/noi-polo-nyomtatas\/"},{"@type":"ListItem","position":5,"name":"Malfini Racer tank top"}]},{"@type":"WebSite","@id":"https:\/\/poloforma.hu\/#website","url":"https:\/\/poloforma.hu\/","name":"www.poloforma.hu","description":"F\u00e9nyk\u00e9pes p\u00f3l\u00f3, b\u00f6gre, aj\u00e1nd\u00e9kt\u00e1rgy nyomtat\u00e1s, h\u00edmz\u00e9s","publisher":{"@id":"https:\/\/poloforma.hu\/#organization"},"potentialAction":[{"@type":"SearchAction","target":{"@type":"EntryPoint","urlTemplate":"https:\/\/poloforma.hu\/?s={search_term_string}"},"query-input":{"@type":"PropertyValueSpecification","valueRequired":true,"valueName":"search_term_string"}}],"inLanguage":"en-US"},{"@type":"Organization","@id":"https:\/\/poloforma.hu\/#organization","name":"www.poloforma.hu","url":"https:\/\/poloforma.hu\/","logo":{"@type":"ImageObject","inLanguage":"en-US","@id":"https:\/\/poloforma.hu\/#\/schema\/logo\/image\/","url":"https:\/\/poloforma.hu\/wp-content\/uploads\/2022\/08\/favikon.png","contentUrl":"https:\/\/poloforma.hu\/wp-content\/uploads\/2022\/08\/favikon.png","width":1794,"height":1639,"caption":"www.poloforma.hu"},"image":{"@id":"https:\/\/poloforma.hu\/#\/schema\/logo\/image\/"},"sameAs":["http:\/\/www.facebook.com\/poloforma","http:\/\/www.instagram.com\/poloparadicsom"]}]}},"_links":{"self":[{"href":"https:\/\/poloforma.hu\/en\/wp-json\/wp\/v2\/product\/72194","targetHints":{"allow":["GET"]}}],"collection":[{"href":"https:\/\/poloforma.hu\/en\/wp-json\/wp\/v2\/product"}],"about":[{"href":"https:\/\/poloforma.hu\/en\/wp-json\/wp\/v2\/types\/product"}],"replies":[{"embeddable":true,"href":"https:\/\/poloforma.hu\/en\/wp-json\/wp\/v2\/comments?post=72194"}],"wp:featuredmedia":[{"embeddable":true,"href":"https:\/\/poloforma.hu\/en\/wp-json\/wp\/v2\/media\/68334"}],"wp:attachment":[{"href":"https:\/\/poloforma.hu\/en\/wp-json\/wp\/v2\/media?parent=72194"}],"wp:term":[{"taxonomy":"product_brand","embeddable":true,"href":"https:\/\/poloforma.hu\/en\/wp-json\/wp\/v2\/product_brand?post=72194"},{"taxonomy":"product_cat","embeddable":true,"href":"https:\/\/poloforma.hu\/en\/wp-json\/wp\/v2\/product_cat?post=72194"},{"taxonomy":"product_tag","embeddable":true,"href":"https:\/\/poloforma.hu\/en\/wp-json\/wp\/v2\/product_tag?post=72194"}],"curies":[{"name":"wp","href":"https:\/\/api.w.org\/{rel}","templated":true}]}}