{"id":72187,"date":"2023-03-11T15:52:13","date_gmt":"2023-03-11T14:52:13","guid":{"rendered":"https:\/\/poloforma.hu\/termek\/malfini-fantasy-mez-noi\/"},"modified":"2023-03-28T16:55:09","modified_gmt":"2023-03-28T14:55:09","slug":"womens-sports-shirt","status":"publish","type":"product","link":"https:\/\/poloforma.hu\/en\/product\/womens-sports-shirt\/","title":{"rendered":"Women&#8217;s sports shirt"},"content":{"rendered":"<p><span style=\"font-weight: 400;\">The FANTASY 140 by Malfini is a perfect choice for fitness or leisure activities. It is made of pure synthetic fiber, which is 100% polyester, to protect the wearer from moisture. This material dries quickly, preventing any unpleasant feeling of dampness.<\/span><\/p>\n<p><span style=\"font-weight: 400;\">The shirt&#8217;s fabric weighs 150 g\/m\u00b2 and is made of interlock pique knitted fabric with a smooth and a knitted side. The properties of the fabric ensure better than average breathability. The FANTASY 140 women&#8217;s shirt is available in XS-2XL sizes and several colors. The shirt&#8217;s curved design gently follows the body&#8217;s lines, retaining a comfortable feeling. The reinforced shoulder straps, side seams, and narrow neckline edged with the same material provide support for the shirt and fit the upper body&#8217;s shape. There is no unpleasant rubbing or poking thanks to the satin label and the different material used for the inner side of the back neck hem.<\/span><\/p>\n","protected":false},"excerpt":{"rendered":"<p>The FANTASY 140 by Malfini is a perfect choice for fitness or leisure activities. It is made of pure synthetic fiber, which is 100% polyester, to protect the wearer from moisture. This material dries quickly, preventing any unpleasant feeling of dampness. The shirt&#8217;s fabric weighs 150 g\/m\u00b2 and is made of interlock pique knitted fabric [&hellip;]<\/p>\n","protected":false},"featured_media":68118,"comment_status":"closed","ping_status":"closed","template":"","meta":{"_acf_changed":false,"inline_featured_image":false},"product_brand":[],"product_cat":[199,197],"product_tag":[],"class_list":{"0":"post-72187","1":"product","2":"type-product","3":"status-publish","4":"has-post-thumbnail","6":"product_cat-sports-top","7":"product_cat-womens-clothing","9":"first","10":"instock","11":"shipping-taxable","12":"purchasable","13":"product-type-simple"},"acf":[],"yoast_head":"<!-- This site is optimized with the Yoast SEO Premium plugin v27.2 (Yoast SEO v27.2) - https:\/\/yoast.com\/product\/yoast-seo-premium-wordpress\/ -->\n<title>Women&#039;s sports shirt - P\u00f3l\u00f3forma<\/title>\n<meta name=\"robots\" content=\"index, follow, max-snippet:-1, max-image-preview:large, max-video-preview:-1\" \/>\n<link rel=\"canonical\" href=\"https:\/\/poloforma.hu\/en\/product\/womens-sports-shirt\/\" \/>\n<meta property=\"og:locale\" content=\"en_US\" \/>\n<meta property=\"og:type\" content=\"article\" \/>\n<meta property=\"og:title\" content=\"Women&#039;s sports shirt\" \/>\n<meta property=\"og:description\" content=\"The FANTASY 140 by Malfini is a perfect choice for fitness or leisure activities. It is made of pure synthetic fiber, which is 100% polyester, to protect the wearer from moisture. This material dries quickly, preventing any unpleasant feeling of dampness. The shirt&#8217;s fabric weighs 150 g\/m\u00b2 and is made of interlock pique knitted fabric [&hellip;]\" \/>\n<meta property=\"og:url\" content=\"https:\/\/poloforma.hu\/en\/product\/womens-sports-shirt\/\" \/>\n<meta property=\"og:site_name\" content=\"P\u00f3l\u00f3forma\" \/>\n<meta property=\"article:publisher\" content=\"http:\/\/www.facebook.com\/poloforma\" \/>\n<meta property=\"article:modified_time\" content=\"2023-03-28T14:55:09+00:00\" \/>\n<meta property=\"og:image\" content=\"https:\/\/poloforma.hu\/wp-content\/uploads\/2023\/03\/minta-1-1024x683.jpg\" \/>\n\t<meta property=\"og:image:width\" content=\"1024\" \/>\n\t<meta property=\"og:image:height\" content=\"683\" \/>\n\t<meta property=\"og:image:type\" content=\"image\/jpeg\" \/>\n<meta name=\"twitter:card\" content=\"summary_large_image\" \/>\n<meta name=\"twitter:label1\" content=\"Est. reading time\" \/>\n\t<meta name=\"twitter:data1\" content=\"1 minute\" \/>\n<script type=\"application\/ld+json\" class=\"yoast-schema-graph\">{\"@context\":\"https:\/\/schema.org\",\"@graph\":[{\"@type\":\"WebPage\",\"@id\":\"https:\/\/poloforma.hu\/en\/product\/womens-sports-shirt\/\",\"url\":\"https:\/\/poloforma.hu\/en\/product\/womens-sports-shirt\/\",\"name\":\"Women's sports shirt - P\u00f3l\u00f3forma\",\"isPartOf\":{\"@id\":\"https:\/\/poloforma.hu\/#website\"},\"primaryImageOfPage\":{\"@id\":\"https:\/\/poloforma.hu\/en\/product\/womens-sports-shirt\/#primaryimage\"},\"image\":{\"@id\":\"https:\/\/poloforma.hu\/en\/product\/womens-sports-shirt\/#primaryimage\"},\"thumbnailUrl\":\"https:\/\/poloforma.hu\/wp-content\/uploads\/2023\/03\/minta-1-scaled.jpg\",\"datePublished\":\"2023-03-11T14:52:13+00:00\",\"dateModified\":\"2023-03-28T14:55:09+00:00\",\"breadcrumb\":{\"@id\":\"https:\/\/poloforma.hu\/en\/product\/womens-sports-shirt\/#breadcrumb\"},\"inLanguage\":\"en-US\",\"potentialAction\":[{\"@type\":\"ReadAction\",\"target\":[\"https:\/\/poloforma.hu\/en\/product\/womens-sports-shirt\/\"]}]},{\"@type\":\"ImageObject\",\"inLanguage\":\"en-US\",\"@id\":\"https:\/\/poloforma.hu\/en\/product\/womens-sports-shirt\/#primaryimage\",\"url\":\"https:\/\/poloforma.hu\/wp-content\/uploads\/2023\/03\/minta-1-scaled.jpg\",\"contentUrl\":\"https:\/\/poloforma.hu\/wp-content\/uploads\/2023\/03\/minta-1-scaled.jpg\",\"width\":2560,\"height\":1707,\"caption\":\"FANTASY\"},{\"@type\":\"BreadcrumbList\",\"@id\":\"https:\/\/poloforma.hu\/en\/product\/womens-sports-shirt\/#breadcrumb\",\"itemListElement\":[{\"@type\":\"ListItem\",\"position\":1,\"name\":\"Kezd\u0151lap\",\"item\":\"https:\/\/poloforma.hu\/en\/\"},{\"@type\":\"ListItem\",\"position\":2,\"name\":\"Shop\",\"item\":\"https:\/\/poloforma.hu\/en\/shop\/\"},{\"@type\":\"ListItem\",\"position\":3,\"name\":\"N\u0151i ruh\u00e1zat\",\"item\":\"https:\/\/poloforma.hu\/termekkategoria\/noi-ruhazat-nyomtatas\/\"},{\"@type\":\"ListItem\",\"position\":4,\"name\":\"Women&#8217;s sports shirt\"}]},{\"@type\":\"WebSite\",\"@id\":\"https:\/\/poloforma.hu\/#website\",\"url\":\"https:\/\/poloforma.hu\/\",\"name\":\"www.poloforma.hu\",\"description\":\"F\u00e9nyk\u00e9pes p\u00f3l\u00f3, b\u00f6gre, aj\u00e1nd\u00e9kt\u00e1rgy nyomtat\u00e1s, h\u00edmz\u00e9s\",\"publisher\":{\"@id\":\"https:\/\/poloforma.hu\/#organization\"},\"potentialAction\":[{\"@type\":\"SearchAction\",\"target\":{\"@type\":\"EntryPoint\",\"urlTemplate\":\"https:\/\/poloforma.hu\/?s={search_term_string}\"},\"query-input\":{\"@type\":\"PropertyValueSpecification\",\"valueRequired\":true,\"valueName\":\"search_term_string\"}}],\"inLanguage\":\"en-US\"},{\"@type\":\"Organization\",\"@id\":\"https:\/\/poloforma.hu\/#organization\",\"name\":\"www.poloforma.hu\",\"url\":\"https:\/\/poloforma.hu\/\",\"logo\":{\"@type\":\"ImageObject\",\"inLanguage\":\"en-US\",\"@id\":\"https:\/\/poloforma.hu\/#\/schema\/logo\/image\/\",\"url\":\"https:\/\/poloforma.hu\/wp-content\/uploads\/2022\/08\/favikon.png\",\"contentUrl\":\"https:\/\/poloforma.hu\/wp-content\/uploads\/2022\/08\/favikon.png\",\"width\":1794,\"height\":1639,\"caption\":\"www.poloforma.hu\"},\"image\":{\"@id\":\"https:\/\/poloforma.hu\/#\/schema\/logo\/image\/\"},\"sameAs\":[\"http:\/\/www.facebook.com\/poloforma\",\"http:\/\/www.instagram.com\/poloparadicsom\"]}]}<\/script>\n<!-- \/ Yoast SEO Premium plugin. -->","yoast_head_json":{"title":"Women's sports shirt - P\u00f3l\u00f3forma","robots":{"index":"index","follow":"follow","max-snippet":"max-snippet:-1","max-image-preview":"max-image-preview:large","max-video-preview":"max-video-preview:-1"},"canonical":"https:\/\/poloforma.hu\/en\/product\/womens-sports-shirt\/","og_locale":"en_US","og_type":"article","og_title":"Women's sports shirt","og_description":"The FANTASY 140 by Malfini is a perfect choice for fitness or leisure activities. It is made of pure synthetic fiber, which is 100% polyester, to protect the wearer from moisture. This material dries quickly, preventing any unpleasant feeling of dampness. The shirt&#8217;s fabric weighs 150 g\/m\u00b2 and is made of interlock pique knitted fabric [&hellip;]","og_url":"https:\/\/poloforma.hu\/en\/product\/womens-sports-shirt\/","og_site_name":"P\u00f3l\u00f3forma","article_publisher":"http:\/\/www.facebook.com\/poloforma","article_modified_time":"2023-03-28T14:55:09+00:00","og_image":[{"width":1024,"height":683,"url":"https:\/\/poloforma.hu\/wp-content\/uploads\/2023\/03\/minta-1-1024x683.jpg","type":"image\/jpeg"}],"twitter_card":"summary_large_image","twitter_misc":{"Est. reading time":"1 minute"},"schema":{"@context":"https:\/\/schema.org","@graph":[{"@type":"WebPage","@id":"https:\/\/poloforma.hu\/en\/product\/womens-sports-shirt\/","url":"https:\/\/poloforma.hu\/en\/product\/womens-sports-shirt\/","name":"Women's sports shirt - P\u00f3l\u00f3forma","isPartOf":{"@id":"https:\/\/poloforma.hu\/#website"},"primaryImageOfPage":{"@id":"https:\/\/poloforma.hu\/en\/product\/womens-sports-shirt\/#primaryimage"},"image":{"@id":"https:\/\/poloforma.hu\/en\/product\/womens-sports-shirt\/#primaryimage"},"thumbnailUrl":"https:\/\/poloforma.hu\/wp-content\/uploads\/2023\/03\/minta-1-scaled.jpg","datePublished":"2023-03-11T14:52:13+00:00","dateModified":"2023-03-28T14:55:09+00:00","breadcrumb":{"@id":"https:\/\/poloforma.hu\/en\/product\/womens-sports-shirt\/#breadcrumb"},"inLanguage":"en-US","potentialAction":[{"@type":"ReadAction","target":["https:\/\/poloforma.hu\/en\/product\/womens-sports-shirt\/"]}]},{"@type":"ImageObject","inLanguage":"en-US","@id":"https:\/\/poloforma.hu\/en\/product\/womens-sports-shirt\/#primaryimage","url":"https:\/\/poloforma.hu\/wp-content\/uploads\/2023\/03\/minta-1-scaled.jpg","contentUrl":"https:\/\/poloforma.hu\/wp-content\/uploads\/2023\/03\/minta-1-scaled.jpg","width":2560,"height":1707,"caption":"FANTASY"},{"@type":"BreadcrumbList","@id":"https:\/\/poloforma.hu\/en\/product\/womens-sports-shirt\/#breadcrumb","itemListElement":[{"@type":"ListItem","position":1,"name":"Kezd\u0151lap","item":"https:\/\/poloforma.hu\/en\/"},{"@type":"ListItem","position":2,"name":"Shop","item":"https:\/\/poloforma.hu\/en\/shop\/"},{"@type":"ListItem","position":3,"name":"N\u0151i ruh\u00e1zat","item":"https:\/\/poloforma.hu\/termekkategoria\/noi-ruhazat-nyomtatas\/"},{"@type":"ListItem","position":4,"name":"Women&#8217;s sports shirt"}]},{"@type":"WebSite","@id":"https:\/\/poloforma.hu\/#website","url":"https:\/\/poloforma.hu\/","name":"www.poloforma.hu","description":"F\u00e9nyk\u00e9pes p\u00f3l\u00f3, b\u00f6gre, aj\u00e1nd\u00e9kt\u00e1rgy nyomtat\u00e1s, h\u00edmz\u00e9s","publisher":{"@id":"https:\/\/poloforma.hu\/#organization"},"potentialAction":[{"@type":"SearchAction","target":{"@type":"EntryPoint","urlTemplate":"https:\/\/poloforma.hu\/?s={search_term_string}"},"query-input":{"@type":"PropertyValueSpecification","valueRequired":true,"valueName":"search_term_string"}}],"inLanguage":"en-US"},{"@type":"Organization","@id":"https:\/\/poloforma.hu\/#organization","name":"www.poloforma.hu","url":"https:\/\/poloforma.hu\/","logo":{"@type":"ImageObject","inLanguage":"en-US","@id":"https:\/\/poloforma.hu\/#\/schema\/logo\/image\/","url":"https:\/\/poloforma.hu\/wp-content\/uploads\/2022\/08\/favikon.png","contentUrl":"https:\/\/poloforma.hu\/wp-content\/uploads\/2022\/08\/favikon.png","width":1794,"height":1639,"caption":"www.poloforma.hu"},"image":{"@id":"https:\/\/poloforma.hu\/#\/schema\/logo\/image\/"},"sameAs":["http:\/\/www.facebook.com\/poloforma","http:\/\/www.instagram.com\/poloparadicsom"]}]}},"_links":{"self":[{"href":"https:\/\/poloforma.hu\/en\/wp-json\/wp\/v2\/product\/72187","targetHints":{"allow":["GET"]}}],"collection":[{"href":"https:\/\/poloforma.hu\/en\/wp-json\/wp\/v2\/product"}],"about":[{"href":"https:\/\/poloforma.hu\/en\/wp-json\/wp\/v2\/types\/product"}],"replies":[{"embeddable":true,"href":"https:\/\/poloforma.hu\/en\/wp-json\/wp\/v2\/comments?post=72187"}],"wp:featuredmedia":[{"embeddable":true,"href":"https:\/\/poloforma.hu\/en\/wp-json\/wp\/v2\/media\/68118"}],"wp:attachment":[{"href":"https:\/\/poloforma.hu\/en\/wp-json\/wp\/v2\/media?parent=72187"}],"wp:term":[{"taxonomy":"product_brand","embeddable":true,"href":"https:\/\/poloforma.hu\/en\/wp-json\/wp\/v2\/product_brand?post=72187"},{"taxonomy":"product_cat","embeddable":true,"href":"https:\/\/poloforma.hu\/en\/wp-json\/wp\/v2\/product_cat?post=72187"},{"taxonomy":"product_tag","embeddable":true,"href":"https:\/\/poloforma.hu\/en\/wp-json\/wp\/v2\/product_tag?post=72187"}],"curies":[{"name":"wp","href":"https:\/\/api.w.org\/{rel}","templated":true}]}}