{"id":72183,"date":"2023-03-04T17:16:09","date_gmt":"2023-03-04T16:16:09","guid":{"rendered":"https:\/\/poloforma.hu\/termek\/malfini-basic-kerek-nyaku-polo-noi\/"},"modified":"2023-03-28T16:53:08","modified_gmt":"2023-03-28T14:53:08","slug":"malfini-basic-round-neck-t-shirt","status":"publish","type":"product","link":"https:\/\/poloforma.hu\/en\/product\/malfini-basic-round-neck-t-shirt\/","title":{"rendered":"Malfini Basic round neck t-shirt"},"content":{"rendered":"<p><span style=\"font-weight: 400;\">The BASIC 134 is a convincing example of classic women&#8217;s top clothing made in a t-shirt style. The women&#8217;s t-shirt is available in XS &#8211; 3XL sizes, with a fabric weight of 160 g\/m\u00b2. The Single Jersey, 100% cotton material is not simple cotton, as it has undergone silicon treatment. The silicon treatment provides an excellent base for various textile printing processes. Printing done using digital, screenprinting or transfer printing methods on this cotton material will result in a more durable print.<\/span><\/p>\n<p><span style=\"font-weight: 400;\">The BASIC 134 women&#8217;s t-shirt is available in many bright colors. The color of the t-shirt material will hold up during washing at 40\u00b0C. In the case of two shades, the fabric composition does not mean pure cotton. The 03 color t-shirt is 97% cotton, 3% viscose, and the 12 color t-shirt is a blend of 85% cotton and 15% viscose.<\/span><\/p>\n<p><span style=\"font-weight: 400;\">The women&#8217;s t-shirt&#8217;s curved cut follows the shape of the body without being too tight or uncomfortable. The t-shirt&#8217;s shape is maintained with side seams and reinforced shoulder straps. For even greater comfort, a satin label has been added to the t-shirt. The 1:1 ribbed narrow neckline is made with 5% elastane, and the back neckline is sewn with different materials on the inner side.<\/span><\/p>\n","protected":false},"excerpt":{"rendered":"<p>The BASIC 134 is a convincing example of classic women&#8217;s top clothing made in a t-shirt style. The women&#8217;s t-shirt is available in XS &#8211; 3XL sizes, with a fabric weight of 160 g\/m\u00b2. The Single Jersey, 100% cotton material is not simple cotton, as it has undergone silicon treatment. The silicon treatment provides an [&hellip;]<\/p>\n","protected":false},"featured_media":66492,"comment_status":"closed","ping_status":"closed","template":"","meta":{"_acf_changed":false,"inline_featured_image":false},"product_brand":[],"product_cat":[201,197],"product_tag":[],"class_list":{"0":"post-72183","1":"product","2":"type-product","3":"status-publish","4":"has-post-thumbnail","6":"product_cat-t-shirt","7":"product_cat-womens-clothing","9":"first","10":"instock","11":"shipping-taxable","12":"purchasable","13":"product-type-simple"},"acf":[],"yoast_head":"<!-- This site is optimized with the Yoast SEO Premium plugin v27.2 (Yoast SEO v27.2) - https:\/\/yoast.com\/product\/yoast-seo-premium-wordpress\/ -->\n<title>Malfini Basic round neck t-shirt - P\u00f3l\u00f3forma<\/title>\n<meta name=\"robots\" content=\"index, follow, max-snippet:-1, max-image-preview:large, max-video-preview:-1\" \/>\n<link rel=\"canonical\" href=\"https:\/\/poloforma.hu\/en\/product\/malfini-basic-round-neck-t-shirt\/\" \/>\n<meta property=\"og:locale\" content=\"en_US\" \/>\n<meta property=\"og:type\" content=\"article\" \/>\n<meta property=\"og:title\" content=\"Malfini Basic round neck t-shirt\" \/>\n<meta property=\"og:description\" content=\"The BASIC 134 is a convincing example of classic women&#8217;s top clothing made in a t-shirt style. The women&#8217;s t-shirt is available in XS &#8211; 3XL sizes, with a fabric weight of 160 g\/m\u00b2. The Single Jersey, 100% cotton material is not simple cotton, as it has undergone silicon treatment. The silicon treatment provides an [&hellip;]\" \/>\n<meta property=\"og:url\" content=\"https:\/\/poloforma.hu\/en\/product\/malfini-basic-round-neck-t-shirt\/\" \/>\n<meta property=\"og:site_name\" content=\"P\u00f3l\u00f3forma\" \/>\n<meta property=\"article:publisher\" content=\"http:\/\/www.facebook.com\/poloforma\" \/>\n<meta property=\"article:modified_time\" content=\"2023-03-28T14:53:08+00:00\" \/>\n<meta property=\"og:image\" content=\"https:\/\/poloforma.hu\/wp-content\/uploads\/2023\/03\/minta-polo-3-scaled.jpg\" \/>\n\t<meta property=\"og:image:width\" content=\"1707\" \/>\n\t<meta property=\"og:image:height\" content=\"2560\" \/>\n\t<meta property=\"og:image:type\" content=\"image\/jpeg\" \/>\n<meta name=\"twitter:card\" content=\"summary_large_image\" \/>\n<meta name=\"twitter:label1\" content=\"Est. reading time\" \/>\n\t<meta name=\"twitter:data1\" content=\"2 minutes\" \/>\n<script type=\"application\/ld+json\" class=\"yoast-schema-graph\">{\"@context\":\"https:\/\/schema.org\",\"@graph\":[{\"@type\":\"WebPage\",\"@id\":\"https:\/\/poloforma.hu\/en\/product\/malfini-basic-round-neck-t-shirt\/\",\"url\":\"https:\/\/poloforma.hu\/en\/product\/malfini-basic-round-neck-t-shirt\/\",\"name\":\"Malfini Basic round neck t-shirt - P\u00f3l\u00f3forma\",\"isPartOf\":{\"@id\":\"https:\/\/poloforma.hu\/#website\"},\"primaryImageOfPage\":{\"@id\":\"https:\/\/poloforma.hu\/en\/product\/malfini-basic-round-neck-t-shirt\/#primaryimage\"},\"image\":{\"@id\":\"https:\/\/poloforma.hu\/en\/product\/malfini-basic-round-neck-t-shirt\/#primaryimage\"},\"thumbnailUrl\":\"https:\/\/poloforma.hu\/wp-content\/uploads\/2023\/03\/minta-polo-3-scaled.jpg\",\"datePublished\":\"2023-03-04T16:16:09+00:00\",\"dateModified\":\"2023-03-28T14:53:08+00:00\",\"breadcrumb\":{\"@id\":\"https:\/\/poloforma.hu\/en\/product\/malfini-basic-round-neck-t-shirt\/#breadcrumb\"},\"inLanguage\":\"en-US\",\"potentialAction\":[{\"@type\":\"ReadAction\",\"target\":[\"https:\/\/poloforma.hu\/en\/product\/malfini-basic-round-neck-t-shirt\/\"]}]},{\"@type\":\"ImageObject\",\"inLanguage\":\"en-US\",\"@id\":\"https:\/\/poloforma.hu\/en\/product\/malfini-basic-round-neck-t-shirt\/#primaryimage\",\"url\":\"https:\/\/poloforma.hu\/wp-content\/uploads\/2023\/03\/minta-polo-3-scaled.jpg\",\"contentUrl\":\"https:\/\/poloforma.hu\/wp-content\/uploads\/2023\/03\/minta-polo-3-scaled.jpg\",\"width\":1707,\"height\":2560,\"caption\":\"BASIC\"},{\"@type\":\"BreadcrumbList\",\"@id\":\"https:\/\/poloforma.hu\/en\/product\/malfini-basic-round-neck-t-shirt\/#breadcrumb\",\"itemListElement\":[{\"@type\":\"ListItem\",\"position\":1,\"name\":\"Kezd\u0151lap\",\"item\":\"https:\/\/poloforma.hu\/en\/\"},{\"@type\":\"ListItem\",\"position\":2,\"name\":\"Shop\",\"item\":\"https:\/\/poloforma.hu\/en\/shop\/\"},{\"@type\":\"ListItem\",\"position\":3,\"name\":\"N\u0151i ruh\u00e1zat\",\"item\":\"https:\/\/poloforma.hu\/termekkategoria\/noi-ruhazat-nyomtatas\/\"},{\"@type\":\"ListItem\",\"position\":4,\"name\":\"N\u0151i p\u00f3l\u00f3 nyomtat\u00e1s\",\"item\":\"https:\/\/poloforma.hu\/termekkategoria\/noi-ruhazat-nyomtatas\/noi-polo-nyomtatas\/\"},{\"@type\":\"ListItem\",\"position\":5,\"name\":\"Malfini Basic round neck t-shirt\"}]},{\"@type\":\"WebSite\",\"@id\":\"https:\/\/poloforma.hu\/#website\",\"url\":\"https:\/\/poloforma.hu\/\",\"name\":\"www.poloforma.hu\",\"description\":\"F\u00e9nyk\u00e9pes p\u00f3l\u00f3, b\u00f6gre, aj\u00e1nd\u00e9kt\u00e1rgy nyomtat\u00e1s, h\u00edmz\u00e9s\",\"publisher\":{\"@id\":\"https:\/\/poloforma.hu\/#organization\"},\"potentialAction\":[{\"@type\":\"SearchAction\",\"target\":{\"@type\":\"EntryPoint\",\"urlTemplate\":\"https:\/\/poloforma.hu\/?s={search_term_string}\"},\"query-input\":{\"@type\":\"PropertyValueSpecification\",\"valueRequired\":true,\"valueName\":\"search_term_string\"}}],\"inLanguage\":\"en-US\"},{\"@type\":\"Organization\",\"@id\":\"https:\/\/poloforma.hu\/#organization\",\"name\":\"www.poloforma.hu\",\"url\":\"https:\/\/poloforma.hu\/\",\"logo\":{\"@type\":\"ImageObject\",\"inLanguage\":\"en-US\",\"@id\":\"https:\/\/poloforma.hu\/#\/schema\/logo\/image\/\",\"url\":\"https:\/\/poloforma.hu\/wp-content\/uploads\/2022\/08\/favikon.png\",\"contentUrl\":\"https:\/\/poloforma.hu\/wp-content\/uploads\/2022\/08\/favikon.png\",\"width\":1794,\"height\":1639,\"caption\":\"www.poloforma.hu\"},\"image\":{\"@id\":\"https:\/\/poloforma.hu\/#\/schema\/logo\/image\/\"},\"sameAs\":[\"http:\/\/www.facebook.com\/poloforma\",\"http:\/\/www.instagram.com\/poloparadicsom\"]}]}<\/script>\n<!-- \/ Yoast SEO Premium plugin. -->","yoast_head_json":{"title":"Malfini Basic round neck t-shirt - P\u00f3l\u00f3forma","robots":{"index":"index","follow":"follow","max-snippet":"max-snippet:-1","max-image-preview":"max-image-preview:large","max-video-preview":"max-video-preview:-1"},"canonical":"https:\/\/poloforma.hu\/en\/product\/malfini-basic-round-neck-t-shirt\/","og_locale":"en_US","og_type":"article","og_title":"Malfini Basic round neck t-shirt","og_description":"The BASIC 134 is a convincing example of classic women&#8217;s top clothing made in a t-shirt style. The women&#8217;s t-shirt is available in XS &#8211; 3XL sizes, with a fabric weight of 160 g\/m\u00b2. The Single Jersey, 100% cotton material is not simple cotton, as it has undergone silicon treatment. The silicon treatment provides an [&hellip;]","og_url":"https:\/\/poloforma.hu\/en\/product\/malfini-basic-round-neck-t-shirt\/","og_site_name":"P\u00f3l\u00f3forma","article_publisher":"http:\/\/www.facebook.com\/poloforma","article_modified_time":"2023-03-28T14:53:08+00:00","og_image":[{"width":1707,"height":2560,"url":"https:\/\/poloforma.hu\/wp-content\/uploads\/2023\/03\/minta-polo-3-scaled.jpg","type":"image\/jpeg"}],"twitter_card":"summary_large_image","twitter_misc":{"Est. reading time":"2 minutes"},"schema":{"@context":"https:\/\/schema.org","@graph":[{"@type":"WebPage","@id":"https:\/\/poloforma.hu\/en\/product\/malfini-basic-round-neck-t-shirt\/","url":"https:\/\/poloforma.hu\/en\/product\/malfini-basic-round-neck-t-shirt\/","name":"Malfini Basic round neck t-shirt - P\u00f3l\u00f3forma","isPartOf":{"@id":"https:\/\/poloforma.hu\/#website"},"primaryImageOfPage":{"@id":"https:\/\/poloforma.hu\/en\/product\/malfini-basic-round-neck-t-shirt\/#primaryimage"},"image":{"@id":"https:\/\/poloforma.hu\/en\/product\/malfini-basic-round-neck-t-shirt\/#primaryimage"},"thumbnailUrl":"https:\/\/poloforma.hu\/wp-content\/uploads\/2023\/03\/minta-polo-3-scaled.jpg","datePublished":"2023-03-04T16:16:09+00:00","dateModified":"2023-03-28T14:53:08+00:00","breadcrumb":{"@id":"https:\/\/poloforma.hu\/en\/product\/malfini-basic-round-neck-t-shirt\/#breadcrumb"},"inLanguage":"en-US","potentialAction":[{"@type":"ReadAction","target":["https:\/\/poloforma.hu\/en\/product\/malfini-basic-round-neck-t-shirt\/"]}]},{"@type":"ImageObject","inLanguage":"en-US","@id":"https:\/\/poloforma.hu\/en\/product\/malfini-basic-round-neck-t-shirt\/#primaryimage","url":"https:\/\/poloforma.hu\/wp-content\/uploads\/2023\/03\/minta-polo-3-scaled.jpg","contentUrl":"https:\/\/poloforma.hu\/wp-content\/uploads\/2023\/03\/minta-polo-3-scaled.jpg","width":1707,"height":2560,"caption":"BASIC"},{"@type":"BreadcrumbList","@id":"https:\/\/poloforma.hu\/en\/product\/malfini-basic-round-neck-t-shirt\/#breadcrumb","itemListElement":[{"@type":"ListItem","position":1,"name":"Kezd\u0151lap","item":"https:\/\/poloforma.hu\/en\/"},{"@type":"ListItem","position":2,"name":"Shop","item":"https:\/\/poloforma.hu\/en\/shop\/"},{"@type":"ListItem","position":3,"name":"N\u0151i ruh\u00e1zat","item":"https:\/\/poloforma.hu\/termekkategoria\/noi-ruhazat-nyomtatas\/"},{"@type":"ListItem","position":4,"name":"N\u0151i p\u00f3l\u00f3 nyomtat\u00e1s","item":"https:\/\/poloforma.hu\/termekkategoria\/noi-ruhazat-nyomtatas\/noi-polo-nyomtatas\/"},{"@type":"ListItem","position":5,"name":"Malfini Basic round neck t-shirt"}]},{"@type":"WebSite","@id":"https:\/\/poloforma.hu\/#website","url":"https:\/\/poloforma.hu\/","name":"www.poloforma.hu","description":"F\u00e9nyk\u00e9pes p\u00f3l\u00f3, b\u00f6gre, aj\u00e1nd\u00e9kt\u00e1rgy nyomtat\u00e1s, h\u00edmz\u00e9s","publisher":{"@id":"https:\/\/poloforma.hu\/#organization"},"potentialAction":[{"@type":"SearchAction","target":{"@type":"EntryPoint","urlTemplate":"https:\/\/poloforma.hu\/?s={search_term_string}"},"query-input":{"@type":"PropertyValueSpecification","valueRequired":true,"valueName":"search_term_string"}}],"inLanguage":"en-US"},{"@type":"Organization","@id":"https:\/\/poloforma.hu\/#organization","name":"www.poloforma.hu","url":"https:\/\/poloforma.hu\/","logo":{"@type":"ImageObject","inLanguage":"en-US","@id":"https:\/\/poloforma.hu\/#\/schema\/logo\/image\/","url":"https:\/\/poloforma.hu\/wp-content\/uploads\/2022\/08\/favikon.png","contentUrl":"https:\/\/poloforma.hu\/wp-content\/uploads\/2022\/08\/favikon.png","width":1794,"height":1639,"caption":"www.poloforma.hu"},"image":{"@id":"https:\/\/poloforma.hu\/#\/schema\/logo\/image\/"},"sameAs":["http:\/\/www.facebook.com\/poloforma","http:\/\/www.instagram.com\/poloparadicsom"]}]}},"_links":{"self":[{"href":"https:\/\/poloforma.hu\/en\/wp-json\/wp\/v2\/product\/72183","targetHints":{"allow":["GET"]}}],"collection":[{"href":"https:\/\/poloforma.hu\/en\/wp-json\/wp\/v2\/product"}],"about":[{"href":"https:\/\/poloforma.hu\/en\/wp-json\/wp\/v2\/types\/product"}],"replies":[{"embeddable":true,"href":"https:\/\/poloforma.hu\/en\/wp-json\/wp\/v2\/comments?post=72183"}],"wp:featuredmedia":[{"embeddable":true,"href":"https:\/\/poloforma.hu\/en\/wp-json\/wp\/v2\/media\/66492"}],"wp:attachment":[{"href":"https:\/\/poloforma.hu\/en\/wp-json\/wp\/v2\/media?parent=72183"}],"wp:term":[{"taxonomy":"product_brand","embeddable":true,"href":"https:\/\/poloforma.hu\/en\/wp-json\/wp\/v2\/product_brand?post=72183"},{"taxonomy":"product_cat","embeddable":true,"href":"https:\/\/poloforma.hu\/en\/wp-json\/wp\/v2\/product_cat?post=72183"},{"taxonomy":"product_tag","embeddable":true,"href":"https:\/\/poloforma.hu\/en\/wp-json\/wp\/v2\/product_tag?post=72183"}],"curies":[{"name":"wp","href":"https:\/\/api.w.org\/{rel}","templated":true}]}}