{"id":72179,"date":"2023-03-03T15:33:54","date_gmt":"2023-03-03T14:33:54","guid":{"rendered":"https:\/\/poloforma.hu\/termek\/malfini-slim-fit-v-nyaku-polo\/"},"modified":"2023-03-28T16:49:29","modified_gmt":"2023-03-28T14:49:29","slug":"malfini-slim-fit-v-neck","status":"publish","type":"product","link":"https:\/\/poloforma.hu\/en\/product\/malfini-slim-fit-v-neck\/","title":{"rendered":"Malfini SLIM FIT V-NECK"},"content":{"rendered":"<p><span style=\"font-weight: 400;\">The SLIM FIT V-NECK is an excellent choice for workwear and everyday clothing. The shirt is made of 100% cotton, Single Jersey material, with a weight of 180 g\/m\u00b2. It can be washed in the washing machine at 40 degrees without losing its flexibility or shape due to the cotton material.<\/span><\/p>\n<p><span style=\"font-weight: 400;\">The slim fit, snug-fitting cut looks aesthetically pleasing in sizes S-3XL. The side seams, reinforced shoulder straps, and 1:1 ribbed narrow neckline provide shape retention with 5% elastane. The deeper, V-shaped neckline gives the shirt a stylish look with a satin label. The back neckline has a different material on the inside.<\/span><\/p>\n<p><span style=\"font-weight: 400;\">The SLIM FIT V-NECK 146 is available in several colors and the material is not only softer due to silicone treatment but also suitable for textile printing and embroidery. It is recommended for digital printing, film printing, and transfer printing as well.<\/span><\/p>\n<p><span style=\"font-weight: 400;\">For color 12, the material composition may be different, consisting of a combination of 85% cotton and 15% viscose.<\/span><\/p>\n","protected":false},"excerpt":{"rendered":"<p>The SLIM FIT V-NECK is an excellent choice for workwear and everyday clothing. The shirt is made of 100% cotton, Single Jersey material, with a weight of 180 g\/m\u00b2. It can be washed in the washing machine at 40 degrees without losing its flexibility or shape due to the cotton material. The slim fit, snug-fitting [&hellip;]<\/p>\n","protected":false},"featured_media":66486,"comment_status":"closed","ping_status":"closed","template":"","meta":{"_acf_changed":false,"inline_featured_image":false},"product_brand":[],"product_cat":[157,160],"product_tag":[],"class_list":{"0":"post-72179","1":"product","2":"type-product","3":"status-publish","4":"has-post-thumbnail","6":"product_cat-mens-clothing","7":"product_cat-t-shirt-2","9":"first","10":"instock","11":"shipping-taxable","12":"purchasable","13":"product-type-simple"},"acf":[],"yoast_head":"<!-- This site is optimized with the Yoast SEO Premium plugin v27.2 (Yoast SEO v27.2) - https:\/\/yoast.com\/product\/yoast-seo-premium-wordpress\/ -->\n<title>Malfini SLIM FIT V-NECK - P\u00f3l\u00f3forma<\/title>\n<meta name=\"robots\" content=\"index, follow, max-snippet:-1, max-image-preview:large, max-video-preview:-1\" \/>\n<link rel=\"canonical\" href=\"https:\/\/poloforma.hu\/en\/product\/malfini-slim-fit-v-neck\/\" \/>\n<meta property=\"og:locale\" content=\"en_US\" \/>\n<meta property=\"og:type\" content=\"article\" \/>\n<meta property=\"og:title\" content=\"Malfini SLIM FIT V-NECK\" \/>\n<meta property=\"og:description\" content=\"The SLIM FIT V-NECK is an excellent choice for workwear and everyday clothing. The shirt is made of 100% cotton, Single Jersey material, with a weight of 180 g\/m\u00b2. It can be washed in the washing machine at 40 degrees without losing its flexibility or shape due to the cotton material. The slim fit, snug-fitting [&hellip;]\" \/>\n<meta property=\"og:url\" content=\"https:\/\/poloforma.hu\/en\/product\/malfini-slim-fit-v-neck\/\" \/>\n<meta property=\"og:site_name\" content=\"P\u00f3l\u00f3forma\" \/>\n<meta property=\"article:publisher\" content=\"http:\/\/www.facebook.com\/poloforma\" \/>\n<meta property=\"article:modified_time\" content=\"2023-03-28T14:49:29+00:00\" \/>\n<meta property=\"og:image\" content=\"https:\/\/poloforma.hu\/wp-content\/uploads\/2023\/03\/mintakep-scaled.jpg\" \/>\n\t<meta property=\"og:image:width\" content=\"1710\" \/>\n\t<meta property=\"og:image:height\" content=\"2560\" \/>\n\t<meta property=\"og:image:type\" content=\"image\/jpeg\" \/>\n<meta name=\"twitter:card\" content=\"summary_large_image\" \/>\n<meta name=\"twitter:label1\" content=\"Est. reading time\" \/>\n\t<meta name=\"twitter:data1\" content=\"1 minute\" \/>\n<script type=\"application\/ld+json\" class=\"yoast-schema-graph\">{\"@context\":\"https:\/\/schema.org\",\"@graph\":[{\"@type\":\"WebPage\",\"@id\":\"https:\/\/poloforma.hu\/en\/product\/malfini-slim-fit-v-neck\/\",\"url\":\"https:\/\/poloforma.hu\/en\/product\/malfini-slim-fit-v-neck\/\",\"name\":\"Malfini SLIM FIT V-NECK - P\u00f3l\u00f3forma\",\"isPartOf\":{\"@id\":\"https:\/\/poloforma.hu\/#website\"},\"primaryImageOfPage\":{\"@id\":\"https:\/\/poloforma.hu\/en\/product\/malfini-slim-fit-v-neck\/#primaryimage\"},\"image\":{\"@id\":\"https:\/\/poloforma.hu\/en\/product\/malfini-slim-fit-v-neck\/#primaryimage\"},\"thumbnailUrl\":\"https:\/\/poloforma.hu\/wp-content\/uploads\/2023\/03\/mintakep-scaled.jpg\",\"datePublished\":\"2023-03-03T14:33:54+00:00\",\"dateModified\":\"2023-03-28T14:49:29+00:00\",\"breadcrumb\":{\"@id\":\"https:\/\/poloforma.hu\/en\/product\/malfini-slim-fit-v-neck\/#breadcrumb\"},\"inLanguage\":\"en-US\",\"potentialAction\":[{\"@type\":\"ReadAction\",\"target\":[\"https:\/\/poloforma.hu\/en\/product\/malfini-slim-fit-v-neck\/\"]}]},{\"@type\":\"ImageObject\",\"inLanguage\":\"en-US\",\"@id\":\"https:\/\/poloforma.hu\/en\/product\/malfini-slim-fit-v-neck\/#primaryimage\",\"url\":\"https:\/\/poloforma.hu\/wp-content\/uploads\/2023\/03\/mintakep-scaled.jpg\",\"contentUrl\":\"https:\/\/poloforma.hu\/wp-content\/uploads\/2023\/03\/mintakep-scaled.jpg\",\"width\":1710,\"height\":2560,\"caption\":\"Malfini Slim Fit V-nyak\u00fa p\u00f3l\u00f3 \u2013 testhez\u00e1ll\u00f3, k\u00e9nyelmes pamut p\u00f3l\u00f3 f\u00e9rfiaknak \u00e9s n\u0151knek, t\u00f6k\u00e9letes h\u00e9tk\u00f6znapi viselethez \u00e9s munkaruh\u00e1nak\"},{\"@type\":\"BreadcrumbList\",\"@id\":\"https:\/\/poloforma.hu\/en\/product\/malfini-slim-fit-v-neck\/#breadcrumb\",\"itemListElement\":[{\"@type\":\"ListItem\",\"position\":1,\"name\":\"Kezd\u0151lap\",\"item\":\"https:\/\/poloforma.hu\/en\/\"},{\"@type\":\"ListItem\",\"position\":2,\"name\":\"Shop\",\"item\":\"https:\/\/poloforma.hu\/en\/shop\/\"},{\"@type\":\"ListItem\",\"position\":3,\"name\":\"Men&#039;s clothing\",\"item\":\"https:\/\/poloforma.hu\/product-category\/mens-clothing\/?lang=en\"},{\"@type\":\"ListItem\",\"position\":4,\"name\":\"P\u00f3l\u00f3\",\"item\":\"https:\/\/poloforma.hu\/termekkategoria\/ferfi-ruhazat-nyomtatas\/polo-nyomtatas\/\"},{\"@type\":\"ListItem\",\"position\":5,\"name\":\"Malfini SLIM FIT V-NECK\"}]},{\"@type\":\"WebSite\",\"@id\":\"https:\/\/poloforma.hu\/#website\",\"url\":\"https:\/\/poloforma.hu\/\",\"name\":\"www.poloforma.hu\",\"description\":\"F\u00e9nyk\u00e9pes p\u00f3l\u00f3, b\u00f6gre, aj\u00e1nd\u00e9kt\u00e1rgy nyomtat\u00e1s, h\u00edmz\u00e9s\",\"publisher\":{\"@id\":\"https:\/\/poloforma.hu\/#organization\"},\"potentialAction\":[{\"@type\":\"SearchAction\",\"target\":{\"@type\":\"EntryPoint\",\"urlTemplate\":\"https:\/\/poloforma.hu\/?s={search_term_string}\"},\"query-input\":{\"@type\":\"PropertyValueSpecification\",\"valueRequired\":true,\"valueName\":\"search_term_string\"}}],\"inLanguage\":\"en-US\"},{\"@type\":\"Organization\",\"@id\":\"https:\/\/poloforma.hu\/#organization\",\"name\":\"www.poloforma.hu\",\"url\":\"https:\/\/poloforma.hu\/\",\"logo\":{\"@type\":\"ImageObject\",\"inLanguage\":\"en-US\",\"@id\":\"https:\/\/poloforma.hu\/#\/schema\/logo\/image\/\",\"url\":\"https:\/\/poloforma.hu\/wp-content\/uploads\/2022\/08\/favikon.png\",\"contentUrl\":\"https:\/\/poloforma.hu\/wp-content\/uploads\/2022\/08\/favikon.png\",\"width\":1794,\"height\":1639,\"caption\":\"www.poloforma.hu\"},\"image\":{\"@id\":\"https:\/\/poloforma.hu\/#\/schema\/logo\/image\/\"},\"sameAs\":[\"http:\/\/www.facebook.com\/poloforma\",\"http:\/\/www.instagram.com\/poloparadicsom\"]}]}<\/script>\n<!-- \/ Yoast SEO Premium plugin. -->","yoast_head_json":{"title":"Malfini SLIM FIT V-NECK - P\u00f3l\u00f3forma","robots":{"index":"index","follow":"follow","max-snippet":"max-snippet:-1","max-image-preview":"max-image-preview:large","max-video-preview":"max-video-preview:-1"},"canonical":"https:\/\/poloforma.hu\/en\/product\/malfini-slim-fit-v-neck\/","og_locale":"en_US","og_type":"article","og_title":"Malfini SLIM FIT V-NECK","og_description":"The SLIM FIT V-NECK is an excellent choice for workwear and everyday clothing. The shirt is made of 100% cotton, Single Jersey material, with a weight of 180 g\/m\u00b2. It can be washed in the washing machine at 40 degrees without losing its flexibility or shape due to the cotton material. The slim fit, snug-fitting [&hellip;]","og_url":"https:\/\/poloforma.hu\/en\/product\/malfini-slim-fit-v-neck\/","og_site_name":"P\u00f3l\u00f3forma","article_publisher":"http:\/\/www.facebook.com\/poloforma","article_modified_time":"2023-03-28T14:49:29+00:00","og_image":[{"width":1710,"height":2560,"url":"https:\/\/poloforma.hu\/wp-content\/uploads\/2023\/03\/mintakep-scaled.jpg","type":"image\/jpeg"}],"twitter_card":"summary_large_image","twitter_misc":{"Est. reading time":"1 minute"},"schema":{"@context":"https:\/\/schema.org","@graph":[{"@type":"WebPage","@id":"https:\/\/poloforma.hu\/en\/product\/malfini-slim-fit-v-neck\/","url":"https:\/\/poloforma.hu\/en\/product\/malfini-slim-fit-v-neck\/","name":"Malfini SLIM FIT V-NECK - P\u00f3l\u00f3forma","isPartOf":{"@id":"https:\/\/poloforma.hu\/#website"},"primaryImageOfPage":{"@id":"https:\/\/poloforma.hu\/en\/product\/malfini-slim-fit-v-neck\/#primaryimage"},"image":{"@id":"https:\/\/poloforma.hu\/en\/product\/malfini-slim-fit-v-neck\/#primaryimage"},"thumbnailUrl":"https:\/\/poloforma.hu\/wp-content\/uploads\/2023\/03\/mintakep-scaled.jpg","datePublished":"2023-03-03T14:33:54+00:00","dateModified":"2023-03-28T14:49:29+00:00","breadcrumb":{"@id":"https:\/\/poloforma.hu\/en\/product\/malfini-slim-fit-v-neck\/#breadcrumb"},"inLanguage":"en-US","potentialAction":[{"@type":"ReadAction","target":["https:\/\/poloforma.hu\/en\/product\/malfini-slim-fit-v-neck\/"]}]},{"@type":"ImageObject","inLanguage":"en-US","@id":"https:\/\/poloforma.hu\/en\/product\/malfini-slim-fit-v-neck\/#primaryimage","url":"https:\/\/poloforma.hu\/wp-content\/uploads\/2023\/03\/mintakep-scaled.jpg","contentUrl":"https:\/\/poloforma.hu\/wp-content\/uploads\/2023\/03\/mintakep-scaled.jpg","width":1710,"height":2560,"caption":"Malfini Slim Fit V-nyak\u00fa p\u00f3l\u00f3 \u2013 testhez\u00e1ll\u00f3, k\u00e9nyelmes pamut p\u00f3l\u00f3 f\u00e9rfiaknak \u00e9s n\u0151knek, t\u00f6k\u00e9letes h\u00e9tk\u00f6znapi viselethez \u00e9s munkaruh\u00e1nak"},{"@type":"BreadcrumbList","@id":"https:\/\/poloforma.hu\/en\/product\/malfini-slim-fit-v-neck\/#breadcrumb","itemListElement":[{"@type":"ListItem","position":1,"name":"Kezd\u0151lap","item":"https:\/\/poloforma.hu\/en\/"},{"@type":"ListItem","position":2,"name":"Shop","item":"https:\/\/poloforma.hu\/en\/shop\/"},{"@type":"ListItem","position":3,"name":"Men&#039;s clothing","item":"https:\/\/poloforma.hu\/product-category\/mens-clothing\/?lang=en"},{"@type":"ListItem","position":4,"name":"P\u00f3l\u00f3","item":"https:\/\/poloforma.hu\/termekkategoria\/ferfi-ruhazat-nyomtatas\/polo-nyomtatas\/"},{"@type":"ListItem","position":5,"name":"Malfini SLIM FIT V-NECK"}]},{"@type":"WebSite","@id":"https:\/\/poloforma.hu\/#website","url":"https:\/\/poloforma.hu\/","name":"www.poloforma.hu","description":"F\u00e9nyk\u00e9pes p\u00f3l\u00f3, b\u00f6gre, aj\u00e1nd\u00e9kt\u00e1rgy nyomtat\u00e1s, h\u00edmz\u00e9s","publisher":{"@id":"https:\/\/poloforma.hu\/#organization"},"potentialAction":[{"@type":"SearchAction","target":{"@type":"EntryPoint","urlTemplate":"https:\/\/poloforma.hu\/?s={search_term_string}"},"query-input":{"@type":"PropertyValueSpecification","valueRequired":true,"valueName":"search_term_string"}}],"inLanguage":"en-US"},{"@type":"Organization","@id":"https:\/\/poloforma.hu\/#organization","name":"www.poloforma.hu","url":"https:\/\/poloforma.hu\/","logo":{"@type":"ImageObject","inLanguage":"en-US","@id":"https:\/\/poloforma.hu\/#\/schema\/logo\/image\/","url":"https:\/\/poloforma.hu\/wp-content\/uploads\/2022\/08\/favikon.png","contentUrl":"https:\/\/poloforma.hu\/wp-content\/uploads\/2022\/08\/favikon.png","width":1794,"height":1639,"caption":"www.poloforma.hu"},"image":{"@id":"https:\/\/poloforma.hu\/#\/schema\/logo\/image\/"},"sameAs":["http:\/\/www.facebook.com\/poloforma","http:\/\/www.instagram.com\/poloparadicsom"]}]}},"_links":{"self":[{"href":"https:\/\/poloforma.hu\/en\/wp-json\/wp\/v2\/product\/72179","targetHints":{"allow":["GET"]}}],"collection":[{"href":"https:\/\/poloforma.hu\/en\/wp-json\/wp\/v2\/product"}],"about":[{"href":"https:\/\/poloforma.hu\/en\/wp-json\/wp\/v2\/types\/product"}],"replies":[{"embeddable":true,"href":"https:\/\/poloforma.hu\/en\/wp-json\/wp\/v2\/comments?post=72179"}],"wp:featuredmedia":[{"embeddable":true,"href":"https:\/\/poloforma.hu\/en\/wp-json\/wp\/v2\/media\/66486"}],"wp:attachment":[{"href":"https:\/\/poloforma.hu\/en\/wp-json\/wp\/v2\/media?parent=72179"}],"wp:term":[{"taxonomy":"product_brand","embeddable":true,"href":"https:\/\/poloforma.hu\/en\/wp-json\/wp\/v2\/product_brand?post=72179"},{"taxonomy":"product_cat","embeddable":true,"href":"https:\/\/poloforma.hu\/en\/wp-json\/wp\/v2\/product_cat?post=72179"},{"taxonomy":"product_tag","embeddable":true,"href":"https:\/\/poloforma.hu\/en\/wp-json\/wp\/v2\/product_tag?post=72179"}],"curies":[{"name":"wp","href":"https:\/\/api.w.org\/{rel}","templated":true}]}}