{"id":72176,"date":"2023-03-03T15:16:53","date_gmt":"2023-03-03T14:16:53","guid":{"rendered":"https:\/\/poloforma.hu\/termek\/malfini-pride-hosszu-ujju-mez\/"},"modified":"2023-03-28T16:47:28","modified_gmt":"2023-03-28T14:47:28","slug":"malfini-pride-long-sleeve-shirt","status":"publish","type":"product","link":"https:\/\/poloforma.hu\/en\/product\/malfini-pride-long-sleeve-shirt\/","title":{"rendered":"Malfini Pride long sleeve shirt"},"content":{"rendered":"<p><span style=\"font-weight: 400;\">Malfini Pride 168 is a unisex long sleeve shirt designed for both men and women. Made of quick-drying, artificial polyester fibers, the smooth material of the shirt retains its shape, is durable, and easy to wash. It works well as transitional wear and as winter base layers. The PRIDE 168 is not just a simple polyester shirt for men, but is made of a special Double Face material. Double Face is special because it is made of two layers of different materials. The bottom layer keeps you warm, while the top layer is the cool layer. Both layers are soft and comfortable, keeping you warm when you need it and helping to dry sweat generated from active movements. The PRIDE 168 is perfect for leisure and sports, with a neckline edged with its own material, reinforced shoulder seams, and shoulder straps to make the shirt comfortable to wear. It comes in XS-3XL sizes, with a satin label, and can be washed in a washing machine at 40 degrees Celsius. The shirt weighs 130 g\/m\u00b2 and is available in multiple colors. Its material is compatible with the following processes: digital printing, embroidery, film printing, and transfer printing. Light colors are ideal for sublimation.<\/span><\/p>\n","protected":false},"excerpt":{"rendered":"<p>Malfini Pride 168 is a unisex long sleeve shirt designed for both men and women. Made of quick-drying, artificial polyester fibers, the smooth material of the shirt retains its shape, is durable, and easy to wash. It works well as transitional wear and as winter base layers. The PRIDE 168 is not just a simple [&hellip;]<\/p>\n","protected":false},"featured_media":66484,"comment_status":"closed","ping_status":"closed","template":"","meta":{"_acf_changed":false,"inline_featured_image":false},"product_brand":[],"product_cat":[157,158],"product_tag":[],"class_list":{"0":"post-72176","1":"product","2":"type-product","3":"status-publish","4":"has-post-thumbnail","6":"product_cat-mens-clothing","7":"product_cat-sports-shirt","9":"first","10":"instock","11":"shipping-taxable","12":"purchasable","13":"product-type-simple"},"acf":[],"yoast_head":"<!-- This site is optimized with the Yoast SEO Premium plugin v27.2 (Yoast SEO v27.2) - https:\/\/yoast.com\/product\/yoast-seo-premium-wordpress\/ -->\n<title>Malfini Pride long sleeve shirt - P\u00f3l\u00f3forma<\/title>\n<meta name=\"robots\" content=\"index, follow, max-snippet:-1, max-image-preview:large, max-video-preview:-1\" \/>\n<link rel=\"canonical\" href=\"https:\/\/poloforma.hu\/en\/product\/malfini-pride-long-sleeve-shirt\/\" \/>\n<meta property=\"og:locale\" content=\"en_US\" \/>\n<meta property=\"og:type\" content=\"article\" \/>\n<meta property=\"og:title\" content=\"Malfini Pride long sleeve shirt\" \/>\n<meta property=\"og:description\" content=\"Malfini Pride 168 is a unisex long sleeve shirt designed for both men and women. Made of quick-drying, artificial polyester fibers, the smooth material of the shirt retains its shape, is durable, and easy to wash. It works well as transitional wear and as winter base layers. The PRIDE 168 is not just a simple [&hellip;]\" \/>\n<meta property=\"og:url\" content=\"https:\/\/poloforma.hu\/en\/product\/malfini-pride-long-sleeve-shirt\/\" \/>\n<meta property=\"og:site_name\" content=\"P\u00f3l\u00f3forma\" \/>\n<meta property=\"article:publisher\" content=\"http:\/\/www.facebook.com\/poloforma\" \/>\n<meta property=\"article:modified_time\" content=\"2023-03-28T14:47:28+00:00\" \/>\n<meta property=\"og:image\" content=\"https:\/\/poloforma.hu\/wp-content\/uploads\/2023\/03\/mintakep2-674x1024.png\" \/>\n\t<meta property=\"og:image:width\" content=\"674\" \/>\n\t<meta property=\"og:image:height\" content=\"1024\" \/>\n\t<meta property=\"og:image:type\" content=\"image\/png\" \/>\n<meta name=\"twitter:card\" content=\"summary_large_image\" \/>\n<meta name=\"twitter:label1\" content=\"Est. reading time\" \/>\n\t<meta name=\"twitter:data1\" content=\"1 minute\" \/>\n<script type=\"application\/ld+json\" class=\"yoast-schema-graph\">{\"@context\":\"https:\/\/schema.org\",\"@graph\":[{\"@type\":\"WebPage\",\"@id\":\"https:\/\/poloforma.hu\/en\/product\/malfini-pride-long-sleeve-shirt\/\",\"url\":\"https:\/\/poloforma.hu\/en\/product\/malfini-pride-long-sleeve-shirt\/\",\"name\":\"Malfini Pride long sleeve shirt - P\u00f3l\u00f3forma\",\"isPartOf\":{\"@id\":\"https:\/\/poloforma.hu\/#website\"},\"primaryImageOfPage\":{\"@id\":\"https:\/\/poloforma.hu\/en\/product\/malfini-pride-long-sleeve-shirt\/#primaryimage\"},\"image\":{\"@id\":\"https:\/\/poloforma.hu\/en\/product\/malfini-pride-long-sleeve-shirt\/#primaryimage\"},\"thumbnailUrl\":\"https:\/\/poloforma.hu\/wp-content\/uploads\/2023\/03\/mintakep2.png\",\"datePublished\":\"2023-03-03T14:16:53+00:00\",\"dateModified\":\"2023-03-28T14:47:28+00:00\",\"breadcrumb\":{\"@id\":\"https:\/\/poloforma.hu\/en\/product\/malfini-pride-long-sleeve-shirt\/#breadcrumb\"},\"inLanguage\":\"en-US\",\"potentialAction\":[{\"@type\":\"ReadAction\",\"target\":[\"https:\/\/poloforma.hu\/en\/product\/malfini-pride-long-sleeve-shirt\/\"]}]},{\"@type\":\"ImageObject\",\"inLanguage\":\"en-US\",\"@id\":\"https:\/\/poloforma.hu\/en\/product\/malfini-pride-long-sleeve-shirt\/#primaryimage\",\"url\":\"https:\/\/poloforma.hu\/wp-content\/uploads\/2023\/03\/mintakep2.png\",\"contentUrl\":\"https:\/\/poloforma.hu\/wp-content\/uploads\/2023\/03\/mintakep2.png\",\"width\":2362,\"height\":3591},{\"@type\":\"BreadcrumbList\",\"@id\":\"https:\/\/poloforma.hu\/en\/product\/malfini-pride-long-sleeve-shirt\/#breadcrumb\",\"itemListElement\":[{\"@type\":\"ListItem\",\"position\":1,\"name\":\"Kezd\u0151lap\",\"item\":\"https:\/\/poloforma.hu\/en\/\"},{\"@type\":\"ListItem\",\"position\":2,\"name\":\"Shop\",\"item\":\"https:\/\/poloforma.hu\/en\/shop\/\"},{\"@type\":\"ListItem\",\"position\":3,\"name\":\"F\u00e9rfi ruh\u00e1zat\",\"item\":\"https:\/\/poloforma.hu\/termekkategoria\/ferfi-ruhazat-nyomtatas\/\"},{\"@type\":\"ListItem\",\"position\":4,\"name\":\"Malfini Pride long sleeve shirt\"}]},{\"@type\":\"WebSite\",\"@id\":\"https:\/\/poloforma.hu\/#website\",\"url\":\"https:\/\/poloforma.hu\/\",\"name\":\"www.poloforma.hu\",\"description\":\"F\u00e9nyk\u00e9pes p\u00f3l\u00f3, b\u00f6gre, aj\u00e1nd\u00e9kt\u00e1rgy nyomtat\u00e1s, h\u00edmz\u00e9s\",\"publisher\":{\"@id\":\"https:\/\/poloforma.hu\/#organization\"},\"potentialAction\":[{\"@type\":\"SearchAction\",\"target\":{\"@type\":\"EntryPoint\",\"urlTemplate\":\"https:\/\/poloforma.hu\/?s={search_term_string}\"},\"query-input\":{\"@type\":\"PropertyValueSpecification\",\"valueRequired\":true,\"valueName\":\"search_term_string\"}}],\"inLanguage\":\"en-US\"},{\"@type\":\"Organization\",\"@id\":\"https:\/\/poloforma.hu\/#organization\",\"name\":\"www.poloforma.hu\",\"url\":\"https:\/\/poloforma.hu\/\",\"logo\":{\"@type\":\"ImageObject\",\"inLanguage\":\"en-US\",\"@id\":\"https:\/\/poloforma.hu\/#\/schema\/logo\/image\/\",\"url\":\"https:\/\/poloforma.hu\/wp-content\/uploads\/2022\/08\/favikon.png\",\"contentUrl\":\"https:\/\/poloforma.hu\/wp-content\/uploads\/2022\/08\/favikon.png\",\"width\":1794,\"height\":1639,\"caption\":\"www.poloforma.hu\"},\"image\":{\"@id\":\"https:\/\/poloforma.hu\/#\/schema\/logo\/image\/\"},\"sameAs\":[\"http:\/\/www.facebook.com\/poloforma\",\"http:\/\/www.instagram.com\/poloparadicsom\"]}]}<\/script>\n<!-- \/ Yoast SEO Premium plugin. -->","yoast_head_json":{"title":"Malfini Pride long sleeve shirt - P\u00f3l\u00f3forma","robots":{"index":"index","follow":"follow","max-snippet":"max-snippet:-1","max-image-preview":"max-image-preview:large","max-video-preview":"max-video-preview:-1"},"canonical":"https:\/\/poloforma.hu\/en\/product\/malfini-pride-long-sleeve-shirt\/","og_locale":"en_US","og_type":"article","og_title":"Malfini Pride long sleeve shirt","og_description":"Malfini Pride 168 is a unisex long sleeve shirt designed for both men and women. Made of quick-drying, artificial polyester fibers, the smooth material of the shirt retains its shape, is durable, and easy to wash. It works well as transitional wear and as winter base layers. The PRIDE 168 is not just a simple [&hellip;]","og_url":"https:\/\/poloforma.hu\/en\/product\/malfini-pride-long-sleeve-shirt\/","og_site_name":"P\u00f3l\u00f3forma","article_publisher":"http:\/\/www.facebook.com\/poloforma","article_modified_time":"2023-03-28T14:47:28+00:00","og_image":[{"width":674,"height":1024,"url":"https:\/\/poloforma.hu\/wp-content\/uploads\/2023\/03\/mintakep2-674x1024.png","type":"image\/png"}],"twitter_card":"summary_large_image","twitter_misc":{"Est. reading time":"1 minute"},"schema":{"@context":"https:\/\/schema.org","@graph":[{"@type":"WebPage","@id":"https:\/\/poloforma.hu\/en\/product\/malfini-pride-long-sleeve-shirt\/","url":"https:\/\/poloforma.hu\/en\/product\/malfini-pride-long-sleeve-shirt\/","name":"Malfini Pride long sleeve shirt - P\u00f3l\u00f3forma","isPartOf":{"@id":"https:\/\/poloforma.hu\/#website"},"primaryImageOfPage":{"@id":"https:\/\/poloforma.hu\/en\/product\/malfini-pride-long-sleeve-shirt\/#primaryimage"},"image":{"@id":"https:\/\/poloforma.hu\/en\/product\/malfini-pride-long-sleeve-shirt\/#primaryimage"},"thumbnailUrl":"https:\/\/poloforma.hu\/wp-content\/uploads\/2023\/03\/mintakep2.png","datePublished":"2023-03-03T14:16:53+00:00","dateModified":"2023-03-28T14:47:28+00:00","breadcrumb":{"@id":"https:\/\/poloforma.hu\/en\/product\/malfini-pride-long-sleeve-shirt\/#breadcrumb"},"inLanguage":"en-US","potentialAction":[{"@type":"ReadAction","target":["https:\/\/poloforma.hu\/en\/product\/malfini-pride-long-sleeve-shirt\/"]}]},{"@type":"ImageObject","inLanguage":"en-US","@id":"https:\/\/poloforma.hu\/en\/product\/malfini-pride-long-sleeve-shirt\/#primaryimage","url":"https:\/\/poloforma.hu\/wp-content\/uploads\/2023\/03\/mintakep2.png","contentUrl":"https:\/\/poloforma.hu\/wp-content\/uploads\/2023\/03\/mintakep2.png","width":2362,"height":3591},{"@type":"BreadcrumbList","@id":"https:\/\/poloforma.hu\/en\/product\/malfini-pride-long-sleeve-shirt\/#breadcrumb","itemListElement":[{"@type":"ListItem","position":1,"name":"Kezd\u0151lap","item":"https:\/\/poloforma.hu\/en\/"},{"@type":"ListItem","position":2,"name":"Shop","item":"https:\/\/poloforma.hu\/en\/shop\/"},{"@type":"ListItem","position":3,"name":"F\u00e9rfi ruh\u00e1zat","item":"https:\/\/poloforma.hu\/termekkategoria\/ferfi-ruhazat-nyomtatas\/"},{"@type":"ListItem","position":4,"name":"Malfini Pride long sleeve shirt"}]},{"@type":"WebSite","@id":"https:\/\/poloforma.hu\/#website","url":"https:\/\/poloforma.hu\/","name":"www.poloforma.hu","description":"F\u00e9nyk\u00e9pes p\u00f3l\u00f3, b\u00f6gre, aj\u00e1nd\u00e9kt\u00e1rgy nyomtat\u00e1s, h\u00edmz\u00e9s","publisher":{"@id":"https:\/\/poloforma.hu\/#organization"},"potentialAction":[{"@type":"SearchAction","target":{"@type":"EntryPoint","urlTemplate":"https:\/\/poloforma.hu\/?s={search_term_string}"},"query-input":{"@type":"PropertyValueSpecification","valueRequired":true,"valueName":"search_term_string"}}],"inLanguage":"en-US"},{"@type":"Organization","@id":"https:\/\/poloforma.hu\/#organization","name":"www.poloforma.hu","url":"https:\/\/poloforma.hu\/","logo":{"@type":"ImageObject","inLanguage":"en-US","@id":"https:\/\/poloforma.hu\/#\/schema\/logo\/image\/","url":"https:\/\/poloforma.hu\/wp-content\/uploads\/2022\/08\/favikon.png","contentUrl":"https:\/\/poloforma.hu\/wp-content\/uploads\/2022\/08\/favikon.png","width":1794,"height":1639,"caption":"www.poloforma.hu"},"image":{"@id":"https:\/\/poloforma.hu\/#\/schema\/logo\/image\/"},"sameAs":["http:\/\/www.facebook.com\/poloforma","http:\/\/www.instagram.com\/poloparadicsom"]}]}},"_links":{"self":[{"href":"https:\/\/poloforma.hu\/en\/wp-json\/wp\/v2\/product\/72176","targetHints":{"allow":["GET"]}}],"collection":[{"href":"https:\/\/poloforma.hu\/en\/wp-json\/wp\/v2\/product"}],"about":[{"href":"https:\/\/poloforma.hu\/en\/wp-json\/wp\/v2\/types\/product"}],"replies":[{"embeddable":true,"href":"https:\/\/poloforma.hu\/en\/wp-json\/wp\/v2\/comments?post=72176"}],"wp:featuredmedia":[{"embeddable":true,"href":"https:\/\/poloforma.hu\/en\/wp-json\/wp\/v2\/media\/66484"}],"wp:attachment":[{"href":"https:\/\/poloforma.hu\/en\/wp-json\/wp\/v2\/media?parent=72176"}],"wp:term":[{"taxonomy":"product_brand","embeddable":true,"href":"https:\/\/poloforma.hu\/en\/wp-json\/wp\/v2\/product_brand?post=72176"},{"taxonomy":"product_cat","embeddable":true,"href":"https:\/\/poloforma.hu\/en\/wp-json\/wp\/v2\/product_cat?post=72176"},{"taxonomy":"product_tag","embeddable":true,"href":"https:\/\/poloforma.hu\/en\/wp-json\/wp\/v2\/product_tag?post=72176"}],"curies":[{"name":"wp","href":"https:\/\/api.w.org\/{rel}","templated":true}]}}