{"id":72173,"date":"2023-03-03T14:48:10","date_gmt":"2023-03-03T13:48:10","guid":{"rendered":"https:\/\/poloforma.hu\/termek\/malfini-urban-galleros-polo\/"},"modified":"2023-03-28T16:45:37","modified_gmt":"2023-03-28T14:45:37","slug":"malfini-urban-polo-shirt","status":"publish","type":"product","link":"https:\/\/poloforma.hu\/en\/product\/malfini-urban-polo-shirt\/","title":{"rendered":"Malfini Urban Polo Shirt"},"content":{"rendered":"<p><span style=\"font-weight: 400;\">The URBAN 219 men&#8217;s polo shirt is a stylish and versatile piece that can be worn for casual occasions. It is available in sizes S-3XL, and is made of a blend of cotton and polyester in a ratio of 65%-35%, with a weight of 200 g\/m\u00b2. The shirt can be washed in a washing machine at 40 degrees Celsius. The combination of natural and synthetic materials provides the shirt with enhanced properties.<\/span><\/p>\n<p><span style=\"font-weight: 400;\">The shirt features a decorative, thin white stripe on the collar and sleeves, and is complemented by a button placket with three buttons. The inner neck cut contains a woven label and a decorative ribbon.<\/span><\/p>\n<p><span style=\"font-weight: 400;\">The URBAN 219 shirt is made of pique knit fabric, which is characterized by a geometric pattern on the surface. This type of knit is often used for tennis shirts, and has the advantage of allowing the fabric to breathe better. The shirt is equipped with a 1:1 ribbed collar and cuffs, contrasting long sleeves, side seams, and shoulder seams, which give the men&#8217;s polo shirt a flattering fit.<\/span><\/p>\n<p><span style=\"font-weight: 400;\">The logoable material of the URBAN 219 shirt is compatible with the following methods: digital printing, embroidery, film printing, and transfer printing. The shirt is available in multiple colors.<\/span><\/p>\n","protected":false},"excerpt":{"rendered":"<p>The URBAN 219 men&#8217;s polo shirt is a stylish and versatile piece that can be worn for casual occasions. It is available in sizes S-3XL, and is made of a blend of cotton and polyester in a ratio of 65%-35%, with a weight of 200 g\/m\u00b2. The shirt can be washed in a washing machine [&hellip;]<\/p>\n","protected":false},"featured_media":66281,"comment_status":"closed","ping_status":"closed","template":"","meta":{"_acf_changed":false,"inline_featured_image":false},"product_brand":[],"product_cat":[157,160],"product_tag":[],"class_list":{"0":"post-72173","1":"product","2":"type-product","3":"status-publish","4":"has-post-thumbnail","6":"product_cat-mens-clothing","7":"product_cat-t-shirt-2","9":"first","10":"instock","11":"shipping-taxable","12":"purchasable","13":"product-type-simple"},"acf":[],"yoast_head":"<!-- This site is optimized with the Yoast SEO Premium plugin v27.2 (Yoast SEO v27.2) - https:\/\/yoast.com\/product\/yoast-seo-premium-wordpress\/ -->\n<title>Malfini Urban Polo Shirt - P\u00f3l\u00f3forma<\/title>\n<meta name=\"robots\" content=\"index, follow, max-snippet:-1, max-image-preview:large, max-video-preview:-1\" \/>\n<link rel=\"canonical\" href=\"https:\/\/poloforma.hu\/en\/product\/malfini-urban-polo-shirt\/\" \/>\n<meta property=\"og:locale\" content=\"en_US\" \/>\n<meta property=\"og:type\" content=\"article\" \/>\n<meta property=\"og:title\" content=\"Malfini Urban Polo Shirt\" \/>\n<meta property=\"og:description\" content=\"The URBAN 219 men&#8217;s polo shirt is a stylish and versatile piece that can be worn for casual occasions. It is available in sizes S-3XL, and is made of a blend of cotton and polyester in a ratio of 65%-35%, with a weight of 200 g\/m\u00b2. The shirt can be washed in a washing machine [&hellip;]\" \/>\n<meta property=\"og:url\" content=\"https:\/\/poloforma.hu\/en\/product\/malfini-urban-polo-shirt\/\" \/>\n<meta property=\"og:site_name\" content=\"P\u00f3l\u00f3forma\" \/>\n<meta property=\"article:publisher\" content=\"http:\/\/www.facebook.com\/poloforma\" \/>\n<meta property=\"article:modified_time\" content=\"2023-03-28T14:45:37+00:00\" \/>\n<meta property=\"og:image\" content=\"https:\/\/poloforma.hu\/wp-content\/uploads\/2023\/03\/minta-polo-683x1024.png\" \/>\n\t<meta property=\"og:image:width\" content=\"683\" \/>\n\t<meta property=\"og:image:height\" content=\"1024\" \/>\n\t<meta property=\"og:image:type\" content=\"image\/png\" \/>\n<meta name=\"twitter:card\" content=\"summary_large_image\" \/>\n<meta name=\"twitter:label1\" content=\"Est. reading time\" \/>\n\t<meta name=\"twitter:data1\" content=\"2 minutes\" \/>\n<script type=\"application\/ld+json\" class=\"yoast-schema-graph\">{\"@context\":\"https:\/\/schema.org\",\"@graph\":[{\"@type\":\"WebPage\",\"@id\":\"https:\/\/poloforma.hu\/en\/product\/malfini-urban-polo-shirt\/\",\"url\":\"https:\/\/poloforma.hu\/en\/product\/malfini-urban-polo-shirt\/\",\"name\":\"Malfini Urban Polo Shirt - P\u00f3l\u00f3forma\",\"isPartOf\":{\"@id\":\"https:\/\/poloforma.hu\/#website\"},\"primaryImageOfPage\":{\"@id\":\"https:\/\/poloforma.hu\/en\/product\/malfini-urban-polo-shirt\/#primaryimage\"},\"image\":{\"@id\":\"https:\/\/poloforma.hu\/en\/product\/malfini-urban-polo-shirt\/#primaryimage\"},\"thumbnailUrl\":\"https:\/\/poloforma.hu\/wp-content\/uploads\/2023\/03\/minta-polo.png\",\"datePublished\":\"2023-03-03T13:48:10+00:00\",\"dateModified\":\"2023-03-28T14:45:37+00:00\",\"breadcrumb\":{\"@id\":\"https:\/\/poloforma.hu\/en\/product\/malfini-urban-polo-shirt\/#breadcrumb\"},\"inLanguage\":\"en-US\",\"potentialAction\":[{\"@type\":\"ReadAction\",\"target\":[\"https:\/\/poloforma.hu\/en\/product\/malfini-urban-polo-shirt\/\"]}]},{\"@type\":\"ImageObject\",\"inLanguage\":\"en-US\",\"@id\":\"https:\/\/poloforma.hu\/en\/product\/malfini-urban-polo-shirt\/#primaryimage\",\"url\":\"https:\/\/poloforma.hu\/wp-content\/uploads\/2023\/03\/minta-polo.png\",\"contentUrl\":\"https:\/\/poloforma.hu\/wp-content\/uploads\/2023\/03\/minta-polo.png\",\"width\":2362,\"height\":3543},{\"@type\":\"BreadcrumbList\",\"@id\":\"https:\/\/poloforma.hu\/en\/product\/malfini-urban-polo-shirt\/#breadcrumb\",\"itemListElement\":[{\"@type\":\"ListItem\",\"position\":1,\"name\":\"Kezd\u0151lap\",\"item\":\"https:\/\/poloforma.hu\/en\/\"},{\"@type\":\"ListItem\",\"position\":2,\"name\":\"Shop\",\"item\":\"https:\/\/poloforma.hu\/en\/shop\/\"},{\"@type\":\"ListItem\",\"position\":3,\"name\":\"Men&#039;s clothing\",\"item\":\"https:\/\/poloforma.hu\/product-category\/mens-clothing\/?lang=en\"},{\"@type\":\"ListItem\",\"position\":4,\"name\":\"P\u00f3l\u00f3\",\"item\":\"https:\/\/poloforma.hu\/termekkategoria\/ferfi-ruhazat-nyomtatas\/polo-nyomtatas\/\"},{\"@type\":\"ListItem\",\"position\":5,\"name\":\"Malfini Urban Polo Shirt\"}]},{\"@type\":\"WebSite\",\"@id\":\"https:\/\/poloforma.hu\/#website\",\"url\":\"https:\/\/poloforma.hu\/\",\"name\":\"www.poloforma.hu\",\"description\":\"F\u00e9nyk\u00e9pes p\u00f3l\u00f3, b\u00f6gre, aj\u00e1nd\u00e9kt\u00e1rgy nyomtat\u00e1s, h\u00edmz\u00e9s\",\"publisher\":{\"@id\":\"https:\/\/poloforma.hu\/#organization\"},\"potentialAction\":[{\"@type\":\"SearchAction\",\"target\":{\"@type\":\"EntryPoint\",\"urlTemplate\":\"https:\/\/poloforma.hu\/?s={search_term_string}\"},\"query-input\":{\"@type\":\"PropertyValueSpecification\",\"valueRequired\":true,\"valueName\":\"search_term_string\"}}],\"inLanguage\":\"en-US\"},{\"@type\":\"Organization\",\"@id\":\"https:\/\/poloforma.hu\/#organization\",\"name\":\"www.poloforma.hu\",\"url\":\"https:\/\/poloforma.hu\/\",\"logo\":{\"@type\":\"ImageObject\",\"inLanguage\":\"en-US\",\"@id\":\"https:\/\/poloforma.hu\/#\/schema\/logo\/image\/\",\"url\":\"https:\/\/poloforma.hu\/wp-content\/uploads\/2022\/08\/favikon.png\",\"contentUrl\":\"https:\/\/poloforma.hu\/wp-content\/uploads\/2022\/08\/favikon.png\",\"width\":1794,\"height\":1639,\"caption\":\"www.poloforma.hu\"},\"image\":{\"@id\":\"https:\/\/poloforma.hu\/#\/schema\/logo\/image\/\"},\"sameAs\":[\"http:\/\/www.facebook.com\/poloforma\",\"http:\/\/www.instagram.com\/poloparadicsom\"]}]}<\/script>\n<!-- \/ Yoast SEO Premium plugin. -->","yoast_head_json":{"title":"Malfini Urban Polo Shirt - P\u00f3l\u00f3forma","robots":{"index":"index","follow":"follow","max-snippet":"max-snippet:-1","max-image-preview":"max-image-preview:large","max-video-preview":"max-video-preview:-1"},"canonical":"https:\/\/poloforma.hu\/en\/product\/malfini-urban-polo-shirt\/","og_locale":"en_US","og_type":"article","og_title":"Malfini Urban Polo Shirt","og_description":"The URBAN 219 men&#8217;s polo shirt is a stylish and versatile piece that can be worn for casual occasions. It is available in sizes S-3XL, and is made of a blend of cotton and polyester in a ratio of 65%-35%, with a weight of 200 g\/m\u00b2. The shirt can be washed in a washing machine [&hellip;]","og_url":"https:\/\/poloforma.hu\/en\/product\/malfini-urban-polo-shirt\/","og_site_name":"P\u00f3l\u00f3forma","article_publisher":"http:\/\/www.facebook.com\/poloforma","article_modified_time":"2023-03-28T14:45:37+00:00","og_image":[{"width":683,"height":1024,"url":"https:\/\/poloforma.hu\/wp-content\/uploads\/2023\/03\/minta-polo-683x1024.png","type":"image\/png"}],"twitter_card":"summary_large_image","twitter_misc":{"Est. reading time":"2 minutes"},"schema":{"@context":"https:\/\/schema.org","@graph":[{"@type":"WebPage","@id":"https:\/\/poloforma.hu\/en\/product\/malfini-urban-polo-shirt\/","url":"https:\/\/poloforma.hu\/en\/product\/malfini-urban-polo-shirt\/","name":"Malfini Urban Polo Shirt - P\u00f3l\u00f3forma","isPartOf":{"@id":"https:\/\/poloforma.hu\/#website"},"primaryImageOfPage":{"@id":"https:\/\/poloforma.hu\/en\/product\/malfini-urban-polo-shirt\/#primaryimage"},"image":{"@id":"https:\/\/poloforma.hu\/en\/product\/malfini-urban-polo-shirt\/#primaryimage"},"thumbnailUrl":"https:\/\/poloforma.hu\/wp-content\/uploads\/2023\/03\/minta-polo.png","datePublished":"2023-03-03T13:48:10+00:00","dateModified":"2023-03-28T14:45:37+00:00","breadcrumb":{"@id":"https:\/\/poloforma.hu\/en\/product\/malfini-urban-polo-shirt\/#breadcrumb"},"inLanguage":"en-US","potentialAction":[{"@type":"ReadAction","target":["https:\/\/poloforma.hu\/en\/product\/malfini-urban-polo-shirt\/"]}]},{"@type":"ImageObject","inLanguage":"en-US","@id":"https:\/\/poloforma.hu\/en\/product\/malfini-urban-polo-shirt\/#primaryimage","url":"https:\/\/poloforma.hu\/wp-content\/uploads\/2023\/03\/minta-polo.png","contentUrl":"https:\/\/poloforma.hu\/wp-content\/uploads\/2023\/03\/minta-polo.png","width":2362,"height":3543},{"@type":"BreadcrumbList","@id":"https:\/\/poloforma.hu\/en\/product\/malfini-urban-polo-shirt\/#breadcrumb","itemListElement":[{"@type":"ListItem","position":1,"name":"Kezd\u0151lap","item":"https:\/\/poloforma.hu\/en\/"},{"@type":"ListItem","position":2,"name":"Shop","item":"https:\/\/poloforma.hu\/en\/shop\/"},{"@type":"ListItem","position":3,"name":"Men&#039;s clothing","item":"https:\/\/poloforma.hu\/product-category\/mens-clothing\/?lang=en"},{"@type":"ListItem","position":4,"name":"P\u00f3l\u00f3","item":"https:\/\/poloforma.hu\/termekkategoria\/ferfi-ruhazat-nyomtatas\/polo-nyomtatas\/"},{"@type":"ListItem","position":5,"name":"Malfini Urban Polo Shirt"}]},{"@type":"WebSite","@id":"https:\/\/poloforma.hu\/#website","url":"https:\/\/poloforma.hu\/","name":"www.poloforma.hu","description":"F\u00e9nyk\u00e9pes p\u00f3l\u00f3, b\u00f6gre, aj\u00e1nd\u00e9kt\u00e1rgy nyomtat\u00e1s, h\u00edmz\u00e9s","publisher":{"@id":"https:\/\/poloforma.hu\/#organization"},"potentialAction":[{"@type":"SearchAction","target":{"@type":"EntryPoint","urlTemplate":"https:\/\/poloforma.hu\/?s={search_term_string}"},"query-input":{"@type":"PropertyValueSpecification","valueRequired":true,"valueName":"search_term_string"}}],"inLanguage":"en-US"},{"@type":"Organization","@id":"https:\/\/poloforma.hu\/#organization","name":"www.poloforma.hu","url":"https:\/\/poloforma.hu\/","logo":{"@type":"ImageObject","inLanguage":"en-US","@id":"https:\/\/poloforma.hu\/#\/schema\/logo\/image\/","url":"https:\/\/poloforma.hu\/wp-content\/uploads\/2022\/08\/favikon.png","contentUrl":"https:\/\/poloforma.hu\/wp-content\/uploads\/2022\/08\/favikon.png","width":1794,"height":1639,"caption":"www.poloforma.hu"},"image":{"@id":"https:\/\/poloforma.hu\/#\/schema\/logo\/image\/"},"sameAs":["http:\/\/www.facebook.com\/poloforma","http:\/\/www.instagram.com\/poloparadicsom"]}]}},"_links":{"self":[{"href":"https:\/\/poloforma.hu\/en\/wp-json\/wp\/v2\/product\/72173","targetHints":{"allow":["GET"]}}],"collection":[{"href":"https:\/\/poloforma.hu\/en\/wp-json\/wp\/v2\/product"}],"about":[{"href":"https:\/\/poloforma.hu\/en\/wp-json\/wp\/v2\/types\/product"}],"replies":[{"embeddable":true,"href":"https:\/\/poloforma.hu\/en\/wp-json\/wp\/v2\/comments?post=72173"}],"wp:featuredmedia":[{"embeddable":true,"href":"https:\/\/poloforma.hu\/en\/wp-json\/wp\/v2\/media\/66281"}],"wp:attachment":[{"href":"https:\/\/poloforma.hu\/en\/wp-json\/wp\/v2\/media?parent=72173"}],"wp:term":[{"taxonomy":"product_brand","embeddable":true,"href":"https:\/\/poloforma.hu\/en\/wp-json\/wp\/v2\/product_brand?post=72173"},{"taxonomy":"product_cat","embeddable":true,"href":"https:\/\/poloforma.hu\/en\/wp-json\/wp\/v2\/product_cat?post=72173"},{"taxonomy":"product_tag","embeddable":true,"href":"https:\/\/poloforma.hu\/en\/wp-json\/wp\/v2\/product_tag?post=72173"}],"curies":[{"name":"wp","href":"https:\/\/api.w.org\/{rel}","templated":true}]}}