{"id":243987,"date":"2024-10-10T01:43:24","date_gmt":"2024-11-27T10:21:36","guid":{"rendered":"https:\/\/poloforma.hu\/?post_type=product&#038;p=243987"},"modified":"2024-11-27T11:32:59","modified_gmt":"2024-11-27T10:32:59","slug":"malfini-cross-womens-vest","status":"publish","type":"product","link":"https:\/\/poloforma.hu\/en\/product\/malfini-cross-womens-vest\/","title":{"rendered":"Malfini cross women&#8217;s vest"},"content":{"rendered":"<p><b>More Than a Women&#8217;s Vest: Unique Design on a Malfini Cross Base<\/b><\/p>\n<p><span style=\"font-weight: 400;\">Looking for something special to surprise your loved ones with or to give your business a boost? A personalized women&#8217;s vest might just be the solution! This versatile piece of clothing is both practical and stylish, and with Malfini, quality is guaranteed. Let\u2019s see why it\u2019s worth choosing this option and how you can create truly unique pieces with printing or embroidery!<\/span><\/p>\n<p><b>Why Choose a Women&#8217;s Vest?<\/b><\/p>\n<ul>\n<li style=\"font-weight: 400;\" aria-level=\"1\"><span style=\"font-weight: 400;\">The Malfini Cross vest is an innovative combination of quilted and softshell fabric, providing both warmth and flexibility. The quilted sections offer an elegant appearance, while the softshell inserts enhance functionality.<\/span><\/li>\n<li style=\"font-weight: 400;\" aria-level=\"1\"><span style=\"font-weight: 400;\">The straight cut provides a universal fit, making it suitable for various body types. The slightly extended hem at the back offers extra protection for the waist, which is especially beneficial during activities that involve a lot of bending or stretching.<\/span><\/li>\n<li style=\"font-weight: 400;\" aria-level=\"1\"><span style=\"font-weight: 400;\">The Cross vest is full of practical features. The internal zippered chest pocket is perfect for safely storing small valuables, while the side pockets can hold frequently used items. The full-length zipper design ensures easy on and off.<\/span><\/li>\n<li style=\"font-weight: 400;\" aria-level=\"1\"><span style=\"font-weight: 400;\">Available in black, gray, navy blue, and cream, these color options make it easy to match your design to personal taste or company branding. This subtle yet elegant palette ensures the vest will suit a variety of outfits and occasions.<\/span><\/li>\n<\/ul>\n<p><b>Design Options<\/b><\/p>\n<p><span style=\"font-weight: 400;\">Let\u2019s start with the techniques! Embroidery on a women&#8217;s vest adds a tactile texture to the design and is highly durable, ensuring that the pattern will retain its quality even after frequent washing. Printing is an ideal choice for larger, more colorful designs, allowing you to display any graphic or photo on the vest.<\/span><\/p>\n<p><span style=\"font-weight: 400;\">Where should the design go? The chest area, near the heart, is a classic spot for logos or short messages. This area catches the eye immediately, making it perfect if you want the design to grab attention right away. The back offers more space for creativity, where you can fit longer text or more intricate graphics.<\/span><\/p>\n<p><b>Tips for the Perfect Result<\/b><\/p>\n<ul>\n<li style=\"font-weight: 400;\" aria-level=\"1\"><b>Color Harmony<\/b><span style=\"font-weight: 400;\">: Your color choices impact the overall look. A design that either matches or contrasts with the base color of the vest can be effective\u2014it\u2019s up to you!<\/span><\/li>\n<li style=\"font-weight: 400;\" aria-level=\"1\"><b>Proportions<\/b><span style=\"font-weight: 400;\">: Ensure that the size of the design is proportionate to the surface of the vest. As a general rule, a design near the heart should be no larger than 10&#215;10 cm.<\/span><\/li>\n<li style=\"font-weight: 400;\" aria-level=\"1\"><b>Simple Elegance<\/b><span style=\"font-weight: 400;\">: Let the vest and the design complement each other, rather than competing for attention. Remember, less is sometimes more, and that applies here too.<\/span><\/li>\n<li style=\"font-weight: 400;\" aria-level=\"1\"><b>Personalization<\/b><span style=\"font-weight: 400;\">: If it\u2019s a gift, consider adding a thoughtful quote or a funny reference. In a corporate setting, make sure the design aligns with the brand\u2019s identity.<\/span><\/li>\n<li style=\"font-weight: 400;\" aria-level=\"1\"><b>Timelessness<\/b><span style=\"font-weight: 400;\">: Malfini Cross vests are built to last, so choose a design that isn\u2019t just trendy now but will remain relevant and stylish for years to come.<\/span><\/li>\n<\/ul>\n<p><b>Good News!<\/b><span style=\"font-weight: 400;\"> Whether you choose embroidery or printing, the starting price is the same: 19,590 HUF. The embroidery price includes 6,000 stitches, which covers approximately an 8&#215;8 cm logo, while the printing price includes one 10&#215;10 cm logo. And the best part? We can complete it in just 2-3 working days!<\/span><\/p>\n<p><span style=\"font-weight: 400;\">The short production time makes it possible to order your custom vest as a last-minute gift idea or for a corporate event on short notice. Whether you want to surprise a loved one or enhance your company\u2019s image, the personalized Malfini Cross women\u2019s vest is a perfect choice.<\/span><\/p>\n<p><span style=\"font-weight: 400;\">The possibilities are almost endless\u2014what\u2019s your idea?<\/span><\/p>\n","protected":false},"excerpt":{"rendered":"<p>More Than a Women&#8217;s Vest: Unique Design on a Malfini Cross Base Looking for something special to surprise your loved ones with or to give your business a boost? A personalized women&#8217;s vest might just be the solution! This versatile piece of clothing is both practical and stylish, and with Malfini, quality is guaranteed. Let\u2019s [&hellip;]<\/p>\n","protected":false},"featured_media":229721,"comment_status":"closed","ping_status":"closed","template":"","meta":{"_acf_changed":false,"inline_featured_image":false},"product_brand":[],"product_cat":[236],"product_tag":[],"class_list":{"0":"post-243987","1":"product","2":"type-product","3":"status-publish","4":"has-post-thumbnail","6":"product_cat-womens-vest","8":"first","9":"instock","10":"shipping-taxable","11":"purchasable","12":"product-type-simple"},"acf":[],"yoast_head":"<!-- This site is optimized with the Yoast SEO Premium plugin v27.2 (Yoast SEO v27.2) - https:\/\/yoast.com\/product\/yoast-seo-premium-wordpress\/ -->\n<title>Malfini cross women&#039;s vest - P\u00f3l\u00f3forma<\/title>\n<meta name=\"robots\" content=\"index, follow, max-snippet:-1, max-image-preview:large, max-video-preview:-1\" \/>\n<link rel=\"canonical\" href=\"https:\/\/poloforma.hu\/en\/product\/malfini-cross-womens-vest\/\" \/>\n<meta property=\"og:locale\" content=\"en_US\" \/>\n<meta property=\"og:type\" content=\"article\" \/>\n<meta property=\"og:title\" content=\"Malfini cross women&#039;s vest\" \/>\n<meta property=\"og:description\" content=\"More Than a Women&#8217;s Vest: Unique Design on a Malfini Cross Base Looking for something special to surprise your loved ones with or to give your business a boost? A personalized women&#8217;s vest might just be the solution! This versatile piece of clothing is both practical and stylish, and with Malfini, quality is guaranteed. Let\u2019s [&hellip;]\" \/>\n<meta property=\"og:url\" content=\"https:\/\/poloforma.hu\/en\/product\/malfini-cross-womens-vest\/\" \/>\n<meta property=\"og:site_name\" content=\"P\u00f3l\u00f3forma\" \/>\n<meta property=\"article:publisher\" content=\"http:\/\/www.facebook.com\/poloforma\" \/>\n<meta property=\"article:modified_time\" content=\"2024-11-27T10:32:59+00:00\" \/>\n<meta property=\"og:image\" content=\"https:\/\/poloforma.hu\/wp-content\/uploads\/2024\/10\/mintakep-1.png\" \/>\n\t<meta property=\"og:image:width\" content=\"1252\" \/>\n\t<meta property=\"og:image:height\" content=\"1332\" \/>\n\t<meta property=\"og:image:type\" content=\"image\/png\" \/>\n<meta name=\"twitter:card\" content=\"summary_large_image\" \/>\n<meta name=\"twitter:label1\" content=\"Est. reading time\" \/>\n\t<meta name=\"twitter:data1\" content=\"3 minutes\" \/>\n<script type=\"application\/ld+json\" class=\"yoast-schema-graph\">{\"@context\":\"https:\/\/schema.org\",\"@graph\":[{\"@type\":\"WebPage\",\"@id\":\"https:\/\/poloforma.hu\/en\/product\/malfini-cross-womens-vest\/\",\"url\":\"https:\/\/poloforma.hu\/en\/product\/malfini-cross-womens-vest\/\",\"name\":\"Malfini cross women's vest - P\u00f3l\u00f3forma\",\"isPartOf\":{\"@id\":\"https:\/\/poloforma.hu\/#website\"},\"primaryImageOfPage\":{\"@id\":\"https:\/\/poloforma.hu\/en\/product\/malfini-cross-womens-vest\/#primaryimage\"},\"image\":{\"@id\":\"https:\/\/poloforma.hu\/en\/product\/malfini-cross-womens-vest\/#primaryimage\"},\"thumbnailUrl\":\"https:\/\/poloforma.hu\/wp-content\/uploads\/2024\/10\/mintakep-1.png\",\"datePublished\":\"2024-11-27T10:21:36+00:00\",\"dateModified\":\"2024-11-27T10:32:59+00:00\",\"breadcrumb\":{\"@id\":\"https:\/\/poloforma.hu\/en\/product\/malfini-cross-womens-vest\/#breadcrumb\"},\"inLanguage\":\"en-US\",\"potentialAction\":[{\"@type\":\"ReadAction\",\"target\":[\"https:\/\/poloforma.hu\/en\/product\/malfini-cross-womens-vest\/\"]}]},{\"@type\":\"ImageObject\",\"inLanguage\":\"en-US\",\"@id\":\"https:\/\/poloforma.hu\/en\/product\/malfini-cross-womens-vest\/#primaryimage\",\"url\":\"https:\/\/poloforma.hu\/wp-content\/uploads\/2024\/10\/mintakep-1.png\",\"contentUrl\":\"https:\/\/poloforma.hu\/wp-content\/uploads\/2024\/10\/mintakep-1.png\",\"width\":1252,\"height\":1332},{\"@type\":\"BreadcrumbList\",\"@id\":\"https:\/\/poloforma.hu\/en\/product\/malfini-cross-womens-vest\/#breadcrumb\",\"itemListElement\":[{\"@type\":\"ListItem\",\"position\":1,\"name\":\"Kezd\u0151lap\",\"item\":\"https:\/\/poloforma.hu\/en\/\"},{\"@type\":\"ListItem\",\"position\":2,\"name\":\"Shop\",\"item\":\"https:\/\/poloforma.hu\/en\/shop\/\"},{\"@type\":\"ListItem\",\"position\":3,\"name\":\"N\u0151i ruh\u00e1zat\",\"item\":\"https:\/\/poloforma.hu\/termekkategoria\/noi-ruhazat-nyomtatas\/\"},{\"@type\":\"ListItem\",\"position\":4,\"name\":\"Mell\u00e9ny\",\"item\":\"https:\/\/poloforma.hu\/termekkategoria\/noi-ruhazat-nyomtatas\/noi-melleny-nyomtatas-himzes\/\"},{\"@type\":\"ListItem\",\"position\":5,\"name\":\"Malfini cross women&#8217;s vest\"}]},{\"@type\":\"WebSite\",\"@id\":\"https:\/\/poloforma.hu\/#website\",\"url\":\"https:\/\/poloforma.hu\/\",\"name\":\"www.poloforma.hu\",\"description\":\"F\u00e9nyk\u00e9pes p\u00f3l\u00f3, b\u00f6gre, aj\u00e1nd\u00e9kt\u00e1rgy nyomtat\u00e1s, h\u00edmz\u00e9s\",\"publisher\":{\"@id\":\"https:\/\/poloforma.hu\/#organization\"},\"potentialAction\":[{\"@type\":\"SearchAction\",\"target\":{\"@type\":\"EntryPoint\",\"urlTemplate\":\"https:\/\/poloforma.hu\/?s={search_term_string}\"},\"query-input\":{\"@type\":\"PropertyValueSpecification\",\"valueRequired\":true,\"valueName\":\"search_term_string\"}}],\"inLanguage\":\"en-US\"},{\"@type\":\"Organization\",\"@id\":\"https:\/\/poloforma.hu\/#organization\",\"name\":\"www.poloforma.hu\",\"url\":\"https:\/\/poloforma.hu\/\",\"logo\":{\"@type\":\"ImageObject\",\"inLanguage\":\"en-US\",\"@id\":\"https:\/\/poloforma.hu\/#\/schema\/logo\/image\/\",\"url\":\"https:\/\/poloforma.hu\/wp-content\/uploads\/2022\/08\/favikon.png\",\"contentUrl\":\"https:\/\/poloforma.hu\/wp-content\/uploads\/2022\/08\/favikon.png\",\"width\":1794,\"height\":1639,\"caption\":\"www.poloforma.hu\"},\"image\":{\"@id\":\"https:\/\/poloforma.hu\/#\/schema\/logo\/image\/\"},\"sameAs\":[\"http:\/\/www.facebook.com\/poloforma\",\"http:\/\/www.instagram.com\/poloparadicsom\"]}]}<\/script>\n<!-- \/ Yoast SEO Premium plugin. -->","yoast_head_json":{"title":"Malfini cross women's vest - P\u00f3l\u00f3forma","robots":{"index":"index","follow":"follow","max-snippet":"max-snippet:-1","max-image-preview":"max-image-preview:large","max-video-preview":"max-video-preview:-1"},"canonical":"https:\/\/poloforma.hu\/en\/product\/malfini-cross-womens-vest\/","og_locale":"en_US","og_type":"article","og_title":"Malfini cross women's vest","og_description":"More Than a Women&#8217;s Vest: Unique Design on a Malfini Cross Base Looking for something special to surprise your loved ones with or to give your business a boost? A personalized women&#8217;s vest might just be the solution! This versatile piece of clothing is both practical and stylish, and with Malfini, quality is guaranteed. Let\u2019s [&hellip;]","og_url":"https:\/\/poloforma.hu\/en\/product\/malfini-cross-womens-vest\/","og_site_name":"P\u00f3l\u00f3forma","article_publisher":"http:\/\/www.facebook.com\/poloforma","article_modified_time":"2024-11-27T10:32:59+00:00","og_image":[{"width":1252,"height":1332,"url":"https:\/\/poloforma.hu\/wp-content\/uploads\/2024\/10\/mintakep-1.png","type":"image\/png"}],"twitter_card":"summary_large_image","twitter_misc":{"Est. reading time":"3 minutes"},"schema":{"@context":"https:\/\/schema.org","@graph":[{"@type":"WebPage","@id":"https:\/\/poloforma.hu\/en\/product\/malfini-cross-womens-vest\/","url":"https:\/\/poloforma.hu\/en\/product\/malfini-cross-womens-vest\/","name":"Malfini cross women's vest - P\u00f3l\u00f3forma","isPartOf":{"@id":"https:\/\/poloforma.hu\/#website"},"primaryImageOfPage":{"@id":"https:\/\/poloforma.hu\/en\/product\/malfini-cross-womens-vest\/#primaryimage"},"image":{"@id":"https:\/\/poloforma.hu\/en\/product\/malfini-cross-womens-vest\/#primaryimage"},"thumbnailUrl":"https:\/\/poloforma.hu\/wp-content\/uploads\/2024\/10\/mintakep-1.png","datePublished":"2024-11-27T10:21:36+00:00","dateModified":"2024-11-27T10:32:59+00:00","breadcrumb":{"@id":"https:\/\/poloforma.hu\/en\/product\/malfini-cross-womens-vest\/#breadcrumb"},"inLanguage":"en-US","potentialAction":[{"@type":"ReadAction","target":["https:\/\/poloforma.hu\/en\/product\/malfini-cross-womens-vest\/"]}]},{"@type":"ImageObject","inLanguage":"en-US","@id":"https:\/\/poloforma.hu\/en\/product\/malfini-cross-womens-vest\/#primaryimage","url":"https:\/\/poloforma.hu\/wp-content\/uploads\/2024\/10\/mintakep-1.png","contentUrl":"https:\/\/poloforma.hu\/wp-content\/uploads\/2024\/10\/mintakep-1.png","width":1252,"height":1332},{"@type":"BreadcrumbList","@id":"https:\/\/poloforma.hu\/en\/product\/malfini-cross-womens-vest\/#breadcrumb","itemListElement":[{"@type":"ListItem","position":1,"name":"Kezd\u0151lap","item":"https:\/\/poloforma.hu\/en\/"},{"@type":"ListItem","position":2,"name":"Shop","item":"https:\/\/poloforma.hu\/en\/shop\/"},{"@type":"ListItem","position":3,"name":"N\u0151i ruh\u00e1zat","item":"https:\/\/poloforma.hu\/termekkategoria\/noi-ruhazat-nyomtatas\/"},{"@type":"ListItem","position":4,"name":"Mell\u00e9ny","item":"https:\/\/poloforma.hu\/termekkategoria\/noi-ruhazat-nyomtatas\/noi-melleny-nyomtatas-himzes\/"},{"@type":"ListItem","position":5,"name":"Malfini cross women&#8217;s vest"}]},{"@type":"WebSite","@id":"https:\/\/poloforma.hu\/#website","url":"https:\/\/poloforma.hu\/","name":"www.poloforma.hu","description":"F\u00e9nyk\u00e9pes p\u00f3l\u00f3, b\u00f6gre, aj\u00e1nd\u00e9kt\u00e1rgy nyomtat\u00e1s, h\u00edmz\u00e9s","publisher":{"@id":"https:\/\/poloforma.hu\/#organization"},"potentialAction":[{"@type":"SearchAction","target":{"@type":"EntryPoint","urlTemplate":"https:\/\/poloforma.hu\/?s={search_term_string}"},"query-input":{"@type":"PropertyValueSpecification","valueRequired":true,"valueName":"search_term_string"}}],"inLanguage":"en-US"},{"@type":"Organization","@id":"https:\/\/poloforma.hu\/#organization","name":"www.poloforma.hu","url":"https:\/\/poloforma.hu\/","logo":{"@type":"ImageObject","inLanguage":"en-US","@id":"https:\/\/poloforma.hu\/#\/schema\/logo\/image\/","url":"https:\/\/poloforma.hu\/wp-content\/uploads\/2022\/08\/favikon.png","contentUrl":"https:\/\/poloforma.hu\/wp-content\/uploads\/2022\/08\/favikon.png","width":1794,"height":1639,"caption":"www.poloforma.hu"},"image":{"@id":"https:\/\/poloforma.hu\/#\/schema\/logo\/image\/"},"sameAs":["http:\/\/www.facebook.com\/poloforma","http:\/\/www.instagram.com\/poloparadicsom"]}]}},"_links":{"self":[{"href":"https:\/\/poloforma.hu\/en\/wp-json\/wp\/v2\/product\/243987","targetHints":{"allow":["GET"]}}],"collection":[{"href":"https:\/\/poloforma.hu\/en\/wp-json\/wp\/v2\/product"}],"about":[{"href":"https:\/\/poloforma.hu\/en\/wp-json\/wp\/v2\/types\/product"}],"replies":[{"embeddable":true,"href":"https:\/\/poloforma.hu\/en\/wp-json\/wp\/v2\/comments?post=243987"}],"wp:featuredmedia":[{"embeddable":true,"href":"https:\/\/poloforma.hu\/en\/wp-json\/wp\/v2\/media\/229721"}],"wp:attachment":[{"href":"https:\/\/poloforma.hu\/en\/wp-json\/wp\/v2\/media?parent=243987"}],"wp:term":[{"taxonomy":"product_brand","embeddable":true,"href":"https:\/\/poloforma.hu\/en\/wp-json\/wp\/v2\/product_brand?post=243987"},{"taxonomy":"product_cat","embeddable":true,"href":"https:\/\/poloforma.hu\/en\/wp-json\/wp\/v2\/product_cat?post=243987"},{"taxonomy":"product_tag","embeddable":true,"href":"https:\/\/poloforma.hu\/en\/wp-json\/wp\/v2\/product_tag?post=243987"}],"curies":[{"name":"wp","href":"https:\/\/api.w.org\/{rel}","templated":true}]}}