{"id":240599,"date":"2024-11-18T10:49:11","date_gmt":"2024-11-18T09:49:11","guid":{"rendered":"https:\/\/poloforma.hu\/?post_type=product&#038;p=240599"},"modified":"2024-11-18T12:32:36","modified_gmt":"2024-11-18T11:32:36","slug":"2025-blue-calendar-a3","status":"publish","type":"product","link":"https:\/\/poloforma.hu\/en\/product\/2025-blue-calendar-a3\/","title":{"rendered":"2025 Blue calendar &#8211; A3"},"content":{"rendered":"<p><strong>12 page annual calendar<\/strong> &#8211; the traditional calendar with a unique cover<\/p>\n<p>A high quality, affordable, annual calendar, printed with your imagery over 12 pages. Great for yourself or as a gift!<\/p>\n<p>The 12 page versions of the annual calendars only show one month at a time, and as soon as the month&#8217;s over, you can start again, literally and figuratively, with a clean slate. Calendars are usually gifted at the end of the year around Christmas, but they can of course be presented at any time, especially if you order them with unique pictures!<\/p>\n<p>The 12 page versions of the annual calendars are available in A3 and A4 sizes, as well as 12 or 13 sheet types. For the latter, the thirteenth sheet is the cover. Calendars can be produced with any image or graphic according to your needs, and are very affordable, so they can even be used for advertising purposes.<\/p>\n<p>If you would like individually 12 page personalised annual calendars, our webshop is at your disposal! Order easily and conveniently with just a few clicks!<\/p>\n","protected":false},"excerpt":{"rendered":"<p>12 page annual calendar &#8211; the traditional calendar with a unique cover A high quality, affordable, annual calendar, printed with your imagery over 12 pages. Great for yourself or as a gift! The 12 page versions of the annual calendars only show one month at a time, and as soon as the month&#8217;s over, you [&hellip;]<\/p>\n","protected":false},"featured_media":239650,"comment_status":"closed","ping_status":"closed","template":"","meta":{"_acf_changed":false,"inline_featured_image":false},"product_brand":[],"product_cat":[186,155],"product_tag":[],"class_list":{"0":"post-240599","1":"product","2":"type-product","3":"status-publish","4":"has-post-thumbnail","6":"product_cat-calendar","7":"product_cat-other","9":"first","10":"instock","11":"shipping-taxable","12":"purchasable","13":"product-type-simple"},"acf":[],"yoast_head":"<!-- This site is optimized with the Yoast SEO Premium plugin v27.2 (Yoast SEO v27.2) - https:\/\/yoast.com\/product\/yoast-seo-premium-wordpress\/ -->\n<title>2025 Blue calendar - A3 - P\u00f3l\u00f3forma<\/title>\n<meta name=\"robots\" content=\"index, follow, max-snippet:-1, max-image-preview:large, max-video-preview:-1\" \/>\n<link rel=\"canonical\" href=\"https:\/\/poloforma.hu\/en\/product\/2025-blue-calendar-a3\/\" \/>\n<meta property=\"og:locale\" content=\"en_US\" \/>\n<meta property=\"og:type\" content=\"article\" \/>\n<meta property=\"og:title\" content=\"2025 Blue calendar - A3\" \/>\n<meta property=\"og:description\" content=\"12 page annual calendar &#8211; the traditional calendar with a unique cover A high quality, affordable, annual calendar, printed with your imagery over 12 pages. Great for yourself or as a gift! The 12 page versions of the annual calendars only show one month at a time, and as soon as the month&#8217;s over, you [&hellip;]\" \/>\n<meta property=\"og:url\" content=\"https:\/\/poloforma.hu\/en\/product\/2025-blue-calendar-a3\/\" \/>\n<meta property=\"og:site_name\" content=\"P\u00f3l\u00f3forma\" \/>\n<meta property=\"article:publisher\" content=\"http:\/\/www.facebook.com\/poloforma\" \/>\n<meta property=\"article:modified_time\" content=\"2024-11-18T11:32:36+00:00\" \/>\n<meta property=\"og:image\" content=\"https:\/\/poloforma.hu\/wp-content\/uploads\/2024\/11\/Kek_2025_angol_6-724x1024.png\" \/>\n\t<meta property=\"og:image:width\" content=\"724\" \/>\n\t<meta property=\"og:image:height\" content=\"1024\" \/>\n\t<meta property=\"og:image:type\" content=\"image\/png\" \/>\n<meta name=\"twitter:card\" content=\"summary_large_image\" \/>\n<meta name=\"twitter:label1\" content=\"Est. reading time\" \/>\n\t<meta name=\"twitter:data1\" content=\"1 minute\" \/>\n<script type=\"application\/ld+json\" class=\"yoast-schema-graph\">{\"@context\":\"https:\/\/schema.org\",\"@graph\":[{\"@type\":\"WebPage\",\"@id\":\"https:\/\/poloforma.hu\/en\/product\/2025-blue-calendar-a3\/\",\"url\":\"https:\/\/poloforma.hu\/en\/product\/2025-blue-calendar-a3\/\",\"name\":\"2025 Blue calendar - A3 - P\u00f3l\u00f3forma\",\"isPartOf\":{\"@id\":\"https:\/\/poloforma.hu\/#website\"},\"primaryImageOfPage\":{\"@id\":\"https:\/\/poloforma.hu\/en\/product\/2025-blue-calendar-a3\/#primaryimage\"},\"image\":{\"@id\":\"https:\/\/poloforma.hu\/en\/product\/2025-blue-calendar-a3\/#primaryimage\"},\"thumbnailUrl\":\"https:\/\/poloforma.hu\/wp-content\/uploads\/2024\/11\/Kek_2025_angol_6.png\",\"datePublished\":\"2024-11-18T09:49:11+00:00\",\"dateModified\":\"2024-11-18T11:32:36+00:00\",\"breadcrumb\":{\"@id\":\"https:\/\/poloforma.hu\/en\/product\/2025-blue-calendar-a3\/#breadcrumb\"},\"inLanguage\":\"en-US\",\"potentialAction\":[{\"@type\":\"ReadAction\",\"target\":[\"https:\/\/poloforma.hu\/en\/product\/2025-blue-calendar-a3\/\"]}]},{\"@type\":\"ImageObject\",\"inLanguage\":\"en-US\",\"@id\":\"https:\/\/poloforma.hu\/en\/product\/2025-blue-calendar-a3\/#primaryimage\",\"url\":\"https:\/\/poloforma.hu\/wp-content\/uploads\/2024\/11\/Kek_2025_angol_6.png\",\"contentUrl\":\"https:\/\/poloforma.hu\/wp-content\/uploads\/2024\/11\/Kek_2025_angol_6.png\",\"width\":2480,\"height\":3508},{\"@type\":\"BreadcrumbList\",\"@id\":\"https:\/\/poloforma.hu\/en\/product\/2025-blue-calendar-a3\/#breadcrumb\",\"itemListElement\":[{\"@type\":\"ListItem\",\"position\":1,\"name\":\"Kezd\u0151lap\",\"item\":\"https:\/\/poloforma.hu\/en\/\"},{\"@type\":\"ListItem\",\"position\":2,\"name\":\"Shop\",\"item\":\"https:\/\/poloforma.hu\/en\/shop\/\"},{\"@type\":\"ListItem\",\"position\":3,\"name\":\"Other\",\"item\":\"https:\/\/poloforma.hu\/product-category\/egyeb-en\/?lang=en\"},{\"@type\":\"ListItem\",\"position\":4,\"name\":\"Calendar\",\"item\":\"https:\/\/poloforma.hu\/product-category\/calendar\/?lang=en\"},{\"@type\":\"ListItem\",\"position\":5,\"name\":\"2025 Blue calendar &#8211; A3\"}]},{\"@type\":\"WebSite\",\"@id\":\"https:\/\/poloforma.hu\/#website\",\"url\":\"https:\/\/poloforma.hu\/\",\"name\":\"www.poloforma.hu\",\"description\":\"F\u00e9nyk\u00e9pes p\u00f3l\u00f3, b\u00f6gre, aj\u00e1nd\u00e9kt\u00e1rgy nyomtat\u00e1s, h\u00edmz\u00e9s\",\"publisher\":{\"@id\":\"https:\/\/poloforma.hu\/#organization\"},\"potentialAction\":[{\"@type\":\"SearchAction\",\"target\":{\"@type\":\"EntryPoint\",\"urlTemplate\":\"https:\/\/poloforma.hu\/?s={search_term_string}\"},\"query-input\":{\"@type\":\"PropertyValueSpecification\",\"valueRequired\":true,\"valueName\":\"search_term_string\"}}],\"inLanguage\":\"en-US\"},{\"@type\":\"Organization\",\"@id\":\"https:\/\/poloforma.hu\/#organization\",\"name\":\"www.poloforma.hu\",\"url\":\"https:\/\/poloforma.hu\/\",\"logo\":{\"@type\":\"ImageObject\",\"inLanguage\":\"en-US\",\"@id\":\"https:\/\/poloforma.hu\/#\/schema\/logo\/image\/\",\"url\":\"https:\/\/poloforma.hu\/wp-content\/uploads\/2022\/08\/favikon.png\",\"contentUrl\":\"https:\/\/poloforma.hu\/wp-content\/uploads\/2022\/08\/favikon.png\",\"width\":1794,\"height\":1639,\"caption\":\"www.poloforma.hu\"},\"image\":{\"@id\":\"https:\/\/poloforma.hu\/#\/schema\/logo\/image\/\"},\"sameAs\":[\"http:\/\/www.facebook.com\/poloforma\",\"http:\/\/www.instagram.com\/poloparadicsom\"]}]}<\/script>\n<!-- \/ Yoast SEO Premium plugin. -->","yoast_head_json":{"title":"2025 Blue calendar - A3 - P\u00f3l\u00f3forma","robots":{"index":"index","follow":"follow","max-snippet":"max-snippet:-1","max-image-preview":"max-image-preview:large","max-video-preview":"max-video-preview:-1"},"canonical":"https:\/\/poloforma.hu\/en\/product\/2025-blue-calendar-a3\/","og_locale":"en_US","og_type":"article","og_title":"2025 Blue calendar - A3","og_description":"12 page annual calendar &#8211; the traditional calendar with a unique cover A high quality, affordable, annual calendar, printed with your imagery over 12 pages. Great for yourself or as a gift! The 12 page versions of the annual calendars only show one month at a time, and as soon as the month&#8217;s over, you [&hellip;]","og_url":"https:\/\/poloforma.hu\/en\/product\/2025-blue-calendar-a3\/","og_site_name":"P\u00f3l\u00f3forma","article_publisher":"http:\/\/www.facebook.com\/poloforma","article_modified_time":"2024-11-18T11:32:36+00:00","og_image":[{"width":724,"height":1024,"url":"https:\/\/poloforma.hu\/wp-content\/uploads\/2024\/11\/Kek_2025_angol_6-724x1024.png","type":"image\/png"}],"twitter_card":"summary_large_image","twitter_misc":{"Est. reading time":"1 minute"},"schema":{"@context":"https:\/\/schema.org","@graph":[{"@type":"WebPage","@id":"https:\/\/poloforma.hu\/en\/product\/2025-blue-calendar-a3\/","url":"https:\/\/poloforma.hu\/en\/product\/2025-blue-calendar-a3\/","name":"2025 Blue calendar - A3 - P\u00f3l\u00f3forma","isPartOf":{"@id":"https:\/\/poloforma.hu\/#website"},"primaryImageOfPage":{"@id":"https:\/\/poloforma.hu\/en\/product\/2025-blue-calendar-a3\/#primaryimage"},"image":{"@id":"https:\/\/poloforma.hu\/en\/product\/2025-blue-calendar-a3\/#primaryimage"},"thumbnailUrl":"https:\/\/poloforma.hu\/wp-content\/uploads\/2024\/11\/Kek_2025_angol_6.png","datePublished":"2024-11-18T09:49:11+00:00","dateModified":"2024-11-18T11:32:36+00:00","breadcrumb":{"@id":"https:\/\/poloforma.hu\/en\/product\/2025-blue-calendar-a3\/#breadcrumb"},"inLanguage":"en-US","potentialAction":[{"@type":"ReadAction","target":["https:\/\/poloforma.hu\/en\/product\/2025-blue-calendar-a3\/"]}]},{"@type":"ImageObject","inLanguage":"en-US","@id":"https:\/\/poloforma.hu\/en\/product\/2025-blue-calendar-a3\/#primaryimage","url":"https:\/\/poloforma.hu\/wp-content\/uploads\/2024\/11\/Kek_2025_angol_6.png","contentUrl":"https:\/\/poloforma.hu\/wp-content\/uploads\/2024\/11\/Kek_2025_angol_6.png","width":2480,"height":3508},{"@type":"BreadcrumbList","@id":"https:\/\/poloforma.hu\/en\/product\/2025-blue-calendar-a3\/#breadcrumb","itemListElement":[{"@type":"ListItem","position":1,"name":"Kezd\u0151lap","item":"https:\/\/poloforma.hu\/en\/"},{"@type":"ListItem","position":2,"name":"Shop","item":"https:\/\/poloforma.hu\/en\/shop\/"},{"@type":"ListItem","position":3,"name":"Other","item":"https:\/\/poloforma.hu\/product-category\/egyeb-en\/?lang=en"},{"@type":"ListItem","position":4,"name":"Calendar","item":"https:\/\/poloforma.hu\/product-category\/calendar\/?lang=en"},{"@type":"ListItem","position":5,"name":"2025 Blue calendar &#8211; A3"}]},{"@type":"WebSite","@id":"https:\/\/poloforma.hu\/#website","url":"https:\/\/poloforma.hu\/","name":"www.poloforma.hu","description":"F\u00e9nyk\u00e9pes p\u00f3l\u00f3, b\u00f6gre, aj\u00e1nd\u00e9kt\u00e1rgy nyomtat\u00e1s, h\u00edmz\u00e9s","publisher":{"@id":"https:\/\/poloforma.hu\/#organization"},"potentialAction":[{"@type":"SearchAction","target":{"@type":"EntryPoint","urlTemplate":"https:\/\/poloforma.hu\/?s={search_term_string}"},"query-input":{"@type":"PropertyValueSpecification","valueRequired":true,"valueName":"search_term_string"}}],"inLanguage":"en-US"},{"@type":"Organization","@id":"https:\/\/poloforma.hu\/#organization","name":"www.poloforma.hu","url":"https:\/\/poloforma.hu\/","logo":{"@type":"ImageObject","inLanguage":"en-US","@id":"https:\/\/poloforma.hu\/#\/schema\/logo\/image\/","url":"https:\/\/poloforma.hu\/wp-content\/uploads\/2022\/08\/favikon.png","contentUrl":"https:\/\/poloforma.hu\/wp-content\/uploads\/2022\/08\/favikon.png","width":1794,"height":1639,"caption":"www.poloforma.hu"},"image":{"@id":"https:\/\/poloforma.hu\/#\/schema\/logo\/image\/"},"sameAs":["http:\/\/www.facebook.com\/poloforma","http:\/\/www.instagram.com\/poloparadicsom"]}]}},"_links":{"self":[{"href":"https:\/\/poloforma.hu\/en\/wp-json\/wp\/v2\/product\/240599","targetHints":{"allow":["GET"]}}],"collection":[{"href":"https:\/\/poloforma.hu\/en\/wp-json\/wp\/v2\/product"}],"about":[{"href":"https:\/\/poloforma.hu\/en\/wp-json\/wp\/v2\/types\/product"}],"replies":[{"embeddable":true,"href":"https:\/\/poloforma.hu\/en\/wp-json\/wp\/v2\/comments?post=240599"}],"wp:featuredmedia":[{"embeddable":true,"href":"https:\/\/poloforma.hu\/en\/wp-json\/wp\/v2\/media\/239650"}],"wp:attachment":[{"href":"https:\/\/poloforma.hu\/en\/wp-json\/wp\/v2\/media?parent=240599"}],"wp:term":[{"taxonomy":"product_brand","embeddable":true,"href":"https:\/\/poloforma.hu\/en\/wp-json\/wp\/v2\/product_brand?post=240599"},{"taxonomy":"product_cat","embeddable":true,"href":"https:\/\/poloforma.hu\/en\/wp-json\/wp\/v2\/product_cat?post=240599"},{"taxonomy":"product_tag","embeddable":true,"href":"https:\/\/poloforma.hu\/en\/wp-json\/wp\/v2\/product_tag?post=240599"}],"curies":[{"name":"wp","href":"https:\/\/api.w.org\/{rel}","templated":true}]}}