{"id":23870,"date":"2022-04-04T08:59:03","date_gmt":"2022-04-04T06:59:03","guid":{"rendered":"https:\/\/poloforma.hu\/termek\/womens-handkerchiefs\/"},"modified":"2022-04-04T08:59:03","modified_gmt":"2022-04-04T06:59:03","slug":"womens-handkerchiefs","status":"publish","type":"product","link":"https:\/\/poloforma.hu\/en\/product\/womens-handkerchiefs\/","title":{"rendered":"Women&#8217;s Handkerchiefs"},"content":{"rendered":"<p><string>Handkerchiefs <\/string>&#8211; a must for everyone!<\/p>\n<p>Print and embroider high quality, affordable handkerchiefs &#8211; the classic accessory but with a unique look.<\/p>\n<p>Our grandparents used textile handkerchiefs for the classic purpose! Nowadays though, you&#8217;ll mostly find a handkerchief in a man&#8217;s jacket pocket. These are generally run-of-the-mill pieces, but if you give them a unique design, they can become especially eye-catching and great for gifting!<\/p>\n<p>Our handkerchief printing and embroidery does just that. With our help, you can make a unique handkerchief either for yourself or as a gift! Our range is made of high quality, durable, 100% cotton and can be washed at 30\u00b0C. Of course, a printed or embroidered handkerchief can be a lovely accessory for women as well, so the gifting potential is endless!<\/p>\n<p>If you are interested and fancy buying the unique gift of a personalised handkerchief, place your order in our webshop with just a few clicks!<\/p>\n","protected":false},"excerpt":{"rendered":"<p>Handkerchiefs &#8211; a must for everyone! Print and embroider high quality, affordable handkerchiefs &#8211; the classic accessory but with a unique look. Our grandparents used textile handkerchiefs for the classic purpose! Nowadays though, you&#8217;ll mostly find a handkerchief in a man&#8217;s jacket pocket. These are generally run-of-the-mill pieces, but if you give them a unique [&hellip;]<\/p>\n","protected":false},"featured_media":12190,"comment_status":"closed","ping_status":"closed","template":"","meta":{"_acf_changed":false,"inline_featured_image":false},"product_brand":[],"product_cat":[174,155],"product_tag":[213],"class_list":{"0":"post-23870","1":"product","2":"type-product","3":"status-publish","4":"has-post-thumbnail","6":"product_cat-handkerchief","7":"product_cat-other","8":"product_tag-handkerchiefs","10":"first","11":"instock","12":"shipping-taxable","13":"purchasable","14":"product-type-simple"},"acf":[],"yoast_head":"<!-- This site is optimized with the Yoast SEO Premium plugin v27.2 (Yoast SEO v27.2) - https:\/\/yoast.com\/product\/yoast-seo-premium-wordpress\/ -->\n<title>Women&#039;s Handkerchiefs - P\u00f3l\u00f3forma<\/title>\n<meta name=\"robots\" content=\"index, follow, max-snippet:-1, max-image-preview:large, max-video-preview:-1\" \/>\n<link rel=\"canonical\" href=\"https:\/\/poloforma.hu\/en\/product\/womens-handkerchiefs\/\" \/>\n<meta property=\"og:locale\" content=\"en_US\" \/>\n<meta property=\"og:type\" content=\"article\" \/>\n<meta property=\"og:title\" content=\"Women&#039;s Handkerchiefs\" \/>\n<meta property=\"og:description\" content=\"Handkerchiefs &#8211; a must for everyone! Print and embroider high quality, affordable handkerchiefs &#8211; the classic accessory but with a unique look. Our grandparents used textile handkerchiefs for the classic purpose! Nowadays though, you&#8217;ll mostly find a handkerchief in a man&#8217;s jacket pocket. These are generally run-of-the-mill pieces, but if you give them a unique [&hellip;]\" \/>\n<meta property=\"og:url\" content=\"https:\/\/poloforma.hu\/en\/product\/womens-handkerchiefs\/\" \/>\n<meta property=\"og:site_name\" content=\"P\u00f3l\u00f3forma\" \/>\n<meta property=\"article:publisher\" content=\"http:\/\/www.facebook.com\/poloforma\" \/>\n<meta property=\"og:image\" content=\"https:\/\/poloforma.hu\/wp-content\/uploads\/2022\/04\/zsebkendo-mintakep-scaled.jpg\" \/>\n\t<meta property=\"og:image:width\" content=\"2560\" \/>\n\t<meta property=\"og:image:height\" content=\"1707\" \/>\n\t<meta property=\"og:image:type\" content=\"image\/jpeg\" \/>\n<meta name=\"twitter:card\" content=\"summary_large_image\" \/>\n<meta name=\"twitter:label1\" content=\"Est. reading time\" \/>\n\t<meta name=\"twitter:data1\" content=\"1 minute\" \/>\n<script type=\"application\/ld+json\" class=\"yoast-schema-graph\">{\"@context\":\"https:\/\/schema.org\",\"@graph\":[{\"@type\":\"WebPage\",\"@id\":\"https:\/\/poloforma.hu\/en\/product\/womens-handkerchiefs\/\",\"url\":\"https:\/\/poloforma.hu\/en\/product\/womens-handkerchiefs\/\",\"name\":\"Women's Handkerchiefs - P\u00f3l\u00f3forma\",\"isPartOf\":{\"@id\":\"https:\/\/poloforma.hu\/#website\"},\"primaryImageOfPage\":{\"@id\":\"https:\/\/poloforma.hu\/en\/product\/womens-handkerchiefs\/#primaryimage\"},\"image\":{\"@id\":\"https:\/\/poloforma.hu\/en\/product\/womens-handkerchiefs\/#primaryimage\"},\"thumbnailUrl\":\"https:\/\/poloforma.hu\/wp-content\/uploads\/2022\/04\/zsebkendo-mintakep-scaled.jpg\",\"datePublished\":\"2022-04-04T06:59:03+00:00\",\"breadcrumb\":{\"@id\":\"https:\/\/poloforma.hu\/en\/product\/womens-handkerchiefs\/#breadcrumb\"},\"inLanguage\":\"en-US\",\"potentialAction\":[{\"@type\":\"ReadAction\",\"target\":[\"https:\/\/poloforma.hu\/en\/product\/womens-handkerchiefs\/\"]}]},{\"@type\":\"ImageObject\",\"inLanguage\":\"en-US\",\"@id\":\"https:\/\/poloforma.hu\/en\/product\/womens-handkerchiefs\/#primaryimage\",\"url\":\"https:\/\/poloforma.hu\/wp-content\/uploads\/2022\/04\/zsebkendo-mintakep-scaled.jpg\",\"contentUrl\":\"https:\/\/poloforma.hu\/wp-content\/uploads\/2022\/04\/zsebkendo-mintakep-scaled.jpg\",\"width\":2560,\"height\":1707,\"caption\":\"Pretty girl in grey sweater is cold isolated on gray\"},{\"@type\":\"BreadcrumbList\",\"@id\":\"https:\/\/poloforma.hu\/en\/product\/womens-handkerchiefs\/#breadcrumb\",\"itemListElement\":[{\"@type\":\"ListItem\",\"position\":1,\"name\":\"Kezd\u0151lap\",\"item\":\"https:\/\/poloforma.hu\/en\/\"},{\"@type\":\"ListItem\",\"position\":2,\"name\":\"Shop\",\"item\":\"https:\/\/poloforma.hu\/en\/shop\/\"},{\"@type\":\"ListItem\",\"position\":3,\"name\":\"Other\",\"item\":\"https:\/\/poloforma.hu\/product-category\/egyeb-en\/?lang=en\"},{\"@type\":\"ListItem\",\"position\":4,\"name\":\"Handkerchief\",\"item\":\"https:\/\/poloforma.hu\/product-category\/handkerchief\/?lang=en\"},{\"@type\":\"ListItem\",\"position\":5,\"name\":\"Women&#8217;s Handkerchiefs\"}]},{\"@type\":\"WebSite\",\"@id\":\"https:\/\/poloforma.hu\/#website\",\"url\":\"https:\/\/poloforma.hu\/\",\"name\":\"www.poloforma.hu\",\"description\":\"F\u00e9nyk\u00e9pes p\u00f3l\u00f3, b\u00f6gre, aj\u00e1nd\u00e9kt\u00e1rgy nyomtat\u00e1s, h\u00edmz\u00e9s\",\"publisher\":{\"@id\":\"https:\/\/poloforma.hu\/#organization\"},\"potentialAction\":[{\"@type\":\"SearchAction\",\"target\":{\"@type\":\"EntryPoint\",\"urlTemplate\":\"https:\/\/poloforma.hu\/?s={search_term_string}\"},\"query-input\":{\"@type\":\"PropertyValueSpecification\",\"valueRequired\":true,\"valueName\":\"search_term_string\"}}],\"inLanguage\":\"en-US\"},{\"@type\":\"Organization\",\"@id\":\"https:\/\/poloforma.hu\/#organization\",\"name\":\"www.poloforma.hu\",\"url\":\"https:\/\/poloforma.hu\/\",\"logo\":{\"@type\":\"ImageObject\",\"inLanguage\":\"en-US\",\"@id\":\"https:\/\/poloforma.hu\/#\/schema\/logo\/image\/\",\"url\":\"https:\/\/poloforma.hu\/wp-content\/uploads\/2022\/08\/favikon.png\",\"contentUrl\":\"https:\/\/poloforma.hu\/wp-content\/uploads\/2022\/08\/favikon.png\",\"width\":1794,\"height\":1639,\"caption\":\"www.poloforma.hu\"},\"image\":{\"@id\":\"https:\/\/poloforma.hu\/#\/schema\/logo\/image\/\"},\"sameAs\":[\"http:\/\/www.facebook.com\/poloforma\",\"http:\/\/www.instagram.com\/poloparadicsom\"]}]}<\/script>\n<!-- \/ Yoast SEO Premium plugin. -->","yoast_head_json":{"title":"Women's Handkerchiefs - P\u00f3l\u00f3forma","robots":{"index":"index","follow":"follow","max-snippet":"max-snippet:-1","max-image-preview":"max-image-preview:large","max-video-preview":"max-video-preview:-1"},"canonical":"https:\/\/poloforma.hu\/en\/product\/womens-handkerchiefs\/","og_locale":"en_US","og_type":"article","og_title":"Women's Handkerchiefs","og_description":"Handkerchiefs &#8211; a must for everyone! Print and embroider high quality, affordable handkerchiefs &#8211; the classic accessory but with a unique look. Our grandparents used textile handkerchiefs for the classic purpose! Nowadays though, you&#8217;ll mostly find a handkerchief in a man&#8217;s jacket pocket. These are generally run-of-the-mill pieces, but if you give them a unique [&hellip;]","og_url":"https:\/\/poloforma.hu\/en\/product\/womens-handkerchiefs\/","og_site_name":"P\u00f3l\u00f3forma","article_publisher":"http:\/\/www.facebook.com\/poloforma","og_image":[{"width":2560,"height":1707,"url":"https:\/\/poloforma.hu\/wp-content\/uploads\/2022\/04\/zsebkendo-mintakep-scaled.jpg","type":"image\/jpeg"}],"twitter_card":"summary_large_image","twitter_misc":{"Est. reading time":"1 minute"},"schema":{"@context":"https:\/\/schema.org","@graph":[{"@type":"WebPage","@id":"https:\/\/poloforma.hu\/en\/product\/womens-handkerchiefs\/","url":"https:\/\/poloforma.hu\/en\/product\/womens-handkerchiefs\/","name":"Women's Handkerchiefs - P\u00f3l\u00f3forma","isPartOf":{"@id":"https:\/\/poloforma.hu\/#website"},"primaryImageOfPage":{"@id":"https:\/\/poloforma.hu\/en\/product\/womens-handkerchiefs\/#primaryimage"},"image":{"@id":"https:\/\/poloforma.hu\/en\/product\/womens-handkerchiefs\/#primaryimage"},"thumbnailUrl":"https:\/\/poloforma.hu\/wp-content\/uploads\/2022\/04\/zsebkendo-mintakep-scaled.jpg","datePublished":"2022-04-04T06:59:03+00:00","breadcrumb":{"@id":"https:\/\/poloforma.hu\/en\/product\/womens-handkerchiefs\/#breadcrumb"},"inLanguage":"en-US","potentialAction":[{"@type":"ReadAction","target":["https:\/\/poloforma.hu\/en\/product\/womens-handkerchiefs\/"]}]},{"@type":"ImageObject","inLanguage":"en-US","@id":"https:\/\/poloforma.hu\/en\/product\/womens-handkerchiefs\/#primaryimage","url":"https:\/\/poloforma.hu\/wp-content\/uploads\/2022\/04\/zsebkendo-mintakep-scaled.jpg","contentUrl":"https:\/\/poloforma.hu\/wp-content\/uploads\/2022\/04\/zsebkendo-mintakep-scaled.jpg","width":2560,"height":1707,"caption":"Pretty girl in grey sweater is cold isolated on gray"},{"@type":"BreadcrumbList","@id":"https:\/\/poloforma.hu\/en\/product\/womens-handkerchiefs\/#breadcrumb","itemListElement":[{"@type":"ListItem","position":1,"name":"Kezd\u0151lap","item":"https:\/\/poloforma.hu\/en\/"},{"@type":"ListItem","position":2,"name":"Shop","item":"https:\/\/poloforma.hu\/en\/shop\/"},{"@type":"ListItem","position":3,"name":"Other","item":"https:\/\/poloforma.hu\/product-category\/egyeb-en\/?lang=en"},{"@type":"ListItem","position":4,"name":"Handkerchief","item":"https:\/\/poloforma.hu\/product-category\/handkerchief\/?lang=en"},{"@type":"ListItem","position":5,"name":"Women&#8217;s Handkerchiefs"}]},{"@type":"WebSite","@id":"https:\/\/poloforma.hu\/#website","url":"https:\/\/poloforma.hu\/","name":"www.poloforma.hu","description":"F\u00e9nyk\u00e9pes p\u00f3l\u00f3, b\u00f6gre, aj\u00e1nd\u00e9kt\u00e1rgy nyomtat\u00e1s, h\u00edmz\u00e9s","publisher":{"@id":"https:\/\/poloforma.hu\/#organization"},"potentialAction":[{"@type":"SearchAction","target":{"@type":"EntryPoint","urlTemplate":"https:\/\/poloforma.hu\/?s={search_term_string}"},"query-input":{"@type":"PropertyValueSpecification","valueRequired":true,"valueName":"search_term_string"}}],"inLanguage":"en-US"},{"@type":"Organization","@id":"https:\/\/poloforma.hu\/#organization","name":"www.poloforma.hu","url":"https:\/\/poloforma.hu\/","logo":{"@type":"ImageObject","inLanguage":"en-US","@id":"https:\/\/poloforma.hu\/#\/schema\/logo\/image\/","url":"https:\/\/poloforma.hu\/wp-content\/uploads\/2022\/08\/favikon.png","contentUrl":"https:\/\/poloforma.hu\/wp-content\/uploads\/2022\/08\/favikon.png","width":1794,"height":1639,"caption":"www.poloforma.hu"},"image":{"@id":"https:\/\/poloforma.hu\/#\/schema\/logo\/image\/"},"sameAs":["http:\/\/www.facebook.com\/poloforma","http:\/\/www.instagram.com\/poloparadicsom"]}]}},"_links":{"self":[{"href":"https:\/\/poloforma.hu\/en\/wp-json\/wp\/v2\/product\/23870","targetHints":{"allow":["GET"]}}],"collection":[{"href":"https:\/\/poloforma.hu\/en\/wp-json\/wp\/v2\/product"}],"about":[{"href":"https:\/\/poloforma.hu\/en\/wp-json\/wp\/v2\/types\/product"}],"replies":[{"embeddable":true,"href":"https:\/\/poloforma.hu\/en\/wp-json\/wp\/v2\/comments?post=23870"}],"wp:featuredmedia":[{"embeddable":true,"href":"https:\/\/poloforma.hu\/en\/wp-json\/wp\/v2\/media\/12190"}],"wp:attachment":[{"href":"https:\/\/poloforma.hu\/en\/wp-json\/wp\/v2\/media?parent=23870"}],"wp:term":[{"taxonomy":"product_brand","embeddable":true,"href":"https:\/\/poloforma.hu\/en\/wp-json\/wp\/v2\/product_brand?post=23870"},{"taxonomy":"product_cat","embeddable":true,"href":"https:\/\/poloforma.hu\/en\/wp-json\/wp\/v2\/product_cat?post=23870"},{"taxonomy":"product_tag","embeddable":true,"href":"https:\/\/poloforma.hu\/en\/wp-json\/wp\/v2\/product_tag?post=23870"}],"curies":[{"name":"wp","href":"https:\/\/api.w.org\/{rel}","templated":true}]}}