{"id":23861,"date":"2021-11-14T12:38:49","date_gmt":"2021-11-14T12:38:49","guid":{"rendered":"https:\/\/poloforma.hu\/termek\/textile-bag\/"},"modified":"2021-11-14T12:38:49","modified_gmt":"2021-11-14T11:38:49","slug":"textile-bag","status":"publish","type":"product","link":"https:\/\/poloforma.hu\/en\/product\/textile-bag\/","title":{"rendered":"Textile bag"},"content":{"rendered":"<p><strong>Textile bag<\/strong> &#8211; always, anywhere!<\/p>\n<p>Print high quality, affordable, textile bags in many colours and with a unique image or text &#8211; take your everyday bits and pieces with you in style!<\/p>\n<p>Textile bags aren&#8217;t just stylish accessories, but great allies in the fight to save the environment. Just think about it: after a good shop, you\u2019re more than likely to come home with a plethora of plastic or, at best, paper bags. They&#8217;ll end up in the bin pretty soon, and from there, it\u2019s just a few steps to polluting the environment. However, a textile bag can be reused almost indefinitely, and once broken down, will decompose quickly.<\/p>\n<p>If you would like an environmentally friendly accessory for everyday shopping, and one that is stylishly unique, look no further than a printed textile bag. Our high quality bags are available in many colours, and should be washed at 30\u00b0C.<\/p>\n<p>If you fancy a printed textile bag, our webshop is at your disposal! Buy a customised accessory with just a few clicks!<\/p>\n","protected":false},"excerpt":{"rendered":"<p>Textile bag &#8211; always, anywhere! Print high quality, affordable, textile bags in many colours and with a unique image or text &#8211; take your everyday bits and pieces with you in style! Textile bags aren&#8217;t just stylish accessories, but great allies in the fight to save the environment. Just think about it: after a good [&hellip;]<\/p>\n","protected":false},"featured_media":12511,"comment_status":"closed","ping_status":"closed","template":"","meta":{"_acf_changed":false,"inline_featured_image":false},"product_brand":[],"product_cat":[155,194],"product_tag":[],"class_list":{"0":"post-23861","1":"product","2":"type-product","3":"status-publish","4":"has-post-thumbnail","6":"product_cat-other","7":"product_cat-textile-bag","9":"first","10":"instock","11":"shipping-taxable","12":"purchasable","13":"product-type-simple"},"acf":[],"yoast_head":"<!-- This site is optimized with the Yoast SEO Premium plugin v27.2 (Yoast SEO v27.2) - https:\/\/yoast.com\/product\/yoast-seo-premium-wordpress\/ -->\n<title>Textile bag - P\u00f3l\u00f3forma<\/title>\n<meta name=\"robots\" content=\"index, follow, max-snippet:-1, max-image-preview:large, max-video-preview:-1\" \/>\n<link rel=\"canonical\" href=\"https:\/\/poloforma.hu\/en\/product\/textile-bag\/\" \/>\n<meta property=\"og:locale\" content=\"en_US\" \/>\n<meta property=\"og:type\" content=\"article\" \/>\n<meta property=\"og:title\" content=\"Textile bag\" \/>\n<meta property=\"og:description\" content=\"Textile bag &#8211; always, anywhere! Print high quality, affordable, textile bags in many colours and with a unique image or text &#8211; take your everyday bits and pieces with you in style! Textile bags aren&#8217;t just stylish accessories, but great allies in the fight to save the environment. Just think about it: after a good [&hellip;]\" \/>\n<meta property=\"og:url\" content=\"https:\/\/poloforma.hu\/en\/product\/textile-bag\/\" \/>\n<meta property=\"og:site_name\" content=\"P\u00f3l\u00f3forma\" \/>\n<meta property=\"article:publisher\" content=\"http:\/\/www.facebook.com\/poloforma\" \/>\n<meta property=\"og:image\" content=\"https:\/\/poloforma.hu\/wp-content\/uploads\/2021\/11\/textil-taska-minta-kep-scaled.jpg\" \/>\n\t<meta property=\"og:image:width\" content=\"2560\" \/>\n\t<meta property=\"og:image:height\" content=\"1709\" \/>\n\t<meta property=\"og:image:type\" content=\"image\/jpeg\" \/>\n<meta name=\"twitter:card\" content=\"summary_large_image\" \/>\n<meta name=\"twitter:label1\" content=\"Est. reading time\" \/>\n\t<meta name=\"twitter:data1\" content=\"1 minute\" \/>\n<script type=\"application\/ld+json\" class=\"yoast-schema-graph\">{\"@context\":\"https:\/\/schema.org\",\"@graph\":[{\"@type\":\"WebPage\",\"@id\":\"https:\/\/poloforma.hu\/en\/product\/textile-bag\/\",\"url\":\"https:\/\/poloforma.hu\/en\/product\/textile-bag\/\",\"name\":\"Textile bag - P\u00f3l\u00f3forma\",\"isPartOf\":{\"@id\":\"https:\/\/poloforma.hu\/#website\"},\"primaryImageOfPage\":{\"@id\":\"https:\/\/poloforma.hu\/en\/product\/textile-bag\/#primaryimage\"},\"image\":{\"@id\":\"https:\/\/poloforma.hu\/en\/product\/textile-bag\/#primaryimage\"},\"thumbnailUrl\":\"https:\/\/poloforma.hu\/wp-content\/uploads\/2021\/11\/textil-taska-minta-kep-scaled.jpg\",\"datePublished\":\"2021-11-14T12:38:49+00:00\",\"breadcrumb\":{\"@id\":\"https:\/\/poloforma.hu\/en\/product\/textile-bag\/#breadcrumb\"},\"inLanguage\":\"en-US\",\"potentialAction\":[{\"@type\":\"ReadAction\",\"target\":[\"https:\/\/poloforma.hu\/en\/product\/textile-bag\/\"]}]},{\"@type\":\"ImageObject\",\"inLanguage\":\"en-US\",\"@id\":\"https:\/\/poloforma.hu\/en\/product\/textile-bag\/#primaryimage\",\"url\":\"https:\/\/poloforma.hu\/wp-content\/uploads\/2021\/11\/textil-taska-minta-kep-scaled.jpg\",\"contentUrl\":\"https:\/\/poloforma.hu\/wp-content\/uploads\/2021\/11\/textil-taska-minta-kep-scaled.jpg\",\"width\":2560,\"height\":1709,\"caption\":\"Young girl holding a cloth bag. At the kitchen. I am not plastic. Campaign to reduce the use of plastic bags. Zero waste concept\"},{\"@type\":\"BreadcrumbList\",\"@id\":\"https:\/\/poloforma.hu\/en\/product\/textile-bag\/#breadcrumb\",\"itemListElement\":[{\"@type\":\"ListItem\",\"position\":1,\"name\":\"Kezd\u0151lap\",\"item\":\"https:\/\/poloforma.hu\/en\/\"},{\"@type\":\"ListItem\",\"position\":2,\"name\":\"Shop\",\"item\":\"https:\/\/poloforma.hu\/en\/shop\/\"},{\"@type\":\"ListItem\",\"position\":3,\"name\":\"Other\",\"item\":\"https:\/\/poloforma.hu\/product-category\/egyeb-en\/?lang=en\"},{\"@type\":\"ListItem\",\"position\":4,\"name\":\"Textile bag\",\"item\":\"https:\/\/poloforma.hu\/product-category\/textile-bag\/?lang=en\"},{\"@type\":\"ListItem\",\"position\":5,\"name\":\"Textile bag\"}]},{\"@type\":\"WebSite\",\"@id\":\"https:\/\/poloforma.hu\/#website\",\"url\":\"https:\/\/poloforma.hu\/\",\"name\":\"www.poloforma.hu\",\"description\":\"F\u00e9nyk\u00e9pes p\u00f3l\u00f3, b\u00f6gre, aj\u00e1nd\u00e9kt\u00e1rgy nyomtat\u00e1s, h\u00edmz\u00e9s\",\"publisher\":{\"@id\":\"https:\/\/poloforma.hu\/#organization\"},\"potentialAction\":[{\"@type\":\"SearchAction\",\"target\":{\"@type\":\"EntryPoint\",\"urlTemplate\":\"https:\/\/poloforma.hu\/?s={search_term_string}\"},\"query-input\":{\"@type\":\"PropertyValueSpecification\",\"valueRequired\":true,\"valueName\":\"search_term_string\"}}],\"inLanguage\":\"en-US\"},{\"@type\":\"Organization\",\"@id\":\"https:\/\/poloforma.hu\/#organization\",\"name\":\"www.poloforma.hu\",\"url\":\"https:\/\/poloforma.hu\/\",\"logo\":{\"@type\":\"ImageObject\",\"inLanguage\":\"en-US\",\"@id\":\"https:\/\/poloforma.hu\/#\/schema\/logo\/image\/\",\"url\":\"https:\/\/poloforma.hu\/wp-content\/uploads\/2022\/08\/favikon.png\",\"contentUrl\":\"https:\/\/poloforma.hu\/wp-content\/uploads\/2022\/08\/favikon.png\",\"width\":1794,\"height\":1639,\"caption\":\"www.poloforma.hu\"},\"image\":{\"@id\":\"https:\/\/poloforma.hu\/#\/schema\/logo\/image\/\"},\"sameAs\":[\"http:\/\/www.facebook.com\/poloforma\",\"http:\/\/www.instagram.com\/poloparadicsom\"]}]}<\/script>\n<!-- \/ Yoast SEO Premium plugin. -->","yoast_head_json":{"title":"Textile bag - P\u00f3l\u00f3forma","robots":{"index":"index","follow":"follow","max-snippet":"max-snippet:-1","max-image-preview":"max-image-preview:large","max-video-preview":"max-video-preview:-1"},"canonical":"https:\/\/poloforma.hu\/en\/product\/textile-bag\/","og_locale":"en_US","og_type":"article","og_title":"Textile bag","og_description":"Textile bag &#8211; always, anywhere! Print high quality, affordable, textile bags in many colours and with a unique image or text &#8211; take your everyday bits and pieces with you in style! Textile bags aren&#8217;t just stylish accessories, but great allies in the fight to save the environment. Just think about it: after a good [&hellip;]","og_url":"https:\/\/poloforma.hu\/en\/product\/textile-bag\/","og_site_name":"P\u00f3l\u00f3forma","article_publisher":"http:\/\/www.facebook.com\/poloforma","og_image":[{"width":2560,"height":1709,"url":"https:\/\/poloforma.hu\/wp-content\/uploads\/2021\/11\/textil-taska-minta-kep-scaled.jpg","type":"image\/jpeg"}],"twitter_card":"summary_large_image","twitter_misc":{"Est. reading time":"1 minute"},"schema":{"@context":"https:\/\/schema.org","@graph":[{"@type":"WebPage","@id":"https:\/\/poloforma.hu\/en\/product\/textile-bag\/","url":"https:\/\/poloforma.hu\/en\/product\/textile-bag\/","name":"Textile bag - P\u00f3l\u00f3forma","isPartOf":{"@id":"https:\/\/poloforma.hu\/#website"},"primaryImageOfPage":{"@id":"https:\/\/poloforma.hu\/en\/product\/textile-bag\/#primaryimage"},"image":{"@id":"https:\/\/poloforma.hu\/en\/product\/textile-bag\/#primaryimage"},"thumbnailUrl":"https:\/\/poloforma.hu\/wp-content\/uploads\/2021\/11\/textil-taska-minta-kep-scaled.jpg","datePublished":"2021-11-14T12:38:49+00:00","breadcrumb":{"@id":"https:\/\/poloforma.hu\/en\/product\/textile-bag\/#breadcrumb"},"inLanguage":"en-US","potentialAction":[{"@type":"ReadAction","target":["https:\/\/poloforma.hu\/en\/product\/textile-bag\/"]}]},{"@type":"ImageObject","inLanguage":"en-US","@id":"https:\/\/poloforma.hu\/en\/product\/textile-bag\/#primaryimage","url":"https:\/\/poloforma.hu\/wp-content\/uploads\/2021\/11\/textil-taska-minta-kep-scaled.jpg","contentUrl":"https:\/\/poloforma.hu\/wp-content\/uploads\/2021\/11\/textil-taska-minta-kep-scaled.jpg","width":2560,"height":1709,"caption":"Young girl holding a cloth bag. At the kitchen. I am not plastic. Campaign to reduce the use of plastic bags. Zero waste concept"},{"@type":"BreadcrumbList","@id":"https:\/\/poloforma.hu\/en\/product\/textile-bag\/#breadcrumb","itemListElement":[{"@type":"ListItem","position":1,"name":"Kezd\u0151lap","item":"https:\/\/poloforma.hu\/en\/"},{"@type":"ListItem","position":2,"name":"Shop","item":"https:\/\/poloforma.hu\/en\/shop\/"},{"@type":"ListItem","position":3,"name":"Other","item":"https:\/\/poloforma.hu\/product-category\/egyeb-en\/?lang=en"},{"@type":"ListItem","position":4,"name":"Textile bag","item":"https:\/\/poloforma.hu\/product-category\/textile-bag\/?lang=en"},{"@type":"ListItem","position":5,"name":"Textile bag"}]},{"@type":"WebSite","@id":"https:\/\/poloforma.hu\/#website","url":"https:\/\/poloforma.hu\/","name":"www.poloforma.hu","description":"F\u00e9nyk\u00e9pes p\u00f3l\u00f3, b\u00f6gre, aj\u00e1nd\u00e9kt\u00e1rgy nyomtat\u00e1s, h\u00edmz\u00e9s","publisher":{"@id":"https:\/\/poloforma.hu\/#organization"},"potentialAction":[{"@type":"SearchAction","target":{"@type":"EntryPoint","urlTemplate":"https:\/\/poloforma.hu\/?s={search_term_string}"},"query-input":{"@type":"PropertyValueSpecification","valueRequired":true,"valueName":"search_term_string"}}],"inLanguage":"en-US"},{"@type":"Organization","@id":"https:\/\/poloforma.hu\/#organization","name":"www.poloforma.hu","url":"https:\/\/poloforma.hu\/","logo":{"@type":"ImageObject","inLanguage":"en-US","@id":"https:\/\/poloforma.hu\/#\/schema\/logo\/image\/","url":"https:\/\/poloforma.hu\/wp-content\/uploads\/2022\/08\/favikon.png","contentUrl":"https:\/\/poloforma.hu\/wp-content\/uploads\/2022\/08\/favikon.png","width":1794,"height":1639,"caption":"www.poloforma.hu"},"image":{"@id":"https:\/\/poloforma.hu\/#\/schema\/logo\/image\/"},"sameAs":["http:\/\/www.facebook.com\/poloforma","http:\/\/www.instagram.com\/poloparadicsom"]}]}},"_links":{"self":[{"href":"https:\/\/poloforma.hu\/en\/wp-json\/wp\/v2\/product\/23861","targetHints":{"allow":["GET"]}}],"collection":[{"href":"https:\/\/poloforma.hu\/en\/wp-json\/wp\/v2\/product"}],"about":[{"href":"https:\/\/poloforma.hu\/en\/wp-json\/wp\/v2\/types\/product"}],"replies":[{"embeddable":true,"href":"https:\/\/poloforma.hu\/en\/wp-json\/wp\/v2\/comments?post=23861"}],"wp:featuredmedia":[{"embeddable":true,"href":"https:\/\/poloforma.hu\/en\/wp-json\/wp\/v2\/media\/12511"}],"wp:attachment":[{"href":"https:\/\/poloforma.hu\/en\/wp-json\/wp\/v2\/media?parent=23861"}],"wp:term":[{"taxonomy":"product_brand","embeddable":true,"href":"https:\/\/poloforma.hu\/en\/wp-json\/wp\/v2\/product_brand?post=23861"},{"taxonomy":"product_cat","embeddable":true,"href":"https:\/\/poloforma.hu\/en\/wp-json\/wp\/v2\/product_cat?post=23861"},{"taxonomy":"product_tag","embeddable":true,"href":"https:\/\/poloforma.hu\/en\/wp-json\/wp\/v2\/product_tag?post=23861"}],"curies":[{"name":"wp","href":"https:\/\/api.w.org\/{rel}","templated":true}]}}