{"id":23850,"date":"2021-11-14T12:49:10","date_gmt":"2021-11-14T12:49:10","guid":{"rendered":"https:\/\/poloforma.hu\/termek\/satin-pillow-heart-shaped\/"},"modified":"2021-11-14T12:49:10","modified_gmt":"2021-11-14T11:49:10","slug":"satin-pillow-heart-shaped","status":"publish","type":"product","link":"https:\/\/poloforma.hu\/en\/product\/satin-pillow-heart-shaped\/","title":{"rendered":"Satin pillow heart shaped"},"content":{"rendered":"<p><strong>Satin pillow<\/strong> &#8211; a quality gift for the home<\/p>\n<p>Print high quality, affordable, satin pillows in several sizes &#8211; create a unique gift!<\/p>\n<p>Satin, also known as rayon, is a silky material that is a fraction of the cost of real silk, but is largely identical in its properties: it is a pleasant, cool to the touch, smooth and shiny material. Satin pillows are one step further &#8211; soft, comfortable and spectacular &#8211; especially if you order them with a unique pattern!<\/p>\n<p>In addition to the 30&#215;30 and 40&#215;40 centimetre pillows, we also offer a 35&#215;35 centimetre, heart-shaped satin pillow. They all come with a pillow filling and are zippered. The pillow cover is white and the pattern, text or photo (printed by a sublimation technique) is durable and machine washable at a maximum temperature of 30\u00b0C.<\/p>\n<p>If you would like to order a printed satin pillow, buy from our online store with just a few clicks!<\/p>\n","protected":false},"excerpt":{"rendered":"<p>Satin pillow &#8211; a quality gift for the home Print high quality, affordable, satin pillows in several sizes &#8211; create a unique gift! Satin, also known as rayon, is a silky material that is a fraction of the cost of real silk, but is largely identical in its properties: it is a pleasant, cool to [&hellip;]<\/p>\n","protected":false},"featured_media":12812,"comment_status":"closed","ping_status":"closed","template":"","meta":{"_acf_changed":false,"inline_featured_image":false},"product_brand":[],"product_cat":[155,190],"product_tag":[],"class_list":{"0":"post-23850","1":"product","2":"type-product","3":"status-publish","4":"has-post-thumbnail","6":"product_cat-other","7":"product_cat-pillow","9":"first","10":"instock","11":"shipping-taxable","12":"purchasable","13":"product-type-simple"},"acf":[],"yoast_head":"<!-- This site is optimized with the Yoast SEO Premium plugin v27.2 (Yoast SEO v27.2) - https:\/\/yoast.com\/product\/yoast-seo-premium-wordpress\/ -->\n<title>Satin pillow heart shaped - P\u00f3l\u00f3forma<\/title>\n<meta name=\"robots\" content=\"index, follow, max-snippet:-1, max-image-preview:large, max-video-preview:-1\" \/>\n<link rel=\"canonical\" href=\"https:\/\/poloforma.hu\/en\/product\/satin-pillow-heart-shaped\/\" \/>\n<meta property=\"og:locale\" content=\"en_US\" \/>\n<meta property=\"og:type\" content=\"article\" \/>\n<meta property=\"og:title\" content=\"Satin pillow heart shaped\" \/>\n<meta property=\"og:description\" content=\"Satin pillow &#8211; a quality gift for the home Print high quality, affordable, satin pillows in several sizes &#8211; create a unique gift! Satin, also known as rayon, is a silky material that is a fraction of the cost of real silk, but is largely identical in its properties: it is a pleasant, cool to [&hellip;]\" \/>\n<meta property=\"og:url\" content=\"https:\/\/poloforma.hu\/en\/product\/satin-pillow-heart-shaped\/\" \/>\n<meta property=\"og:site_name\" content=\"P\u00f3l\u00f3forma\" \/>\n<meta property=\"article:publisher\" content=\"http:\/\/www.facebook.com\/poloforma\" \/>\n<meta property=\"og:image\" content=\"https:\/\/poloforma.hu\/wp-content\/uploads\/2021\/11\/sziv-parna_mintakep-1024x1019.png\" \/>\n\t<meta property=\"og:image:width\" content=\"1024\" \/>\n\t<meta property=\"og:image:height\" content=\"1019\" \/>\n\t<meta property=\"og:image:type\" content=\"image\/png\" \/>\n<meta name=\"twitter:card\" content=\"summary_large_image\" \/>\n<meta name=\"twitter:label1\" content=\"Est. reading time\" \/>\n\t<meta name=\"twitter:data1\" content=\"1 minute\" \/>\n<script type=\"application\/ld+json\" class=\"yoast-schema-graph\">{\"@context\":\"https:\/\/schema.org\",\"@graph\":[{\"@type\":\"WebPage\",\"@id\":\"https:\/\/poloforma.hu\/en\/product\/satin-pillow-heart-shaped\/\",\"url\":\"https:\/\/poloforma.hu\/en\/product\/satin-pillow-heart-shaped\/\",\"name\":\"Satin pillow heart shaped - P\u00f3l\u00f3forma\",\"isPartOf\":{\"@id\":\"https:\/\/poloforma.hu\/#website\"},\"primaryImageOfPage\":{\"@id\":\"https:\/\/poloforma.hu\/en\/product\/satin-pillow-heart-shaped\/#primaryimage\"},\"image\":{\"@id\":\"https:\/\/poloforma.hu\/en\/product\/satin-pillow-heart-shaped\/#primaryimage\"},\"thumbnailUrl\":\"https:\/\/poloforma.hu\/wp-content\/uploads\/2021\/11\/sziv-parna_mintakep.png\",\"datePublished\":\"2021-11-14T12:49:10+00:00\",\"breadcrumb\":{\"@id\":\"https:\/\/poloforma.hu\/en\/product\/satin-pillow-heart-shaped\/#breadcrumb\"},\"inLanguage\":\"en-US\",\"potentialAction\":[{\"@type\":\"ReadAction\",\"target\":[\"https:\/\/poloforma.hu\/en\/product\/satin-pillow-heart-shaped\/\"]}]},{\"@type\":\"ImageObject\",\"inLanguage\":\"en-US\",\"@id\":\"https:\/\/poloforma.hu\/en\/product\/satin-pillow-heart-shaped\/#primaryimage\",\"url\":\"https:\/\/poloforma.hu\/wp-content\/uploads\/2021\/11\/sziv-parna_mintakep.png\",\"contentUrl\":\"https:\/\/poloforma.hu\/wp-content\/uploads\/2021\/11\/sziv-parna_mintakep.png\",\"width\":2480,\"height\":2468},{\"@type\":\"BreadcrumbList\",\"@id\":\"https:\/\/poloforma.hu\/en\/product\/satin-pillow-heart-shaped\/#breadcrumb\",\"itemListElement\":[{\"@type\":\"ListItem\",\"position\":1,\"name\":\"Kezd\u0151lap\",\"item\":\"https:\/\/poloforma.hu\/en\/\"},{\"@type\":\"ListItem\",\"position\":2,\"name\":\"Shop\",\"item\":\"https:\/\/poloforma.hu\/en\/shop\/\"},{\"@type\":\"ListItem\",\"position\":3,\"name\":\"Other\",\"item\":\"https:\/\/poloforma.hu\/product-category\/egyeb-en\/?lang=en\"},{\"@type\":\"ListItem\",\"position\":4,\"name\":\"Pillow\",\"item\":\"https:\/\/poloforma.hu\/product-category\/pillow\/?lang=en\"},{\"@type\":\"ListItem\",\"position\":5,\"name\":\"Satin pillow heart shaped\"}]},{\"@type\":\"WebSite\",\"@id\":\"https:\/\/poloforma.hu\/#website\",\"url\":\"https:\/\/poloforma.hu\/\",\"name\":\"www.poloforma.hu\",\"description\":\"F\u00e9nyk\u00e9pes p\u00f3l\u00f3, b\u00f6gre, aj\u00e1nd\u00e9kt\u00e1rgy nyomtat\u00e1s, h\u00edmz\u00e9s\",\"publisher\":{\"@id\":\"https:\/\/poloforma.hu\/#organization\"},\"potentialAction\":[{\"@type\":\"SearchAction\",\"target\":{\"@type\":\"EntryPoint\",\"urlTemplate\":\"https:\/\/poloforma.hu\/?s={search_term_string}\"},\"query-input\":{\"@type\":\"PropertyValueSpecification\",\"valueRequired\":true,\"valueName\":\"search_term_string\"}}],\"inLanguage\":\"en-US\"},{\"@type\":\"Organization\",\"@id\":\"https:\/\/poloforma.hu\/#organization\",\"name\":\"www.poloforma.hu\",\"url\":\"https:\/\/poloforma.hu\/\",\"logo\":{\"@type\":\"ImageObject\",\"inLanguage\":\"en-US\",\"@id\":\"https:\/\/poloforma.hu\/#\/schema\/logo\/image\/\",\"url\":\"https:\/\/poloforma.hu\/wp-content\/uploads\/2022\/08\/favikon.png\",\"contentUrl\":\"https:\/\/poloforma.hu\/wp-content\/uploads\/2022\/08\/favikon.png\",\"width\":1794,\"height\":1639,\"caption\":\"www.poloforma.hu\"},\"image\":{\"@id\":\"https:\/\/poloforma.hu\/#\/schema\/logo\/image\/\"},\"sameAs\":[\"http:\/\/www.facebook.com\/poloforma\",\"http:\/\/www.instagram.com\/poloparadicsom\"]}]}<\/script>\n<!-- \/ Yoast SEO Premium plugin. -->","yoast_head_json":{"title":"Satin pillow heart shaped - P\u00f3l\u00f3forma","robots":{"index":"index","follow":"follow","max-snippet":"max-snippet:-1","max-image-preview":"max-image-preview:large","max-video-preview":"max-video-preview:-1"},"canonical":"https:\/\/poloforma.hu\/en\/product\/satin-pillow-heart-shaped\/","og_locale":"en_US","og_type":"article","og_title":"Satin pillow heart shaped","og_description":"Satin pillow &#8211; a quality gift for the home Print high quality, affordable, satin pillows in several sizes &#8211; create a unique gift! Satin, also known as rayon, is a silky material that is a fraction of the cost of real silk, but is largely identical in its properties: it is a pleasant, cool to [&hellip;]","og_url":"https:\/\/poloforma.hu\/en\/product\/satin-pillow-heart-shaped\/","og_site_name":"P\u00f3l\u00f3forma","article_publisher":"http:\/\/www.facebook.com\/poloforma","og_image":[{"width":1024,"height":1019,"url":"https:\/\/poloforma.hu\/wp-content\/uploads\/2021\/11\/sziv-parna_mintakep-1024x1019.png","type":"image\/png"}],"twitter_card":"summary_large_image","twitter_misc":{"Est. reading time":"1 minute"},"schema":{"@context":"https:\/\/schema.org","@graph":[{"@type":"WebPage","@id":"https:\/\/poloforma.hu\/en\/product\/satin-pillow-heart-shaped\/","url":"https:\/\/poloforma.hu\/en\/product\/satin-pillow-heart-shaped\/","name":"Satin pillow heart shaped - P\u00f3l\u00f3forma","isPartOf":{"@id":"https:\/\/poloforma.hu\/#website"},"primaryImageOfPage":{"@id":"https:\/\/poloforma.hu\/en\/product\/satin-pillow-heart-shaped\/#primaryimage"},"image":{"@id":"https:\/\/poloforma.hu\/en\/product\/satin-pillow-heart-shaped\/#primaryimage"},"thumbnailUrl":"https:\/\/poloforma.hu\/wp-content\/uploads\/2021\/11\/sziv-parna_mintakep.png","datePublished":"2021-11-14T12:49:10+00:00","breadcrumb":{"@id":"https:\/\/poloforma.hu\/en\/product\/satin-pillow-heart-shaped\/#breadcrumb"},"inLanguage":"en-US","potentialAction":[{"@type":"ReadAction","target":["https:\/\/poloforma.hu\/en\/product\/satin-pillow-heart-shaped\/"]}]},{"@type":"ImageObject","inLanguage":"en-US","@id":"https:\/\/poloforma.hu\/en\/product\/satin-pillow-heart-shaped\/#primaryimage","url":"https:\/\/poloforma.hu\/wp-content\/uploads\/2021\/11\/sziv-parna_mintakep.png","contentUrl":"https:\/\/poloforma.hu\/wp-content\/uploads\/2021\/11\/sziv-parna_mintakep.png","width":2480,"height":2468},{"@type":"BreadcrumbList","@id":"https:\/\/poloforma.hu\/en\/product\/satin-pillow-heart-shaped\/#breadcrumb","itemListElement":[{"@type":"ListItem","position":1,"name":"Kezd\u0151lap","item":"https:\/\/poloforma.hu\/en\/"},{"@type":"ListItem","position":2,"name":"Shop","item":"https:\/\/poloforma.hu\/en\/shop\/"},{"@type":"ListItem","position":3,"name":"Other","item":"https:\/\/poloforma.hu\/product-category\/egyeb-en\/?lang=en"},{"@type":"ListItem","position":4,"name":"Pillow","item":"https:\/\/poloforma.hu\/product-category\/pillow\/?lang=en"},{"@type":"ListItem","position":5,"name":"Satin pillow heart shaped"}]},{"@type":"WebSite","@id":"https:\/\/poloforma.hu\/#website","url":"https:\/\/poloforma.hu\/","name":"www.poloforma.hu","description":"F\u00e9nyk\u00e9pes p\u00f3l\u00f3, b\u00f6gre, aj\u00e1nd\u00e9kt\u00e1rgy nyomtat\u00e1s, h\u00edmz\u00e9s","publisher":{"@id":"https:\/\/poloforma.hu\/#organization"},"potentialAction":[{"@type":"SearchAction","target":{"@type":"EntryPoint","urlTemplate":"https:\/\/poloforma.hu\/?s={search_term_string}"},"query-input":{"@type":"PropertyValueSpecification","valueRequired":true,"valueName":"search_term_string"}}],"inLanguage":"en-US"},{"@type":"Organization","@id":"https:\/\/poloforma.hu\/#organization","name":"www.poloforma.hu","url":"https:\/\/poloforma.hu\/","logo":{"@type":"ImageObject","inLanguage":"en-US","@id":"https:\/\/poloforma.hu\/#\/schema\/logo\/image\/","url":"https:\/\/poloforma.hu\/wp-content\/uploads\/2022\/08\/favikon.png","contentUrl":"https:\/\/poloforma.hu\/wp-content\/uploads\/2022\/08\/favikon.png","width":1794,"height":1639,"caption":"www.poloforma.hu"},"image":{"@id":"https:\/\/poloforma.hu\/#\/schema\/logo\/image\/"},"sameAs":["http:\/\/www.facebook.com\/poloforma","http:\/\/www.instagram.com\/poloparadicsom"]}]}},"_links":{"self":[{"href":"https:\/\/poloforma.hu\/en\/wp-json\/wp\/v2\/product\/23850","targetHints":{"allow":["GET"]}}],"collection":[{"href":"https:\/\/poloforma.hu\/en\/wp-json\/wp\/v2\/product"}],"about":[{"href":"https:\/\/poloforma.hu\/en\/wp-json\/wp\/v2\/types\/product"}],"replies":[{"embeddable":true,"href":"https:\/\/poloforma.hu\/en\/wp-json\/wp\/v2\/comments?post=23850"}],"wp:featuredmedia":[{"embeddable":true,"href":"https:\/\/poloforma.hu\/en\/wp-json\/wp\/v2\/media\/12812"}],"wp:attachment":[{"href":"https:\/\/poloforma.hu\/en\/wp-json\/wp\/v2\/media?parent=23850"}],"wp:term":[{"taxonomy":"product_brand","embeddable":true,"href":"https:\/\/poloforma.hu\/en\/wp-json\/wp\/v2\/product_brand?post=23850"},{"taxonomy":"product_cat","embeddable":true,"href":"https:\/\/poloforma.hu\/en\/wp-json\/wp\/v2\/product_cat?post=23850"},{"taxonomy":"product_tag","embeddable":true,"href":"https:\/\/poloforma.hu\/en\/wp-json\/wp\/v2\/product_tag?post=23850"}],"curies":[{"name":"wp","href":"https:\/\/api.w.org\/{rel}","templated":true}]}}