{"id":23847,"date":"2021-11-14T15:13:08","date_gmt":"2021-11-14T14:13:08","guid":{"rendered":"https:\/\/poloforma.hu\/termek\/cotton-pillow-30x30cm\/"},"modified":"2021-11-14T15:13:08","modified_gmt":"2021-11-14T14:13:08","slug":"cotton-pillow-30x30cm","status":"publish","type":"product","link":"https:\/\/poloforma.hu\/en\/product\/cotton-pillow-30x30cm\/","title":{"rendered":"Cotton pillow 30x30cm"},"content":{"rendered":"<p><strong>Cotton pillow<\/strong> &#8211; a unique home decoration for everyone!<\/p>\n<p>Print high quality, affordable, cotton pillows in one size, with a choice of four colours &#8211; surprise your loved ones with unique home decor!<\/p>\n<p>Everyone decorates their home, sometimes with more personal items, sometimes with less personal items. But what&#8217;s for sure is that we are more attached to the personal ones than we are to the simple decorations. Whether you would like to treat yourself or someone else with a unique and personal gift, you might want to think about a cotton pillow printed with pattern, image, or text of your choice.<\/p>\n<p>Our cotton pillows are 30x30cm in size and consist of two parts: the pillow filling and the pillow cover, which is closed with velcro. The pillow cover is 100% cotton, for which you can choose a print of up to 20&#215;25 centimeters, and it can be practically anything: a family photo, a humorous inscription, or even a symbol. The cotton filling is strong and durable if washed at a maximum temperature of 30\u00b0C.<\/p>\n<p>If you would like to surprise your loved ones with a printed cotton pillow, place your order in our webshop with just a few clicks!<\/p>\n","protected":false},"excerpt":{"rendered":"<p>Cotton pillow &#8211; a unique home decoration for everyone! Print high quality, affordable, cotton pillows in one size, with a choice of four colours &#8211; surprise your loved ones with unique home decor! Everyone decorates their home, sometimes with more personal items, sometimes with less personal items. But what&#8217;s for sure is that we are [&hellip;]<\/p>\n","protected":false},"featured_media":3247,"comment_status":"closed","ping_status":"closed","template":"","meta":{"_acf_changed":false,"inline_featured_image":false},"product_brand":[],"product_cat":[155,190],"product_tag":[],"class_list":{"0":"post-23847","1":"product","2":"type-product","3":"status-publish","4":"has-post-thumbnail","6":"product_cat-other","7":"product_cat-pillow","9":"first","10":"instock","11":"shipping-taxable","12":"purchasable","13":"product-type-simple"},"acf":[],"yoast_head":"<!-- This site is optimized with the Yoast SEO Premium plugin v27.2 (Yoast SEO v27.2) - https:\/\/yoast.com\/product\/yoast-seo-premium-wordpress\/ -->\n<title>Cotton pillow 30x30cm - P\u00f3l\u00f3forma<\/title>\n<meta name=\"robots\" content=\"index, follow, max-snippet:-1, max-image-preview:large, max-video-preview:-1\" \/>\n<link rel=\"canonical\" href=\"https:\/\/poloforma.hu\/en\/product\/cotton-pillow-30x30cm\/\" \/>\n<meta property=\"og:locale\" content=\"en_US\" \/>\n<meta property=\"og:type\" content=\"article\" \/>\n<meta property=\"og:title\" content=\"Cotton pillow 30x30cm\" \/>\n<meta property=\"og:description\" content=\"Cotton pillow &#8211; a unique home decoration for everyone! Print high quality, affordable, cotton pillows in one size, with a choice of four colours &#8211; surprise your loved ones with unique home decor! Everyone decorates their home, sometimes with more personal items, sometimes with less personal items. But what&#8217;s for sure is that we are [&hellip;]\" \/>\n<meta property=\"og:url\" content=\"https:\/\/poloforma.hu\/en\/product\/cotton-pillow-30x30cm\/\" \/>\n<meta property=\"og:site_name\" content=\"P\u00f3l\u00f3forma\" \/>\n<meta property=\"article:publisher\" content=\"http:\/\/www.facebook.com\/poloforma\" \/>\n<meta property=\"og:image\" content=\"https:\/\/poloforma.hu\/wp-content\/uploads\/2021\/11\/feher_anyas-parna-masolat-1024x1019.png\" \/>\n\t<meta property=\"og:image:width\" content=\"1024\" \/>\n\t<meta property=\"og:image:height\" content=\"1019\" \/>\n\t<meta property=\"og:image:type\" content=\"image\/png\" \/>\n<meta name=\"twitter:card\" content=\"summary_large_image\" \/>\n<meta name=\"twitter:label1\" content=\"Est. reading time\" \/>\n\t<meta name=\"twitter:data1\" content=\"1 minute\" \/>\n<script type=\"application\/ld+json\" class=\"yoast-schema-graph\">{\"@context\":\"https:\/\/schema.org\",\"@graph\":[{\"@type\":\"WebPage\",\"@id\":\"https:\/\/poloforma.hu\/en\/product\/cotton-pillow-30x30cm\/\",\"url\":\"https:\/\/poloforma.hu\/en\/product\/cotton-pillow-30x30cm\/\",\"name\":\"Cotton pillow 30x30cm - P\u00f3l\u00f3forma\",\"isPartOf\":{\"@id\":\"https:\/\/poloforma.hu\/#website\"},\"primaryImageOfPage\":{\"@id\":\"https:\/\/poloforma.hu\/en\/product\/cotton-pillow-30x30cm\/#primaryimage\"},\"image\":{\"@id\":\"https:\/\/poloforma.hu\/en\/product\/cotton-pillow-30x30cm\/#primaryimage\"},\"thumbnailUrl\":\"https:\/\/poloforma.hu\/wp-content\/uploads\/2021\/11\/feher_anyas-parna-masolat.png\",\"datePublished\":\"2021-11-14T14:13:08+00:00\",\"breadcrumb\":{\"@id\":\"https:\/\/poloforma.hu\/en\/product\/cotton-pillow-30x30cm\/#breadcrumb\"},\"inLanguage\":\"en-US\",\"potentialAction\":[{\"@type\":\"ReadAction\",\"target\":[\"https:\/\/poloforma.hu\/en\/product\/cotton-pillow-30x30cm\/\"]}]},{\"@type\":\"ImageObject\",\"inLanguage\":\"en-US\",\"@id\":\"https:\/\/poloforma.hu\/en\/product\/cotton-pillow-30x30cm\/#primaryimage\",\"url\":\"https:\/\/poloforma.hu\/wp-content\/uploads\/2021\/11\/feher_anyas-parna-masolat.png\",\"contentUrl\":\"https:\/\/poloforma.hu\/wp-content\/uploads\/2021\/11\/feher_anyas-parna-masolat.png\",\"width\":2678,\"height\":2664,\"caption\":\"Kiv\u00e1l\u00f3 min\u0151s\u00e9g\u0171 100% pamut p\u00e1rn\u00e1k egyedi nyomattal\"},{\"@type\":\"BreadcrumbList\",\"@id\":\"https:\/\/poloforma.hu\/en\/product\/cotton-pillow-30x30cm\/#breadcrumb\",\"itemListElement\":[{\"@type\":\"ListItem\",\"position\":1,\"name\":\"Kezd\u0151lap\",\"item\":\"https:\/\/poloforma.hu\/en\/\"},{\"@type\":\"ListItem\",\"position\":2,\"name\":\"Shop\",\"item\":\"https:\/\/poloforma.hu\/en\/shop\/\"},{\"@type\":\"ListItem\",\"position\":3,\"name\":\"Other\",\"item\":\"https:\/\/poloforma.hu\/product-category\/egyeb-en\/?lang=en\"},{\"@type\":\"ListItem\",\"position\":4,\"name\":\"Pillow\",\"item\":\"https:\/\/poloforma.hu\/product-category\/pillow\/?lang=en\"},{\"@type\":\"ListItem\",\"position\":5,\"name\":\"Cotton pillow 30x30cm\"}]},{\"@type\":\"WebSite\",\"@id\":\"https:\/\/poloforma.hu\/#website\",\"url\":\"https:\/\/poloforma.hu\/\",\"name\":\"www.poloforma.hu\",\"description\":\"F\u00e9nyk\u00e9pes p\u00f3l\u00f3, b\u00f6gre, aj\u00e1nd\u00e9kt\u00e1rgy nyomtat\u00e1s, h\u00edmz\u00e9s\",\"publisher\":{\"@id\":\"https:\/\/poloforma.hu\/#organization\"},\"potentialAction\":[{\"@type\":\"SearchAction\",\"target\":{\"@type\":\"EntryPoint\",\"urlTemplate\":\"https:\/\/poloforma.hu\/?s={search_term_string}\"},\"query-input\":{\"@type\":\"PropertyValueSpecification\",\"valueRequired\":true,\"valueName\":\"search_term_string\"}}],\"inLanguage\":\"en-US\"},{\"@type\":\"Organization\",\"@id\":\"https:\/\/poloforma.hu\/#organization\",\"name\":\"www.poloforma.hu\",\"url\":\"https:\/\/poloforma.hu\/\",\"logo\":{\"@type\":\"ImageObject\",\"inLanguage\":\"en-US\",\"@id\":\"https:\/\/poloforma.hu\/#\/schema\/logo\/image\/\",\"url\":\"https:\/\/poloforma.hu\/wp-content\/uploads\/2022\/08\/favikon.png\",\"contentUrl\":\"https:\/\/poloforma.hu\/wp-content\/uploads\/2022\/08\/favikon.png\",\"width\":1794,\"height\":1639,\"caption\":\"www.poloforma.hu\"},\"image\":{\"@id\":\"https:\/\/poloforma.hu\/#\/schema\/logo\/image\/\"},\"sameAs\":[\"http:\/\/www.facebook.com\/poloforma\",\"http:\/\/www.instagram.com\/poloparadicsom\"]}]}<\/script>\n<!-- \/ Yoast SEO Premium plugin. -->","yoast_head_json":{"title":"Cotton pillow 30x30cm - P\u00f3l\u00f3forma","robots":{"index":"index","follow":"follow","max-snippet":"max-snippet:-1","max-image-preview":"max-image-preview:large","max-video-preview":"max-video-preview:-1"},"canonical":"https:\/\/poloforma.hu\/en\/product\/cotton-pillow-30x30cm\/","og_locale":"en_US","og_type":"article","og_title":"Cotton pillow 30x30cm","og_description":"Cotton pillow &#8211; a unique home decoration for everyone! Print high quality, affordable, cotton pillows in one size, with a choice of four colours &#8211; surprise your loved ones with unique home decor! Everyone decorates their home, sometimes with more personal items, sometimes with less personal items. But what&#8217;s for sure is that we are [&hellip;]","og_url":"https:\/\/poloforma.hu\/en\/product\/cotton-pillow-30x30cm\/","og_site_name":"P\u00f3l\u00f3forma","article_publisher":"http:\/\/www.facebook.com\/poloforma","og_image":[{"width":1024,"height":1019,"url":"https:\/\/poloforma.hu\/wp-content\/uploads\/2021\/11\/feher_anyas-parna-masolat-1024x1019.png","type":"image\/png"}],"twitter_card":"summary_large_image","twitter_misc":{"Est. reading time":"1 minute"},"schema":{"@context":"https:\/\/schema.org","@graph":[{"@type":"WebPage","@id":"https:\/\/poloforma.hu\/en\/product\/cotton-pillow-30x30cm\/","url":"https:\/\/poloforma.hu\/en\/product\/cotton-pillow-30x30cm\/","name":"Cotton pillow 30x30cm - P\u00f3l\u00f3forma","isPartOf":{"@id":"https:\/\/poloforma.hu\/#website"},"primaryImageOfPage":{"@id":"https:\/\/poloforma.hu\/en\/product\/cotton-pillow-30x30cm\/#primaryimage"},"image":{"@id":"https:\/\/poloforma.hu\/en\/product\/cotton-pillow-30x30cm\/#primaryimage"},"thumbnailUrl":"https:\/\/poloforma.hu\/wp-content\/uploads\/2021\/11\/feher_anyas-parna-masolat.png","datePublished":"2021-11-14T14:13:08+00:00","breadcrumb":{"@id":"https:\/\/poloforma.hu\/en\/product\/cotton-pillow-30x30cm\/#breadcrumb"},"inLanguage":"en-US","potentialAction":[{"@type":"ReadAction","target":["https:\/\/poloforma.hu\/en\/product\/cotton-pillow-30x30cm\/"]}]},{"@type":"ImageObject","inLanguage":"en-US","@id":"https:\/\/poloforma.hu\/en\/product\/cotton-pillow-30x30cm\/#primaryimage","url":"https:\/\/poloforma.hu\/wp-content\/uploads\/2021\/11\/feher_anyas-parna-masolat.png","contentUrl":"https:\/\/poloforma.hu\/wp-content\/uploads\/2021\/11\/feher_anyas-parna-masolat.png","width":2678,"height":2664,"caption":"Kiv\u00e1l\u00f3 min\u0151s\u00e9g\u0171 100% pamut p\u00e1rn\u00e1k egyedi nyomattal"},{"@type":"BreadcrumbList","@id":"https:\/\/poloforma.hu\/en\/product\/cotton-pillow-30x30cm\/#breadcrumb","itemListElement":[{"@type":"ListItem","position":1,"name":"Kezd\u0151lap","item":"https:\/\/poloforma.hu\/en\/"},{"@type":"ListItem","position":2,"name":"Shop","item":"https:\/\/poloforma.hu\/en\/shop\/"},{"@type":"ListItem","position":3,"name":"Other","item":"https:\/\/poloforma.hu\/product-category\/egyeb-en\/?lang=en"},{"@type":"ListItem","position":4,"name":"Pillow","item":"https:\/\/poloforma.hu\/product-category\/pillow\/?lang=en"},{"@type":"ListItem","position":5,"name":"Cotton pillow 30x30cm"}]},{"@type":"WebSite","@id":"https:\/\/poloforma.hu\/#website","url":"https:\/\/poloforma.hu\/","name":"www.poloforma.hu","description":"F\u00e9nyk\u00e9pes p\u00f3l\u00f3, b\u00f6gre, aj\u00e1nd\u00e9kt\u00e1rgy nyomtat\u00e1s, h\u00edmz\u00e9s","publisher":{"@id":"https:\/\/poloforma.hu\/#organization"},"potentialAction":[{"@type":"SearchAction","target":{"@type":"EntryPoint","urlTemplate":"https:\/\/poloforma.hu\/?s={search_term_string}"},"query-input":{"@type":"PropertyValueSpecification","valueRequired":true,"valueName":"search_term_string"}}],"inLanguage":"en-US"},{"@type":"Organization","@id":"https:\/\/poloforma.hu\/#organization","name":"www.poloforma.hu","url":"https:\/\/poloforma.hu\/","logo":{"@type":"ImageObject","inLanguage":"en-US","@id":"https:\/\/poloforma.hu\/#\/schema\/logo\/image\/","url":"https:\/\/poloforma.hu\/wp-content\/uploads\/2022\/08\/favikon.png","contentUrl":"https:\/\/poloforma.hu\/wp-content\/uploads\/2022\/08\/favikon.png","width":1794,"height":1639,"caption":"www.poloforma.hu"},"image":{"@id":"https:\/\/poloforma.hu\/#\/schema\/logo\/image\/"},"sameAs":["http:\/\/www.facebook.com\/poloforma","http:\/\/www.instagram.com\/poloparadicsom"]}]}},"_links":{"self":[{"href":"https:\/\/poloforma.hu\/en\/wp-json\/wp\/v2\/product\/23847","targetHints":{"allow":["GET"]}}],"collection":[{"href":"https:\/\/poloforma.hu\/en\/wp-json\/wp\/v2\/product"}],"about":[{"href":"https:\/\/poloforma.hu\/en\/wp-json\/wp\/v2\/types\/product"}],"replies":[{"embeddable":true,"href":"https:\/\/poloforma.hu\/en\/wp-json\/wp\/v2\/comments?post=23847"}],"wp:featuredmedia":[{"embeddable":true,"href":"https:\/\/poloforma.hu\/en\/wp-json\/wp\/v2\/media\/3247"}],"wp:attachment":[{"href":"https:\/\/poloforma.hu\/en\/wp-json\/wp\/v2\/media?parent=23847"}],"wp:term":[{"taxonomy":"product_brand","embeddable":true,"href":"https:\/\/poloforma.hu\/en\/wp-json\/wp\/v2\/product_brand?post=23847"},{"taxonomy":"product_cat","embeddable":true,"href":"https:\/\/poloforma.hu\/en\/wp-json\/wp\/v2\/product_cat?post=23847"},{"taxonomy":"product_tag","embeddable":true,"href":"https:\/\/poloforma.hu\/en\/wp-json\/wp\/v2\/product_tag?post=23847"}],"curies":[{"name":"wp","href":"https:\/\/api.w.org\/{rel}","templated":true}]}}