{"id":23846,"date":"2021-11-16T11:27:48","date_gmt":"2021-11-16T11:27:48","guid":{"rendered":"https:\/\/poloforma.hu\/termek\/rectangular-clock\/"},"modified":"2022-08-19T18:06:58","modified_gmt":"2022-08-19T16:06:58","slug":"rectangular-clock","status":"publish","type":"product","link":"https:\/\/poloforma.hu\/en\/product\/rectangular-clock\/","title":{"rendered":"Rectangular clock"},"content":{"rendered":"<p><strong>Rectangular clock<\/strong> &#8211; suits many styles!<\/p>\n<p>Print a high quality, affordable, rectangular clock, with your idea &#8211; a stylish gift in a short time!<\/p>\n<p>The first examples of rectangular clocks appeared in the first half of the twentieth century with the arrival of the Art Deco style. With its slight curves and straight lines, Art Deco has gone out of favour to some degree, but the rectangular clocks have stuck around, suiting modern interior design and architectural styles in the same way as they once did Art deco.<\/p>\n<p>Our printed rectangular clocks give you the opportunity to create a gift that will surprise not only your loved ones or friends, but also yourself and even your business partners! The watch movements are of high quality, made by Tiko Time and Merion, which is why they come with a one-year warranty. With our high quality print work the finished  product is a truly aesthetic piece.<\/p>\n<p>If you are interested and would like to buy a unique gift in rectangular clock printing, place your order with just a few clicks!\t\t\t\t\t\t\t\t<\/p>\n","protected":false},"excerpt":{"rendered":"<p>Rectangular clock &#8211; suits many styles! Print a high quality, affordable, rectangular clock, with your idea &#8211; a stylish gift in a short time! The first examples of rectangular clocks appeared in the first half of the twentieth century with the arrival of the Art Deco style. With its slight curves and straight lines, Art [&hellip;]<\/p>\n","protected":false},"featured_media":3899,"comment_status":"closed","ping_status":"closed","template":"","meta":{"_acf_changed":false,"inline_featured_image":false},"product_brand":[],"product_cat":[172,155],"product_tag":[],"class_list":{"0":"post-23846","1":"product","2":"type-product","3":"status-publish","4":"has-post-thumbnail","6":"product_cat-clock-2","7":"product_cat-other","9":"first","10":"instock","11":"shipping-taxable","12":"purchasable","13":"product-type-simple"},"acf":[],"yoast_head":"<!-- This site is optimized with the Yoast SEO Premium plugin v27.2 (Yoast SEO v27.2) - https:\/\/yoast.com\/product\/yoast-seo-premium-wordpress\/ -->\n<title>Rectangular clock - P\u00f3l\u00f3forma<\/title>\n<meta name=\"robots\" content=\"index, follow, max-snippet:-1, max-image-preview:large, max-video-preview:-1\" \/>\n<link rel=\"canonical\" href=\"https:\/\/poloforma.hu\/en\/product\/rectangular-clock\/\" \/>\n<meta property=\"og:locale\" content=\"en_US\" \/>\n<meta property=\"og:type\" content=\"article\" \/>\n<meta property=\"og:title\" content=\"Rectangular clock\" \/>\n<meta property=\"og:description\" content=\"Rectangular clock &#8211; suits many styles! Print a high quality, affordable, rectangular clock, with your idea &#8211; a stylish gift in a short time! The first examples of rectangular clocks appeared in the first half of the twentieth century with the arrival of the Art Deco style. With its slight curves and straight lines, Art [&hellip;]\" \/>\n<meta property=\"og:url\" content=\"https:\/\/poloforma.hu\/en\/product\/rectangular-clock\/\" \/>\n<meta property=\"og:site_name\" content=\"P\u00f3l\u00f3forma\" \/>\n<meta property=\"article:publisher\" content=\"http:\/\/www.facebook.com\/poloforma\" \/>\n<meta property=\"article:modified_time\" content=\"2022-08-19T16:06:58+00:00\" \/>\n<meta property=\"og:image\" content=\"https:\/\/poloforma.hu\/wp-content\/uploads\/2021\/11\/barna-2-1.png\" \/>\n\t<meta property=\"og:image:width\" content=\"2362\" \/>\n\t<meta property=\"og:image:height\" content=\"2664\" \/>\n\t<meta property=\"og:image:type\" content=\"image\/png\" \/>\n<meta name=\"twitter:card\" content=\"summary_large_image\" \/>\n<meta name=\"twitter:label1\" content=\"Est. reading time\" \/>\n\t<meta name=\"twitter:data1\" content=\"1 minute\" \/>\n<script type=\"application\/ld+json\" class=\"yoast-schema-graph\">{\"@context\":\"https:\/\/schema.org\",\"@graph\":[{\"@type\":\"WebPage\",\"@id\":\"https:\/\/poloforma.hu\/en\/product\/rectangular-clock\/\",\"url\":\"https:\/\/poloforma.hu\/en\/product\/rectangular-clock\/\",\"name\":\"Rectangular clock - P\u00f3l\u00f3forma\",\"isPartOf\":{\"@id\":\"https:\/\/poloforma.hu\/#website\"},\"primaryImageOfPage\":{\"@id\":\"https:\/\/poloforma.hu\/en\/product\/rectangular-clock\/#primaryimage\"},\"image\":{\"@id\":\"https:\/\/poloforma.hu\/en\/product\/rectangular-clock\/#primaryimage\"},\"thumbnailUrl\":\"https:\/\/poloforma.hu\/wp-content\/uploads\/2021\/11\/barna-2-1.png\",\"datePublished\":\"2021-11-16T11:27:48+00:00\",\"dateModified\":\"2022-08-19T16:06:58+00:00\",\"breadcrumb\":{\"@id\":\"https:\/\/poloforma.hu\/en\/product\/rectangular-clock\/#breadcrumb\"},\"inLanguage\":\"en-US\",\"potentialAction\":[{\"@type\":\"ReadAction\",\"target\":[\"https:\/\/poloforma.hu\/en\/product\/rectangular-clock\/\"]}]},{\"@type\":\"ImageObject\",\"inLanguage\":\"en-US\",\"@id\":\"https:\/\/poloforma.hu\/en\/product\/rectangular-clock\/#primaryimage\",\"url\":\"https:\/\/poloforma.hu\/wp-content\/uploads\/2021\/11\/barna-2-1.png\",\"contentUrl\":\"https:\/\/poloforma.hu\/wp-content\/uploads\/2021\/11\/barna-2-1.png\",\"width\":2362,\"height\":2664},{\"@type\":\"BreadcrumbList\",\"@id\":\"https:\/\/poloforma.hu\/en\/product\/rectangular-clock\/#breadcrumb\",\"itemListElement\":[{\"@type\":\"ListItem\",\"position\":1,\"name\":\"Kezd\u0151lap\",\"item\":\"https:\/\/poloforma.hu\/en\/\"},{\"@type\":\"ListItem\",\"position\":2,\"name\":\"Shop\",\"item\":\"https:\/\/poloforma.hu\/en\/shop\/\"},{\"@type\":\"ListItem\",\"position\":3,\"name\":\"Other\",\"item\":\"https:\/\/poloforma.hu\/product-category\/egyeb-en\/?lang=en\"},{\"@type\":\"ListItem\",\"position\":4,\"name\":\"Clock\",\"item\":\"https:\/\/poloforma.hu\/product-category\/clock-2\/?lang=en\"},{\"@type\":\"ListItem\",\"position\":5,\"name\":\"Rectangular clock\"}]},{\"@type\":\"WebSite\",\"@id\":\"https:\/\/poloforma.hu\/#website\",\"url\":\"https:\/\/poloforma.hu\/\",\"name\":\"www.poloforma.hu\",\"description\":\"F\u00e9nyk\u00e9pes p\u00f3l\u00f3, b\u00f6gre, aj\u00e1nd\u00e9kt\u00e1rgy nyomtat\u00e1s, h\u00edmz\u00e9s\",\"publisher\":{\"@id\":\"https:\/\/poloforma.hu\/#organization\"},\"potentialAction\":[{\"@type\":\"SearchAction\",\"target\":{\"@type\":\"EntryPoint\",\"urlTemplate\":\"https:\/\/poloforma.hu\/?s={search_term_string}\"},\"query-input\":{\"@type\":\"PropertyValueSpecification\",\"valueRequired\":true,\"valueName\":\"search_term_string\"}}],\"inLanguage\":\"en-US\"},{\"@type\":\"Organization\",\"@id\":\"https:\/\/poloforma.hu\/#organization\",\"name\":\"www.poloforma.hu\",\"url\":\"https:\/\/poloforma.hu\/\",\"logo\":{\"@type\":\"ImageObject\",\"inLanguage\":\"en-US\",\"@id\":\"https:\/\/poloforma.hu\/#\/schema\/logo\/image\/\",\"url\":\"https:\/\/poloforma.hu\/wp-content\/uploads\/2022\/08\/favikon.png\",\"contentUrl\":\"https:\/\/poloforma.hu\/wp-content\/uploads\/2022\/08\/favikon.png\",\"width\":1794,\"height\":1639,\"caption\":\"www.poloforma.hu\"},\"image\":{\"@id\":\"https:\/\/poloforma.hu\/#\/schema\/logo\/image\/\"},\"sameAs\":[\"http:\/\/www.facebook.com\/poloforma\",\"http:\/\/www.instagram.com\/poloparadicsom\"]}]}<\/script>\n<!-- \/ Yoast SEO Premium plugin. -->","yoast_head_json":{"title":"Rectangular clock - P\u00f3l\u00f3forma","robots":{"index":"index","follow":"follow","max-snippet":"max-snippet:-1","max-image-preview":"max-image-preview:large","max-video-preview":"max-video-preview:-1"},"canonical":"https:\/\/poloforma.hu\/en\/product\/rectangular-clock\/","og_locale":"en_US","og_type":"article","og_title":"Rectangular clock","og_description":"Rectangular clock &#8211; suits many styles! Print a high quality, affordable, rectangular clock, with your idea &#8211; a stylish gift in a short time! The first examples of rectangular clocks appeared in the first half of the twentieth century with the arrival of the Art Deco style. With its slight curves and straight lines, Art [&hellip;]","og_url":"https:\/\/poloforma.hu\/en\/product\/rectangular-clock\/","og_site_name":"P\u00f3l\u00f3forma","article_publisher":"http:\/\/www.facebook.com\/poloforma","article_modified_time":"2022-08-19T16:06:58+00:00","og_image":[{"width":2362,"height":2664,"url":"https:\/\/poloforma.hu\/wp-content\/uploads\/2021\/11\/barna-2-1.png","type":"image\/png"}],"twitter_card":"summary_large_image","twitter_misc":{"Est. reading time":"1 minute"},"schema":{"@context":"https:\/\/schema.org","@graph":[{"@type":"WebPage","@id":"https:\/\/poloforma.hu\/en\/product\/rectangular-clock\/","url":"https:\/\/poloforma.hu\/en\/product\/rectangular-clock\/","name":"Rectangular clock - P\u00f3l\u00f3forma","isPartOf":{"@id":"https:\/\/poloforma.hu\/#website"},"primaryImageOfPage":{"@id":"https:\/\/poloforma.hu\/en\/product\/rectangular-clock\/#primaryimage"},"image":{"@id":"https:\/\/poloforma.hu\/en\/product\/rectangular-clock\/#primaryimage"},"thumbnailUrl":"https:\/\/poloforma.hu\/wp-content\/uploads\/2021\/11\/barna-2-1.png","datePublished":"2021-11-16T11:27:48+00:00","dateModified":"2022-08-19T16:06:58+00:00","breadcrumb":{"@id":"https:\/\/poloforma.hu\/en\/product\/rectangular-clock\/#breadcrumb"},"inLanguage":"en-US","potentialAction":[{"@type":"ReadAction","target":["https:\/\/poloforma.hu\/en\/product\/rectangular-clock\/"]}]},{"@type":"ImageObject","inLanguage":"en-US","@id":"https:\/\/poloforma.hu\/en\/product\/rectangular-clock\/#primaryimage","url":"https:\/\/poloforma.hu\/wp-content\/uploads\/2021\/11\/barna-2-1.png","contentUrl":"https:\/\/poloforma.hu\/wp-content\/uploads\/2021\/11\/barna-2-1.png","width":2362,"height":2664},{"@type":"BreadcrumbList","@id":"https:\/\/poloforma.hu\/en\/product\/rectangular-clock\/#breadcrumb","itemListElement":[{"@type":"ListItem","position":1,"name":"Kezd\u0151lap","item":"https:\/\/poloforma.hu\/en\/"},{"@type":"ListItem","position":2,"name":"Shop","item":"https:\/\/poloforma.hu\/en\/shop\/"},{"@type":"ListItem","position":3,"name":"Other","item":"https:\/\/poloforma.hu\/product-category\/egyeb-en\/?lang=en"},{"@type":"ListItem","position":4,"name":"Clock","item":"https:\/\/poloforma.hu\/product-category\/clock-2\/?lang=en"},{"@type":"ListItem","position":5,"name":"Rectangular clock"}]},{"@type":"WebSite","@id":"https:\/\/poloforma.hu\/#website","url":"https:\/\/poloforma.hu\/","name":"www.poloforma.hu","description":"F\u00e9nyk\u00e9pes p\u00f3l\u00f3, b\u00f6gre, aj\u00e1nd\u00e9kt\u00e1rgy nyomtat\u00e1s, h\u00edmz\u00e9s","publisher":{"@id":"https:\/\/poloforma.hu\/#organization"},"potentialAction":[{"@type":"SearchAction","target":{"@type":"EntryPoint","urlTemplate":"https:\/\/poloforma.hu\/?s={search_term_string}"},"query-input":{"@type":"PropertyValueSpecification","valueRequired":true,"valueName":"search_term_string"}}],"inLanguage":"en-US"},{"@type":"Organization","@id":"https:\/\/poloforma.hu\/#organization","name":"www.poloforma.hu","url":"https:\/\/poloforma.hu\/","logo":{"@type":"ImageObject","inLanguage":"en-US","@id":"https:\/\/poloforma.hu\/#\/schema\/logo\/image\/","url":"https:\/\/poloforma.hu\/wp-content\/uploads\/2022\/08\/favikon.png","contentUrl":"https:\/\/poloforma.hu\/wp-content\/uploads\/2022\/08\/favikon.png","width":1794,"height":1639,"caption":"www.poloforma.hu"},"image":{"@id":"https:\/\/poloforma.hu\/#\/schema\/logo\/image\/"},"sameAs":["http:\/\/www.facebook.com\/poloforma","http:\/\/www.instagram.com\/poloparadicsom"]}]}},"_links":{"self":[{"href":"https:\/\/poloforma.hu\/en\/wp-json\/wp\/v2\/product\/23846","targetHints":{"allow":["GET"]}}],"collection":[{"href":"https:\/\/poloforma.hu\/en\/wp-json\/wp\/v2\/product"}],"about":[{"href":"https:\/\/poloforma.hu\/en\/wp-json\/wp\/v2\/types\/product"}],"replies":[{"embeddable":true,"href":"https:\/\/poloforma.hu\/en\/wp-json\/wp\/v2\/comments?post=23846"}],"wp:featuredmedia":[{"embeddable":true,"href":"https:\/\/poloforma.hu\/en\/wp-json\/wp\/v2\/media\/3899"}],"wp:attachment":[{"href":"https:\/\/poloforma.hu\/en\/wp-json\/wp\/v2\/media?parent=23846"}],"wp:term":[{"taxonomy":"product_brand","embeddable":true,"href":"https:\/\/poloforma.hu\/en\/wp-json\/wp\/v2\/product_brand?post=23846"},{"taxonomy":"product_cat","embeddable":true,"href":"https:\/\/poloforma.hu\/en\/wp-json\/wp\/v2\/product_cat?post=23846"},{"taxonomy":"product_tag","embeddable":true,"href":"https:\/\/poloforma.hu\/en\/wp-json\/wp\/v2\/product_tag?post=23846"}],"curies":[{"name":"wp","href":"https:\/\/api.w.org\/{rel}","templated":true}]}}