{"id":23838,"date":"2022-03-15T19:48:14","date_gmt":"2022-03-15T19:48:14","guid":{"rendered":"https:\/\/poloforma.hu\/termek\/christmas-tree-decorations\/"},"modified":"2022-03-15T19:48:14","modified_gmt":"2022-03-15T18:48:14","slug":"christmas-tree-decorations","status":"publish","type":"product","link":"https:\/\/poloforma.hu\/en\/product\/christmas-tree-decorations\/","title":{"rendered":"Christmas tree decorations"},"content":{"rendered":"<p><strong>Christmas tree decorations<\/strong> &#8211; it&#8217;s no holiday without them!<\/p>\n<p>Unique, high quality, affordable, printed Christmas tree decorations personalised with your images &#8211; celebrate the holiday with unique decorations!<\/p>\n<p>Christmas is a holiday, but without a Christmas tree&#8217;s decorations, it\u2019s just a pine that was brought into the room for some reason! Decorating styles are constantly changing, but one thing is for sure &#8211; if the decorations on the Christmas tree are unique and special, the season&#8217;s vibe is on!<\/p>\n<p>Let us help you adorn that pine full of unique ornaments specific to you and your family. We will put a photo on each piece. So the tree becomes a reflection of the whole year, where each decoration evokes a memory. The ornaments are 8 cm in diameter and the image placed on them can be up to 5 x 5 cm.<\/p>\n<p>If you are interested and would like to make the holiday season special with the help of personalised Christmas tree decorations, place your order with just a few clicks!<\/p>\n","protected":false},"excerpt":{"rendered":"<p>Christmas tree decorations &#8211; it&#8217;s no holiday without them! Unique, high quality, affordable, printed Christmas tree decorations personalised with your images &#8211; celebrate the holiday with unique decorations! Christmas is a holiday, but without a Christmas tree&#8217;s decorations, it\u2019s just a pine that was brought into the room for some reason! Decorating styles are constantly [&hellip;]<\/p>\n","protected":false},"featured_media":7519,"comment_status":"closed","ping_status":"closed","template":"","meta":{"_acf_changed":false,"inline_featured_image":false},"product_brand":[],"product_cat":[182],"product_tag":[],"class_list":{"0":"post-23838","1":"product","2":"type-product","3":"status-publish","4":"has-post-thumbnail","6":"product_cat-christmas-tree-decoration","8":"first","9":"instock","10":"shipping-taxable","11":"purchasable","12":"product-type-simple"},"acf":[],"yoast_head":"<!-- This site is optimized with the Yoast SEO Premium plugin v27.2 (Yoast SEO v27.2) - https:\/\/yoast.com\/product\/yoast-seo-premium-wordpress\/ -->\n<title>Christmas tree decorations - P\u00f3l\u00f3forma<\/title>\n<meta name=\"robots\" content=\"index, follow, max-snippet:-1, max-image-preview:large, max-video-preview:-1\" \/>\n<link rel=\"canonical\" href=\"https:\/\/poloforma.hu\/en\/product\/christmas-tree-decorations\/\" \/>\n<meta property=\"og:locale\" content=\"en_US\" \/>\n<meta property=\"og:type\" content=\"article\" \/>\n<meta property=\"og:title\" content=\"Christmas tree decorations\" \/>\n<meta property=\"og:description\" content=\"Christmas tree decorations &#8211; it&#8217;s no holiday without them! Unique, high quality, affordable, printed Christmas tree decorations personalised with your images &#8211; celebrate the holiday with unique decorations! Christmas is a holiday, but without a Christmas tree&#8217;s decorations, it\u2019s just a pine that was brought into the room for some reason! Decorating styles are constantly [&hellip;]\" \/>\n<meta property=\"og:url\" content=\"https:\/\/poloforma.hu\/en\/product\/christmas-tree-decorations\/\" \/>\n<meta property=\"og:site_name\" content=\"P\u00f3l\u00f3forma\" \/>\n<meta property=\"article:publisher\" content=\"http:\/\/www.facebook.com\/poloforma\" \/>\n<meta property=\"og:image\" content=\"https:\/\/poloforma.hu\/wp-content\/uploads\/2022\/03\/piros-1024x938.png\" \/>\n\t<meta property=\"og:image:width\" content=\"1024\" \/>\n\t<meta property=\"og:image:height\" content=\"938\" \/>\n\t<meta property=\"og:image:type\" content=\"image\/png\" \/>\n<meta name=\"twitter:card\" content=\"summary_large_image\" \/>\n<meta name=\"twitter:label1\" content=\"Est. reading time\" \/>\n\t<meta name=\"twitter:data1\" content=\"1 minute\" \/>\n<script type=\"application\/ld+json\" class=\"yoast-schema-graph\">{\"@context\":\"https:\/\/schema.org\",\"@graph\":[{\"@type\":\"WebPage\",\"@id\":\"https:\/\/poloforma.hu\/en\/product\/christmas-tree-decorations\/\",\"url\":\"https:\/\/poloforma.hu\/en\/product\/christmas-tree-decorations\/\",\"name\":\"Christmas tree decorations - P\u00f3l\u00f3forma\",\"isPartOf\":{\"@id\":\"https:\/\/poloforma.hu\/#website\"},\"primaryImageOfPage\":{\"@id\":\"https:\/\/poloforma.hu\/en\/product\/christmas-tree-decorations\/#primaryimage\"},\"image\":{\"@id\":\"https:\/\/poloforma.hu\/en\/product\/christmas-tree-decorations\/#primaryimage\"},\"thumbnailUrl\":\"https:\/\/poloforma.hu\/wp-content\/uploads\/2022\/03\/piros.png\",\"datePublished\":\"2022-03-15T19:48:14+00:00\",\"breadcrumb\":{\"@id\":\"https:\/\/poloforma.hu\/en\/product\/christmas-tree-decorations\/#breadcrumb\"},\"inLanguage\":\"en-US\",\"potentialAction\":[{\"@type\":\"ReadAction\",\"target\":[\"https:\/\/poloforma.hu\/en\/product\/christmas-tree-decorations\/\"]}]},{\"@type\":\"ImageObject\",\"inLanguage\":\"en-US\",\"@id\":\"https:\/\/poloforma.hu\/en\/product\/christmas-tree-decorations\/#primaryimage\",\"url\":\"https:\/\/poloforma.hu\/wp-content\/uploads\/2022\/03\/piros.png\",\"contentUrl\":\"https:\/\/poloforma.hu\/wp-content\/uploads\/2022\/03\/piros.png\",\"width\":2480,\"height\":2271},{\"@type\":\"BreadcrumbList\",\"@id\":\"https:\/\/poloforma.hu\/en\/product\/christmas-tree-decorations\/#breadcrumb\",\"itemListElement\":[{\"@type\":\"ListItem\",\"position\":1,\"name\":\"Kezd\u0151lap\",\"item\":\"https:\/\/poloforma.hu\/en\/\"},{\"@type\":\"ListItem\",\"position\":2,\"name\":\"Shop\",\"item\":\"https:\/\/poloforma.hu\/en\/shop\/\"},{\"@type\":\"ListItem\",\"position\":3,\"name\":\"Other\",\"item\":\"https:\/\/poloforma.hu\/product-category\/egyeb-en\/?lang=en\"},{\"@type\":\"ListItem\",\"position\":4,\"name\":\"Christmas tree decoration\",\"item\":\"https:\/\/poloforma.hu\/product-category\/christmas-tree-decoration\/?lang=en\"},{\"@type\":\"ListItem\",\"position\":5,\"name\":\"Christmas tree decorations\"}]},{\"@type\":\"WebSite\",\"@id\":\"https:\/\/poloforma.hu\/#website\",\"url\":\"https:\/\/poloforma.hu\/\",\"name\":\"www.poloforma.hu\",\"description\":\"F\u00e9nyk\u00e9pes p\u00f3l\u00f3, b\u00f6gre, aj\u00e1nd\u00e9kt\u00e1rgy nyomtat\u00e1s, h\u00edmz\u00e9s\",\"publisher\":{\"@id\":\"https:\/\/poloforma.hu\/#organization\"},\"potentialAction\":[{\"@type\":\"SearchAction\",\"target\":{\"@type\":\"EntryPoint\",\"urlTemplate\":\"https:\/\/poloforma.hu\/?s={search_term_string}\"},\"query-input\":{\"@type\":\"PropertyValueSpecification\",\"valueRequired\":true,\"valueName\":\"search_term_string\"}}],\"inLanguage\":\"en-US\"},{\"@type\":\"Organization\",\"@id\":\"https:\/\/poloforma.hu\/#organization\",\"name\":\"www.poloforma.hu\",\"url\":\"https:\/\/poloforma.hu\/\",\"logo\":{\"@type\":\"ImageObject\",\"inLanguage\":\"en-US\",\"@id\":\"https:\/\/poloforma.hu\/#\/schema\/logo\/image\/\",\"url\":\"https:\/\/poloforma.hu\/wp-content\/uploads\/2022\/08\/favikon.png\",\"contentUrl\":\"https:\/\/poloforma.hu\/wp-content\/uploads\/2022\/08\/favikon.png\",\"width\":1794,\"height\":1639,\"caption\":\"www.poloforma.hu\"},\"image\":{\"@id\":\"https:\/\/poloforma.hu\/#\/schema\/logo\/image\/\"},\"sameAs\":[\"http:\/\/www.facebook.com\/poloforma\",\"http:\/\/www.instagram.com\/poloparadicsom\"]}]}<\/script>\n<!-- \/ Yoast SEO Premium plugin. -->","yoast_head_json":{"title":"Christmas tree decorations - P\u00f3l\u00f3forma","robots":{"index":"index","follow":"follow","max-snippet":"max-snippet:-1","max-image-preview":"max-image-preview:large","max-video-preview":"max-video-preview:-1"},"canonical":"https:\/\/poloforma.hu\/en\/product\/christmas-tree-decorations\/","og_locale":"en_US","og_type":"article","og_title":"Christmas tree decorations","og_description":"Christmas tree decorations &#8211; it&#8217;s no holiday without them! Unique, high quality, affordable, printed Christmas tree decorations personalised with your images &#8211; celebrate the holiday with unique decorations! Christmas is a holiday, but without a Christmas tree&#8217;s decorations, it\u2019s just a pine that was brought into the room for some reason! Decorating styles are constantly [&hellip;]","og_url":"https:\/\/poloforma.hu\/en\/product\/christmas-tree-decorations\/","og_site_name":"P\u00f3l\u00f3forma","article_publisher":"http:\/\/www.facebook.com\/poloforma","og_image":[{"width":1024,"height":938,"url":"https:\/\/poloforma.hu\/wp-content\/uploads\/2022\/03\/piros-1024x938.png","type":"image\/png"}],"twitter_card":"summary_large_image","twitter_misc":{"Est. reading time":"1 minute"},"schema":{"@context":"https:\/\/schema.org","@graph":[{"@type":"WebPage","@id":"https:\/\/poloforma.hu\/en\/product\/christmas-tree-decorations\/","url":"https:\/\/poloforma.hu\/en\/product\/christmas-tree-decorations\/","name":"Christmas tree decorations - P\u00f3l\u00f3forma","isPartOf":{"@id":"https:\/\/poloforma.hu\/#website"},"primaryImageOfPage":{"@id":"https:\/\/poloforma.hu\/en\/product\/christmas-tree-decorations\/#primaryimage"},"image":{"@id":"https:\/\/poloforma.hu\/en\/product\/christmas-tree-decorations\/#primaryimage"},"thumbnailUrl":"https:\/\/poloforma.hu\/wp-content\/uploads\/2022\/03\/piros.png","datePublished":"2022-03-15T19:48:14+00:00","breadcrumb":{"@id":"https:\/\/poloforma.hu\/en\/product\/christmas-tree-decorations\/#breadcrumb"},"inLanguage":"en-US","potentialAction":[{"@type":"ReadAction","target":["https:\/\/poloforma.hu\/en\/product\/christmas-tree-decorations\/"]}]},{"@type":"ImageObject","inLanguage":"en-US","@id":"https:\/\/poloforma.hu\/en\/product\/christmas-tree-decorations\/#primaryimage","url":"https:\/\/poloforma.hu\/wp-content\/uploads\/2022\/03\/piros.png","contentUrl":"https:\/\/poloforma.hu\/wp-content\/uploads\/2022\/03\/piros.png","width":2480,"height":2271},{"@type":"BreadcrumbList","@id":"https:\/\/poloforma.hu\/en\/product\/christmas-tree-decorations\/#breadcrumb","itemListElement":[{"@type":"ListItem","position":1,"name":"Kezd\u0151lap","item":"https:\/\/poloforma.hu\/en\/"},{"@type":"ListItem","position":2,"name":"Shop","item":"https:\/\/poloforma.hu\/en\/shop\/"},{"@type":"ListItem","position":3,"name":"Other","item":"https:\/\/poloforma.hu\/product-category\/egyeb-en\/?lang=en"},{"@type":"ListItem","position":4,"name":"Christmas tree decoration","item":"https:\/\/poloforma.hu\/product-category\/christmas-tree-decoration\/?lang=en"},{"@type":"ListItem","position":5,"name":"Christmas tree decorations"}]},{"@type":"WebSite","@id":"https:\/\/poloforma.hu\/#website","url":"https:\/\/poloforma.hu\/","name":"www.poloforma.hu","description":"F\u00e9nyk\u00e9pes p\u00f3l\u00f3, b\u00f6gre, aj\u00e1nd\u00e9kt\u00e1rgy nyomtat\u00e1s, h\u00edmz\u00e9s","publisher":{"@id":"https:\/\/poloforma.hu\/#organization"},"potentialAction":[{"@type":"SearchAction","target":{"@type":"EntryPoint","urlTemplate":"https:\/\/poloforma.hu\/?s={search_term_string}"},"query-input":{"@type":"PropertyValueSpecification","valueRequired":true,"valueName":"search_term_string"}}],"inLanguage":"en-US"},{"@type":"Organization","@id":"https:\/\/poloforma.hu\/#organization","name":"www.poloforma.hu","url":"https:\/\/poloforma.hu\/","logo":{"@type":"ImageObject","inLanguage":"en-US","@id":"https:\/\/poloforma.hu\/#\/schema\/logo\/image\/","url":"https:\/\/poloforma.hu\/wp-content\/uploads\/2022\/08\/favikon.png","contentUrl":"https:\/\/poloforma.hu\/wp-content\/uploads\/2022\/08\/favikon.png","width":1794,"height":1639,"caption":"www.poloforma.hu"},"image":{"@id":"https:\/\/poloforma.hu\/#\/schema\/logo\/image\/"},"sameAs":["http:\/\/www.facebook.com\/poloforma","http:\/\/www.instagram.com\/poloparadicsom"]}]}},"_links":{"self":[{"href":"https:\/\/poloforma.hu\/en\/wp-json\/wp\/v2\/product\/23838","targetHints":{"allow":["GET"]}}],"collection":[{"href":"https:\/\/poloforma.hu\/en\/wp-json\/wp\/v2\/product"}],"about":[{"href":"https:\/\/poloforma.hu\/en\/wp-json\/wp\/v2\/types\/product"}],"replies":[{"embeddable":true,"href":"https:\/\/poloforma.hu\/en\/wp-json\/wp\/v2\/comments?post=23838"}],"wp:featuredmedia":[{"embeddable":true,"href":"https:\/\/poloforma.hu\/en\/wp-json\/wp\/v2\/media\/7519"}],"wp:attachment":[{"href":"https:\/\/poloforma.hu\/en\/wp-json\/wp\/v2\/media?parent=23838"}],"wp:term":[{"taxonomy":"product_brand","embeddable":true,"href":"https:\/\/poloforma.hu\/en\/wp-json\/wp\/v2\/product_brand?post=23838"},{"taxonomy":"product_cat","embeddable":true,"href":"https:\/\/poloforma.hu\/en\/wp-json\/wp\/v2\/product_cat?post=23838"},{"taxonomy":"product_tag","embeddable":true,"href":"https:\/\/poloforma.hu\/en\/wp-json\/wp\/v2\/product_tag?post=23838"}],"curies":[{"name":"wp","href":"https:\/\/api.w.org\/{rel}","templated":true}]}}