{"id":23829,"date":"2022-03-16T10:46:54","date_gmt":"2022-03-16T10:46:54","guid":{"rendered":"https:\/\/poloforma.hu\/termek\/plate-magnet-rectangle-shaped\/"},"modified":"2022-03-16T10:46:54","modified_gmt":"2022-03-16T09:46:54","slug":"plate-magnet-rectangle-shaped","status":"publish","type":"product","link":"https:\/\/poloforma.hu\/en\/product\/plate-magnet-rectangle-shaped\/","title":{"rendered":"Plate magnet &#8211; rectangle shaped"},"content":{"rendered":"<p><strong>Plate magnet<\/strong> &#8211; simple design, maximum effect<\/p>\n<p>Print high quality, affordable plate magnets with your imagery &#8211; order a gift that anyone would appreciate!<\/p>\n<p>Plate magnets can be found on the door of almost every refrigerator, as they are decorative and break up the otherwise fairly monotonous front. That\u2019s why they\u2019re also great as gifts, especially if you order them with a photo that\u2019s specific to the person. Or with your company logo on them, they\u2019re also perfect as a promotional gift.<\/p>\n<p>We offer several plate magnets, in different shapes and sizes. The rectangular fridge magnet is 6.5 x 9 cm, the square fridge magnet is 9.5 x 9.5 cm, the heart fridge magnet is 10 x 9.5 cm and the circular fridge magnet is 9.5 x 9.5 cm. High quality and at a reasonable price, so you can get them in larger quantities should you so desire!<\/p>\n<p>If you would like to order plate magnet printing, buy from our online store easily with just a few clicks!\t\t\t\t\t\t\t\t<\/p>\n","protected":false},"excerpt":{"rendered":"<p>Plate magnet &#8211; simple design, maximum effect Print high quality, affordable plate magnets with your imagery &#8211; order a gift that anyone would appreciate! Plate magnets can be found on the door of almost every refrigerator, as they are decorative and break up the otherwise fairly monotonous front. That\u2019s why they\u2019re also great as gifts, [&hellip;]<\/p>\n","protected":false},"featured_media":13572,"comment_status":"closed","ping_status":"closed","template":"","meta":{"_acf_changed":false,"inline_featured_image":false},"product_brand":[],"product_cat":[180],"product_tag":[],"class_list":{"0":"post-23829","1":"product","2":"type-product","3":"status-publish","4":"has-post-thumbnail","6":"product_cat-magnet","8":"first","9":"instock","10":"shipping-taxable","11":"purchasable","12":"product-type-simple"},"acf":[],"yoast_head":"<!-- This site is optimized with the Yoast SEO Premium plugin v27.2 (Yoast SEO v27.2) - https:\/\/yoast.com\/product\/yoast-seo-premium-wordpress\/ -->\n<title>Plate magnet - rectangle shaped - P\u00f3l\u00f3forma<\/title>\n<meta name=\"robots\" content=\"index, follow, max-snippet:-1, max-image-preview:large, max-video-preview:-1\" \/>\n<link rel=\"canonical\" href=\"https:\/\/poloforma.hu\/en\/product\/plate-magnet-rectangle-shaped\/\" \/>\n<meta property=\"og:locale\" content=\"en_US\" \/>\n<meta property=\"og:type\" content=\"article\" \/>\n<meta property=\"og:title\" content=\"Plate magnet - rectangle shaped\" \/>\n<meta property=\"og:description\" content=\"Plate magnet &#8211; simple design, maximum effect Print high quality, affordable plate magnets with your imagery &#8211; order a gift that anyone would appreciate! Plate magnets can be found on the door of almost every refrigerator, as they are decorative and break up the otherwise fairly monotonous front. That\u2019s why they\u2019re also great as gifts, [&hellip;]\" \/>\n<meta property=\"og:url\" content=\"https:\/\/poloforma.hu\/en\/product\/plate-magnet-rectangle-shaped\/\" \/>\n<meta property=\"og:site_name\" content=\"P\u00f3l\u00f3forma\" \/>\n<meta property=\"article:publisher\" content=\"http:\/\/www.facebook.com\/poloforma\" \/>\n<meta property=\"og:image\" content=\"https:\/\/poloforma.hu\/wp-content\/uploads\/2022\/03\/Hutomagnes_-mintakep-1024x768.jpg\" \/>\n\t<meta property=\"og:image:width\" content=\"1024\" \/>\n\t<meta property=\"og:image:height\" content=\"768\" \/>\n\t<meta property=\"og:image:type\" content=\"image\/jpeg\" \/>\n<meta name=\"twitter:card\" content=\"summary_large_image\" \/>\n<meta name=\"twitter:label1\" content=\"Est. reading time\" \/>\n\t<meta name=\"twitter:data1\" content=\"1 minute\" \/>\n<script type=\"application\/ld+json\" class=\"yoast-schema-graph\">{\"@context\":\"https:\/\/schema.org\",\"@graph\":[{\"@type\":\"WebPage\",\"@id\":\"https:\/\/poloforma.hu\/en\/product\/plate-magnet-rectangle-shaped\/\",\"url\":\"https:\/\/poloforma.hu\/en\/product\/plate-magnet-rectangle-shaped\/\",\"name\":\"Plate magnet - rectangle shaped - P\u00f3l\u00f3forma\",\"isPartOf\":{\"@id\":\"https:\/\/poloforma.hu\/#website\"},\"primaryImageOfPage\":{\"@id\":\"https:\/\/poloforma.hu\/en\/product\/plate-magnet-rectangle-shaped\/#primaryimage\"},\"image\":{\"@id\":\"https:\/\/poloforma.hu\/en\/product\/plate-magnet-rectangle-shaped\/#primaryimage\"},\"thumbnailUrl\":\"https:\/\/poloforma.hu\/wp-content\/uploads\/2022\/03\/Hutomagnes_-mintakep.jpg\",\"datePublished\":\"2022-03-16T10:46:54+00:00\",\"breadcrumb\":{\"@id\":\"https:\/\/poloforma.hu\/en\/product\/plate-magnet-rectangle-shaped\/#breadcrumb\"},\"inLanguage\":\"en-US\",\"potentialAction\":[{\"@type\":\"ReadAction\",\"target\":[\"https:\/\/poloforma.hu\/en\/product\/plate-magnet-rectangle-shaped\/\"]}]},{\"@type\":\"ImageObject\",\"inLanguage\":\"en-US\",\"@id\":\"https:\/\/poloforma.hu\/en\/product\/plate-magnet-rectangle-shaped\/#primaryimage\",\"url\":\"https:\/\/poloforma.hu\/wp-content\/uploads\/2022\/03\/Hutomagnes_-mintakep.jpg\",\"contentUrl\":\"https:\/\/poloforma.hu\/wp-content\/uploads\/2022\/03\/Hutomagnes_-mintakep.jpg\",\"width\":3543,\"height\":2657,\"caption\":\"3d rendering empty notes on red refrigerator\"},{\"@type\":\"BreadcrumbList\",\"@id\":\"https:\/\/poloforma.hu\/en\/product\/plate-magnet-rectangle-shaped\/#breadcrumb\",\"itemListElement\":[{\"@type\":\"ListItem\",\"position\":1,\"name\":\"Kezd\u0151lap\",\"item\":\"https:\/\/poloforma.hu\/en\/\"},{\"@type\":\"ListItem\",\"position\":2,\"name\":\"Shop\",\"item\":\"https:\/\/poloforma.hu\/en\/shop\/\"},{\"@type\":\"ListItem\",\"position\":3,\"name\":\"Other\",\"item\":\"https:\/\/poloforma.hu\/product-category\/egyeb-en\/?lang=en\"},{\"@type\":\"ListItem\",\"position\":4,\"name\":\"Magnet\",\"item\":\"https:\/\/poloforma.hu\/product-category\/magnet\/?lang=en\"},{\"@type\":\"ListItem\",\"position\":5,\"name\":\"Plate magnet &#8211; rectangle shaped\"}]},{\"@type\":\"WebSite\",\"@id\":\"https:\/\/poloforma.hu\/#website\",\"url\":\"https:\/\/poloforma.hu\/\",\"name\":\"www.poloforma.hu\",\"description\":\"F\u00e9nyk\u00e9pes p\u00f3l\u00f3, b\u00f6gre, aj\u00e1nd\u00e9kt\u00e1rgy nyomtat\u00e1s, h\u00edmz\u00e9s\",\"publisher\":{\"@id\":\"https:\/\/poloforma.hu\/#organization\"},\"potentialAction\":[{\"@type\":\"SearchAction\",\"target\":{\"@type\":\"EntryPoint\",\"urlTemplate\":\"https:\/\/poloforma.hu\/?s={search_term_string}\"},\"query-input\":{\"@type\":\"PropertyValueSpecification\",\"valueRequired\":true,\"valueName\":\"search_term_string\"}}],\"inLanguage\":\"en-US\"},{\"@type\":\"Organization\",\"@id\":\"https:\/\/poloforma.hu\/#organization\",\"name\":\"www.poloforma.hu\",\"url\":\"https:\/\/poloforma.hu\/\",\"logo\":{\"@type\":\"ImageObject\",\"inLanguage\":\"en-US\",\"@id\":\"https:\/\/poloforma.hu\/#\/schema\/logo\/image\/\",\"url\":\"https:\/\/poloforma.hu\/wp-content\/uploads\/2022\/08\/favikon.png\",\"contentUrl\":\"https:\/\/poloforma.hu\/wp-content\/uploads\/2022\/08\/favikon.png\",\"width\":1794,\"height\":1639,\"caption\":\"www.poloforma.hu\"},\"image\":{\"@id\":\"https:\/\/poloforma.hu\/#\/schema\/logo\/image\/\"},\"sameAs\":[\"http:\/\/www.facebook.com\/poloforma\",\"http:\/\/www.instagram.com\/poloparadicsom\"]}]}<\/script>\n<!-- \/ Yoast SEO Premium plugin. -->","yoast_head_json":{"title":"Plate magnet - rectangle shaped - P\u00f3l\u00f3forma","robots":{"index":"index","follow":"follow","max-snippet":"max-snippet:-1","max-image-preview":"max-image-preview:large","max-video-preview":"max-video-preview:-1"},"canonical":"https:\/\/poloforma.hu\/en\/product\/plate-magnet-rectangle-shaped\/","og_locale":"en_US","og_type":"article","og_title":"Plate magnet - rectangle shaped","og_description":"Plate magnet &#8211; simple design, maximum effect Print high quality, affordable plate magnets with your imagery &#8211; order a gift that anyone would appreciate! Plate magnets can be found on the door of almost every refrigerator, as they are decorative and break up the otherwise fairly monotonous front. That\u2019s why they\u2019re also great as gifts, [&hellip;]","og_url":"https:\/\/poloforma.hu\/en\/product\/plate-magnet-rectangle-shaped\/","og_site_name":"P\u00f3l\u00f3forma","article_publisher":"http:\/\/www.facebook.com\/poloforma","og_image":[{"width":1024,"height":768,"url":"https:\/\/poloforma.hu\/wp-content\/uploads\/2022\/03\/Hutomagnes_-mintakep-1024x768.jpg","type":"image\/jpeg"}],"twitter_card":"summary_large_image","twitter_misc":{"Est. reading time":"1 minute"},"schema":{"@context":"https:\/\/schema.org","@graph":[{"@type":"WebPage","@id":"https:\/\/poloforma.hu\/en\/product\/plate-magnet-rectangle-shaped\/","url":"https:\/\/poloforma.hu\/en\/product\/plate-magnet-rectangle-shaped\/","name":"Plate magnet - rectangle shaped - P\u00f3l\u00f3forma","isPartOf":{"@id":"https:\/\/poloforma.hu\/#website"},"primaryImageOfPage":{"@id":"https:\/\/poloforma.hu\/en\/product\/plate-magnet-rectangle-shaped\/#primaryimage"},"image":{"@id":"https:\/\/poloforma.hu\/en\/product\/plate-magnet-rectangle-shaped\/#primaryimage"},"thumbnailUrl":"https:\/\/poloforma.hu\/wp-content\/uploads\/2022\/03\/Hutomagnes_-mintakep.jpg","datePublished":"2022-03-16T10:46:54+00:00","breadcrumb":{"@id":"https:\/\/poloforma.hu\/en\/product\/plate-magnet-rectangle-shaped\/#breadcrumb"},"inLanguage":"en-US","potentialAction":[{"@type":"ReadAction","target":["https:\/\/poloforma.hu\/en\/product\/plate-magnet-rectangle-shaped\/"]}]},{"@type":"ImageObject","inLanguage":"en-US","@id":"https:\/\/poloforma.hu\/en\/product\/plate-magnet-rectangle-shaped\/#primaryimage","url":"https:\/\/poloforma.hu\/wp-content\/uploads\/2022\/03\/Hutomagnes_-mintakep.jpg","contentUrl":"https:\/\/poloforma.hu\/wp-content\/uploads\/2022\/03\/Hutomagnes_-mintakep.jpg","width":3543,"height":2657,"caption":"3d rendering empty notes on red refrigerator"},{"@type":"BreadcrumbList","@id":"https:\/\/poloforma.hu\/en\/product\/plate-magnet-rectangle-shaped\/#breadcrumb","itemListElement":[{"@type":"ListItem","position":1,"name":"Kezd\u0151lap","item":"https:\/\/poloforma.hu\/en\/"},{"@type":"ListItem","position":2,"name":"Shop","item":"https:\/\/poloforma.hu\/en\/shop\/"},{"@type":"ListItem","position":3,"name":"Other","item":"https:\/\/poloforma.hu\/product-category\/egyeb-en\/?lang=en"},{"@type":"ListItem","position":4,"name":"Magnet","item":"https:\/\/poloforma.hu\/product-category\/magnet\/?lang=en"},{"@type":"ListItem","position":5,"name":"Plate magnet &#8211; rectangle shaped"}]},{"@type":"WebSite","@id":"https:\/\/poloforma.hu\/#website","url":"https:\/\/poloforma.hu\/","name":"www.poloforma.hu","description":"F\u00e9nyk\u00e9pes p\u00f3l\u00f3, b\u00f6gre, aj\u00e1nd\u00e9kt\u00e1rgy nyomtat\u00e1s, h\u00edmz\u00e9s","publisher":{"@id":"https:\/\/poloforma.hu\/#organization"},"potentialAction":[{"@type":"SearchAction","target":{"@type":"EntryPoint","urlTemplate":"https:\/\/poloforma.hu\/?s={search_term_string}"},"query-input":{"@type":"PropertyValueSpecification","valueRequired":true,"valueName":"search_term_string"}}],"inLanguage":"en-US"},{"@type":"Organization","@id":"https:\/\/poloforma.hu\/#organization","name":"www.poloforma.hu","url":"https:\/\/poloforma.hu\/","logo":{"@type":"ImageObject","inLanguage":"en-US","@id":"https:\/\/poloforma.hu\/#\/schema\/logo\/image\/","url":"https:\/\/poloforma.hu\/wp-content\/uploads\/2022\/08\/favikon.png","contentUrl":"https:\/\/poloforma.hu\/wp-content\/uploads\/2022\/08\/favikon.png","width":1794,"height":1639,"caption":"www.poloforma.hu"},"image":{"@id":"https:\/\/poloforma.hu\/#\/schema\/logo\/image\/"},"sameAs":["http:\/\/www.facebook.com\/poloforma","http:\/\/www.instagram.com\/poloparadicsom"]}]}},"_links":{"self":[{"href":"https:\/\/poloforma.hu\/en\/wp-json\/wp\/v2\/product\/23829","targetHints":{"allow":["GET"]}}],"collection":[{"href":"https:\/\/poloforma.hu\/en\/wp-json\/wp\/v2\/product"}],"about":[{"href":"https:\/\/poloforma.hu\/en\/wp-json\/wp\/v2\/types\/product"}],"replies":[{"embeddable":true,"href":"https:\/\/poloforma.hu\/en\/wp-json\/wp\/v2\/comments?post=23829"}],"wp:featuredmedia":[{"embeddable":true,"href":"https:\/\/poloforma.hu\/en\/wp-json\/wp\/v2\/media\/13572"}],"wp:attachment":[{"href":"https:\/\/poloforma.hu\/en\/wp-json\/wp\/v2\/media?parent=23829"}],"wp:term":[{"taxonomy":"product_brand","embeddable":true,"href":"https:\/\/poloforma.hu\/en\/wp-json\/wp\/v2\/product_brand?post=23829"},{"taxonomy":"product_cat","embeddable":true,"href":"https:\/\/poloforma.hu\/en\/wp-json\/wp\/v2\/product_cat?post=23829"},{"taxonomy":"product_tag","embeddable":true,"href":"https:\/\/poloforma.hu\/en\/wp-json\/wp\/v2\/product_tag?post=23829"}],"curies":[{"name":"wp","href":"https:\/\/api.w.org\/{rel}","templated":true}]}}