{"id":23814,"date":"2021-11-15T14:59:15","date_gmt":"2021-11-15T13:59:15","guid":{"rendered":"https:\/\/poloforma.hu\/termek\/short-sleeved-baby-body\/"},"modified":"2022-08-25T16:54:25","modified_gmt":"2022-08-25T14:54:25","slug":"short-sleeved-baby-body","status":"publish","type":"product","link":"https:\/\/poloforma.hu\/en\/product\/short-sleeved-baby-body\/","title":{"rendered":"Short-sleeved baby body"},"content":{"rendered":"<p><strong>Baby body<\/strong> &#8211; the perfect baby waiting gift!<\/p>\n<p>Print baby bodys in two styles with your personalised imagery &#8211; give a gift to prospective parents that they will always remember!<\/p>\n<p>Baby showers have been growing in popularity in Hungary. As a guest it is common to &#8220;&#8221;shower&#8221;&#8221; the prospective parents with gifts that will be used in the first years of the child&#8217;s life. So why not make this gift humorous and memorable? A baby body with some kind of funny picture, quote, or photo on it will always remind the parents who they got it from!<\/p>\n<p>Our comfortable baby bodysuits are available in two designs &#8211; long and short-sleeved and exclusively in white. Their material is tested, free from harmful substances and 100% cotton, which has received the OEKO-TEX Standard 100% certification. The poppers are nickel-free, making the body an excellent choice for every baby!<\/p>\n<p>If you would like to order printed, customised baby clothing you can do it easily in our webshop with just a few clicks!<\/p>\n","protected":false},"excerpt":{"rendered":"<p>Baby body &#8211; the perfect baby waiting gift! Print baby bodys in two styles with your personalised imagery &#8211; give a gift to prospective parents that they will always remember! Baby showers have been growing in popularity in Hungary. As a guest it is common to &#8220;&#8221;shower&#8221;&#8221; the prospective parents with gifts that will be [&hellip;]<\/p>\n","protected":false},"featured_media":13488,"comment_status":"closed","ping_status":"closed","template":"","meta":{"_acf_changed":false,"inline_featured_image":false},"product_brand":[],"product_cat":[167,166],"product_tag":[],"class_list":{"0":"post-23814","1":"product","2":"type-product","3":"status-publish","4":"has-post-thumbnail","6":"product_cat-baby-body","7":"product_cat-kids-clothing","9":"first","10":"instock","11":"shipping-taxable","12":"purchasable","13":"product-type-simple"},"acf":[],"yoast_head":"<!-- This site is optimized with the Yoast SEO Premium plugin v27.2 (Yoast SEO v27.2) - https:\/\/yoast.com\/product\/yoast-seo-premium-wordpress\/ -->\n<title>Short-sleeved baby body - P\u00f3l\u00f3forma<\/title>\n<meta name=\"robots\" content=\"index, follow, max-snippet:-1, max-image-preview:large, max-video-preview:-1\" \/>\n<link rel=\"canonical\" href=\"https:\/\/poloforma.hu\/en\/product\/short-sleeved-baby-body\/\" \/>\n<meta property=\"og:locale\" content=\"en_US\" \/>\n<meta property=\"og:type\" content=\"article\" \/>\n<meta property=\"og:title\" content=\"Short-sleeved baby body\" \/>\n<meta property=\"og:description\" content=\"Baby body &#8211; the perfect baby waiting gift! Print baby bodys in two styles with your personalised imagery &#8211; give a gift to prospective parents that they will always remember! Baby showers have been growing in popularity in Hungary. As a guest it is common to &#8220;&#8221;shower&#8221;&#8221; the prospective parents with gifts that will be [&hellip;]\" \/>\n<meta property=\"og:url\" content=\"https:\/\/poloforma.hu\/en\/product\/short-sleeved-baby-body\/\" \/>\n<meta property=\"og:site_name\" content=\"P\u00f3l\u00f3forma\" \/>\n<meta property=\"article:publisher\" content=\"http:\/\/www.facebook.com\/poloforma\" \/>\n<meta property=\"article:modified_time\" content=\"2022-08-25T14:54:25+00:00\" \/>\n<meta property=\"og:image\" content=\"https:\/\/poloforma.hu\/wp-content\/uploads\/2021\/11\/gyerek-body-minta_rovid-ujju-1024x683.jpg\" \/>\n\t<meta property=\"og:image:width\" content=\"1024\" \/>\n\t<meta property=\"og:image:height\" content=\"683\" \/>\n\t<meta property=\"og:image:type\" content=\"image\/jpeg\" \/>\n<meta name=\"twitter:card\" content=\"summary_large_image\" \/>\n<meta name=\"twitter:label1\" content=\"Est. reading time\" \/>\n\t<meta name=\"twitter:data1\" content=\"1 minute\" \/>\n<script type=\"application\/ld+json\" class=\"yoast-schema-graph\">{\"@context\":\"https:\/\/schema.org\",\"@graph\":[{\"@type\":\"WebPage\",\"@id\":\"https:\/\/poloforma.hu\/en\/product\/short-sleeved-baby-body\/\",\"url\":\"https:\/\/poloforma.hu\/en\/product\/short-sleeved-baby-body\/\",\"name\":\"Short-sleeved baby body - P\u00f3l\u00f3forma\",\"isPartOf\":{\"@id\":\"https:\/\/poloforma.hu\/#website\"},\"primaryImageOfPage\":{\"@id\":\"https:\/\/poloforma.hu\/en\/product\/short-sleeved-baby-body\/#primaryimage\"},\"image\":{\"@id\":\"https:\/\/poloforma.hu\/en\/product\/short-sleeved-baby-body\/#primaryimage\"},\"thumbnailUrl\":\"https:\/\/poloforma.hu\/wp-content\/uploads\/2021\/11\/gyerek-body-minta_rovid-ujju.jpg\",\"datePublished\":\"2021-11-15T13:59:15+00:00\",\"dateModified\":\"2022-08-25T14:54:25+00:00\",\"breadcrumb\":{\"@id\":\"https:\/\/poloforma.hu\/en\/product\/short-sleeved-baby-body\/#breadcrumb\"},\"inLanguage\":\"en-US\",\"potentialAction\":[{\"@type\":\"ReadAction\",\"target\":[\"https:\/\/poloforma.hu\/en\/product\/short-sleeved-baby-body\/\"]}]},{\"@type\":\"ImageObject\",\"inLanguage\":\"en-US\",\"@id\":\"https:\/\/poloforma.hu\/en\/product\/short-sleeved-baby-body\/#primaryimage\",\"url\":\"https:\/\/poloforma.hu\/wp-content\/uploads\/2021\/11\/gyerek-body-minta_rovid-ujju.jpg\",\"contentUrl\":\"https:\/\/poloforma.hu\/wp-content\/uploads\/2021\/11\/gyerek-body-minta_rovid-ujju.jpg\",\"width\":3543,\"height\":2362,\"caption\":\"Charming baby boy sitting on red and yellow tolocar, wearing white body suit, has blond curly hair, cute infant looking directly at camera with excited facial expression.\"},{\"@type\":\"BreadcrumbList\",\"@id\":\"https:\/\/poloforma.hu\/en\/product\/short-sleeved-baby-body\/#breadcrumb\",\"itemListElement\":[{\"@type\":\"ListItem\",\"position\":1,\"name\":\"Kezd\u0151lap\",\"item\":\"https:\/\/poloforma.hu\/en\/\"},{\"@type\":\"ListItem\",\"position\":2,\"name\":\"Shop\",\"item\":\"https:\/\/poloforma.hu\/en\/shop\/\"},{\"@type\":\"ListItem\",\"position\":3,\"name\":\"Kids clothing\",\"item\":\"https:\/\/poloforma.hu\/product-category\/kids-clothing\/?lang=en\"},{\"@type\":\"ListItem\",\"position\":4,\"name\":\"Baby body\",\"item\":\"https:\/\/poloforma.hu\/product-category\/baby-body\/?lang=en\"},{\"@type\":\"ListItem\",\"position\":5,\"name\":\"Short-sleeved baby body\"}]},{\"@type\":\"WebSite\",\"@id\":\"https:\/\/poloforma.hu\/#website\",\"url\":\"https:\/\/poloforma.hu\/\",\"name\":\"www.poloforma.hu\",\"description\":\"F\u00e9nyk\u00e9pes p\u00f3l\u00f3, b\u00f6gre, aj\u00e1nd\u00e9kt\u00e1rgy nyomtat\u00e1s, h\u00edmz\u00e9s\",\"publisher\":{\"@id\":\"https:\/\/poloforma.hu\/#organization\"},\"potentialAction\":[{\"@type\":\"SearchAction\",\"target\":{\"@type\":\"EntryPoint\",\"urlTemplate\":\"https:\/\/poloforma.hu\/?s={search_term_string}\"},\"query-input\":{\"@type\":\"PropertyValueSpecification\",\"valueRequired\":true,\"valueName\":\"search_term_string\"}}],\"inLanguage\":\"en-US\"},{\"@type\":\"Organization\",\"@id\":\"https:\/\/poloforma.hu\/#organization\",\"name\":\"www.poloforma.hu\",\"url\":\"https:\/\/poloforma.hu\/\",\"logo\":{\"@type\":\"ImageObject\",\"inLanguage\":\"en-US\",\"@id\":\"https:\/\/poloforma.hu\/#\/schema\/logo\/image\/\",\"url\":\"https:\/\/poloforma.hu\/wp-content\/uploads\/2022\/08\/favikon.png\",\"contentUrl\":\"https:\/\/poloforma.hu\/wp-content\/uploads\/2022\/08\/favikon.png\",\"width\":1794,\"height\":1639,\"caption\":\"www.poloforma.hu\"},\"image\":{\"@id\":\"https:\/\/poloforma.hu\/#\/schema\/logo\/image\/\"},\"sameAs\":[\"http:\/\/www.facebook.com\/poloforma\",\"http:\/\/www.instagram.com\/poloparadicsom\"]}]}<\/script>\n<!-- \/ Yoast SEO Premium plugin. -->","yoast_head_json":{"title":"Short-sleeved baby body - P\u00f3l\u00f3forma","robots":{"index":"index","follow":"follow","max-snippet":"max-snippet:-1","max-image-preview":"max-image-preview:large","max-video-preview":"max-video-preview:-1"},"canonical":"https:\/\/poloforma.hu\/en\/product\/short-sleeved-baby-body\/","og_locale":"en_US","og_type":"article","og_title":"Short-sleeved baby body","og_description":"Baby body &#8211; the perfect baby waiting gift! Print baby bodys in two styles with your personalised imagery &#8211; give a gift to prospective parents that they will always remember! Baby showers have been growing in popularity in Hungary. As a guest it is common to &#8220;&#8221;shower&#8221;&#8221; the prospective parents with gifts that will be [&hellip;]","og_url":"https:\/\/poloforma.hu\/en\/product\/short-sleeved-baby-body\/","og_site_name":"P\u00f3l\u00f3forma","article_publisher":"http:\/\/www.facebook.com\/poloforma","article_modified_time":"2022-08-25T14:54:25+00:00","og_image":[{"width":1024,"height":683,"url":"https:\/\/poloforma.hu\/wp-content\/uploads\/2021\/11\/gyerek-body-minta_rovid-ujju-1024x683.jpg","type":"image\/jpeg"}],"twitter_card":"summary_large_image","twitter_misc":{"Est. reading time":"1 minute"},"schema":{"@context":"https:\/\/schema.org","@graph":[{"@type":"WebPage","@id":"https:\/\/poloforma.hu\/en\/product\/short-sleeved-baby-body\/","url":"https:\/\/poloforma.hu\/en\/product\/short-sleeved-baby-body\/","name":"Short-sleeved baby body - P\u00f3l\u00f3forma","isPartOf":{"@id":"https:\/\/poloforma.hu\/#website"},"primaryImageOfPage":{"@id":"https:\/\/poloforma.hu\/en\/product\/short-sleeved-baby-body\/#primaryimage"},"image":{"@id":"https:\/\/poloforma.hu\/en\/product\/short-sleeved-baby-body\/#primaryimage"},"thumbnailUrl":"https:\/\/poloforma.hu\/wp-content\/uploads\/2021\/11\/gyerek-body-minta_rovid-ujju.jpg","datePublished":"2021-11-15T13:59:15+00:00","dateModified":"2022-08-25T14:54:25+00:00","breadcrumb":{"@id":"https:\/\/poloforma.hu\/en\/product\/short-sleeved-baby-body\/#breadcrumb"},"inLanguage":"en-US","potentialAction":[{"@type":"ReadAction","target":["https:\/\/poloforma.hu\/en\/product\/short-sleeved-baby-body\/"]}]},{"@type":"ImageObject","inLanguage":"en-US","@id":"https:\/\/poloforma.hu\/en\/product\/short-sleeved-baby-body\/#primaryimage","url":"https:\/\/poloforma.hu\/wp-content\/uploads\/2021\/11\/gyerek-body-minta_rovid-ujju.jpg","contentUrl":"https:\/\/poloforma.hu\/wp-content\/uploads\/2021\/11\/gyerek-body-minta_rovid-ujju.jpg","width":3543,"height":2362,"caption":"Charming baby boy sitting on red and yellow tolocar, wearing white body suit, has blond curly hair, cute infant looking directly at camera with excited facial expression."},{"@type":"BreadcrumbList","@id":"https:\/\/poloforma.hu\/en\/product\/short-sleeved-baby-body\/#breadcrumb","itemListElement":[{"@type":"ListItem","position":1,"name":"Kezd\u0151lap","item":"https:\/\/poloforma.hu\/en\/"},{"@type":"ListItem","position":2,"name":"Shop","item":"https:\/\/poloforma.hu\/en\/shop\/"},{"@type":"ListItem","position":3,"name":"Kids clothing","item":"https:\/\/poloforma.hu\/product-category\/kids-clothing\/?lang=en"},{"@type":"ListItem","position":4,"name":"Baby body","item":"https:\/\/poloforma.hu\/product-category\/baby-body\/?lang=en"},{"@type":"ListItem","position":5,"name":"Short-sleeved baby body"}]},{"@type":"WebSite","@id":"https:\/\/poloforma.hu\/#website","url":"https:\/\/poloforma.hu\/","name":"www.poloforma.hu","description":"F\u00e9nyk\u00e9pes p\u00f3l\u00f3, b\u00f6gre, aj\u00e1nd\u00e9kt\u00e1rgy nyomtat\u00e1s, h\u00edmz\u00e9s","publisher":{"@id":"https:\/\/poloforma.hu\/#organization"},"potentialAction":[{"@type":"SearchAction","target":{"@type":"EntryPoint","urlTemplate":"https:\/\/poloforma.hu\/?s={search_term_string}"},"query-input":{"@type":"PropertyValueSpecification","valueRequired":true,"valueName":"search_term_string"}}],"inLanguage":"en-US"},{"@type":"Organization","@id":"https:\/\/poloforma.hu\/#organization","name":"www.poloforma.hu","url":"https:\/\/poloforma.hu\/","logo":{"@type":"ImageObject","inLanguage":"en-US","@id":"https:\/\/poloforma.hu\/#\/schema\/logo\/image\/","url":"https:\/\/poloforma.hu\/wp-content\/uploads\/2022\/08\/favikon.png","contentUrl":"https:\/\/poloforma.hu\/wp-content\/uploads\/2022\/08\/favikon.png","width":1794,"height":1639,"caption":"www.poloforma.hu"},"image":{"@id":"https:\/\/poloforma.hu\/#\/schema\/logo\/image\/"},"sameAs":["http:\/\/www.facebook.com\/poloforma","http:\/\/www.instagram.com\/poloparadicsom"]}]}},"_links":{"self":[{"href":"https:\/\/poloforma.hu\/en\/wp-json\/wp\/v2\/product\/23814","targetHints":{"allow":["GET"]}}],"collection":[{"href":"https:\/\/poloforma.hu\/en\/wp-json\/wp\/v2\/product"}],"about":[{"href":"https:\/\/poloforma.hu\/en\/wp-json\/wp\/v2\/types\/product"}],"replies":[{"embeddable":true,"href":"https:\/\/poloforma.hu\/en\/wp-json\/wp\/v2\/comments?post=23814"}],"wp:featuredmedia":[{"embeddable":true,"href":"https:\/\/poloforma.hu\/en\/wp-json\/wp\/v2\/media\/13488"}],"wp:attachment":[{"href":"https:\/\/poloforma.hu\/en\/wp-json\/wp\/v2\/media?parent=23814"}],"wp:term":[{"taxonomy":"product_brand","embeddable":true,"href":"https:\/\/poloforma.hu\/en\/wp-json\/wp\/v2\/product_brand?post=23814"},{"taxonomy":"product_cat","embeddable":true,"href":"https:\/\/poloforma.hu\/en\/wp-json\/wp\/v2\/product_cat?post=23814"},{"taxonomy":"product_tag","embeddable":true,"href":"https:\/\/poloforma.hu\/en\/wp-json\/wp\/v2\/product_tag?post=23814"}],"curies":[{"name":"wp","href":"https:\/\/api.w.org\/{rel}","templated":true}]}}