{"id":23812,"date":"2021-11-15T15:13:24","date_gmt":"2021-11-15T15:13:24","guid":{"rendered":"https:\/\/poloforma.hu\/termek\/baby-bibs\/"},"modified":"2021-11-15T15:13:24","modified_gmt":"2021-11-15T14:13:24","slug":"baby-bibs","status":"publish","type":"product","link":"https:\/\/poloforma.hu\/en\/product\/baby-bibs\/","title":{"rendered":"Baby bibs"},"content":{"rendered":"<p><strong>Baby bibs <\/strong>&#8211; protect your child&#8217;s clothes!<\/p>\n<p>Print baby bibs for both boys and girls &#8211; if you would like to keep those cute clothes clean whilst eating.<\/p>\n<p>A bib is a specially designed device, generally textile, that is attached around the neck of the child during a meal. Pretty much obligatory these days, otherwise their clothes would be constantly in the wash! A baby bib is not just a device, it can make a great gift.<\/p>\n<p>If you would like a bib, you can find it in our webshop! Available in two colours: white for girls with a pink border and white for boys with a blue border. Their material is glossy on the outside, which provides an excellent base for printing various patterns or photos but also makes cleaning simple. The back is made of soft, absorbent terry cloth.<\/p>\n<p>And what about a printed bib as a gift or for your own child? Order  something unique from our webshop with just a few clicks!<\/p>\n","protected":false},"excerpt":{"rendered":"<p>Baby bibs &#8211; protect your child&#8217;s clothes! Print baby bibs for both boys and girls &#8211; if you would like to keep those cute clothes clean whilst eating. A bib is a specially designed device, generally textile, that is attached around the neck of the child during a meal. Pretty much obligatory these days, otherwise [&hellip;]<\/p>\n","protected":false},"featured_media":3772,"comment_status":"closed","ping_status":"closed","template":"","meta":{"_acf_changed":false,"inline_featured_image":false},"product_brand":[],"product_cat":[169,166],"product_tag":[],"class_list":{"0":"post-23812","1":"product","2":"type-product","3":"status-publish","4":"has-post-thumbnail","6":"product_cat-baby-bib","7":"product_cat-kids-clothing","9":"first","10":"instock","11":"shipping-taxable","12":"purchasable","13":"product-type-simple"},"acf":[],"yoast_head":"<!-- This site is optimized with the Yoast SEO Premium plugin v27.2 (Yoast SEO v27.2) - https:\/\/yoast.com\/product\/yoast-seo-premium-wordpress\/ -->\n<title>Baby bibs - P\u00f3l\u00f3forma<\/title>\n<meta name=\"robots\" content=\"index, follow, max-snippet:-1, max-image-preview:large, max-video-preview:-1\" \/>\n<link rel=\"canonical\" href=\"https:\/\/poloforma.hu\/en\/product\/baby-bibs\/\" \/>\n<meta property=\"og:locale\" content=\"en_US\" \/>\n<meta property=\"og:type\" content=\"article\" \/>\n<meta property=\"og:title\" content=\"Baby bibs\" \/>\n<meta property=\"og:description\" content=\"Baby bibs &#8211; protect your child&#8217;s clothes! Print baby bibs for both boys and girls &#8211; if you would like to keep those cute clothes clean whilst eating. A bib is a specially designed device, generally textile, that is attached around the neck of the child during a meal. Pretty much obligatory these days, otherwise [&hellip;]\" \/>\n<meta property=\"og:url\" content=\"https:\/\/poloforma.hu\/en\/product\/baby-bibs\/\" \/>\n<meta property=\"og:site_name\" content=\"P\u00f3l\u00f3forma\" \/>\n<meta property=\"article:publisher\" content=\"http:\/\/www.facebook.com\/poloforma\" \/>\n<meta property=\"og:image\" content=\"https:\/\/poloforma.hu\/wp-content\/uploads\/2021\/11\/kek-szegelyes-partedli-1-908x1024.png\" \/>\n\t<meta property=\"og:image:width\" content=\"908\" \/>\n\t<meta property=\"og:image:height\" content=\"1024\" \/>\n\t<meta property=\"og:image:type\" content=\"image\/png\" \/>\n<meta name=\"twitter:card\" content=\"summary_large_image\" \/>\n<meta name=\"twitter:label1\" content=\"Est. reading time\" \/>\n\t<meta name=\"twitter:data1\" content=\"1 minute\" \/>\n<script type=\"application\/ld+json\" class=\"yoast-schema-graph\">{\"@context\":\"https:\/\/schema.org\",\"@graph\":[{\"@type\":\"WebPage\",\"@id\":\"https:\/\/poloforma.hu\/en\/product\/baby-bibs\/\",\"url\":\"https:\/\/poloforma.hu\/en\/product\/baby-bibs\/\",\"name\":\"Baby bibs - P\u00f3l\u00f3forma\",\"isPartOf\":{\"@id\":\"https:\/\/poloforma.hu\/#website\"},\"primaryImageOfPage\":{\"@id\":\"https:\/\/poloforma.hu\/en\/product\/baby-bibs\/#primaryimage\"},\"image\":{\"@id\":\"https:\/\/poloforma.hu\/en\/product\/baby-bibs\/#primaryimage\"},\"thumbnailUrl\":\"https:\/\/poloforma.hu\/wp-content\/uploads\/2021\/11\/kek-szegelyes-partedli-1.png\",\"datePublished\":\"2021-11-15T15:13:24+00:00\",\"breadcrumb\":{\"@id\":\"https:\/\/poloforma.hu\/en\/product\/baby-bibs\/#breadcrumb\"},\"inLanguage\":\"en-US\",\"potentialAction\":[{\"@type\":\"ReadAction\",\"target\":[\"https:\/\/poloforma.hu\/en\/product\/baby-bibs\/\"]}]},{\"@type\":\"ImageObject\",\"inLanguage\":\"en-US\",\"@id\":\"https:\/\/poloforma.hu\/en\/product\/baby-bibs\/#primaryimage\",\"url\":\"https:\/\/poloforma.hu\/wp-content\/uploads\/2021\/11\/kek-szegelyes-partedli-1.png\",\"contentUrl\":\"https:\/\/poloforma.hu\/wp-content\/uploads\/2021\/11\/kek-szegelyes-partedli-1.png\",\"width\":2362,\"height\":2664},{\"@type\":\"BreadcrumbList\",\"@id\":\"https:\/\/poloforma.hu\/en\/product\/baby-bibs\/#breadcrumb\",\"itemListElement\":[{\"@type\":\"ListItem\",\"position\":1,\"name\":\"Kezd\u0151lap\",\"item\":\"https:\/\/poloforma.hu\/en\/\"},{\"@type\":\"ListItem\",\"position\":2,\"name\":\"Shop\",\"item\":\"https:\/\/poloforma.hu\/en\/shop\/\"},{\"@type\":\"ListItem\",\"position\":3,\"name\":\"Kids clothing\",\"item\":\"https:\/\/poloforma.hu\/product-category\/kids-clothing\/?lang=en\"},{\"@type\":\"ListItem\",\"position\":4,\"name\":\"Baby bib\",\"item\":\"https:\/\/poloforma.hu\/product-category\/kids-clothing\/baby-bib\/?lang=en\"},{\"@type\":\"ListItem\",\"position\":5,\"name\":\"Baby bibs\"}]},{\"@type\":\"WebSite\",\"@id\":\"https:\/\/poloforma.hu\/#website\",\"url\":\"https:\/\/poloforma.hu\/\",\"name\":\"www.poloforma.hu\",\"description\":\"F\u00e9nyk\u00e9pes p\u00f3l\u00f3, b\u00f6gre, aj\u00e1nd\u00e9kt\u00e1rgy nyomtat\u00e1s, h\u00edmz\u00e9s\",\"publisher\":{\"@id\":\"https:\/\/poloforma.hu\/#organization\"},\"potentialAction\":[{\"@type\":\"SearchAction\",\"target\":{\"@type\":\"EntryPoint\",\"urlTemplate\":\"https:\/\/poloforma.hu\/?s={search_term_string}\"},\"query-input\":{\"@type\":\"PropertyValueSpecification\",\"valueRequired\":true,\"valueName\":\"search_term_string\"}}],\"inLanguage\":\"en-US\"},{\"@type\":\"Organization\",\"@id\":\"https:\/\/poloforma.hu\/#organization\",\"name\":\"www.poloforma.hu\",\"url\":\"https:\/\/poloforma.hu\/\",\"logo\":{\"@type\":\"ImageObject\",\"inLanguage\":\"en-US\",\"@id\":\"https:\/\/poloforma.hu\/#\/schema\/logo\/image\/\",\"url\":\"https:\/\/poloforma.hu\/wp-content\/uploads\/2022\/08\/favikon.png\",\"contentUrl\":\"https:\/\/poloforma.hu\/wp-content\/uploads\/2022\/08\/favikon.png\",\"width\":1794,\"height\":1639,\"caption\":\"www.poloforma.hu\"},\"image\":{\"@id\":\"https:\/\/poloforma.hu\/#\/schema\/logo\/image\/\"},\"sameAs\":[\"http:\/\/www.facebook.com\/poloforma\",\"http:\/\/www.instagram.com\/poloparadicsom\"]}]}<\/script>\n<!-- \/ Yoast SEO Premium plugin. -->","yoast_head_json":{"title":"Baby bibs - P\u00f3l\u00f3forma","robots":{"index":"index","follow":"follow","max-snippet":"max-snippet:-1","max-image-preview":"max-image-preview:large","max-video-preview":"max-video-preview:-1"},"canonical":"https:\/\/poloforma.hu\/en\/product\/baby-bibs\/","og_locale":"en_US","og_type":"article","og_title":"Baby bibs","og_description":"Baby bibs &#8211; protect your child&#8217;s clothes! Print baby bibs for both boys and girls &#8211; if you would like to keep those cute clothes clean whilst eating. A bib is a specially designed device, generally textile, that is attached around the neck of the child during a meal. Pretty much obligatory these days, otherwise [&hellip;]","og_url":"https:\/\/poloforma.hu\/en\/product\/baby-bibs\/","og_site_name":"P\u00f3l\u00f3forma","article_publisher":"http:\/\/www.facebook.com\/poloforma","og_image":[{"width":908,"height":1024,"url":"https:\/\/poloforma.hu\/wp-content\/uploads\/2021\/11\/kek-szegelyes-partedli-1-908x1024.png","type":"image\/png"}],"twitter_card":"summary_large_image","twitter_misc":{"Est. reading time":"1 minute"},"schema":{"@context":"https:\/\/schema.org","@graph":[{"@type":"WebPage","@id":"https:\/\/poloforma.hu\/en\/product\/baby-bibs\/","url":"https:\/\/poloforma.hu\/en\/product\/baby-bibs\/","name":"Baby bibs - P\u00f3l\u00f3forma","isPartOf":{"@id":"https:\/\/poloforma.hu\/#website"},"primaryImageOfPage":{"@id":"https:\/\/poloforma.hu\/en\/product\/baby-bibs\/#primaryimage"},"image":{"@id":"https:\/\/poloforma.hu\/en\/product\/baby-bibs\/#primaryimage"},"thumbnailUrl":"https:\/\/poloforma.hu\/wp-content\/uploads\/2021\/11\/kek-szegelyes-partedli-1.png","datePublished":"2021-11-15T15:13:24+00:00","breadcrumb":{"@id":"https:\/\/poloforma.hu\/en\/product\/baby-bibs\/#breadcrumb"},"inLanguage":"en-US","potentialAction":[{"@type":"ReadAction","target":["https:\/\/poloforma.hu\/en\/product\/baby-bibs\/"]}]},{"@type":"ImageObject","inLanguage":"en-US","@id":"https:\/\/poloforma.hu\/en\/product\/baby-bibs\/#primaryimage","url":"https:\/\/poloforma.hu\/wp-content\/uploads\/2021\/11\/kek-szegelyes-partedli-1.png","contentUrl":"https:\/\/poloforma.hu\/wp-content\/uploads\/2021\/11\/kek-szegelyes-partedli-1.png","width":2362,"height":2664},{"@type":"BreadcrumbList","@id":"https:\/\/poloforma.hu\/en\/product\/baby-bibs\/#breadcrumb","itemListElement":[{"@type":"ListItem","position":1,"name":"Kezd\u0151lap","item":"https:\/\/poloforma.hu\/en\/"},{"@type":"ListItem","position":2,"name":"Shop","item":"https:\/\/poloforma.hu\/en\/shop\/"},{"@type":"ListItem","position":3,"name":"Kids clothing","item":"https:\/\/poloforma.hu\/product-category\/kids-clothing\/?lang=en"},{"@type":"ListItem","position":4,"name":"Baby bib","item":"https:\/\/poloforma.hu\/product-category\/kids-clothing\/baby-bib\/?lang=en"},{"@type":"ListItem","position":5,"name":"Baby bibs"}]},{"@type":"WebSite","@id":"https:\/\/poloforma.hu\/#website","url":"https:\/\/poloforma.hu\/","name":"www.poloforma.hu","description":"F\u00e9nyk\u00e9pes p\u00f3l\u00f3, b\u00f6gre, aj\u00e1nd\u00e9kt\u00e1rgy nyomtat\u00e1s, h\u00edmz\u00e9s","publisher":{"@id":"https:\/\/poloforma.hu\/#organization"},"potentialAction":[{"@type":"SearchAction","target":{"@type":"EntryPoint","urlTemplate":"https:\/\/poloforma.hu\/?s={search_term_string}"},"query-input":{"@type":"PropertyValueSpecification","valueRequired":true,"valueName":"search_term_string"}}],"inLanguage":"en-US"},{"@type":"Organization","@id":"https:\/\/poloforma.hu\/#organization","name":"www.poloforma.hu","url":"https:\/\/poloforma.hu\/","logo":{"@type":"ImageObject","inLanguage":"en-US","@id":"https:\/\/poloforma.hu\/#\/schema\/logo\/image\/","url":"https:\/\/poloforma.hu\/wp-content\/uploads\/2022\/08\/favikon.png","contentUrl":"https:\/\/poloforma.hu\/wp-content\/uploads\/2022\/08\/favikon.png","width":1794,"height":1639,"caption":"www.poloforma.hu"},"image":{"@id":"https:\/\/poloforma.hu\/#\/schema\/logo\/image\/"},"sameAs":["http:\/\/www.facebook.com\/poloforma","http:\/\/www.instagram.com\/poloparadicsom"]}]}},"_links":{"self":[{"href":"https:\/\/poloforma.hu\/en\/wp-json\/wp\/v2\/product\/23812","targetHints":{"allow":["GET"]}}],"collection":[{"href":"https:\/\/poloforma.hu\/en\/wp-json\/wp\/v2\/product"}],"about":[{"href":"https:\/\/poloforma.hu\/en\/wp-json\/wp\/v2\/types\/product"}],"replies":[{"embeddable":true,"href":"https:\/\/poloforma.hu\/en\/wp-json\/wp\/v2\/comments?post=23812"}],"wp:featuredmedia":[{"embeddable":true,"href":"https:\/\/poloforma.hu\/en\/wp-json\/wp\/v2\/media\/3772"}],"wp:attachment":[{"href":"https:\/\/poloforma.hu\/en\/wp-json\/wp\/v2\/media?parent=23812"}],"wp:term":[{"taxonomy":"product_brand","embeddable":true,"href":"https:\/\/poloforma.hu\/en\/wp-json\/wp\/v2\/product_brand?post=23812"},{"taxonomy":"product_cat","embeddable":true,"href":"https:\/\/poloforma.hu\/en\/wp-json\/wp\/v2\/product_cat?post=23812"},{"taxonomy":"product_tag","embeddable":true,"href":"https:\/\/poloforma.hu\/en\/wp-json\/wp\/v2\/product_tag?post=23812"}],"curies":[{"name":"wp","href":"https:\/\/api.w.org\/{rel}","templated":true}]}}