{"id":23810,"date":"2022-03-16T19:22:34","date_gmt":"2022-03-16T19:22:34","guid":{"rendered":"https:\/\/poloforma.hu\/termek\/fol-long-sleeved-t-shirts\/"},"modified":"2022-08-25T16:53:03","modified_gmt":"2022-08-25T14:53:03","slug":"fol-long-sleeved-t-shirts","status":"publish","type":"product","link":"https:\/\/poloforma.hu\/en\/product\/fol-long-sleeved-t-shirts\/","title":{"rendered":"FoL long-sleeved T-shirts"},"content":{"rendered":"<p><strong>Fruit of the Loom long-sleeved T-shirts<\/strong> &#8211; for cooler days, for cool kids!<\/p>\n<p>Print high quality, affordable, Fruit of the Loom T-shirts for boys and girls, in a variety of colours and sizes. Great for cooler climes.<\/p>\n<p>The childrens&#8217; long-sleeved T-shirt is a universal piece: they stand out at all times and in all kinds of combinations. Whether it\u2019s kindergarten or school, or fun times out and about, a long-sleeve top will make your child feel good every time, especially if together you make it unique with a pattern of your choice.<\/p>\n<p>Our long-sleeved childrens&#8217; T-shirts are available in four colours and are made with a traditional, straight cut. They are made of circular knitted 100% cotton Belcoro yarn with a medium thickness (165g\/m2 and a white base color of 160g\/m2). The neckline is narrow, contrasting in color, and is made with lycra, which is reinforced with double-row stitching, as are the sleeves and waist. They should be washed at a maximum temperature of 30\u00b0C for durability.<\/p>\n<p>If you would like to surprise your child by printing a Fruit of the Loom long-sleeve T-shirt, you can do so in our webshop with just a few clicks!<\/p>\n","protected":false},"excerpt":{"rendered":"<p>Fruit of the Loom long-sleeved T-shirts &#8211; for cooler days, for cool kids! Print high quality, affordable, Fruit of the Loom T-shirts for boys and girls, in a variety of colours and sizes. Great for cooler climes. The childrens&#8217; long-sleeved T-shirt is a universal piece: they stand out at all times and in all kinds [&hellip;]<\/p>\n","protected":false},"featured_media":9124,"comment_status":"closed","ping_status":"closed","template":"","meta":{"_acf_changed":false,"inline_featured_image":false},"product_brand":[],"product_cat":[166,159],"product_tag":[],"class_list":{"0":"post-23810","1":"product","2":"type-product","3":"status-publish","4":"has-post-thumbnail","6":"product_cat-kids-clothing","7":"product_cat-t-shirts","9":"first","10":"instock","11":"shipping-taxable","12":"purchasable","13":"product-type-simple"},"acf":[],"yoast_head":"<!-- This site is optimized with the Yoast SEO Premium plugin v27.2 (Yoast SEO v27.2) - https:\/\/yoast.com\/product\/yoast-seo-premium-wordpress\/ -->\n<title>FoL long-sleeved T-shirts - P\u00f3l\u00f3forma<\/title>\n<meta name=\"robots\" content=\"index, follow, max-snippet:-1, max-image-preview:large, max-video-preview:-1\" \/>\n<link rel=\"canonical\" href=\"https:\/\/poloforma.hu\/en\/product\/fol-long-sleeved-t-shirts\/\" \/>\n<meta property=\"og:locale\" content=\"en_US\" \/>\n<meta property=\"og:type\" content=\"article\" \/>\n<meta property=\"og:title\" content=\"FoL long-sleeved T-shirts\" \/>\n<meta property=\"og:description\" content=\"Fruit of the Loom long-sleeved T-shirts &#8211; for cooler days, for cool kids! Print high quality, affordable, Fruit of the Loom T-shirts for boys and girls, in a variety of colours and sizes. Great for cooler climes. The childrens&#8217; long-sleeved T-shirt is a universal piece: they stand out at all times and in all kinds [&hellip;]\" \/>\n<meta property=\"og:url\" content=\"https:\/\/poloforma.hu\/en\/product\/fol-long-sleeved-t-shirts\/\" \/>\n<meta property=\"og:site_name\" content=\"P\u00f3l\u00f3forma\" \/>\n<meta property=\"article:publisher\" content=\"http:\/\/www.facebook.com\/poloforma\" \/>\n<meta property=\"article:modified_time\" content=\"2022-08-25T14:53:03+00:00\" \/>\n<meta property=\"og:image\" content=\"https:\/\/poloforma.hu\/wp-content\/uploads\/2022\/03\/minta1.jpg\" \/>\n\t<meta property=\"og:image:width\" content=\"339\" \/>\n\t<meta property=\"og:image:height\" content=\"400\" \/>\n\t<meta property=\"og:image:type\" content=\"image\/jpeg\" \/>\n<meta name=\"twitter:card\" content=\"summary_large_image\" \/>\n<meta name=\"twitter:label1\" content=\"Est. reading time\" \/>\n\t<meta name=\"twitter:data1\" content=\"1 minute\" \/>\n<script type=\"application\/ld+json\" class=\"yoast-schema-graph\">{\"@context\":\"https:\/\/schema.org\",\"@graph\":[{\"@type\":\"WebPage\",\"@id\":\"https:\/\/poloforma.hu\/en\/product\/fol-long-sleeved-t-shirts\/\",\"url\":\"https:\/\/poloforma.hu\/en\/product\/fol-long-sleeved-t-shirts\/\",\"name\":\"FoL long-sleeved T-shirts - P\u00f3l\u00f3forma\",\"isPartOf\":{\"@id\":\"https:\/\/poloforma.hu\/#website\"},\"primaryImageOfPage\":{\"@id\":\"https:\/\/poloforma.hu\/en\/product\/fol-long-sleeved-t-shirts\/#primaryimage\"},\"image\":{\"@id\":\"https:\/\/poloforma.hu\/en\/product\/fol-long-sleeved-t-shirts\/#primaryimage\"},\"thumbnailUrl\":\"https:\/\/poloforma.hu\/wp-content\/uploads\/2022\/03\/minta1.jpg\",\"datePublished\":\"2022-03-16T19:22:34+00:00\",\"dateModified\":\"2022-08-25T14:53:03+00:00\",\"breadcrumb\":{\"@id\":\"https:\/\/poloforma.hu\/en\/product\/fol-long-sleeved-t-shirts\/#breadcrumb\"},\"inLanguage\":\"en-US\",\"potentialAction\":[{\"@type\":\"ReadAction\",\"target\":[\"https:\/\/poloforma.hu\/en\/product\/fol-long-sleeved-t-shirts\/\"]}]},{\"@type\":\"ImageObject\",\"inLanguage\":\"en-US\",\"@id\":\"https:\/\/poloforma.hu\/en\/product\/fol-long-sleeved-t-shirts\/#primaryimage\",\"url\":\"https:\/\/poloforma.hu\/wp-content\/uploads\/2022\/03\/minta1.jpg\",\"contentUrl\":\"https:\/\/poloforma.hu\/wp-content\/uploads\/2022\/03\/minta1.jpg\",\"width\":339,\"height\":400},{\"@type\":\"BreadcrumbList\",\"@id\":\"https:\/\/poloforma.hu\/en\/product\/fol-long-sleeved-t-shirts\/#breadcrumb\",\"itemListElement\":[{\"@type\":\"ListItem\",\"position\":1,\"name\":\"Kezd\u0151lap\",\"item\":\"https:\/\/poloforma.hu\/en\/\"},{\"@type\":\"ListItem\",\"position\":2,\"name\":\"Shop\",\"item\":\"https:\/\/poloforma.hu\/en\/shop\/\"},{\"@type\":\"ListItem\",\"position\":3,\"name\":\"Kids clothing\",\"item\":\"https:\/\/poloforma.hu\/product-category\/kids-clothing\/?lang=en\"},{\"@type\":\"ListItem\",\"position\":4,\"name\":\"T-shirt\",\"item\":\"https:\/\/poloforma.hu\/en\/product-category\/kids-clothing\/t-shirts\/\"},{\"@type\":\"ListItem\",\"position\":5,\"name\":\"FoL long-sleeved T-shirts\"}]},{\"@type\":\"WebSite\",\"@id\":\"https:\/\/poloforma.hu\/#website\",\"url\":\"https:\/\/poloforma.hu\/\",\"name\":\"www.poloforma.hu\",\"description\":\"F\u00e9nyk\u00e9pes p\u00f3l\u00f3, b\u00f6gre, aj\u00e1nd\u00e9kt\u00e1rgy nyomtat\u00e1s, h\u00edmz\u00e9s\",\"publisher\":{\"@id\":\"https:\/\/poloforma.hu\/#organization\"},\"potentialAction\":[{\"@type\":\"SearchAction\",\"target\":{\"@type\":\"EntryPoint\",\"urlTemplate\":\"https:\/\/poloforma.hu\/?s={search_term_string}\"},\"query-input\":{\"@type\":\"PropertyValueSpecification\",\"valueRequired\":true,\"valueName\":\"search_term_string\"}}],\"inLanguage\":\"en-US\"},{\"@type\":\"Organization\",\"@id\":\"https:\/\/poloforma.hu\/#organization\",\"name\":\"www.poloforma.hu\",\"url\":\"https:\/\/poloforma.hu\/\",\"logo\":{\"@type\":\"ImageObject\",\"inLanguage\":\"en-US\",\"@id\":\"https:\/\/poloforma.hu\/#\/schema\/logo\/image\/\",\"url\":\"https:\/\/poloforma.hu\/wp-content\/uploads\/2022\/08\/favikon.png\",\"contentUrl\":\"https:\/\/poloforma.hu\/wp-content\/uploads\/2022\/08\/favikon.png\",\"width\":1794,\"height\":1639,\"caption\":\"www.poloforma.hu\"},\"image\":{\"@id\":\"https:\/\/poloforma.hu\/#\/schema\/logo\/image\/\"},\"sameAs\":[\"http:\/\/www.facebook.com\/poloforma\",\"http:\/\/www.instagram.com\/poloparadicsom\"]}]}<\/script>\n<!-- \/ Yoast SEO Premium plugin. -->","yoast_head_json":{"title":"FoL long-sleeved T-shirts - P\u00f3l\u00f3forma","robots":{"index":"index","follow":"follow","max-snippet":"max-snippet:-1","max-image-preview":"max-image-preview:large","max-video-preview":"max-video-preview:-1"},"canonical":"https:\/\/poloforma.hu\/en\/product\/fol-long-sleeved-t-shirts\/","og_locale":"en_US","og_type":"article","og_title":"FoL long-sleeved T-shirts","og_description":"Fruit of the Loom long-sleeved T-shirts &#8211; for cooler days, for cool kids! Print high quality, affordable, Fruit of the Loom T-shirts for boys and girls, in a variety of colours and sizes. Great for cooler climes. The childrens&#8217; long-sleeved T-shirt is a universal piece: they stand out at all times and in all kinds [&hellip;]","og_url":"https:\/\/poloforma.hu\/en\/product\/fol-long-sleeved-t-shirts\/","og_site_name":"P\u00f3l\u00f3forma","article_publisher":"http:\/\/www.facebook.com\/poloforma","article_modified_time":"2022-08-25T14:53:03+00:00","og_image":[{"width":339,"height":400,"url":"https:\/\/poloforma.hu\/wp-content\/uploads\/2022\/03\/minta1.jpg","type":"image\/jpeg"}],"twitter_card":"summary_large_image","twitter_misc":{"Est. reading time":"1 minute"},"schema":{"@context":"https:\/\/schema.org","@graph":[{"@type":"WebPage","@id":"https:\/\/poloforma.hu\/en\/product\/fol-long-sleeved-t-shirts\/","url":"https:\/\/poloforma.hu\/en\/product\/fol-long-sleeved-t-shirts\/","name":"FoL long-sleeved T-shirts - P\u00f3l\u00f3forma","isPartOf":{"@id":"https:\/\/poloforma.hu\/#website"},"primaryImageOfPage":{"@id":"https:\/\/poloforma.hu\/en\/product\/fol-long-sleeved-t-shirts\/#primaryimage"},"image":{"@id":"https:\/\/poloforma.hu\/en\/product\/fol-long-sleeved-t-shirts\/#primaryimage"},"thumbnailUrl":"https:\/\/poloforma.hu\/wp-content\/uploads\/2022\/03\/minta1.jpg","datePublished":"2022-03-16T19:22:34+00:00","dateModified":"2022-08-25T14:53:03+00:00","breadcrumb":{"@id":"https:\/\/poloforma.hu\/en\/product\/fol-long-sleeved-t-shirts\/#breadcrumb"},"inLanguage":"en-US","potentialAction":[{"@type":"ReadAction","target":["https:\/\/poloforma.hu\/en\/product\/fol-long-sleeved-t-shirts\/"]}]},{"@type":"ImageObject","inLanguage":"en-US","@id":"https:\/\/poloforma.hu\/en\/product\/fol-long-sleeved-t-shirts\/#primaryimage","url":"https:\/\/poloforma.hu\/wp-content\/uploads\/2022\/03\/minta1.jpg","contentUrl":"https:\/\/poloforma.hu\/wp-content\/uploads\/2022\/03\/minta1.jpg","width":339,"height":400},{"@type":"BreadcrumbList","@id":"https:\/\/poloforma.hu\/en\/product\/fol-long-sleeved-t-shirts\/#breadcrumb","itemListElement":[{"@type":"ListItem","position":1,"name":"Kezd\u0151lap","item":"https:\/\/poloforma.hu\/en\/"},{"@type":"ListItem","position":2,"name":"Shop","item":"https:\/\/poloforma.hu\/en\/shop\/"},{"@type":"ListItem","position":3,"name":"Kids clothing","item":"https:\/\/poloforma.hu\/product-category\/kids-clothing\/?lang=en"},{"@type":"ListItem","position":4,"name":"T-shirt","item":"https:\/\/poloforma.hu\/en\/product-category\/kids-clothing\/t-shirts\/"},{"@type":"ListItem","position":5,"name":"FoL long-sleeved T-shirts"}]},{"@type":"WebSite","@id":"https:\/\/poloforma.hu\/#website","url":"https:\/\/poloforma.hu\/","name":"www.poloforma.hu","description":"F\u00e9nyk\u00e9pes p\u00f3l\u00f3, b\u00f6gre, aj\u00e1nd\u00e9kt\u00e1rgy nyomtat\u00e1s, h\u00edmz\u00e9s","publisher":{"@id":"https:\/\/poloforma.hu\/#organization"},"potentialAction":[{"@type":"SearchAction","target":{"@type":"EntryPoint","urlTemplate":"https:\/\/poloforma.hu\/?s={search_term_string}"},"query-input":{"@type":"PropertyValueSpecification","valueRequired":true,"valueName":"search_term_string"}}],"inLanguage":"en-US"},{"@type":"Organization","@id":"https:\/\/poloforma.hu\/#organization","name":"www.poloforma.hu","url":"https:\/\/poloforma.hu\/","logo":{"@type":"ImageObject","inLanguage":"en-US","@id":"https:\/\/poloforma.hu\/#\/schema\/logo\/image\/","url":"https:\/\/poloforma.hu\/wp-content\/uploads\/2022\/08\/favikon.png","contentUrl":"https:\/\/poloforma.hu\/wp-content\/uploads\/2022\/08\/favikon.png","width":1794,"height":1639,"caption":"www.poloforma.hu"},"image":{"@id":"https:\/\/poloforma.hu\/#\/schema\/logo\/image\/"},"sameAs":["http:\/\/www.facebook.com\/poloforma","http:\/\/www.instagram.com\/poloparadicsom"]}]}},"_links":{"self":[{"href":"https:\/\/poloforma.hu\/en\/wp-json\/wp\/v2\/product\/23810","targetHints":{"allow":["GET"]}}],"collection":[{"href":"https:\/\/poloforma.hu\/en\/wp-json\/wp\/v2\/product"}],"about":[{"href":"https:\/\/poloforma.hu\/en\/wp-json\/wp\/v2\/types\/product"}],"replies":[{"embeddable":true,"href":"https:\/\/poloforma.hu\/en\/wp-json\/wp\/v2\/comments?post=23810"}],"wp:featuredmedia":[{"embeddable":true,"href":"https:\/\/poloforma.hu\/en\/wp-json\/wp\/v2\/media\/9124"}],"wp:attachment":[{"href":"https:\/\/poloforma.hu\/en\/wp-json\/wp\/v2\/media?parent=23810"}],"wp:term":[{"taxonomy":"product_brand","embeddable":true,"href":"https:\/\/poloforma.hu\/en\/wp-json\/wp\/v2\/product_brand?post=23810"},{"taxonomy":"product_cat","embeddable":true,"href":"https:\/\/poloforma.hu\/en\/wp-json\/wp\/v2\/product_cat?post=23810"},{"taxonomy":"product_tag","embeddable":true,"href":"https:\/\/poloforma.hu\/en\/wp-json\/wp\/v2\/product_tag?post=23810"}],"curies":[{"name":"wp","href":"https:\/\/api.w.org\/{rel}","templated":true}]}}