{"id":23807,"date":"2022-03-16T20:44:58","date_gmt":"2022-03-16T20:44:58","guid":{"rendered":"https:\/\/poloforma.hu\/termek\/fol-round-neck-jumper\/"},"modified":"2022-08-25T16:51:45","modified_gmt":"2022-08-25T14:51:45","slug":"fol-round-neck-jumper","status":"publish","type":"product","link":"https:\/\/poloforma.hu\/en\/product\/fol-round-neck-jumper\/","title":{"rendered":"FoL round neck jumper"},"content":{"rendered":"<p><strong>Fruit of the Loom round neck jumper<\/strong> &#8211; my favourite cuddly top<\/p>\n<p>Print high quality, affordable, Fruit of the Loom round neck jumpers in kids&#8217; sizes and in lots of colours. Your kid&#8217;s favourite jumper!<\/p>\n<p>Round neck jumpers are the casual choice for both children and adults alike. They&#8217;ll stand up to most kids&#8217; activities although in the case of children this is not necessarily certain, as they are able to wear out everything! If this does happen, however, it&#8217;s not the end of the world, as our prices are especially affordable, even when you make them unique with a spot-on image!<\/p>\n<p>Our round neck jumpers are fluffy on the inside, ribbed on the neck and fitted with elastane on the sleeves and waist. Their material is circular, 100% cotton, and thick (280g\/m2). Wash them at a maximum temperature of 30\u00b0C for a long service life!<\/p>\n<p>If you want to impress your children with a personalised Fruit of the Loom round neck jumper, order them in our webshop with just a few clicks!<\/p>\n","protected":false},"excerpt":{"rendered":"<p>Fruit of the Loom round neck jumper &#8211; my favourite cuddly top Print high quality, affordable, Fruit of the Loom round neck jumpers in kids&#8217; sizes and in lots of colours. Your kid&#8217;s favourite jumper! Round neck jumpers are the casual choice for both children and adults alike. They&#8217;ll stand up to most kids&#8217; activities [&hellip;]<\/p>\n","protected":false},"featured_media":9626,"comment_status":"closed","ping_status":"closed","template":"","meta":{"_acf_changed":false,"inline_featured_image":false},"product_brand":[],"product_cat":[170,166],"product_tag":[],"class_list":{"0":"post-23807","1":"product","2":"type-product","3":"status-publish","4":"has-post-thumbnail","6":"product_cat-hoodie-kids-clothing","7":"product_cat-kids-clothing","9":"first","10":"instock","11":"shipping-taxable","12":"purchasable","13":"product-type-simple"},"acf":[],"yoast_head":"<!-- This site is optimized with the Yoast SEO Premium plugin v27.2 (Yoast SEO v27.2) - https:\/\/yoast.com\/product\/yoast-seo-premium-wordpress\/ -->\n<title>FoL round neck jumper - P\u00f3l\u00f3forma<\/title>\n<meta name=\"robots\" content=\"index, follow, max-snippet:-1, max-image-preview:large, max-video-preview:-1\" \/>\n<link rel=\"canonical\" href=\"https:\/\/poloforma.hu\/en\/product\/fol-round-neck-jumper\/\" \/>\n<meta property=\"og:locale\" content=\"en_US\" \/>\n<meta property=\"og:type\" content=\"article\" \/>\n<meta property=\"og:title\" content=\"FoL round neck jumper\" \/>\n<meta property=\"og:description\" content=\"Fruit of the Loom round neck jumper &#8211; my favourite cuddly top Print high quality, affordable, Fruit of the Loom round neck jumpers in kids&#8217; sizes and in lots of colours. Your kid&#8217;s favourite jumper! Round neck jumpers are the casual choice for both children and adults alike. They&#8217;ll stand up to most kids&#8217; activities [&hellip;]\" \/>\n<meta property=\"og:url\" content=\"https:\/\/poloforma.hu\/en\/product\/fol-round-neck-jumper\/\" \/>\n<meta property=\"og:site_name\" content=\"P\u00f3l\u00f3forma\" \/>\n<meta property=\"article:publisher\" content=\"http:\/\/www.facebook.com\/poloforma\" \/>\n<meta property=\"article:modified_time\" content=\"2022-08-25T14:51:45+00:00\" \/>\n<meta property=\"og:image\" content=\"https:\/\/poloforma.hu\/wp-content\/uploads\/2022\/03\/kek.jpg\" \/>\n\t<meta property=\"og:image:width\" content=\"339\" \/>\n\t<meta property=\"og:image:height\" content=\"400\" \/>\n\t<meta property=\"og:image:type\" content=\"image\/jpeg\" \/>\n<meta name=\"twitter:card\" content=\"summary_large_image\" \/>\n<meta name=\"twitter:label1\" content=\"Est. reading time\" \/>\n\t<meta name=\"twitter:data1\" content=\"1 minute\" \/>\n<script type=\"application\/ld+json\" class=\"yoast-schema-graph\">{\"@context\":\"https:\/\/schema.org\",\"@graph\":[{\"@type\":\"WebPage\",\"@id\":\"https:\/\/poloforma.hu\/en\/product\/fol-round-neck-jumper\/\",\"url\":\"https:\/\/poloforma.hu\/en\/product\/fol-round-neck-jumper\/\",\"name\":\"FoL round neck jumper - P\u00f3l\u00f3forma\",\"isPartOf\":{\"@id\":\"https:\/\/poloforma.hu\/#website\"},\"primaryImageOfPage\":{\"@id\":\"https:\/\/poloforma.hu\/en\/product\/fol-round-neck-jumper\/#primaryimage\"},\"image\":{\"@id\":\"https:\/\/poloforma.hu\/en\/product\/fol-round-neck-jumper\/#primaryimage\"},\"thumbnailUrl\":\"https:\/\/poloforma.hu\/wp-content\/uploads\/2022\/03\/kek.jpg\",\"datePublished\":\"2022-03-16T20:44:58+00:00\",\"dateModified\":\"2022-08-25T14:51:45+00:00\",\"breadcrumb\":{\"@id\":\"https:\/\/poloforma.hu\/en\/product\/fol-round-neck-jumper\/#breadcrumb\"},\"inLanguage\":\"en-US\",\"potentialAction\":[{\"@type\":\"ReadAction\",\"target\":[\"https:\/\/poloforma.hu\/en\/product\/fol-round-neck-jumper\/\"]}]},{\"@type\":\"ImageObject\",\"inLanguage\":\"en-US\",\"@id\":\"https:\/\/poloforma.hu\/en\/product\/fol-round-neck-jumper\/#primaryimage\",\"url\":\"https:\/\/poloforma.hu\/wp-content\/uploads\/2022\/03\/kek.jpg\",\"contentUrl\":\"https:\/\/poloforma.hu\/wp-content\/uploads\/2022\/03\/kek.jpg\",\"width\":339,\"height\":400},{\"@type\":\"BreadcrumbList\",\"@id\":\"https:\/\/poloforma.hu\/en\/product\/fol-round-neck-jumper\/#breadcrumb\",\"itemListElement\":[{\"@type\":\"ListItem\",\"position\":1,\"name\":\"Kezd\u0151lap\",\"item\":\"https:\/\/poloforma.hu\/en\/\"},{\"@type\":\"ListItem\",\"position\":2,\"name\":\"Shop\",\"item\":\"https:\/\/poloforma.hu\/en\/shop\/\"},{\"@type\":\"ListItem\",\"position\":3,\"name\":\"Kids clothing\",\"item\":\"https:\/\/poloforma.hu\/product-category\/kids-clothing\/?lang=en\"},{\"@type\":\"ListItem\",\"position\":4,\"name\":\"Hoodie\",\"item\":\"https:\/\/poloforma.hu\/product-category\/kids-clothing\/hoodie-kids-clothing\/?lang=en\"},{\"@type\":\"ListItem\",\"position\":5,\"name\":\"FoL round neck jumper\"}]},{\"@type\":\"WebSite\",\"@id\":\"https:\/\/poloforma.hu\/#website\",\"url\":\"https:\/\/poloforma.hu\/\",\"name\":\"www.poloforma.hu\",\"description\":\"F\u00e9nyk\u00e9pes p\u00f3l\u00f3, b\u00f6gre, aj\u00e1nd\u00e9kt\u00e1rgy nyomtat\u00e1s, h\u00edmz\u00e9s\",\"publisher\":{\"@id\":\"https:\/\/poloforma.hu\/#organization\"},\"potentialAction\":[{\"@type\":\"SearchAction\",\"target\":{\"@type\":\"EntryPoint\",\"urlTemplate\":\"https:\/\/poloforma.hu\/?s={search_term_string}\"},\"query-input\":{\"@type\":\"PropertyValueSpecification\",\"valueRequired\":true,\"valueName\":\"search_term_string\"}}],\"inLanguage\":\"en-US\"},{\"@type\":\"Organization\",\"@id\":\"https:\/\/poloforma.hu\/#organization\",\"name\":\"www.poloforma.hu\",\"url\":\"https:\/\/poloforma.hu\/\",\"logo\":{\"@type\":\"ImageObject\",\"inLanguage\":\"en-US\",\"@id\":\"https:\/\/poloforma.hu\/#\/schema\/logo\/image\/\",\"url\":\"https:\/\/poloforma.hu\/wp-content\/uploads\/2022\/08\/favikon.png\",\"contentUrl\":\"https:\/\/poloforma.hu\/wp-content\/uploads\/2022\/08\/favikon.png\",\"width\":1794,\"height\":1639,\"caption\":\"www.poloforma.hu\"},\"image\":{\"@id\":\"https:\/\/poloforma.hu\/#\/schema\/logo\/image\/\"},\"sameAs\":[\"http:\/\/www.facebook.com\/poloforma\",\"http:\/\/www.instagram.com\/poloparadicsom\"]}]}<\/script>\n<!-- \/ Yoast SEO Premium plugin. -->","yoast_head_json":{"title":"FoL round neck jumper - P\u00f3l\u00f3forma","robots":{"index":"index","follow":"follow","max-snippet":"max-snippet:-1","max-image-preview":"max-image-preview:large","max-video-preview":"max-video-preview:-1"},"canonical":"https:\/\/poloforma.hu\/en\/product\/fol-round-neck-jumper\/","og_locale":"en_US","og_type":"article","og_title":"FoL round neck jumper","og_description":"Fruit of the Loom round neck jumper &#8211; my favourite cuddly top Print high quality, affordable, Fruit of the Loom round neck jumpers in kids&#8217; sizes and in lots of colours. Your kid&#8217;s favourite jumper! Round neck jumpers are the casual choice for both children and adults alike. They&#8217;ll stand up to most kids&#8217; activities [&hellip;]","og_url":"https:\/\/poloforma.hu\/en\/product\/fol-round-neck-jumper\/","og_site_name":"P\u00f3l\u00f3forma","article_publisher":"http:\/\/www.facebook.com\/poloforma","article_modified_time":"2022-08-25T14:51:45+00:00","og_image":[{"width":339,"height":400,"url":"https:\/\/poloforma.hu\/wp-content\/uploads\/2022\/03\/kek.jpg","type":"image\/jpeg"}],"twitter_card":"summary_large_image","twitter_misc":{"Est. reading time":"1 minute"},"schema":{"@context":"https:\/\/schema.org","@graph":[{"@type":"WebPage","@id":"https:\/\/poloforma.hu\/en\/product\/fol-round-neck-jumper\/","url":"https:\/\/poloforma.hu\/en\/product\/fol-round-neck-jumper\/","name":"FoL round neck jumper - P\u00f3l\u00f3forma","isPartOf":{"@id":"https:\/\/poloforma.hu\/#website"},"primaryImageOfPage":{"@id":"https:\/\/poloforma.hu\/en\/product\/fol-round-neck-jumper\/#primaryimage"},"image":{"@id":"https:\/\/poloforma.hu\/en\/product\/fol-round-neck-jumper\/#primaryimage"},"thumbnailUrl":"https:\/\/poloforma.hu\/wp-content\/uploads\/2022\/03\/kek.jpg","datePublished":"2022-03-16T20:44:58+00:00","dateModified":"2022-08-25T14:51:45+00:00","breadcrumb":{"@id":"https:\/\/poloforma.hu\/en\/product\/fol-round-neck-jumper\/#breadcrumb"},"inLanguage":"en-US","potentialAction":[{"@type":"ReadAction","target":["https:\/\/poloforma.hu\/en\/product\/fol-round-neck-jumper\/"]}]},{"@type":"ImageObject","inLanguage":"en-US","@id":"https:\/\/poloforma.hu\/en\/product\/fol-round-neck-jumper\/#primaryimage","url":"https:\/\/poloforma.hu\/wp-content\/uploads\/2022\/03\/kek.jpg","contentUrl":"https:\/\/poloforma.hu\/wp-content\/uploads\/2022\/03\/kek.jpg","width":339,"height":400},{"@type":"BreadcrumbList","@id":"https:\/\/poloforma.hu\/en\/product\/fol-round-neck-jumper\/#breadcrumb","itemListElement":[{"@type":"ListItem","position":1,"name":"Kezd\u0151lap","item":"https:\/\/poloforma.hu\/en\/"},{"@type":"ListItem","position":2,"name":"Shop","item":"https:\/\/poloforma.hu\/en\/shop\/"},{"@type":"ListItem","position":3,"name":"Kids clothing","item":"https:\/\/poloforma.hu\/product-category\/kids-clothing\/?lang=en"},{"@type":"ListItem","position":4,"name":"Hoodie","item":"https:\/\/poloforma.hu\/product-category\/kids-clothing\/hoodie-kids-clothing\/?lang=en"},{"@type":"ListItem","position":5,"name":"FoL round neck jumper"}]},{"@type":"WebSite","@id":"https:\/\/poloforma.hu\/#website","url":"https:\/\/poloforma.hu\/","name":"www.poloforma.hu","description":"F\u00e9nyk\u00e9pes p\u00f3l\u00f3, b\u00f6gre, aj\u00e1nd\u00e9kt\u00e1rgy nyomtat\u00e1s, h\u00edmz\u00e9s","publisher":{"@id":"https:\/\/poloforma.hu\/#organization"},"potentialAction":[{"@type":"SearchAction","target":{"@type":"EntryPoint","urlTemplate":"https:\/\/poloforma.hu\/?s={search_term_string}"},"query-input":{"@type":"PropertyValueSpecification","valueRequired":true,"valueName":"search_term_string"}}],"inLanguage":"en-US"},{"@type":"Organization","@id":"https:\/\/poloforma.hu\/#organization","name":"www.poloforma.hu","url":"https:\/\/poloforma.hu\/","logo":{"@type":"ImageObject","inLanguage":"en-US","@id":"https:\/\/poloforma.hu\/#\/schema\/logo\/image\/","url":"https:\/\/poloforma.hu\/wp-content\/uploads\/2022\/08\/favikon.png","contentUrl":"https:\/\/poloforma.hu\/wp-content\/uploads\/2022\/08\/favikon.png","width":1794,"height":1639,"caption":"www.poloforma.hu"},"image":{"@id":"https:\/\/poloforma.hu\/#\/schema\/logo\/image\/"},"sameAs":["http:\/\/www.facebook.com\/poloforma","http:\/\/www.instagram.com\/poloparadicsom"]}]}},"_links":{"self":[{"href":"https:\/\/poloforma.hu\/en\/wp-json\/wp\/v2\/product\/23807","targetHints":{"allow":["GET"]}}],"collection":[{"href":"https:\/\/poloforma.hu\/en\/wp-json\/wp\/v2\/product"}],"about":[{"href":"https:\/\/poloforma.hu\/en\/wp-json\/wp\/v2\/types\/product"}],"replies":[{"embeddable":true,"href":"https:\/\/poloforma.hu\/en\/wp-json\/wp\/v2\/comments?post=23807"}],"wp:featuredmedia":[{"embeddable":true,"href":"https:\/\/poloforma.hu\/en\/wp-json\/wp\/v2\/media\/9626"}],"wp:attachment":[{"href":"https:\/\/poloforma.hu\/en\/wp-json\/wp\/v2\/media?parent=23807"}],"wp:term":[{"taxonomy":"product_brand","embeddable":true,"href":"https:\/\/poloforma.hu\/en\/wp-json\/wp\/v2\/product_brand?post=23807"},{"taxonomy":"product_cat","embeddable":true,"href":"https:\/\/poloforma.hu\/en\/wp-json\/wp\/v2\/product_cat?post=23807"},{"taxonomy":"product_tag","embeddable":true,"href":"https:\/\/poloforma.hu\/en\/wp-json\/wp\/v2\/product_tag?post=23807"}],"curies":[{"name":"wp","href":"https:\/\/api.w.org\/{rel}","templated":true}]}}