{"id":23806,"date":"2022-03-16T21:08:07","date_gmt":"2022-03-16T21:08:07","guid":{"rendered":"https:\/\/poloforma.hu\/termek\/fol-round-necked-boys-t-shirt\/"},"modified":"2022-08-25T16:51:03","modified_gmt":"2022-08-25T14:51:03","slug":"fol-round-necked-boys-t-shirt","status":"publish","type":"product","link":"https:\/\/poloforma.hu\/en\/product\/fol-round-necked-boys-t-shirt\/","title":{"rendered":"FoL round-necked boys T-shirt"},"content":{"rendered":"<p><strong>Fruit of the Loom round-necked boys T-shirt<\/strong> &#8211; an essential for summer and beyond<\/p>\n<p>Print high quality, affordable Fruit of the Loom round-necked boys T-shirts in all sizes and colours &#8211; everyday comfort for your little chap!<\/p>\n<p>Round-necked T-shirts are essential wardrobe pieces for women, men, girls and boys; comfortable and inexpensive, we wear them all year round. If you would like to keep your little boy&#8217;s wardrobe fresh and fun, you&#8217;ll do well with unique round neck T-shirts, with yours and his designs and patterns.<\/p>\n<p>Our round-necked boys T-shirts are available in a variety of colours and sizes, pre-shrunk, round-knit, 100% cotton, reinforced at the neck, and double-stitched at the sleeves, neckline and waist. It is recommended to wash them at a maximum temperature of 30\u00b0C to maintain shape and durability.<\/p>\n<p>If you would like to have fun printing Fruit of the Loom round neck boys T-shirts, order from our webshop easily with just a few clicks!<\/p>\n","protected":false},"excerpt":{"rendered":"<p>Fruit of the Loom round-necked boys T-shirt &#8211; an essential for summer and beyond Print high quality, affordable Fruit of the Loom round-necked boys T-shirts in all sizes and colours &#8211; everyday comfort for your little chap! Round-necked T-shirts are essential wardrobe pieces for women, men, girls and boys; comfortable and inexpensive, we wear them [&hellip;]<\/p>\n","protected":false},"featured_media":12559,"comment_status":"closed","ping_status":"closed","template":"","meta":{"_acf_changed":false,"inline_featured_image":false},"product_brand":[],"product_cat":[166,159],"product_tag":[],"class_list":{"0":"post-23806","1":"product","2":"type-product","3":"status-publish","4":"has-post-thumbnail","6":"product_cat-kids-clothing","7":"product_cat-t-shirts","9":"first","10":"instock","11":"shipping-taxable","12":"purchasable","13":"product-type-simple"},"acf":[],"yoast_head":"<!-- This site is optimized with the Yoast SEO Premium plugin v27.2 (Yoast SEO v27.2) - https:\/\/yoast.com\/product\/yoast-seo-premium-wordpress\/ -->\n<title>FoL round-necked boys T-shirt - P\u00f3l\u00f3forma<\/title>\n<meta name=\"robots\" content=\"index, follow, max-snippet:-1, max-image-preview:large, max-video-preview:-1\" \/>\n<link rel=\"canonical\" href=\"https:\/\/poloforma.hu\/en\/product\/fol-round-necked-boys-t-shirt\/\" \/>\n<meta property=\"og:locale\" content=\"en_US\" \/>\n<meta property=\"og:type\" content=\"article\" \/>\n<meta property=\"og:title\" content=\"FoL round-necked boys T-shirt\" \/>\n<meta property=\"og:description\" content=\"Fruit of the Loom round-necked boys T-shirt &#8211; an essential for summer and beyond Print high quality, affordable Fruit of the Loom round-necked boys T-shirts in all sizes and colours &#8211; everyday comfort for your little chap! Round-necked T-shirts are essential wardrobe pieces for women, men, girls and boys; comfortable and inexpensive, we wear them [&hellip;]\" \/>\n<meta property=\"og:url\" content=\"https:\/\/poloforma.hu\/en\/product\/fol-round-necked-boys-t-shirt\/\" \/>\n<meta property=\"og:site_name\" content=\"P\u00f3l\u00f3forma\" \/>\n<meta property=\"article:publisher\" content=\"http:\/\/www.facebook.com\/poloforma\" \/>\n<meta property=\"article:modified_time\" content=\"2022-08-25T14:51:03+00:00\" \/>\n<meta property=\"og:image\" content=\"https:\/\/poloforma.hu\/wp-content\/uploads\/2022\/03\/fiu-kerek-nyaku3-scaled.jpg\" \/>\n\t<meta property=\"og:image:width\" content=\"1708\" \/>\n\t<meta property=\"og:image:height\" content=\"2560\" \/>\n\t<meta property=\"og:image:type\" content=\"image\/jpeg\" \/>\n<meta name=\"twitter:card\" content=\"summary_large_image\" \/>\n<meta name=\"twitter:label1\" content=\"Est. reading time\" \/>\n\t<meta name=\"twitter:data1\" content=\"1 minute\" \/>\n<script type=\"application\/ld+json\" class=\"yoast-schema-graph\">{\"@context\":\"https:\/\/schema.org\",\"@graph\":[{\"@type\":\"WebPage\",\"@id\":\"https:\/\/poloforma.hu\/en\/product\/fol-round-necked-boys-t-shirt\/\",\"url\":\"https:\/\/poloforma.hu\/en\/product\/fol-round-necked-boys-t-shirt\/\",\"name\":\"FoL round-necked boys T-shirt - P\u00f3l\u00f3forma\",\"isPartOf\":{\"@id\":\"https:\/\/poloforma.hu\/#website\"},\"primaryImageOfPage\":{\"@id\":\"https:\/\/poloforma.hu\/en\/product\/fol-round-necked-boys-t-shirt\/#primaryimage\"},\"image\":{\"@id\":\"https:\/\/poloforma.hu\/en\/product\/fol-round-necked-boys-t-shirt\/#primaryimage\"},\"thumbnailUrl\":\"https:\/\/poloforma.hu\/wp-content\/uploads\/2022\/03\/fiu-kerek-nyaku3-scaled.jpg\",\"datePublished\":\"2022-03-16T21:08:07+00:00\",\"dateModified\":\"2022-08-25T14:51:03+00:00\",\"breadcrumb\":{\"@id\":\"https:\/\/poloforma.hu\/en\/product\/fol-round-necked-boys-t-shirt\/#breadcrumb\"},\"inLanguage\":\"en-US\",\"potentialAction\":[{\"@type\":\"ReadAction\",\"target\":[\"https:\/\/poloforma.hu\/en\/product\/fol-round-necked-boys-t-shirt\/\"]}]},{\"@type\":\"ImageObject\",\"inLanguage\":\"en-US\",\"@id\":\"https:\/\/poloforma.hu\/en\/product\/fol-round-necked-boys-t-shirt\/#primaryimage\",\"url\":\"https:\/\/poloforma.hu\/wp-content\/uploads\/2022\/03\/fiu-kerek-nyaku3-scaled.jpg\",\"contentUrl\":\"https:\/\/poloforma.hu\/wp-content\/uploads\/2022\/03\/fiu-kerek-nyaku3-scaled.jpg\",\"width\":1708,\"height\":2560},{\"@type\":\"BreadcrumbList\",\"@id\":\"https:\/\/poloforma.hu\/en\/product\/fol-round-necked-boys-t-shirt\/#breadcrumb\",\"itemListElement\":[{\"@type\":\"ListItem\",\"position\":1,\"name\":\"Kezd\u0151lap\",\"item\":\"https:\/\/poloforma.hu\/en\/\"},{\"@type\":\"ListItem\",\"position\":2,\"name\":\"Shop\",\"item\":\"https:\/\/poloforma.hu\/en\/shop\/\"},{\"@type\":\"ListItem\",\"position\":3,\"name\":\"Kids clothing\",\"item\":\"https:\/\/poloforma.hu\/product-category\/kids-clothing\/?lang=en\"},{\"@type\":\"ListItem\",\"position\":4,\"name\":\"T-shirt\",\"item\":\"https:\/\/poloforma.hu\/en\/product-category\/kids-clothing\/t-shirts\/\"},{\"@type\":\"ListItem\",\"position\":5,\"name\":\"FoL round-necked boys T-shirt\"}]},{\"@type\":\"WebSite\",\"@id\":\"https:\/\/poloforma.hu\/#website\",\"url\":\"https:\/\/poloforma.hu\/\",\"name\":\"www.poloforma.hu\",\"description\":\"F\u00e9nyk\u00e9pes p\u00f3l\u00f3, b\u00f6gre, aj\u00e1nd\u00e9kt\u00e1rgy nyomtat\u00e1s, h\u00edmz\u00e9s\",\"publisher\":{\"@id\":\"https:\/\/poloforma.hu\/#organization\"},\"potentialAction\":[{\"@type\":\"SearchAction\",\"target\":{\"@type\":\"EntryPoint\",\"urlTemplate\":\"https:\/\/poloforma.hu\/?s={search_term_string}\"},\"query-input\":{\"@type\":\"PropertyValueSpecification\",\"valueRequired\":true,\"valueName\":\"search_term_string\"}}],\"inLanguage\":\"en-US\"},{\"@type\":\"Organization\",\"@id\":\"https:\/\/poloforma.hu\/#organization\",\"name\":\"www.poloforma.hu\",\"url\":\"https:\/\/poloforma.hu\/\",\"logo\":{\"@type\":\"ImageObject\",\"inLanguage\":\"en-US\",\"@id\":\"https:\/\/poloforma.hu\/#\/schema\/logo\/image\/\",\"url\":\"https:\/\/poloforma.hu\/wp-content\/uploads\/2022\/08\/favikon.png\",\"contentUrl\":\"https:\/\/poloforma.hu\/wp-content\/uploads\/2022\/08\/favikon.png\",\"width\":1794,\"height\":1639,\"caption\":\"www.poloforma.hu\"},\"image\":{\"@id\":\"https:\/\/poloforma.hu\/#\/schema\/logo\/image\/\"},\"sameAs\":[\"http:\/\/www.facebook.com\/poloforma\",\"http:\/\/www.instagram.com\/poloparadicsom\"]}]}<\/script>\n<!-- \/ Yoast SEO Premium plugin. -->","yoast_head_json":{"title":"FoL round-necked boys T-shirt - P\u00f3l\u00f3forma","robots":{"index":"index","follow":"follow","max-snippet":"max-snippet:-1","max-image-preview":"max-image-preview:large","max-video-preview":"max-video-preview:-1"},"canonical":"https:\/\/poloforma.hu\/en\/product\/fol-round-necked-boys-t-shirt\/","og_locale":"en_US","og_type":"article","og_title":"FoL round-necked boys T-shirt","og_description":"Fruit of the Loom round-necked boys T-shirt &#8211; an essential for summer and beyond Print high quality, affordable Fruit of the Loom round-necked boys T-shirts in all sizes and colours &#8211; everyday comfort for your little chap! Round-necked T-shirts are essential wardrobe pieces for women, men, girls and boys; comfortable and inexpensive, we wear them [&hellip;]","og_url":"https:\/\/poloforma.hu\/en\/product\/fol-round-necked-boys-t-shirt\/","og_site_name":"P\u00f3l\u00f3forma","article_publisher":"http:\/\/www.facebook.com\/poloforma","article_modified_time":"2022-08-25T14:51:03+00:00","og_image":[{"width":1708,"height":2560,"url":"https:\/\/poloforma.hu\/wp-content\/uploads\/2022\/03\/fiu-kerek-nyaku3-scaled.jpg","type":"image\/jpeg"}],"twitter_card":"summary_large_image","twitter_misc":{"Est. reading time":"1 minute"},"schema":{"@context":"https:\/\/schema.org","@graph":[{"@type":"WebPage","@id":"https:\/\/poloforma.hu\/en\/product\/fol-round-necked-boys-t-shirt\/","url":"https:\/\/poloforma.hu\/en\/product\/fol-round-necked-boys-t-shirt\/","name":"FoL round-necked boys T-shirt - P\u00f3l\u00f3forma","isPartOf":{"@id":"https:\/\/poloforma.hu\/#website"},"primaryImageOfPage":{"@id":"https:\/\/poloforma.hu\/en\/product\/fol-round-necked-boys-t-shirt\/#primaryimage"},"image":{"@id":"https:\/\/poloforma.hu\/en\/product\/fol-round-necked-boys-t-shirt\/#primaryimage"},"thumbnailUrl":"https:\/\/poloforma.hu\/wp-content\/uploads\/2022\/03\/fiu-kerek-nyaku3-scaled.jpg","datePublished":"2022-03-16T21:08:07+00:00","dateModified":"2022-08-25T14:51:03+00:00","breadcrumb":{"@id":"https:\/\/poloforma.hu\/en\/product\/fol-round-necked-boys-t-shirt\/#breadcrumb"},"inLanguage":"en-US","potentialAction":[{"@type":"ReadAction","target":["https:\/\/poloforma.hu\/en\/product\/fol-round-necked-boys-t-shirt\/"]}]},{"@type":"ImageObject","inLanguage":"en-US","@id":"https:\/\/poloforma.hu\/en\/product\/fol-round-necked-boys-t-shirt\/#primaryimage","url":"https:\/\/poloforma.hu\/wp-content\/uploads\/2022\/03\/fiu-kerek-nyaku3-scaled.jpg","contentUrl":"https:\/\/poloforma.hu\/wp-content\/uploads\/2022\/03\/fiu-kerek-nyaku3-scaled.jpg","width":1708,"height":2560},{"@type":"BreadcrumbList","@id":"https:\/\/poloforma.hu\/en\/product\/fol-round-necked-boys-t-shirt\/#breadcrumb","itemListElement":[{"@type":"ListItem","position":1,"name":"Kezd\u0151lap","item":"https:\/\/poloforma.hu\/en\/"},{"@type":"ListItem","position":2,"name":"Shop","item":"https:\/\/poloforma.hu\/en\/shop\/"},{"@type":"ListItem","position":3,"name":"Kids clothing","item":"https:\/\/poloforma.hu\/product-category\/kids-clothing\/?lang=en"},{"@type":"ListItem","position":4,"name":"T-shirt","item":"https:\/\/poloforma.hu\/en\/product-category\/kids-clothing\/t-shirts\/"},{"@type":"ListItem","position":5,"name":"FoL round-necked boys T-shirt"}]},{"@type":"WebSite","@id":"https:\/\/poloforma.hu\/#website","url":"https:\/\/poloforma.hu\/","name":"www.poloforma.hu","description":"F\u00e9nyk\u00e9pes p\u00f3l\u00f3, b\u00f6gre, aj\u00e1nd\u00e9kt\u00e1rgy nyomtat\u00e1s, h\u00edmz\u00e9s","publisher":{"@id":"https:\/\/poloforma.hu\/#organization"},"potentialAction":[{"@type":"SearchAction","target":{"@type":"EntryPoint","urlTemplate":"https:\/\/poloforma.hu\/?s={search_term_string}"},"query-input":{"@type":"PropertyValueSpecification","valueRequired":true,"valueName":"search_term_string"}}],"inLanguage":"en-US"},{"@type":"Organization","@id":"https:\/\/poloforma.hu\/#organization","name":"www.poloforma.hu","url":"https:\/\/poloforma.hu\/","logo":{"@type":"ImageObject","inLanguage":"en-US","@id":"https:\/\/poloforma.hu\/#\/schema\/logo\/image\/","url":"https:\/\/poloforma.hu\/wp-content\/uploads\/2022\/08\/favikon.png","contentUrl":"https:\/\/poloforma.hu\/wp-content\/uploads\/2022\/08\/favikon.png","width":1794,"height":1639,"caption":"www.poloforma.hu"},"image":{"@id":"https:\/\/poloforma.hu\/#\/schema\/logo\/image\/"},"sameAs":["http:\/\/www.facebook.com\/poloforma","http:\/\/www.instagram.com\/poloparadicsom"]}]}},"_links":{"self":[{"href":"https:\/\/poloforma.hu\/en\/wp-json\/wp\/v2\/product\/23806","targetHints":{"allow":["GET"]}}],"collection":[{"href":"https:\/\/poloforma.hu\/en\/wp-json\/wp\/v2\/product"}],"about":[{"href":"https:\/\/poloforma.hu\/en\/wp-json\/wp\/v2\/types\/product"}],"replies":[{"embeddable":true,"href":"https:\/\/poloforma.hu\/en\/wp-json\/wp\/v2\/comments?post=23806"}],"wp:featuredmedia":[{"embeddable":true,"href":"https:\/\/poloforma.hu\/en\/wp-json\/wp\/v2\/media\/12559"}],"wp:attachment":[{"href":"https:\/\/poloforma.hu\/en\/wp-json\/wp\/v2\/media?parent=23806"}],"wp:term":[{"taxonomy":"product_brand","embeddable":true,"href":"https:\/\/poloforma.hu\/en\/wp-json\/wp\/v2\/product_brand?post=23806"},{"taxonomy":"product_cat","embeddable":true,"href":"https:\/\/poloforma.hu\/en\/wp-json\/wp\/v2\/product_cat?post=23806"},{"taxonomy":"product_tag","embeddable":true,"href":"https:\/\/poloforma.hu\/en\/wp-json\/wp\/v2\/product_tag?post=23806"}],"curies":[{"name":"wp","href":"https:\/\/api.w.org\/{rel}","templated":true}]}}