{"id":23801,"date":"2021-11-16T18:27:26","date_gmt":"2021-11-16T18:27:26","guid":{"rendered":"https:\/\/poloforma.hu\/termek\/fol-womens-sports-top\/"},"modified":"2022-08-25T16:44:27","modified_gmt":"2022-08-25T14:44:27","slug":"fol-womens-sports-top","status":"publish","type":"product","link":"https:\/\/poloforma.hu\/en\/product\/fol-womens-sports-top\/","title":{"rendered":"FoL women&#8217;s sports top"},"content":{"rendered":"<p><strong>Fruit of the Loom women&#8217;s sports top<\/strong> &#8211; great for fans of team sports<\/p>\n<p>Print high quality, affordable Fruit of the Loom women&#8217;s tops in multiple colours and sizes &#8211; dress for the game!<\/p>\n<p>The love of team sports is worldwide and both men and women often wear their favourite team jersey or strip. And if if you would like the team you play for on the the field in its own, recognisable strip, we can do just that for you with a unique print! <\/p>\n<p>The tops are specifically designed for sports being high-quality technical T-shirts with raglan-cut sleeves and top stitching. They are made of 100% polyester, which is thin, (only 140g\/m2) and should be washed at only 30\u00b0C. A printed label is on the actual material on the neck for comfort. You can also find graphics that are perfect for your jersey and your team in our design collection.<\/p>\n<p>If you would like to print Fruit of the Loom women&#8217;s sports tops for yourself or your team, order from our webshop with just a few clicks!<\/p>\n","protected":false},"excerpt":{"rendered":"<p>Fruit of the Loom women&#8217;s sports top &#8211; great for fans of team sports Print high quality, affordable Fruit of the Loom women&#8217;s tops in multiple colours and sizes &#8211; dress for the game! The love of team sports is worldwide and both men and women often wear their favourite team jersey or strip. And [&hellip;]<\/p>\n","protected":false},"featured_media":12551,"comment_status":"closed","ping_status":"closed","template":"","meta":{"_acf_changed":false,"inline_featured_image":false},"product_brand":[],"product_cat":[199,197],"product_tag":[],"class_list":{"0":"post-23801","1":"product","2":"type-product","3":"status-publish","4":"has-post-thumbnail","6":"product_cat-sports-top","7":"product_cat-womens-clothing","9":"first","10":"instock","11":"shipping-taxable","12":"purchasable","13":"product-type-simple"},"acf":[],"yoast_head":"<!-- This site is optimized with the Yoast SEO Premium plugin v27.2 (Yoast SEO v27.2) - https:\/\/yoast.com\/product\/yoast-seo-premium-wordpress\/ -->\n<title>FoL women&#039;s sports top - P\u00f3l\u00f3forma<\/title>\n<meta name=\"robots\" content=\"index, follow, max-snippet:-1, max-image-preview:large, max-video-preview:-1\" \/>\n<link rel=\"canonical\" href=\"https:\/\/poloforma.hu\/en\/product\/fol-womens-sports-top\/\" \/>\n<meta property=\"og:locale\" content=\"en_US\" \/>\n<meta property=\"og:type\" content=\"article\" \/>\n<meta property=\"og:title\" content=\"FoL women&#039;s sports top\" \/>\n<meta property=\"og:description\" content=\"Fruit of the Loom women&#8217;s sports top &#8211; great for fans of team sports Print high quality, affordable Fruit of the Loom women&#8217;s tops in multiple colours and sizes &#8211; dress for the game! The love of team sports is worldwide and both men and women often wear their favourite team jersey or strip. And [&hellip;]\" \/>\n<meta property=\"og:url\" content=\"https:\/\/poloforma.hu\/en\/product\/fol-womens-sports-top\/\" \/>\n<meta property=\"og:site_name\" content=\"P\u00f3l\u00f3forma\" \/>\n<meta property=\"article:publisher\" content=\"http:\/\/www.facebook.com\/poloforma\" \/>\n<meta property=\"article:modified_time\" content=\"2022-08-25T14:44:27+00:00\" \/>\n<meta property=\"og:image\" content=\"https:\/\/poloforma.hu\/wp-content\/uploads\/2021\/11\/mez2-777x1024.png\" \/>\n\t<meta property=\"og:image:width\" content=\"777\" \/>\n\t<meta property=\"og:image:height\" content=\"1024\" \/>\n\t<meta property=\"og:image:type\" content=\"image\/png\" \/>\n<meta name=\"twitter:card\" content=\"summary_large_image\" \/>\n<meta name=\"twitter:label1\" content=\"Est. reading time\" \/>\n\t<meta name=\"twitter:data1\" content=\"1 minute\" \/>\n<script type=\"application\/ld+json\" class=\"yoast-schema-graph\">{\"@context\":\"https:\/\/schema.org\",\"@graph\":[{\"@type\":\"WebPage\",\"@id\":\"https:\/\/poloforma.hu\/en\/product\/fol-womens-sports-top\/\",\"url\":\"https:\/\/poloforma.hu\/en\/product\/fol-womens-sports-top\/\",\"name\":\"FoL women's sports top - P\u00f3l\u00f3forma\",\"isPartOf\":{\"@id\":\"https:\/\/poloforma.hu\/#website\"},\"primaryImageOfPage\":{\"@id\":\"https:\/\/poloforma.hu\/en\/product\/fol-womens-sports-top\/#primaryimage\"},\"image\":{\"@id\":\"https:\/\/poloforma.hu\/en\/product\/fol-womens-sports-top\/#primaryimage\"},\"thumbnailUrl\":\"https:\/\/poloforma.hu\/wp-content\/uploads\/2021\/11\/mez2.png\",\"datePublished\":\"2021-11-16T18:27:26+00:00\",\"dateModified\":\"2022-08-25T14:44:27+00:00\",\"breadcrumb\":{\"@id\":\"https:\/\/poloforma.hu\/en\/product\/fol-womens-sports-top\/#breadcrumb\"},\"inLanguage\":\"en-US\",\"potentialAction\":[{\"@type\":\"ReadAction\",\"target\":[\"https:\/\/poloforma.hu\/en\/product\/fol-womens-sports-top\/\"]}]},{\"@type\":\"ImageObject\",\"inLanguage\":\"en-US\",\"@id\":\"https:\/\/poloforma.hu\/en\/product\/fol-womens-sports-top\/#primaryimage\",\"url\":\"https:\/\/poloforma.hu\/wp-content\/uploads\/2021\/11\/mez2.png\",\"contentUrl\":\"https:\/\/poloforma.hu\/wp-content\/uploads\/2021\/11\/mez2.png\",\"width\":2048,\"height\":2700},{\"@type\":\"BreadcrumbList\",\"@id\":\"https:\/\/poloforma.hu\/en\/product\/fol-womens-sports-top\/#breadcrumb\",\"itemListElement\":[{\"@type\":\"ListItem\",\"position\":1,\"name\":\"Kezd\u0151lap\",\"item\":\"https:\/\/poloforma.hu\/en\/\"},{\"@type\":\"ListItem\",\"position\":2,\"name\":\"Shop\",\"item\":\"https:\/\/poloforma.hu\/en\/shop\/\"},{\"@type\":\"ListItem\",\"position\":3,\"name\":\"N\u0151i ruh\u00e1zat\",\"item\":\"https:\/\/poloforma.hu\/termekkategoria\/noi-ruhazat-nyomtatas\/\"},{\"@type\":\"ListItem\",\"position\":4,\"name\":\"N\u0151i mez\",\"item\":\"https:\/\/poloforma.hu\/termekkategoria\/noi-ruhazat-nyomtatas\/noi-mez-nyomtatas\/\"},{\"@type\":\"ListItem\",\"position\":5,\"name\":\"FoL women&#8217;s sports top\"}]},{\"@type\":\"WebSite\",\"@id\":\"https:\/\/poloforma.hu\/#website\",\"url\":\"https:\/\/poloforma.hu\/\",\"name\":\"www.poloforma.hu\",\"description\":\"F\u00e9nyk\u00e9pes p\u00f3l\u00f3, b\u00f6gre, aj\u00e1nd\u00e9kt\u00e1rgy nyomtat\u00e1s, h\u00edmz\u00e9s\",\"publisher\":{\"@id\":\"https:\/\/poloforma.hu\/#organization\"},\"potentialAction\":[{\"@type\":\"SearchAction\",\"target\":{\"@type\":\"EntryPoint\",\"urlTemplate\":\"https:\/\/poloforma.hu\/?s={search_term_string}\"},\"query-input\":{\"@type\":\"PropertyValueSpecification\",\"valueRequired\":true,\"valueName\":\"search_term_string\"}}],\"inLanguage\":\"en-US\"},{\"@type\":\"Organization\",\"@id\":\"https:\/\/poloforma.hu\/#organization\",\"name\":\"www.poloforma.hu\",\"url\":\"https:\/\/poloforma.hu\/\",\"logo\":{\"@type\":\"ImageObject\",\"inLanguage\":\"en-US\",\"@id\":\"https:\/\/poloforma.hu\/#\/schema\/logo\/image\/\",\"url\":\"https:\/\/poloforma.hu\/wp-content\/uploads\/2022\/08\/favikon.png\",\"contentUrl\":\"https:\/\/poloforma.hu\/wp-content\/uploads\/2022\/08\/favikon.png\",\"width\":1794,\"height\":1639,\"caption\":\"www.poloforma.hu\"},\"image\":{\"@id\":\"https:\/\/poloforma.hu\/#\/schema\/logo\/image\/\"},\"sameAs\":[\"http:\/\/www.facebook.com\/poloforma\",\"http:\/\/www.instagram.com\/poloparadicsom\"]}]}<\/script>\n<!-- \/ Yoast SEO Premium plugin. -->","yoast_head_json":{"title":"FoL women's sports top - P\u00f3l\u00f3forma","robots":{"index":"index","follow":"follow","max-snippet":"max-snippet:-1","max-image-preview":"max-image-preview:large","max-video-preview":"max-video-preview:-1"},"canonical":"https:\/\/poloforma.hu\/en\/product\/fol-womens-sports-top\/","og_locale":"en_US","og_type":"article","og_title":"FoL women's sports top","og_description":"Fruit of the Loom women&#8217;s sports top &#8211; great for fans of team sports Print high quality, affordable Fruit of the Loom women&#8217;s tops in multiple colours and sizes &#8211; dress for the game! The love of team sports is worldwide and both men and women often wear their favourite team jersey or strip. And [&hellip;]","og_url":"https:\/\/poloforma.hu\/en\/product\/fol-womens-sports-top\/","og_site_name":"P\u00f3l\u00f3forma","article_publisher":"http:\/\/www.facebook.com\/poloforma","article_modified_time":"2022-08-25T14:44:27+00:00","og_image":[{"width":777,"height":1024,"url":"https:\/\/poloforma.hu\/wp-content\/uploads\/2021\/11\/mez2-777x1024.png","type":"image\/png"}],"twitter_card":"summary_large_image","twitter_misc":{"Est. reading time":"1 minute"},"schema":{"@context":"https:\/\/schema.org","@graph":[{"@type":"WebPage","@id":"https:\/\/poloforma.hu\/en\/product\/fol-womens-sports-top\/","url":"https:\/\/poloforma.hu\/en\/product\/fol-womens-sports-top\/","name":"FoL women's sports top - P\u00f3l\u00f3forma","isPartOf":{"@id":"https:\/\/poloforma.hu\/#website"},"primaryImageOfPage":{"@id":"https:\/\/poloforma.hu\/en\/product\/fol-womens-sports-top\/#primaryimage"},"image":{"@id":"https:\/\/poloforma.hu\/en\/product\/fol-womens-sports-top\/#primaryimage"},"thumbnailUrl":"https:\/\/poloforma.hu\/wp-content\/uploads\/2021\/11\/mez2.png","datePublished":"2021-11-16T18:27:26+00:00","dateModified":"2022-08-25T14:44:27+00:00","breadcrumb":{"@id":"https:\/\/poloforma.hu\/en\/product\/fol-womens-sports-top\/#breadcrumb"},"inLanguage":"en-US","potentialAction":[{"@type":"ReadAction","target":["https:\/\/poloforma.hu\/en\/product\/fol-womens-sports-top\/"]}]},{"@type":"ImageObject","inLanguage":"en-US","@id":"https:\/\/poloforma.hu\/en\/product\/fol-womens-sports-top\/#primaryimage","url":"https:\/\/poloforma.hu\/wp-content\/uploads\/2021\/11\/mez2.png","contentUrl":"https:\/\/poloforma.hu\/wp-content\/uploads\/2021\/11\/mez2.png","width":2048,"height":2700},{"@type":"BreadcrumbList","@id":"https:\/\/poloforma.hu\/en\/product\/fol-womens-sports-top\/#breadcrumb","itemListElement":[{"@type":"ListItem","position":1,"name":"Kezd\u0151lap","item":"https:\/\/poloforma.hu\/en\/"},{"@type":"ListItem","position":2,"name":"Shop","item":"https:\/\/poloforma.hu\/en\/shop\/"},{"@type":"ListItem","position":3,"name":"N\u0151i ruh\u00e1zat","item":"https:\/\/poloforma.hu\/termekkategoria\/noi-ruhazat-nyomtatas\/"},{"@type":"ListItem","position":4,"name":"N\u0151i mez","item":"https:\/\/poloforma.hu\/termekkategoria\/noi-ruhazat-nyomtatas\/noi-mez-nyomtatas\/"},{"@type":"ListItem","position":5,"name":"FoL women&#8217;s sports top"}]},{"@type":"WebSite","@id":"https:\/\/poloforma.hu\/#website","url":"https:\/\/poloforma.hu\/","name":"www.poloforma.hu","description":"F\u00e9nyk\u00e9pes p\u00f3l\u00f3, b\u00f6gre, aj\u00e1nd\u00e9kt\u00e1rgy nyomtat\u00e1s, h\u00edmz\u00e9s","publisher":{"@id":"https:\/\/poloforma.hu\/#organization"},"potentialAction":[{"@type":"SearchAction","target":{"@type":"EntryPoint","urlTemplate":"https:\/\/poloforma.hu\/?s={search_term_string}"},"query-input":{"@type":"PropertyValueSpecification","valueRequired":true,"valueName":"search_term_string"}}],"inLanguage":"en-US"},{"@type":"Organization","@id":"https:\/\/poloforma.hu\/#organization","name":"www.poloforma.hu","url":"https:\/\/poloforma.hu\/","logo":{"@type":"ImageObject","inLanguage":"en-US","@id":"https:\/\/poloforma.hu\/#\/schema\/logo\/image\/","url":"https:\/\/poloforma.hu\/wp-content\/uploads\/2022\/08\/favikon.png","contentUrl":"https:\/\/poloforma.hu\/wp-content\/uploads\/2022\/08\/favikon.png","width":1794,"height":1639,"caption":"www.poloforma.hu"},"image":{"@id":"https:\/\/poloforma.hu\/#\/schema\/logo\/image\/"},"sameAs":["http:\/\/www.facebook.com\/poloforma","http:\/\/www.instagram.com\/poloparadicsom"]}]}},"_links":{"self":[{"href":"https:\/\/poloforma.hu\/en\/wp-json\/wp\/v2\/product\/23801","targetHints":{"allow":["GET"]}}],"collection":[{"href":"https:\/\/poloforma.hu\/en\/wp-json\/wp\/v2\/product"}],"about":[{"href":"https:\/\/poloforma.hu\/en\/wp-json\/wp\/v2\/types\/product"}],"replies":[{"embeddable":true,"href":"https:\/\/poloforma.hu\/en\/wp-json\/wp\/v2\/comments?post=23801"}],"wp:featuredmedia":[{"embeddable":true,"href":"https:\/\/poloforma.hu\/en\/wp-json\/wp\/v2\/media\/12551"}],"wp:attachment":[{"href":"https:\/\/poloforma.hu\/en\/wp-json\/wp\/v2\/media?parent=23801"}],"wp:term":[{"taxonomy":"product_brand","embeddable":true,"href":"https:\/\/poloforma.hu\/en\/wp-json\/wp\/v2\/product_brand?post=23801"},{"taxonomy":"product_cat","embeddable":true,"href":"https:\/\/poloforma.hu\/en\/wp-json\/wp\/v2\/product_cat?post=23801"},{"taxonomy":"product_tag","embeddable":true,"href":"https:\/\/poloforma.hu\/en\/wp-json\/wp\/v2\/product_tag?post=23801"}],"curies":[{"name":"wp","href":"https:\/\/api.w.org\/{rel}","templated":true}]}}