{"id":23800,"date":"2021-11-16T19:59:21","date_gmt":"2021-11-16T19:59:21","guid":{"rendered":"https:\/\/poloforma.hu\/termek\/fol-zippered-hoodie-2\/"},"modified":"2022-08-25T16:43:07","modified_gmt":"2022-08-25T14:43:07","slug":"fol-zippered-hoodie-2","status":"publish","type":"product","link":"https:\/\/poloforma.hu\/en\/product\/fol-zippered-hoodie-2\/","title":{"rendered":"FoL zippered hoodie"},"content":{"rendered":"<p><strong>Fruit of the Loom zippered hoodie<\/strong> &#8211; for cool, sporty ladies!<\/p>\n<p>Print high quality, affordable, Fruit of the Loom zippered hoodies, in multiple colours and in all sizes!<\/p>\n<p>A hooded sweater comes in handy in almost any situation and is certainly popular with sports people. No wonder really, as the zippered hoodie, in addition to being comfortable and easy to handle, is great for all forms of movement. You can attract attention by personalising your zippered hoodies and as they&#8217;re so affordable order more than one at a time. Provide them with a pattern that is unique to you! You can choose the zippered hoodie for both sports and general use. The sweater has a narrow, hidden zipper, and the hood is made of double material with a back neck reinforcement and a flat drawstring. The waist and cuffs are ribbed with lycra. The material of the hoodie is 100% cotton and the material thickness is thick (280g\/m2). They should be washed at a maximum temperature of 30 \u00b0C for durability.<\/p>\n<p>If you would like to print a Fruit of the Loom zippered hoodie, order the colour you like from our web store!<\/p>\n","protected":false},"excerpt":{"rendered":"<p>Fruit of the Loom zippered hoodie &#8211; for cool, sporty ladies! Print high quality, affordable, Fruit of the Loom zippered hoodies, in multiple colours and in all sizes! A hooded sweater comes in handy in almost any situation and is certainly popular with sports people. No wonder really, as the zippered hoodie, in addition to [&hellip;]<\/p>\n","protected":false},"featured_media":12547,"comment_status":"closed","ping_status":"closed","template":"","meta":{"_acf_changed":false,"inline_featured_image":false},"product_brand":[],"product_cat":[200,197],"product_tag":[],"class_list":{"0":"post-23800","1":"product","2":"type-product","3":"status-publish","4":"has-post-thumbnail","6":"product_cat-hoodie","7":"product_cat-womens-clothing","9":"first","10":"instock","11":"shipping-taxable","12":"purchasable","13":"product-type-simple"},"acf":[],"yoast_head":"<!-- This site is optimized with the Yoast SEO Premium plugin v27.2 (Yoast SEO v27.2) - https:\/\/yoast.com\/product\/yoast-seo-premium-wordpress\/ -->\n<title>FoL zippered hoodie - P\u00f3l\u00f3forma<\/title>\n<meta name=\"robots\" content=\"index, follow, max-snippet:-1, max-image-preview:large, max-video-preview:-1\" \/>\n<link rel=\"canonical\" href=\"https:\/\/poloforma.hu\/en\/product\/fol-zippered-hoodie-2\/\" \/>\n<meta property=\"og:locale\" content=\"en_US\" \/>\n<meta property=\"og:type\" content=\"article\" \/>\n<meta property=\"og:title\" content=\"FoL zippered hoodie\" \/>\n<meta property=\"og:description\" content=\"Fruit of the Loom zippered hoodie &#8211; for cool, sporty ladies! Print high quality, affordable, Fruit of the Loom zippered hoodies, in multiple colours and in all sizes! A hooded sweater comes in handy in almost any situation and is certainly popular with sports people. No wonder really, as the zippered hoodie, in addition to [&hellip;]\" \/>\n<meta property=\"og:url\" content=\"https:\/\/poloforma.hu\/en\/product\/fol-zippered-hoodie-2\/\" \/>\n<meta property=\"og:site_name\" content=\"P\u00f3l\u00f3forma\" \/>\n<meta property=\"article:publisher\" content=\"http:\/\/www.facebook.com\/poloforma\" \/>\n<meta property=\"article:modified_time\" content=\"2022-08-25T14:43:07+00:00\" \/>\n<meta property=\"og:image\" content=\"https:\/\/poloforma.hu\/wp-content\/uploads\/2021\/11\/kapucnis-cipzaras2-777x1024.png\" \/>\n\t<meta property=\"og:image:width\" content=\"777\" \/>\n\t<meta property=\"og:image:height\" content=\"1024\" \/>\n\t<meta property=\"og:image:type\" content=\"image\/png\" \/>\n<meta name=\"twitter:card\" content=\"summary_large_image\" \/>\n<meta name=\"twitter:label1\" content=\"Est. reading time\" \/>\n\t<meta name=\"twitter:data1\" content=\"1 minute\" \/>\n<script type=\"application\/ld+json\" class=\"yoast-schema-graph\">{\"@context\":\"https:\/\/schema.org\",\"@graph\":[{\"@type\":\"WebPage\",\"@id\":\"https:\/\/poloforma.hu\/en\/product\/fol-zippered-hoodie-2\/\",\"url\":\"https:\/\/poloforma.hu\/en\/product\/fol-zippered-hoodie-2\/\",\"name\":\"FoL zippered hoodie - P\u00f3l\u00f3forma\",\"isPartOf\":{\"@id\":\"https:\/\/poloforma.hu\/#website\"},\"primaryImageOfPage\":{\"@id\":\"https:\/\/poloforma.hu\/en\/product\/fol-zippered-hoodie-2\/#primaryimage\"},\"image\":{\"@id\":\"https:\/\/poloforma.hu\/en\/product\/fol-zippered-hoodie-2\/#primaryimage\"},\"thumbnailUrl\":\"https:\/\/poloforma.hu\/wp-content\/uploads\/2021\/11\/kapucnis-cipzaras2.png\",\"datePublished\":\"2021-11-16T19:59:21+00:00\",\"dateModified\":\"2022-08-25T14:43:07+00:00\",\"breadcrumb\":{\"@id\":\"https:\/\/poloforma.hu\/en\/product\/fol-zippered-hoodie-2\/#breadcrumb\"},\"inLanguage\":\"en-US\",\"potentialAction\":[{\"@type\":\"ReadAction\",\"target\":[\"https:\/\/poloforma.hu\/en\/product\/fol-zippered-hoodie-2\/\"]}]},{\"@type\":\"ImageObject\",\"inLanguage\":\"en-US\",\"@id\":\"https:\/\/poloforma.hu\/en\/product\/fol-zippered-hoodie-2\/#primaryimage\",\"url\":\"https:\/\/poloforma.hu\/wp-content\/uploads\/2021\/11\/kapucnis-cipzaras2.png\",\"contentUrl\":\"https:\/\/poloforma.hu\/wp-content\/uploads\/2021\/11\/kapucnis-cipzaras2.png\",\"width\":2048,\"height\":2700},{\"@type\":\"BreadcrumbList\",\"@id\":\"https:\/\/poloforma.hu\/en\/product\/fol-zippered-hoodie-2\/#breadcrumb\",\"itemListElement\":[{\"@type\":\"ListItem\",\"position\":1,\"name\":\"Kezd\u0151lap\",\"item\":\"https:\/\/poloforma.hu\/en\/\"},{\"@type\":\"ListItem\",\"position\":2,\"name\":\"Shop\",\"item\":\"https:\/\/poloforma.hu\/en\/shop\/\"},{\"@type\":\"ListItem\",\"position\":3,\"name\":\"Women&#039;s clothing\",\"item\":\"https:\/\/poloforma.hu\/product-category\/womens-clothing\/?lang=en\"},{\"@type\":\"ListItem\",\"position\":4,\"name\":\"Hoodie\",\"item\":\"https:\/\/poloforma.hu\/product-category\/hoodie\/?lang=en\"},{\"@type\":\"ListItem\",\"position\":5,\"name\":\"FoL zippered hoodie\"}]},{\"@type\":\"WebSite\",\"@id\":\"https:\/\/poloforma.hu\/#website\",\"url\":\"https:\/\/poloforma.hu\/\",\"name\":\"www.poloforma.hu\",\"description\":\"F\u00e9nyk\u00e9pes p\u00f3l\u00f3, b\u00f6gre, aj\u00e1nd\u00e9kt\u00e1rgy nyomtat\u00e1s, h\u00edmz\u00e9s\",\"publisher\":{\"@id\":\"https:\/\/poloforma.hu\/#organization\"},\"potentialAction\":[{\"@type\":\"SearchAction\",\"target\":{\"@type\":\"EntryPoint\",\"urlTemplate\":\"https:\/\/poloforma.hu\/?s={search_term_string}\"},\"query-input\":{\"@type\":\"PropertyValueSpecification\",\"valueRequired\":true,\"valueName\":\"search_term_string\"}}],\"inLanguage\":\"en-US\"},{\"@type\":\"Organization\",\"@id\":\"https:\/\/poloforma.hu\/#organization\",\"name\":\"www.poloforma.hu\",\"url\":\"https:\/\/poloforma.hu\/\",\"logo\":{\"@type\":\"ImageObject\",\"inLanguage\":\"en-US\",\"@id\":\"https:\/\/poloforma.hu\/#\/schema\/logo\/image\/\",\"url\":\"https:\/\/poloforma.hu\/wp-content\/uploads\/2022\/08\/favikon.png\",\"contentUrl\":\"https:\/\/poloforma.hu\/wp-content\/uploads\/2022\/08\/favikon.png\",\"width\":1794,\"height\":1639,\"caption\":\"www.poloforma.hu\"},\"image\":{\"@id\":\"https:\/\/poloforma.hu\/#\/schema\/logo\/image\/\"},\"sameAs\":[\"http:\/\/www.facebook.com\/poloforma\",\"http:\/\/www.instagram.com\/poloparadicsom\"]}]}<\/script>\n<!-- \/ Yoast SEO Premium plugin. -->","yoast_head_json":{"title":"FoL zippered hoodie - P\u00f3l\u00f3forma","robots":{"index":"index","follow":"follow","max-snippet":"max-snippet:-1","max-image-preview":"max-image-preview:large","max-video-preview":"max-video-preview:-1"},"canonical":"https:\/\/poloforma.hu\/en\/product\/fol-zippered-hoodie-2\/","og_locale":"en_US","og_type":"article","og_title":"FoL zippered hoodie","og_description":"Fruit of the Loom zippered hoodie &#8211; for cool, sporty ladies! Print high quality, affordable, Fruit of the Loom zippered hoodies, in multiple colours and in all sizes! A hooded sweater comes in handy in almost any situation and is certainly popular with sports people. No wonder really, as the zippered hoodie, in addition to [&hellip;]","og_url":"https:\/\/poloforma.hu\/en\/product\/fol-zippered-hoodie-2\/","og_site_name":"P\u00f3l\u00f3forma","article_publisher":"http:\/\/www.facebook.com\/poloforma","article_modified_time":"2022-08-25T14:43:07+00:00","og_image":[{"width":777,"height":1024,"url":"https:\/\/poloforma.hu\/wp-content\/uploads\/2021\/11\/kapucnis-cipzaras2-777x1024.png","type":"image\/png"}],"twitter_card":"summary_large_image","twitter_misc":{"Est. reading time":"1 minute"},"schema":{"@context":"https:\/\/schema.org","@graph":[{"@type":"WebPage","@id":"https:\/\/poloforma.hu\/en\/product\/fol-zippered-hoodie-2\/","url":"https:\/\/poloforma.hu\/en\/product\/fol-zippered-hoodie-2\/","name":"FoL zippered hoodie - P\u00f3l\u00f3forma","isPartOf":{"@id":"https:\/\/poloforma.hu\/#website"},"primaryImageOfPage":{"@id":"https:\/\/poloforma.hu\/en\/product\/fol-zippered-hoodie-2\/#primaryimage"},"image":{"@id":"https:\/\/poloforma.hu\/en\/product\/fol-zippered-hoodie-2\/#primaryimage"},"thumbnailUrl":"https:\/\/poloforma.hu\/wp-content\/uploads\/2021\/11\/kapucnis-cipzaras2.png","datePublished":"2021-11-16T19:59:21+00:00","dateModified":"2022-08-25T14:43:07+00:00","breadcrumb":{"@id":"https:\/\/poloforma.hu\/en\/product\/fol-zippered-hoodie-2\/#breadcrumb"},"inLanguage":"en-US","potentialAction":[{"@type":"ReadAction","target":["https:\/\/poloforma.hu\/en\/product\/fol-zippered-hoodie-2\/"]}]},{"@type":"ImageObject","inLanguage":"en-US","@id":"https:\/\/poloforma.hu\/en\/product\/fol-zippered-hoodie-2\/#primaryimage","url":"https:\/\/poloforma.hu\/wp-content\/uploads\/2021\/11\/kapucnis-cipzaras2.png","contentUrl":"https:\/\/poloforma.hu\/wp-content\/uploads\/2021\/11\/kapucnis-cipzaras2.png","width":2048,"height":2700},{"@type":"BreadcrumbList","@id":"https:\/\/poloforma.hu\/en\/product\/fol-zippered-hoodie-2\/#breadcrumb","itemListElement":[{"@type":"ListItem","position":1,"name":"Kezd\u0151lap","item":"https:\/\/poloforma.hu\/en\/"},{"@type":"ListItem","position":2,"name":"Shop","item":"https:\/\/poloforma.hu\/en\/shop\/"},{"@type":"ListItem","position":3,"name":"Women&#039;s clothing","item":"https:\/\/poloforma.hu\/product-category\/womens-clothing\/?lang=en"},{"@type":"ListItem","position":4,"name":"Hoodie","item":"https:\/\/poloforma.hu\/product-category\/hoodie\/?lang=en"},{"@type":"ListItem","position":5,"name":"FoL zippered hoodie"}]},{"@type":"WebSite","@id":"https:\/\/poloforma.hu\/#website","url":"https:\/\/poloforma.hu\/","name":"www.poloforma.hu","description":"F\u00e9nyk\u00e9pes p\u00f3l\u00f3, b\u00f6gre, aj\u00e1nd\u00e9kt\u00e1rgy nyomtat\u00e1s, h\u00edmz\u00e9s","publisher":{"@id":"https:\/\/poloforma.hu\/#organization"},"potentialAction":[{"@type":"SearchAction","target":{"@type":"EntryPoint","urlTemplate":"https:\/\/poloforma.hu\/?s={search_term_string}"},"query-input":{"@type":"PropertyValueSpecification","valueRequired":true,"valueName":"search_term_string"}}],"inLanguage":"en-US"},{"@type":"Organization","@id":"https:\/\/poloforma.hu\/#organization","name":"www.poloforma.hu","url":"https:\/\/poloforma.hu\/","logo":{"@type":"ImageObject","inLanguage":"en-US","@id":"https:\/\/poloforma.hu\/#\/schema\/logo\/image\/","url":"https:\/\/poloforma.hu\/wp-content\/uploads\/2022\/08\/favikon.png","contentUrl":"https:\/\/poloforma.hu\/wp-content\/uploads\/2022\/08\/favikon.png","width":1794,"height":1639,"caption":"www.poloforma.hu"},"image":{"@id":"https:\/\/poloforma.hu\/#\/schema\/logo\/image\/"},"sameAs":["http:\/\/www.facebook.com\/poloforma","http:\/\/www.instagram.com\/poloparadicsom"]}]}},"_links":{"self":[{"href":"https:\/\/poloforma.hu\/en\/wp-json\/wp\/v2\/product\/23800","targetHints":{"allow":["GET"]}}],"collection":[{"href":"https:\/\/poloforma.hu\/en\/wp-json\/wp\/v2\/product"}],"about":[{"href":"https:\/\/poloforma.hu\/en\/wp-json\/wp\/v2\/types\/product"}],"replies":[{"embeddable":true,"href":"https:\/\/poloforma.hu\/en\/wp-json\/wp\/v2\/comments?post=23800"}],"wp:featuredmedia":[{"embeddable":true,"href":"https:\/\/poloforma.hu\/en\/wp-json\/wp\/v2\/media\/12547"}],"wp:attachment":[{"href":"https:\/\/poloforma.hu\/en\/wp-json\/wp\/v2\/media?parent=23800"}],"wp:term":[{"taxonomy":"product_brand","embeddable":true,"href":"https:\/\/poloforma.hu\/en\/wp-json\/wp\/v2\/product_brand?post=23800"},{"taxonomy":"product_cat","embeddable":true,"href":"https:\/\/poloforma.hu\/en\/wp-json\/wp\/v2\/product_cat?post=23800"},{"taxonomy":"product_tag","embeddable":true,"href":"https:\/\/poloforma.hu\/en\/wp-json\/wp\/v2\/product_tag?post=23800"}],"curies":[{"name":"wp","href":"https:\/\/api.w.org\/{rel}","templated":true}]}}