{"id":23782,"date":"2021-11-14T12:21:37","date_gmt":"2021-11-14T12:21:37","guid":{"rendered":"https:\/\/poloforma.hu\/termek\/fol-zipped-sweater\/"},"modified":"2021-11-14T12:21:37","modified_gmt":"2021-11-14T11:21:37","slug":"fol-zipped-sweater","status":"publish","type":"product","link":"https:\/\/poloforma.hu\/en\/product\/fol-zipped-sweater\/","title":{"rendered":"FoL zipped sweater"},"content":{"rendered":"<p><strong>Fruit of the Loom Men&#8217;s Zipped Sweater Printing<\/strong> &#8211; perfect for Spring and Autumn wear<\/p>\n<p>Print high quality, affordable, Fruit of the Loom zip sweaters in a variety of colors and in all sizes &#8211; feel good even in cooler climes!<\/p>\n<p>In the spring and autumn, it can be tricky when a coat is no longer needed. A zippered sweater is often the best solution, as it is not only comfortable and warm, but also durable. And with us you can adjust it to your individual tastes with your own imagery or pattern!<\/p>\n<p>Our zippered sweater is ribbed, in traditional styling with a raised neck, fluffy inside and fitted sleeves and waist for added comfort. The material is 100% cotton, circular and very thick (280g\/m2). The neckline, cuffs and waist are made of elastane to keep out the chills. Wash at a maximum temperature of 30\u00b0C to maintain durability!<\/p>\n<p>Would you like to print a distinctive, warm and fashionable Fruit of the Loom zip sweater? Order from our web store with just a few clicks!<\/p>\n","protected":false},"excerpt":{"rendered":"<p>Fruit of the Loom Men&#8217;s Zipped Sweater Printing &#8211; perfect for Spring and Autumn wear Print high quality, affordable, Fruit of the Loom zip sweaters in a variety of colors and in all sizes &#8211; feel good even in cooler climes! In the spring and autumn, it can be tricky when a coat is no [&hellip;]<\/p>\n","protected":false},"featured_media":12513,"comment_status":"closed","ping_status":"closed","template":"","meta":{"_acf_changed":false,"inline_featured_image":false},"product_brand":[],"product_cat":[163,157],"product_tag":[],"class_list":{"0":"post-23782","1":"product","2":"type-product","3":"status-publish","4":"has-post-thumbnail","6":"product_cat-hoodie-mens-clothing","7":"product_cat-mens-clothing","9":"first","10":"instock","11":"shipping-taxable","12":"purchasable","13":"product-type-simple"},"acf":[],"yoast_head":"<!-- This site is optimized with the Yoast SEO Premium plugin v27.2 (Yoast SEO v27.2) - https:\/\/yoast.com\/product\/yoast-seo-premium-wordpress\/ -->\n<title>FoL zipped sweater - P\u00f3l\u00f3forma<\/title>\n<meta name=\"robots\" content=\"index, follow, max-snippet:-1, max-image-preview:large, max-video-preview:-1\" \/>\n<link rel=\"canonical\" href=\"https:\/\/poloforma.hu\/en\/product\/fol-zipped-sweater\/\" \/>\n<meta property=\"og:locale\" content=\"en_US\" \/>\n<meta property=\"og:type\" content=\"article\" \/>\n<meta property=\"og:title\" content=\"FoL zipped sweater\" \/>\n<meta property=\"og:description\" content=\"Fruit of the Loom Men&#8217;s Zipped Sweater Printing &#8211; perfect for Spring and Autumn wear Print high quality, affordable, Fruit of the Loom zip sweaters in a variety of colors and in all sizes &#8211; feel good even in cooler climes! In the spring and autumn, it can be tricky when a coat is no [&hellip;]\" \/>\n<meta property=\"og:url\" content=\"https:\/\/poloforma.hu\/en\/product\/fol-zipped-sweater\/\" \/>\n<meta property=\"og:site_name\" content=\"P\u00f3l\u00f3forma\" \/>\n<meta property=\"article:publisher\" content=\"http:\/\/www.facebook.com\/poloforma\" \/>\n<meta property=\"og:image\" content=\"https:\/\/poloforma.hu\/wp-content\/uploads\/2021\/11\/cipzaras-pulover-683x1024.png\" \/>\n\t<meta property=\"og:image:width\" content=\"683\" \/>\n\t<meta property=\"og:image:height\" content=\"1024\" \/>\n\t<meta property=\"og:image:type\" content=\"image\/png\" \/>\n<meta name=\"twitter:card\" content=\"summary_large_image\" \/>\n<meta name=\"twitter:label1\" content=\"Est. reading time\" \/>\n\t<meta name=\"twitter:data1\" content=\"1 minute\" \/>\n<script type=\"application\/ld+json\" class=\"yoast-schema-graph\">{\"@context\":\"https:\/\/schema.org\",\"@graph\":[{\"@type\":\"WebPage\",\"@id\":\"https:\/\/poloforma.hu\/en\/product\/fol-zipped-sweater\/\",\"url\":\"https:\/\/poloforma.hu\/en\/product\/fol-zipped-sweater\/\",\"name\":\"FoL zipped sweater - P\u00f3l\u00f3forma\",\"isPartOf\":{\"@id\":\"https:\/\/poloforma.hu\/#website\"},\"primaryImageOfPage\":{\"@id\":\"https:\/\/poloforma.hu\/en\/product\/fol-zipped-sweater\/#primaryimage\"},\"image\":{\"@id\":\"https:\/\/poloforma.hu\/en\/product\/fol-zipped-sweater\/#primaryimage\"},\"thumbnailUrl\":\"https:\/\/poloforma.hu\/wp-content\/uploads\/2021\/11\/cipzaras-pulover.png\",\"datePublished\":\"2021-11-14T12:21:37+00:00\",\"breadcrumb\":{\"@id\":\"https:\/\/poloforma.hu\/en\/product\/fol-zipped-sweater\/#breadcrumb\"},\"inLanguage\":\"en-US\",\"potentialAction\":[{\"@type\":\"ReadAction\",\"target\":[\"https:\/\/poloforma.hu\/en\/product\/fol-zipped-sweater\/\"]}]},{\"@type\":\"ImageObject\",\"inLanguage\":\"en-US\",\"@id\":\"https:\/\/poloforma.hu\/en\/product\/fol-zipped-sweater\/#primaryimage\",\"url\":\"https:\/\/poloforma.hu\/wp-content\/uploads\/2021\/11\/cipzaras-pulover.png\",\"contentUrl\":\"https:\/\/poloforma.hu\/wp-content\/uploads\/2021\/11\/cipzaras-pulover.png\",\"width\":1776,\"height\":2664},{\"@type\":\"BreadcrumbList\",\"@id\":\"https:\/\/poloforma.hu\/en\/product\/fol-zipped-sweater\/#breadcrumb\",\"itemListElement\":[{\"@type\":\"ListItem\",\"position\":1,\"name\":\"Kezd\u0151lap\",\"item\":\"https:\/\/poloforma.hu\/en\/\"},{\"@type\":\"ListItem\",\"position\":2,\"name\":\"Shop\",\"item\":\"https:\/\/poloforma.hu\/en\/shop\/\"},{\"@type\":\"ListItem\",\"position\":3,\"name\":\"Men&#039;s clothing\",\"item\":\"https:\/\/poloforma.hu\/product-category\/mens-clothing\/?lang=en\"},{\"@type\":\"ListItem\",\"position\":4,\"name\":\"Hoodie\",\"item\":\"https:\/\/poloforma.hu\/product-category\/mens-clothing\/hoodie-mens-clothing\/?lang=en\"},{\"@type\":\"ListItem\",\"position\":5,\"name\":\"FoL zipped sweater\"}]},{\"@type\":\"WebSite\",\"@id\":\"https:\/\/poloforma.hu\/#website\",\"url\":\"https:\/\/poloforma.hu\/\",\"name\":\"www.poloforma.hu\",\"description\":\"F\u00e9nyk\u00e9pes p\u00f3l\u00f3, b\u00f6gre, aj\u00e1nd\u00e9kt\u00e1rgy nyomtat\u00e1s, h\u00edmz\u00e9s\",\"publisher\":{\"@id\":\"https:\/\/poloforma.hu\/#organization\"},\"potentialAction\":[{\"@type\":\"SearchAction\",\"target\":{\"@type\":\"EntryPoint\",\"urlTemplate\":\"https:\/\/poloforma.hu\/?s={search_term_string}\"},\"query-input\":{\"@type\":\"PropertyValueSpecification\",\"valueRequired\":true,\"valueName\":\"search_term_string\"}}],\"inLanguage\":\"en-US\"},{\"@type\":\"Organization\",\"@id\":\"https:\/\/poloforma.hu\/#organization\",\"name\":\"www.poloforma.hu\",\"url\":\"https:\/\/poloforma.hu\/\",\"logo\":{\"@type\":\"ImageObject\",\"inLanguage\":\"en-US\",\"@id\":\"https:\/\/poloforma.hu\/#\/schema\/logo\/image\/\",\"url\":\"https:\/\/poloforma.hu\/wp-content\/uploads\/2022\/08\/favikon.png\",\"contentUrl\":\"https:\/\/poloforma.hu\/wp-content\/uploads\/2022\/08\/favikon.png\",\"width\":1794,\"height\":1639,\"caption\":\"www.poloforma.hu\"},\"image\":{\"@id\":\"https:\/\/poloforma.hu\/#\/schema\/logo\/image\/\"},\"sameAs\":[\"http:\/\/www.facebook.com\/poloforma\",\"http:\/\/www.instagram.com\/poloparadicsom\"]}]}<\/script>\n<!-- \/ Yoast SEO Premium plugin. -->","yoast_head_json":{"title":"FoL zipped sweater - P\u00f3l\u00f3forma","robots":{"index":"index","follow":"follow","max-snippet":"max-snippet:-1","max-image-preview":"max-image-preview:large","max-video-preview":"max-video-preview:-1"},"canonical":"https:\/\/poloforma.hu\/en\/product\/fol-zipped-sweater\/","og_locale":"en_US","og_type":"article","og_title":"FoL zipped sweater","og_description":"Fruit of the Loom Men&#8217;s Zipped Sweater Printing &#8211; perfect for Spring and Autumn wear Print high quality, affordable, Fruit of the Loom zip sweaters in a variety of colors and in all sizes &#8211; feel good even in cooler climes! In the spring and autumn, it can be tricky when a coat is no [&hellip;]","og_url":"https:\/\/poloforma.hu\/en\/product\/fol-zipped-sweater\/","og_site_name":"P\u00f3l\u00f3forma","article_publisher":"http:\/\/www.facebook.com\/poloforma","og_image":[{"width":683,"height":1024,"url":"https:\/\/poloforma.hu\/wp-content\/uploads\/2021\/11\/cipzaras-pulover-683x1024.png","type":"image\/png"}],"twitter_card":"summary_large_image","twitter_misc":{"Est. reading time":"1 minute"},"schema":{"@context":"https:\/\/schema.org","@graph":[{"@type":"WebPage","@id":"https:\/\/poloforma.hu\/en\/product\/fol-zipped-sweater\/","url":"https:\/\/poloforma.hu\/en\/product\/fol-zipped-sweater\/","name":"FoL zipped sweater - P\u00f3l\u00f3forma","isPartOf":{"@id":"https:\/\/poloforma.hu\/#website"},"primaryImageOfPage":{"@id":"https:\/\/poloforma.hu\/en\/product\/fol-zipped-sweater\/#primaryimage"},"image":{"@id":"https:\/\/poloforma.hu\/en\/product\/fol-zipped-sweater\/#primaryimage"},"thumbnailUrl":"https:\/\/poloforma.hu\/wp-content\/uploads\/2021\/11\/cipzaras-pulover.png","datePublished":"2021-11-14T12:21:37+00:00","breadcrumb":{"@id":"https:\/\/poloforma.hu\/en\/product\/fol-zipped-sweater\/#breadcrumb"},"inLanguage":"en-US","potentialAction":[{"@type":"ReadAction","target":["https:\/\/poloforma.hu\/en\/product\/fol-zipped-sweater\/"]}]},{"@type":"ImageObject","inLanguage":"en-US","@id":"https:\/\/poloforma.hu\/en\/product\/fol-zipped-sweater\/#primaryimage","url":"https:\/\/poloforma.hu\/wp-content\/uploads\/2021\/11\/cipzaras-pulover.png","contentUrl":"https:\/\/poloforma.hu\/wp-content\/uploads\/2021\/11\/cipzaras-pulover.png","width":1776,"height":2664},{"@type":"BreadcrumbList","@id":"https:\/\/poloforma.hu\/en\/product\/fol-zipped-sweater\/#breadcrumb","itemListElement":[{"@type":"ListItem","position":1,"name":"Kezd\u0151lap","item":"https:\/\/poloforma.hu\/en\/"},{"@type":"ListItem","position":2,"name":"Shop","item":"https:\/\/poloforma.hu\/en\/shop\/"},{"@type":"ListItem","position":3,"name":"Men&#039;s clothing","item":"https:\/\/poloforma.hu\/product-category\/mens-clothing\/?lang=en"},{"@type":"ListItem","position":4,"name":"Hoodie","item":"https:\/\/poloforma.hu\/product-category\/mens-clothing\/hoodie-mens-clothing\/?lang=en"},{"@type":"ListItem","position":5,"name":"FoL zipped sweater"}]},{"@type":"WebSite","@id":"https:\/\/poloforma.hu\/#website","url":"https:\/\/poloforma.hu\/","name":"www.poloforma.hu","description":"F\u00e9nyk\u00e9pes p\u00f3l\u00f3, b\u00f6gre, aj\u00e1nd\u00e9kt\u00e1rgy nyomtat\u00e1s, h\u00edmz\u00e9s","publisher":{"@id":"https:\/\/poloforma.hu\/#organization"},"potentialAction":[{"@type":"SearchAction","target":{"@type":"EntryPoint","urlTemplate":"https:\/\/poloforma.hu\/?s={search_term_string}"},"query-input":{"@type":"PropertyValueSpecification","valueRequired":true,"valueName":"search_term_string"}}],"inLanguage":"en-US"},{"@type":"Organization","@id":"https:\/\/poloforma.hu\/#organization","name":"www.poloforma.hu","url":"https:\/\/poloforma.hu\/","logo":{"@type":"ImageObject","inLanguage":"en-US","@id":"https:\/\/poloforma.hu\/#\/schema\/logo\/image\/","url":"https:\/\/poloforma.hu\/wp-content\/uploads\/2022\/08\/favikon.png","contentUrl":"https:\/\/poloforma.hu\/wp-content\/uploads\/2022\/08\/favikon.png","width":1794,"height":1639,"caption":"www.poloforma.hu"},"image":{"@id":"https:\/\/poloforma.hu\/#\/schema\/logo\/image\/"},"sameAs":["http:\/\/www.facebook.com\/poloforma","http:\/\/www.instagram.com\/poloparadicsom"]}]}},"_links":{"self":[{"href":"https:\/\/poloforma.hu\/en\/wp-json\/wp\/v2\/product\/23782","targetHints":{"allow":["GET"]}}],"collection":[{"href":"https:\/\/poloforma.hu\/en\/wp-json\/wp\/v2\/product"}],"about":[{"href":"https:\/\/poloforma.hu\/en\/wp-json\/wp\/v2\/types\/product"}],"replies":[{"embeddable":true,"href":"https:\/\/poloforma.hu\/en\/wp-json\/wp\/v2\/comments?post=23782"}],"wp:featuredmedia":[{"embeddable":true,"href":"https:\/\/poloforma.hu\/en\/wp-json\/wp\/v2\/media\/12513"}],"wp:attachment":[{"href":"https:\/\/poloforma.hu\/en\/wp-json\/wp\/v2\/media?parent=23782"}],"wp:term":[{"taxonomy":"product_brand","embeddable":true,"href":"https:\/\/poloforma.hu\/en\/wp-json\/wp\/v2\/product_brand?post=23782"},{"taxonomy":"product_cat","embeddable":true,"href":"https:\/\/poloforma.hu\/en\/wp-json\/wp\/v2\/product_cat?post=23782"},{"taxonomy":"product_tag","embeddable":true,"href":"https:\/\/poloforma.hu\/en\/wp-json\/wp\/v2\/product_tag?post=23782"}],"curies":[{"name":"wp","href":"https:\/\/api.w.org\/{rel}","templated":true}]}}