{"id":23779,"date":"2021-11-14T14:51:29","date_gmt":"2021-11-14T14:51:29","guid":{"rendered":"https:\/\/poloforma.hu\/termek\/snapback-cap\/"},"modified":"2021-11-14T14:51:29","modified_gmt":"2021-11-14T13:51:29","slug":"snapback-cap","status":"publish","type":"product","link":"https:\/\/poloforma.hu\/en\/product\/snapback-cap\/","title":{"rendered":"Snapback Cap"},"content":{"rendered":"<p><strong>Snapback Cap<\/strong>&#8211; The baseball hat&#8217;s second style<\/p>\n<p>Print high quality, affordable, snapbacks in multiple colours &#8211; the classic baseball hat with an adjustable fit.<\/p>\n<p>The name snapback refers to a &#8220;&#8221;clip&#8221;&#8221; on the back that allows you to adjust the size. The clip is two plastic strips, one with holes in and the other with nipples that snap into each other, allowing for a more stable fit than a standard velcro. Other features are the same as a baseball cap, meaning it\u2019s colourful, protects your head, and you can put any pattern on it that gives it its uniqueness!<\/p>\n<p>Our snapback hat is available in several colours, the size can be adjusted with a plastic strap, is 100% cotton, and is made in the traditional way with 5 panels. You can easily make it unique with one of the hundreds of prints available from us, but you can even upload your own logo, which we will make for you in our usual high quality.<\/p>\n<p>If you would like custom headgear in a printed snapback, order from our web store with just a few clicks!<\/p>\n","protected":false},"excerpt":{"rendered":"<p>Snapback Cap&#8211; The baseball hat&#8217;s second style Print high quality, affordable, snapbacks in multiple colours &#8211; the classic baseball hat with an adjustable fit. The name snapback refers to a &#8220;&#8221;clip&#8221;&#8221; on the back that allows you to adjust the size. The clip is two plastic strips, one with holes in and the other with [&hellip;]<\/p>\n","protected":false},"featured_media":12505,"comment_status":"closed","ping_status":"closed","template":"","meta":{"_acf_changed":false,"inline_featured_image":false},"product_brand":[],"product_cat":[157,155,164,191],"product_tag":[],"class_list":{"0":"post-23779","1":"product","2":"type-product","3":"status-publish","4":"has-post-thumbnail","6":"product_cat-mens-clothing","7":"product_cat-other","8":"product_cat-snapback-mens-clothing","9":"product_cat-snapback-en","11":"first","12":"instock","13":"shipping-taxable","14":"purchasable","15":"product-type-simple"},"acf":[],"yoast_head":"<!-- This site is optimized with the Yoast SEO Premium plugin v27.2 (Yoast SEO v27.2) - https:\/\/yoast.com\/product\/yoast-seo-premium-wordpress\/ -->\n<title>Snapback Cap - P\u00f3l\u00f3forma<\/title>\n<meta name=\"robots\" content=\"index, follow, max-snippet:-1, max-image-preview:large, max-video-preview:-1\" \/>\n<link rel=\"canonical\" href=\"https:\/\/poloforma.hu\/en\/product\/snapback-cap\/\" \/>\n<meta property=\"og:locale\" content=\"en_US\" \/>\n<meta property=\"og:type\" content=\"article\" \/>\n<meta property=\"og:title\" content=\"Snapback Cap\" \/>\n<meta property=\"og:description\" content=\"Snapback Cap&#8211; The baseball hat&#8217;s second style Print high quality, affordable, snapbacks in multiple colours &#8211; the classic baseball hat with an adjustable fit. The name snapback refers to a &#8220;&#8221;clip&#8221;&#8221; on the back that allows you to adjust the size. The clip is two plastic strips, one with holes in and the other with [&hellip;]\" \/>\n<meta property=\"og:url\" content=\"https:\/\/poloforma.hu\/en\/product\/snapback-cap\/\" \/>\n<meta property=\"og:site_name\" content=\"P\u00f3l\u00f3forma\" \/>\n<meta property=\"article:publisher\" content=\"http:\/\/www.facebook.com\/poloforma\" \/>\n<meta property=\"og:image\" content=\"https:\/\/poloforma.hu\/wp-content\/uploads\/2021\/11\/snapback-minta-kep-scaled.jpg\" \/>\n\t<meta property=\"og:image:width\" content=\"2560\" \/>\n\t<meta property=\"og:image:height\" content=\"1707\" \/>\n\t<meta property=\"og:image:type\" content=\"image\/jpeg\" \/>\n<meta name=\"twitter:card\" content=\"summary_large_image\" \/>\n<meta name=\"twitter:label1\" content=\"Est. reading time\" \/>\n\t<meta name=\"twitter:data1\" content=\"1 minute\" \/>\n<script type=\"application\/ld+json\" class=\"yoast-schema-graph\">{\"@context\":\"https:\/\/schema.org\",\"@graph\":[{\"@type\":\"WebPage\",\"@id\":\"https:\/\/poloforma.hu\/en\/product\/snapback-cap\/\",\"url\":\"https:\/\/poloforma.hu\/en\/product\/snapback-cap\/\",\"name\":\"Snapback Cap - P\u00f3l\u00f3forma\",\"isPartOf\":{\"@id\":\"https:\/\/poloforma.hu\/#website\"},\"primaryImageOfPage\":{\"@id\":\"https:\/\/poloforma.hu\/en\/product\/snapback-cap\/#primaryimage\"},\"image\":{\"@id\":\"https:\/\/poloforma.hu\/en\/product\/snapback-cap\/#primaryimage\"},\"thumbnailUrl\":\"https:\/\/poloforma.hu\/wp-content\/uploads\/2021\/11\/snapback-minta-kep-scaled.jpg\",\"datePublished\":\"2021-11-14T14:51:29+00:00\",\"breadcrumb\":{\"@id\":\"https:\/\/poloforma.hu\/en\/product\/snapback-cap\/#breadcrumb\"},\"inLanguage\":\"en-US\",\"potentialAction\":[{\"@type\":\"ReadAction\",\"target\":[\"https:\/\/poloforma.hu\/en\/product\/snapback-cap\/\"]}]},{\"@type\":\"ImageObject\",\"inLanguage\":\"en-US\",\"@id\":\"https:\/\/poloforma.hu\/en\/product\/snapback-cap\/#primaryimage\",\"url\":\"https:\/\/poloforma.hu\/wp-content\/uploads\/2021\/11\/snapback-minta-kep-scaled.jpg\",\"contentUrl\":\"https:\/\/poloforma.hu\/wp-content\/uploads\/2021\/11\/snapback-minta-kep-scaled.jpg\",\"width\":2560,\"height\":1707,\"caption\":\"Teenage boy in white snapback cap and tank top street fashion shoot\"},{\"@type\":\"BreadcrumbList\",\"@id\":\"https:\/\/poloforma.hu\/en\/product\/snapback-cap\/#breadcrumb\",\"itemListElement\":[{\"@type\":\"ListItem\",\"position\":1,\"name\":\"Kezd\u0151lap\",\"item\":\"https:\/\/poloforma.hu\/en\/\"},{\"@type\":\"ListItem\",\"position\":2,\"name\":\"Shop\",\"item\":\"https:\/\/poloforma.hu\/en\/shop\/\"},{\"@type\":\"ListItem\",\"position\":3,\"name\":\"F\u00e9rfi ruh\u00e1zat\",\"item\":\"https:\/\/poloforma.hu\/termekkategoria\/ferfi-ruhazat-nyomtatas\/\"},{\"@type\":\"ListItem\",\"position\":4,\"name\":\"Snapback Cap\"}]},{\"@type\":\"WebSite\",\"@id\":\"https:\/\/poloforma.hu\/#website\",\"url\":\"https:\/\/poloforma.hu\/\",\"name\":\"www.poloforma.hu\",\"description\":\"F\u00e9nyk\u00e9pes p\u00f3l\u00f3, b\u00f6gre, aj\u00e1nd\u00e9kt\u00e1rgy nyomtat\u00e1s, h\u00edmz\u00e9s\",\"publisher\":{\"@id\":\"https:\/\/poloforma.hu\/#organization\"},\"potentialAction\":[{\"@type\":\"SearchAction\",\"target\":{\"@type\":\"EntryPoint\",\"urlTemplate\":\"https:\/\/poloforma.hu\/?s={search_term_string}\"},\"query-input\":{\"@type\":\"PropertyValueSpecification\",\"valueRequired\":true,\"valueName\":\"search_term_string\"}}],\"inLanguage\":\"en-US\"},{\"@type\":\"Organization\",\"@id\":\"https:\/\/poloforma.hu\/#organization\",\"name\":\"www.poloforma.hu\",\"url\":\"https:\/\/poloforma.hu\/\",\"logo\":{\"@type\":\"ImageObject\",\"inLanguage\":\"en-US\",\"@id\":\"https:\/\/poloforma.hu\/#\/schema\/logo\/image\/\",\"url\":\"https:\/\/poloforma.hu\/wp-content\/uploads\/2022\/08\/favikon.png\",\"contentUrl\":\"https:\/\/poloforma.hu\/wp-content\/uploads\/2022\/08\/favikon.png\",\"width\":1794,\"height\":1639,\"caption\":\"www.poloforma.hu\"},\"image\":{\"@id\":\"https:\/\/poloforma.hu\/#\/schema\/logo\/image\/\"},\"sameAs\":[\"http:\/\/www.facebook.com\/poloforma\",\"http:\/\/www.instagram.com\/poloparadicsom\"]}]}<\/script>\n<!-- \/ Yoast SEO Premium plugin. -->","yoast_head_json":{"title":"Snapback Cap - P\u00f3l\u00f3forma","robots":{"index":"index","follow":"follow","max-snippet":"max-snippet:-1","max-image-preview":"max-image-preview:large","max-video-preview":"max-video-preview:-1"},"canonical":"https:\/\/poloforma.hu\/en\/product\/snapback-cap\/","og_locale":"en_US","og_type":"article","og_title":"Snapback Cap","og_description":"Snapback Cap&#8211; The baseball hat&#8217;s second style Print high quality, affordable, snapbacks in multiple colours &#8211; the classic baseball hat with an adjustable fit. The name snapback refers to a &#8220;&#8221;clip&#8221;&#8221; on the back that allows you to adjust the size. The clip is two plastic strips, one with holes in and the other with [&hellip;]","og_url":"https:\/\/poloforma.hu\/en\/product\/snapback-cap\/","og_site_name":"P\u00f3l\u00f3forma","article_publisher":"http:\/\/www.facebook.com\/poloforma","og_image":[{"width":2560,"height":1707,"url":"https:\/\/poloforma.hu\/wp-content\/uploads\/2021\/11\/snapback-minta-kep-scaled.jpg","type":"image\/jpeg"}],"twitter_card":"summary_large_image","twitter_misc":{"Est. reading time":"1 minute"},"schema":{"@context":"https:\/\/schema.org","@graph":[{"@type":"WebPage","@id":"https:\/\/poloforma.hu\/en\/product\/snapback-cap\/","url":"https:\/\/poloforma.hu\/en\/product\/snapback-cap\/","name":"Snapback Cap - P\u00f3l\u00f3forma","isPartOf":{"@id":"https:\/\/poloforma.hu\/#website"},"primaryImageOfPage":{"@id":"https:\/\/poloforma.hu\/en\/product\/snapback-cap\/#primaryimage"},"image":{"@id":"https:\/\/poloforma.hu\/en\/product\/snapback-cap\/#primaryimage"},"thumbnailUrl":"https:\/\/poloforma.hu\/wp-content\/uploads\/2021\/11\/snapback-minta-kep-scaled.jpg","datePublished":"2021-11-14T14:51:29+00:00","breadcrumb":{"@id":"https:\/\/poloforma.hu\/en\/product\/snapback-cap\/#breadcrumb"},"inLanguage":"en-US","potentialAction":[{"@type":"ReadAction","target":["https:\/\/poloforma.hu\/en\/product\/snapback-cap\/"]}]},{"@type":"ImageObject","inLanguage":"en-US","@id":"https:\/\/poloforma.hu\/en\/product\/snapback-cap\/#primaryimage","url":"https:\/\/poloforma.hu\/wp-content\/uploads\/2021\/11\/snapback-minta-kep-scaled.jpg","contentUrl":"https:\/\/poloforma.hu\/wp-content\/uploads\/2021\/11\/snapback-minta-kep-scaled.jpg","width":2560,"height":1707,"caption":"Teenage boy in white snapback cap and tank top street fashion shoot"},{"@type":"BreadcrumbList","@id":"https:\/\/poloforma.hu\/en\/product\/snapback-cap\/#breadcrumb","itemListElement":[{"@type":"ListItem","position":1,"name":"Kezd\u0151lap","item":"https:\/\/poloforma.hu\/en\/"},{"@type":"ListItem","position":2,"name":"Shop","item":"https:\/\/poloforma.hu\/en\/shop\/"},{"@type":"ListItem","position":3,"name":"F\u00e9rfi ruh\u00e1zat","item":"https:\/\/poloforma.hu\/termekkategoria\/ferfi-ruhazat-nyomtatas\/"},{"@type":"ListItem","position":4,"name":"Snapback Cap"}]},{"@type":"WebSite","@id":"https:\/\/poloforma.hu\/#website","url":"https:\/\/poloforma.hu\/","name":"www.poloforma.hu","description":"F\u00e9nyk\u00e9pes p\u00f3l\u00f3, b\u00f6gre, aj\u00e1nd\u00e9kt\u00e1rgy nyomtat\u00e1s, h\u00edmz\u00e9s","publisher":{"@id":"https:\/\/poloforma.hu\/#organization"},"potentialAction":[{"@type":"SearchAction","target":{"@type":"EntryPoint","urlTemplate":"https:\/\/poloforma.hu\/?s={search_term_string}"},"query-input":{"@type":"PropertyValueSpecification","valueRequired":true,"valueName":"search_term_string"}}],"inLanguage":"en-US"},{"@type":"Organization","@id":"https:\/\/poloforma.hu\/#organization","name":"www.poloforma.hu","url":"https:\/\/poloforma.hu\/","logo":{"@type":"ImageObject","inLanguage":"en-US","@id":"https:\/\/poloforma.hu\/#\/schema\/logo\/image\/","url":"https:\/\/poloforma.hu\/wp-content\/uploads\/2022\/08\/favikon.png","contentUrl":"https:\/\/poloforma.hu\/wp-content\/uploads\/2022\/08\/favikon.png","width":1794,"height":1639,"caption":"www.poloforma.hu"},"image":{"@id":"https:\/\/poloforma.hu\/#\/schema\/logo\/image\/"},"sameAs":["http:\/\/www.facebook.com\/poloforma","http:\/\/www.instagram.com\/poloparadicsom"]}]}},"_links":{"self":[{"href":"https:\/\/poloforma.hu\/en\/wp-json\/wp\/v2\/product\/23779","targetHints":{"allow":["GET"]}}],"collection":[{"href":"https:\/\/poloforma.hu\/en\/wp-json\/wp\/v2\/product"}],"about":[{"href":"https:\/\/poloforma.hu\/en\/wp-json\/wp\/v2\/types\/product"}],"replies":[{"embeddable":true,"href":"https:\/\/poloforma.hu\/en\/wp-json\/wp\/v2\/comments?post=23779"}],"wp:featuredmedia":[{"embeddable":true,"href":"https:\/\/poloforma.hu\/en\/wp-json\/wp\/v2\/media\/12505"}],"wp:attachment":[{"href":"https:\/\/poloforma.hu\/en\/wp-json\/wp\/v2\/media?parent=23779"}],"wp:term":[{"taxonomy":"product_brand","embeddable":true,"href":"https:\/\/poloforma.hu\/en\/wp-json\/wp\/v2\/product_brand?post=23779"},{"taxonomy":"product_cat","embeddable":true,"href":"https:\/\/poloforma.hu\/en\/wp-json\/wp\/v2\/product_cat?post=23779"},{"taxonomy":"product_tag","embeddable":true,"href":"https:\/\/poloforma.hu\/en\/wp-json\/wp\/v2\/product_tag?post=23779"}],"curies":[{"name":"wp","href":"https:\/\/api.w.org\/{rel}","templated":true}]}}