{"id":23777,"date":"2021-11-14T15:50:06","date_gmt":"2021-11-14T15:50:06","guid":{"rendered":"https:\/\/poloforma.hu\/termek\/fol-zippered-hoodie\/"},"modified":"2021-11-14T15:50:06","modified_gmt":"2021-11-14T14:50:06","slug":"fol-zippered-hoodie","status":"publish","type":"product","link":"https:\/\/poloforma.hu\/en\/product\/fol-zippered-hoodie\/","title":{"rendered":"FoL zippered hoodie"},"content":{"rendered":"<p><strong>Fruit of the Loom zippered hoodie<\/strong>   &#8211; casual but unique!<\/p>\n<p>Print zippered hoodies in a variety of colours and sizes, from Fruit of the Loom, in high quality at an affordable price &#8211; a sporty yet flexible garment.<\/p>\n<p>Whether you\u2019re playing sports or just looking for a comfortable, warm piece of clothing that can be used out and about or at home, you can\u2019t beat a zippered hoodie. And we offer them at an affordable price with the possibility of expressing yourself with a unique pattern or image.<\/p>\n<p>The zippered, hooded tops are traditionally tailored and good all year round. Fluffy on the inside, with a flat drawstring and lycra ribbed waist and sleeves. The material is a thick 100% cotton (280g\/m2). The zipper is narrow and concealed, and the hood is double material with a reinforcement at the neck. Wash them at a maximum temperature of 30\u00b0C for durability!<\/p>\n<p>If you would like printed zippered hoodies, our webshop is at your disposal! Order easily and conveniently with just a few clicks!<\/p>\n","protected":false},"excerpt":{"rendered":"<p>Fruit of the Loom zippered hoodie &#8211; casual but unique! Print zippered hoodies in a variety of colours and sizes, from Fruit of the Loom, in high quality at an affordable price &#8211; a sporty yet flexible garment. Whether you\u2019re playing sports or just looking for a comfortable, warm piece of clothing that can be [&hellip;]<\/p>\n","protected":false},"featured_media":13173,"comment_status":"closed","ping_status":"closed","template":"","meta":{"_acf_changed":false,"inline_featured_image":false},"product_brand":[],"product_cat":[163,157],"product_tag":[],"class_list":{"0":"post-23777","1":"product","2":"type-product","3":"status-publish","4":"has-post-thumbnail","6":"product_cat-hoodie-mens-clothing","7":"product_cat-mens-clothing","9":"first","10":"instock","11":"shipping-taxable","12":"purchasable","13":"product-type-simple"},"acf":[],"yoast_head":"<!-- This site is optimized with the Yoast SEO Premium plugin v27.2 (Yoast SEO v27.2) - https:\/\/yoast.com\/product\/yoast-seo-premium-wordpress\/ -->\n<title>FoL zippered hoodie - P\u00f3l\u00f3forma<\/title>\n<meta name=\"robots\" content=\"index, follow, max-snippet:-1, max-image-preview:large, max-video-preview:-1\" \/>\n<link rel=\"canonical\" href=\"https:\/\/poloforma.hu\/en\/product\/fol-zippered-hoodie\/\" \/>\n<meta property=\"og:locale\" content=\"en_US\" \/>\n<meta property=\"og:type\" content=\"article\" \/>\n<meta property=\"og:title\" content=\"FoL zippered hoodie\" \/>\n<meta property=\"og:description\" content=\"Fruit of the Loom zippered hoodie &#8211; casual but unique! Print zippered hoodies in a variety of colours and sizes, from Fruit of the Loom, in high quality at an affordable price &#8211; a sporty yet flexible garment. Whether you\u2019re playing sports or just looking for a comfortable, warm piece of clothing that can be [&hellip;]\" \/>\n<meta property=\"og:url\" content=\"https:\/\/poloforma.hu\/en\/product\/fol-zippered-hoodie\/\" \/>\n<meta property=\"og:site_name\" content=\"P\u00f3l\u00f3forma\" \/>\n<meta property=\"article:publisher\" content=\"http:\/\/www.facebook.com\/poloforma\" \/>\n<meta property=\"og:image\" content=\"https:\/\/poloforma.hu\/wp-content\/uploads\/2021\/11\/FoL-kapucnis_zipes-scaled.jpg\" \/>\n\t<meta property=\"og:image:width\" content=\"1707\" \/>\n\t<meta property=\"og:image:height\" content=\"2560\" \/>\n\t<meta property=\"og:image:type\" content=\"image\/jpeg\" \/>\n<meta name=\"twitter:card\" content=\"summary_large_image\" \/>\n<meta name=\"twitter:label1\" content=\"Est. reading time\" \/>\n\t<meta name=\"twitter:data1\" content=\"1 minute\" \/>\n<script type=\"application\/ld+json\" class=\"yoast-schema-graph\">{\"@context\":\"https:\/\/schema.org\",\"@graph\":[{\"@type\":\"WebPage\",\"@id\":\"https:\/\/poloforma.hu\/en\/product\/fol-zippered-hoodie\/\",\"url\":\"https:\/\/poloforma.hu\/en\/product\/fol-zippered-hoodie\/\",\"name\":\"FoL zippered hoodie - P\u00f3l\u00f3forma\",\"isPartOf\":{\"@id\":\"https:\/\/poloforma.hu\/#website\"},\"primaryImageOfPage\":{\"@id\":\"https:\/\/poloforma.hu\/en\/product\/fol-zippered-hoodie\/#primaryimage\"},\"image\":{\"@id\":\"https:\/\/poloforma.hu\/en\/product\/fol-zippered-hoodie\/#primaryimage\"},\"thumbnailUrl\":\"https:\/\/poloforma.hu\/wp-content\/uploads\/2021\/11\/FoL-kapucnis_zipes-scaled.jpg\",\"datePublished\":\"2021-11-14T15:50:06+00:00\",\"breadcrumb\":{\"@id\":\"https:\/\/poloforma.hu\/en\/product\/fol-zippered-hoodie\/#breadcrumb\"},\"inLanguage\":\"en-US\",\"potentialAction\":[{\"@type\":\"ReadAction\",\"target\":[\"https:\/\/poloforma.hu\/en\/product\/fol-zippered-hoodie\/\"]}]},{\"@type\":\"ImageObject\",\"inLanguage\":\"en-US\",\"@id\":\"https:\/\/poloforma.hu\/en\/product\/fol-zippered-hoodie\/#primaryimage\",\"url\":\"https:\/\/poloforma.hu\/wp-content\/uploads\/2021\/11\/FoL-kapucnis_zipes-scaled.jpg\",\"contentUrl\":\"https:\/\/poloforma.hu\/wp-content\/uploads\/2021\/11\/FoL-kapucnis_zipes-scaled.jpg\",\"width\":1707,\"height\":2560,\"caption\":\"TRENDY ZIPPER\"},{\"@type\":\"BreadcrumbList\",\"@id\":\"https:\/\/poloforma.hu\/en\/product\/fol-zippered-hoodie\/#breadcrumb\",\"itemListElement\":[{\"@type\":\"ListItem\",\"position\":1,\"name\":\"Kezd\u0151lap\",\"item\":\"https:\/\/poloforma.hu\/en\/\"},{\"@type\":\"ListItem\",\"position\":2,\"name\":\"Shop\",\"item\":\"https:\/\/poloforma.hu\/en\/shop\/\"},{\"@type\":\"ListItem\",\"position\":3,\"name\":\"Men&#039;s clothing\",\"item\":\"https:\/\/poloforma.hu\/product-category\/mens-clothing\/?lang=en\"},{\"@type\":\"ListItem\",\"position\":4,\"name\":\"Hoodie\",\"item\":\"https:\/\/poloforma.hu\/product-category\/mens-clothing\/hoodie-mens-clothing\/?lang=en\"},{\"@type\":\"ListItem\",\"position\":5,\"name\":\"FoL zippered hoodie\"}]},{\"@type\":\"WebSite\",\"@id\":\"https:\/\/poloforma.hu\/#website\",\"url\":\"https:\/\/poloforma.hu\/\",\"name\":\"www.poloforma.hu\",\"description\":\"F\u00e9nyk\u00e9pes p\u00f3l\u00f3, b\u00f6gre, aj\u00e1nd\u00e9kt\u00e1rgy nyomtat\u00e1s, h\u00edmz\u00e9s\",\"publisher\":{\"@id\":\"https:\/\/poloforma.hu\/#organization\"},\"potentialAction\":[{\"@type\":\"SearchAction\",\"target\":{\"@type\":\"EntryPoint\",\"urlTemplate\":\"https:\/\/poloforma.hu\/?s={search_term_string}\"},\"query-input\":{\"@type\":\"PropertyValueSpecification\",\"valueRequired\":true,\"valueName\":\"search_term_string\"}}],\"inLanguage\":\"en-US\"},{\"@type\":\"Organization\",\"@id\":\"https:\/\/poloforma.hu\/#organization\",\"name\":\"www.poloforma.hu\",\"url\":\"https:\/\/poloforma.hu\/\",\"logo\":{\"@type\":\"ImageObject\",\"inLanguage\":\"en-US\",\"@id\":\"https:\/\/poloforma.hu\/#\/schema\/logo\/image\/\",\"url\":\"https:\/\/poloforma.hu\/wp-content\/uploads\/2022\/08\/favikon.png\",\"contentUrl\":\"https:\/\/poloforma.hu\/wp-content\/uploads\/2022\/08\/favikon.png\",\"width\":1794,\"height\":1639,\"caption\":\"www.poloforma.hu\"},\"image\":{\"@id\":\"https:\/\/poloforma.hu\/#\/schema\/logo\/image\/\"},\"sameAs\":[\"http:\/\/www.facebook.com\/poloforma\",\"http:\/\/www.instagram.com\/poloparadicsom\"]}]}<\/script>\n<!-- \/ Yoast SEO Premium plugin. -->","yoast_head_json":{"title":"FoL zippered hoodie - P\u00f3l\u00f3forma","robots":{"index":"index","follow":"follow","max-snippet":"max-snippet:-1","max-image-preview":"max-image-preview:large","max-video-preview":"max-video-preview:-1"},"canonical":"https:\/\/poloforma.hu\/en\/product\/fol-zippered-hoodie\/","og_locale":"en_US","og_type":"article","og_title":"FoL zippered hoodie","og_description":"Fruit of the Loom zippered hoodie &#8211; casual but unique! Print zippered hoodies in a variety of colours and sizes, from Fruit of the Loom, in high quality at an affordable price &#8211; a sporty yet flexible garment. Whether you\u2019re playing sports or just looking for a comfortable, warm piece of clothing that can be [&hellip;]","og_url":"https:\/\/poloforma.hu\/en\/product\/fol-zippered-hoodie\/","og_site_name":"P\u00f3l\u00f3forma","article_publisher":"http:\/\/www.facebook.com\/poloforma","og_image":[{"width":1707,"height":2560,"url":"https:\/\/poloforma.hu\/wp-content\/uploads\/2021\/11\/FoL-kapucnis_zipes-scaled.jpg","type":"image\/jpeg"}],"twitter_card":"summary_large_image","twitter_misc":{"Est. reading time":"1 minute"},"schema":{"@context":"https:\/\/schema.org","@graph":[{"@type":"WebPage","@id":"https:\/\/poloforma.hu\/en\/product\/fol-zippered-hoodie\/","url":"https:\/\/poloforma.hu\/en\/product\/fol-zippered-hoodie\/","name":"FoL zippered hoodie - P\u00f3l\u00f3forma","isPartOf":{"@id":"https:\/\/poloforma.hu\/#website"},"primaryImageOfPage":{"@id":"https:\/\/poloforma.hu\/en\/product\/fol-zippered-hoodie\/#primaryimage"},"image":{"@id":"https:\/\/poloforma.hu\/en\/product\/fol-zippered-hoodie\/#primaryimage"},"thumbnailUrl":"https:\/\/poloforma.hu\/wp-content\/uploads\/2021\/11\/FoL-kapucnis_zipes-scaled.jpg","datePublished":"2021-11-14T15:50:06+00:00","breadcrumb":{"@id":"https:\/\/poloforma.hu\/en\/product\/fol-zippered-hoodie\/#breadcrumb"},"inLanguage":"en-US","potentialAction":[{"@type":"ReadAction","target":["https:\/\/poloforma.hu\/en\/product\/fol-zippered-hoodie\/"]}]},{"@type":"ImageObject","inLanguage":"en-US","@id":"https:\/\/poloforma.hu\/en\/product\/fol-zippered-hoodie\/#primaryimage","url":"https:\/\/poloforma.hu\/wp-content\/uploads\/2021\/11\/FoL-kapucnis_zipes-scaled.jpg","contentUrl":"https:\/\/poloforma.hu\/wp-content\/uploads\/2021\/11\/FoL-kapucnis_zipes-scaled.jpg","width":1707,"height":2560,"caption":"TRENDY ZIPPER"},{"@type":"BreadcrumbList","@id":"https:\/\/poloforma.hu\/en\/product\/fol-zippered-hoodie\/#breadcrumb","itemListElement":[{"@type":"ListItem","position":1,"name":"Kezd\u0151lap","item":"https:\/\/poloforma.hu\/en\/"},{"@type":"ListItem","position":2,"name":"Shop","item":"https:\/\/poloforma.hu\/en\/shop\/"},{"@type":"ListItem","position":3,"name":"Men&#039;s clothing","item":"https:\/\/poloforma.hu\/product-category\/mens-clothing\/?lang=en"},{"@type":"ListItem","position":4,"name":"Hoodie","item":"https:\/\/poloforma.hu\/product-category\/mens-clothing\/hoodie-mens-clothing\/?lang=en"},{"@type":"ListItem","position":5,"name":"FoL zippered hoodie"}]},{"@type":"WebSite","@id":"https:\/\/poloforma.hu\/#website","url":"https:\/\/poloforma.hu\/","name":"www.poloforma.hu","description":"F\u00e9nyk\u00e9pes p\u00f3l\u00f3, b\u00f6gre, aj\u00e1nd\u00e9kt\u00e1rgy nyomtat\u00e1s, h\u00edmz\u00e9s","publisher":{"@id":"https:\/\/poloforma.hu\/#organization"},"potentialAction":[{"@type":"SearchAction","target":{"@type":"EntryPoint","urlTemplate":"https:\/\/poloforma.hu\/?s={search_term_string}"},"query-input":{"@type":"PropertyValueSpecification","valueRequired":true,"valueName":"search_term_string"}}],"inLanguage":"en-US"},{"@type":"Organization","@id":"https:\/\/poloforma.hu\/#organization","name":"www.poloforma.hu","url":"https:\/\/poloforma.hu\/","logo":{"@type":"ImageObject","inLanguage":"en-US","@id":"https:\/\/poloforma.hu\/#\/schema\/logo\/image\/","url":"https:\/\/poloforma.hu\/wp-content\/uploads\/2022\/08\/favikon.png","contentUrl":"https:\/\/poloforma.hu\/wp-content\/uploads\/2022\/08\/favikon.png","width":1794,"height":1639,"caption":"www.poloforma.hu"},"image":{"@id":"https:\/\/poloforma.hu\/#\/schema\/logo\/image\/"},"sameAs":["http:\/\/www.facebook.com\/poloforma","http:\/\/www.instagram.com\/poloparadicsom"]}]}},"_links":{"self":[{"href":"https:\/\/poloforma.hu\/en\/wp-json\/wp\/v2\/product\/23777","targetHints":{"allow":["GET"]}}],"collection":[{"href":"https:\/\/poloforma.hu\/en\/wp-json\/wp\/v2\/product"}],"about":[{"href":"https:\/\/poloforma.hu\/en\/wp-json\/wp\/v2\/types\/product"}],"replies":[{"embeddable":true,"href":"https:\/\/poloforma.hu\/en\/wp-json\/wp\/v2\/comments?post=23777"}],"wp:featuredmedia":[{"embeddable":true,"href":"https:\/\/poloforma.hu\/en\/wp-json\/wp\/v2\/media\/13173"}],"wp:attachment":[{"href":"https:\/\/poloforma.hu\/en\/wp-json\/wp\/v2\/media?parent=23777"}],"wp:term":[{"taxonomy":"product_brand","embeddable":true,"href":"https:\/\/poloforma.hu\/en\/wp-json\/wp\/v2\/product_brand?post=23777"},{"taxonomy":"product_cat","embeddable":true,"href":"https:\/\/poloforma.hu\/en\/wp-json\/wp\/v2\/product_cat?post=23777"},{"taxonomy":"product_tag","embeddable":true,"href":"https:\/\/poloforma.hu\/en\/wp-json\/wp\/v2\/product_tag?post=23777"}],"curies":[{"name":"wp","href":"https:\/\/api.w.org\/{rel}","templated":true}]}}