{"id":23776,"date":"2021-11-15T13:14:21","date_gmt":"2021-11-15T13:14:21","guid":{"rendered":"https:\/\/poloforma.hu\/termek\/fol-round-neck-t-shirt\/"},"modified":"2021-11-15T13:14:21","modified_gmt":"2021-11-15T12:14:21","slug":"fol-round-neck-t-shirt","status":"publish","type":"product","link":"https:\/\/poloforma.hu\/en\/product\/fol-round-neck-t-shirt\/","title":{"rendered":"FoL round neck T-shirt"},"content":{"rendered":"<p><strong>Fruit of the Loom Men&#8217;s Round Neck T-Shirt Printing<\/strong> &#8211; customised pieces for everyday use<\/p>\n<p>High quality, affordable, men&#8217;s T-shirt printing in all sizes and colours!<\/p>\n<p>Fruit Of The Loom has been present in Hungary for decades, and their T-shirts can be found in almost every closet. The company is best known for producing low cost, high quality goods. Hence we chose this brand, as we can offer our products at a reasonable price and the satisfaction of our customers is guaranteed!<\/p>\n<p>Our round neck T-shirts are available in a wide range of colours from the basics to the extra shades. Most of the colours are available in the women&#8217;s range, so they can be ordered in pairs. The round-necked T-shirts are 100% cotton, with a reinforced neckline and double-row stitching on the sleeves, neckline and waist for durability. Washing at a maximum temperature of 30\u00b0C is recommended, although you don&#8217;t need to worry about the size changing, as the round-necked T-shirts are pre-shrunk.<\/p>\n<p>If you would like to print Fruit of the Loom men&#8217;s T-shirts, you&#8217;ve come to the right place. Order your T-shirts from us with a custom print!<\/p>\n","protected":false},"excerpt":{"rendered":"<p>Fruit of the Loom Men&#8217;s Round Neck T-Shirt Printing &#8211; customised pieces for everyday use High quality, affordable, men&#8217;s T-shirt printing in all sizes and colours! Fruit Of The Loom has been present in Hungary for decades, and their T-shirts can be found in almost every closet. The company is best known for producing low [&hellip;]<\/p>\n","protected":false},"featured_media":12535,"comment_status":"closed","ping_status":"closed","template":"","meta":{"_acf_changed":false,"inline_featured_image":false},"product_brand":[],"product_cat":[157,160],"product_tag":[],"class_list":{"0":"post-23776","1":"product","2":"type-product","3":"status-publish","4":"has-post-thumbnail","6":"product_cat-mens-clothing","7":"product_cat-t-shirt-2","9":"first","10":"instock","11":"featured","12":"shipping-taxable","13":"purchasable","14":"product-type-simple"},"acf":[],"yoast_head":"<!-- This site is optimized with the Yoast SEO Premium plugin v27.2 (Yoast SEO v27.2) - https:\/\/yoast.com\/product\/yoast-seo-premium-wordpress\/ -->\n<title>FoL round neck T-shirt - P\u00f3l\u00f3forma<\/title>\n<meta name=\"robots\" content=\"index, follow, max-snippet:-1, max-image-preview:large, max-video-preview:-1\" \/>\n<link rel=\"canonical\" href=\"https:\/\/poloforma.hu\/en\/product\/fol-round-neck-t-shirt\/\" \/>\n<meta property=\"og:locale\" content=\"en_US\" \/>\n<meta property=\"og:type\" content=\"article\" \/>\n<meta property=\"og:title\" content=\"FoL round neck T-shirt\" \/>\n<meta property=\"og:description\" content=\"Fruit of the Loom Men&#8217;s Round Neck T-Shirt Printing &#8211; customised pieces for everyday use High quality, affordable, men&#8217;s T-shirt printing in all sizes and colours! Fruit Of The Loom has been present in Hungary for decades, and their T-shirts can be found in almost every closet. The company is best known for producing low [&hellip;]\" \/>\n<meta property=\"og:url\" content=\"https:\/\/poloforma.hu\/en\/product\/fol-round-neck-t-shirt\/\" \/>\n<meta property=\"og:site_name\" content=\"P\u00f3l\u00f3forma\" \/>\n<meta property=\"article:publisher\" content=\"http:\/\/www.facebook.com\/poloforma\" \/>\n<meta property=\"og:image\" content=\"https:\/\/poloforma.hu\/wp-content\/uploads\/2021\/11\/kerek-nyaku-rovid-ujju4-683x1024.png\" \/>\n\t<meta property=\"og:image:width\" content=\"683\" \/>\n\t<meta property=\"og:image:height\" content=\"1024\" \/>\n\t<meta property=\"og:image:type\" content=\"image\/png\" \/>\n<meta name=\"twitter:card\" content=\"summary_large_image\" \/>\n<meta name=\"twitter:label1\" content=\"Est. reading time\" \/>\n\t<meta name=\"twitter:data1\" content=\"1 minute\" \/>\n<script type=\"application\/ld+json\" class=\"yoast-schema-graph\">{\"@context\":\"https:\/\/schema.org\",\"@graph\":[{\"@type\":\"WebPage\",\"@id\":\"https:\/\/poloforma.hu\/en\/product\/fol-round-neck-t-shirt\/\",\"url\":\"https:\/\/poloforma.hu\/en\/product\/fol-round-neck-t-shirt\/\",\"name\":\"FoL round neck T-shirt - P\u00f3l\u00f3forma\",\"isPartOf\":{\"@id\":\"https:\/\/poloforma.hu\/#website\"},\"primaryImageOfPage\":{\"@id\":\"https:\/\/poloforma.hu\/en\/product\/fol-round-neck-t-shirt\/#primaryimage\"},\"image\":{\"@id\":\"https:\/\/poloforma.hu\/en\/product\/fol-round-neck-t-shirt\/#primaryimage\"},\"thumbnailUrl\":\"https:\/\/poloforma.hu\/wp-content\/uploads\/2021\/11\/kerek-nyaku-rovid-ujju4.png\",\"datePublished\":\"2021-11-15T13:14:21+00:00\",\"breadcrumb\":{\"@id\":\"https:\/\/poloforma.hu\/en\/product\/fol-round-neck-t-shirt\/#breadcrumb\"},\"inLanguage\":\"en-US\",\"potentialAction\":[{\"@type\":\"ReadAction\",\"target\":[\"https:\/\/poloforma.hu\/en\/product\/fol-round-neck-t-shirt\/\"]}]},{\"@type\":\"ImageObject\",\"inLanguage\":\"en-US\",\"@id\":\"https:\/\/poloforma.hu\/en\/product\/fol-round-neck-t-shirt\/#primaryimage\",\"url\":\"https:\/\/poloforma.hu\/wp-content\/uploads\/2021\/11\/kerek-nyaku-rovid-ujju4.png\",\"contentUrl\":\"https:\/\/poloforma.hu\/wp-content\/uploads\/2021\/11\/kerek-nyaku-rovid-ujju4.png\",\"width\":1776,\"height\":2664},{\"@type\":\"BreadcrumbList\",\"@id\":\"https:\/\/poloforma.hu\/en\/product\/fol-round-neck-t-shirt\/#breadcrumb\",\"itemListElement\":[{\"@type\":\"ListItem\",\"position\":1,\"name\":\"Kezd\u0151lap\",\"item\":\"https:\/\/poloforma.hu\/en\/\"},{\"@type\":\"ListItem\",\"position\":2,\"name\":\"Shop\",\"item\":\"https:\/\/poloforma.hu\/en\/shop\/\"},{\"@type\":\"ListItem\",\"position\":3,\"name\":\"Men&#039;s clothing\",\"item\":\"https:\/\/poloforma.hu\/product-category\/mens-clothing\/?lang=en\"},{\"@type\":\"ListItem\",\"position\":4,\"name\":\"T-shirt\",\"item\":\"https:\/\/poloforma.hu\/product-category\/t-shirt-2\/?lang=en\"},{\"@type\":\"ListItem\",\"position\":5,\"name\":\"FoL round neck T-shirt\"}]},{\"@type\":\"WebSite\",\"@id\":\"https:\/\/poloforma.hu\/#website\",\"url\":\"https:\/\/poloforma.hu\/\",\"name\":\"www.poloforma.hu\",\"description\":\"F\u00e9nyk\u00e9pes p\u00f3l\u00f3, b\u00f6gre, aj\u00e1nd\u00e9kt\u00e1rgy nyomtat\u00e1s, h\u00edmz\u00e9s\",\"publisher\":{\"@id\":\"https:\/\/poloforma.hu\/#organization\"},\"potentialAction\":[{\"@type\":\"SearchAction\",\"target\":{\"@type\":\"EntryPoint\",\"urlTemplate\":\"https:\/\/poloforma.hu\/?s={search_term_string}\"},\"query-input\":{\"@type\":\"PropertyValueSpecification\",\"valueRequired\":true,\"valueName\":\"search_term_string\"}}],\"inLanguage\":\"en-US\"},{\"@type\":\"Organization\",\"@id\":\"https:\/\/poloforma.hu\/#organization\",\"name\":\"www.poloforma.hu\",\"url\":\"https:\/\/poloforma.hu\/\",\"logo\":{\"@type\":\"ImageObject\",\"inLanguage\":\"en-US\",\"@id\":\"https:\/\/poloforma.hu\/#\/schema\/logo\/image\/\",\"url\":\"https:\/\/poloforma.hu\/wp-content\/uploads\/2022\/08\/favikon.png\",\"contentUrl\":\"https:\/\/poloforma.hu\/wp-content\/uploads\/2022\/08\/favikon.png\",\"width\":1794,\"height\":1639,\"caption\":\"www.poloforma.hu\"},\"image\":{\"@id\":\"https:\/\/poloforma.hu\/#\/schema\/logo\/image\/\"},\"sameAs\":[\"http:\/\/www.facebook.com\/poloforma\",\"http:\/\/www.instagram.com\/poloparadicsom\"]}]}<\/script>\n<!-- \/ Yoast SEO Premium plugin. -->","yoast_head_json":{"title":"FoL round neck T-shirt - P\u00f3l\u00f3forma","robots":{"index":"index","follow":"follow","max-snippet":"max-snippet:-1","max-image-preview":"max-image-preview:large","max-video-preview":"max-video-preview:-1"},"canonical":"https:\/\/poloforma.hu\/en\/product\/fol-round-neck-t-shirt\/","og_locale":"en_US","og_type":"article","og_title":"FoL round neck T-shirt","og_description":"Fruit of the Loom Men&#8217;s Round Neck T-Shirt Printing &#8211; customised pieces for everyday use High quality, affordable, men&#8217;s T-shirt printing in all sizes and colours! Fruit Of The Loom has been present in Hungary for decades, and their T-shirts can be found in almost every closet. The company is best known for producing low [&hellip;]","og_url":"https:\/\/poloforma.hu\/en\/product\/fol-round-neck-t-shirt\/","og_site_name":"P\u00f3l\u00f3forma","article_publisher":"http:\/\/www.facebook.com\/poloforma","og_image":[{"width":683,"height":1024,"url":"https:\/\/poloforma.hu\/wp-content\/uploads\/2021\/11\/kerek-nyaku-rovid-ujju4-683x1024.png","type":"image\/png"}],"twitter_card":"summary_large_image","twitter_misc":{"Est. reading time":"1 minute"},"schema":{"@context":"https:\/\/schema.org","@graph":[{"@type":"WebPage","@id":"https:\/\/poloforma.hu\/en\/product\/fol-round-neck-t-shirt\/","url":"https:\/\/poloforma.hu\/en\/product\/fol-round-neck-t-shirt\/","name":"FoL round neck T-shirt - P\u00f3l\u00f3forma","isPartOf":{"@id":"https:\/\/poloforma.hu\/#website"},"primaryImageOfPage":{"@id":"https:\/\/poloforma.hu\/en\/product\/fol-round-neck-t-shirt\/#primaryimage"},"image":{"@id":"https:\/\/poloforma.hu\/en\/product\/fol-round-neck-t-shirt\/#primaryimage"},"thumbnailUrl":"https:\/\/poloforma.hu\/wp-content\/uploads\/2021\/11\/kerek-nyaku-rovid-ujju4.png","datePublished":"2021-11-15T13:14:21+00:00","breadcrumb":{"@id":"https:\/\/poloforma.hu\/en\/product\/fol-round-neck-t-shirt\/#breadcrumb"},"inLanguage":"en-US","potentialAction":[{"@type":"ReadAction","target":["https:\/\/poloforma.hu\/en\/product\/fol-round-neck-t-shirt\/"]}]},{"@type":"ImageObject","inLanguage":"en-US","@id":"https:\/\/poloforma.hu\/en\/product\/fol-round-neck-t-shirt\/#primaryimage","url":"https:\/\/poloforma.hu\/wp-content\/uploads\/2021\/11\/kerek-nyaku-rovid-ujju4.png","contentUrl":"https:\/\/poloforma.hu\/wp-content\/uploads\/2021\/11\/kerek-nyaku-rovid-ujju4.png","width":1776,"height":2664},{"@type":"BreadcrumbList","@id":"https:\/\/poloforma.hu\/en\/product\/fol-round-neck-t-shirt\/#breadcrumb","itemListElement":[{"@type":"ListItem","position":1,"name":"Kezd\u0151lap","item":"https:\/\/poloforma.hu\/en\/"},{"@type":"ListItem","position":2,"name":"Shop","item":"https:\/\/poloforma.hu\/en\/shop\/"},{"@type":"ListItem","position":3,"name":"Men&#039;s clothing","item":"https:\/\/poloforma.hu\/product-category\/mens-clothing\/?lang=en"},{"@type":"ListItem","position":4,"name":"T-shirt","item":"https:\/\/poloforma.hu\/product-category\/t-shirt-2\/?lang=en"},{"@type":"ListItem","position":5,"name":"FoL round neck T-shirt"}]},{"@type":"WebSite","@id":"https:\/\/poloforma.hu\/#website","url":"https:\/\/poloforma.hu\/","name":"www.poloforma.hu","description":"F\u00e9nyk\u00e9pes p\u00f3l\u00f3, b\u00f6gre, aj\u00e1nd\u00e9kt\u00e1rgy nyomtat\u00e1s, h\u00edmz\u00e9s","publisher":{"@id":"https:\/\/poloforma.hu\/#organization"},"potentialAction":[{"@type":"SearchAction","target":{"@type":"EntryPoint","urlTemplate":"https:\/\/poloforma.hu\/?s={search_term_string}"},"query-input":{"@type":"PropertyValueSpecification","valueRequired":true,"valueName":"search_term_string"}}],"inLanguage":"en-US"},{"@type":"Organization","@id":"https:\/\/poloforma.hu\/#organization","name":"www.poloforma.hu","url":"https:\/\/poloforma.hu\/","logo":{"@type":"ImageObject","inLanguage":"en-US","@id":"https:\/\/poloforma.hu\/#\/schema\/logo\/image\/","url":"https:\/\/poloforma.hu\/wp-content\/uploads\/2022\/08\/favikon.png","contentUrl":"https:\/\/poloforma.hu\/wp-content\/uploads\/2022\/08\/favikon.png","width":1794,"height":1639,"caption":"www.poloforma.hu"},"image":{"@id":"https:\/\/poloforma.hu\/#\/schema\/logo\/image\/"},"sameAs":["http:\/\/www.facebook.com\/poloforma","http:\/\/www.instagram.com\/poloparadicsom"]}]}},"_links":{"self":[{"href":"https:\/\/poloforma.hu\/en\/wp-json\/wp\/v2\/product\/23776","targetHints":{"allow":["GET"]}}],"collection":[{"href":"https:\/\/poloforma.hu\/en\/wp-json\/wp\/v2\/product"}],"about":[{"href":"https:\/\/poloforma.hu\/en\/wp-json\/wp\/v2\/types\/product"}],"replies":[{"embeddable":true,"href":"https:\/\/poloforma.hu\/en\/wp-json\/wp\/v2\/comments?post=23776"}],"wp:featuredmedia":[{"embeddable":true,"href":"https:\/\/poloforma.hu\/en\/wp-json\/wp\/v2\/media\/12535"}],"wp:attachment":[{"href":"https:\/\/poloforma.hu\/en\/wp-json\/wp\/v2\/media?parent=23776"}],"wp:term":[{"taxonomy":"product_brand","embeddable":true,"href":"https:\/\/poloforma.hu\/en\/wp-json\/wp\/v2\/product_brand?post=23776"},{"taxonomy":"product_cat","embeddable":true,"href":"https:\/\/poloforma.hu\/en\/wp-json\/wp\/v2\/product_cat?post=23776"},{"taxonomy":"product_tag","embeddable":true,"href":"https:\/\/poloforma.hu\/en\/wp-json\/wp\/v2\/product_tag?post=23776"}],"curies":[{"name":"wp","href":"https:\/\/api.w.org\/{rel}","templated":true}]}}