{"id":23775,"date":"2021-11-15T13:33:39","date_gmt":"2021-11-15T13:33:39","guid":{"rendered":"https:\/\/poloforma.hu\/termek\/fol-round-neck-sweater\/"},"modified":"2021-11-15T13:33:39","modified_gmt":"2021-11-15T12:33:39","slug":"fol-round-neck-sweater","status":"publish","type":"product","link":"https:\/\/poloforma.hu\/en\/product\/fol-round-neck-sweater\/","title":{"rendered":"Fol round neck sweater"},"content":{"rendered":"<p><strong>Fruit of the Loom round neck sweater<\/strong> \u00ac\u2013 both sporty and casual<\/p>\n<p>Print high quality Fruit of the Loom round neck sweaters in a variety of colours and at an affordable price. Great for sports or any occasion really.<\/p>\n<p>Round neck sweaters are at the casual end of the sweater category and have a place in almost everyone\u2019s wardrobe. Comfortable, durable and attractive, they are ideal for sport, lounging at home, and, out of the house, pair easily with a pair of jeans or other trouser. And they can be unique with the use of your own imagery!<\/p>\n<p>Our round necked sweaters have a traditional, fashionable fit, are fluffy on the inside, have a ribbed knit at the neckline and are fitted with elastane at the sleeves and waist. Their material is circular and 100% thick cotton (280g\/m2). To maintain durability and shape they should be washed at a maximum temperature of 30\u00b0C <\/p>\n<p>If you would like to print round neck sweaters, order them in our webshop with just a few clicks!<\/p>\n","protected":false},"excerpt":{"rendered":"<p>Fruit of the Loom round neck sweater \u00ac\u2013 both sporty and casual Print high quality Fruit of the Loom round neck sweaters in a variety of colours and at an affordable price. Great for sports or any occasion really. Round neck sweaters are at the casual end of the sweater category and have a place [&hellip;]<\/p>\n","protected":false},"featured_media":12533,"comment_status":"closed","ping_status":"closed","template":"","meta":{"_acf_changed":false,"inline_featured_image":false},"product_brand":[],"product_cat":[163,157],"product_tag":[],"class_list":{"0":"post-23775","1":"product","2":"type-product","3":"status-publish","4":"has-post-thumbnail","6":"product_cat-hoodie-mens-clothing","7":"product_cat-mens-clothing","9":"first","10":"instock","11":"shipping-taxable","12":"purchasable","13":"product-type-simple"},"acf":[],"yoast_head":"<!-- This site is optimized with the Yoast SEO Premium plugin v27.2 (Yoast SEO v27.2) - https:\/\/yoast.com\/product\/yoast-seo-premium-wordpress\/ -->\n<title>Fol round neck sweater - P\u00f3l\u00f3forma<\/title>\n<meta name=\"robots\" content=\"index, follow, max-snippet:-1, max-image-preview:large, max-video-preview:-1\" \/>\n<link rel=\"canonical\" href=\"https:\/\/poloforma.hu\/en\/product\/fol-round-neck-sweater\/\" \/>\n<meta property=\"og:locale\" content=\"en_US\" \/>\n<meta property=\"og:type\" content=\"article\" \/>\n<meta property=\"og:title\" content=\"Fol round neck sweater\" \/>\n<meta property=\"og:description\" content=\"Fruit of the Loom round neck sweater \u00ac\u2013 both sporty and casual Print high quality Fruit of the Loom round neck sweaters in a variety of colours and at an affordable price. Great for sports or any occasion really. Round neck sweaters are at the casual end of the sweater category and have a place [&hellip;]\" \/>\n<meta property=\"og:url\" content=\"https:\/\/poloforma.hu\/en\/product\/fol-round-neck-sweater\/\" \/>\n<meta property=\"og:site_name\" content=\"P\u00f3l\u00f3forma\" \/>\n<meta property=\"article:publisher\" content=\"http:\/\/www.facebook.com\/poloforma\" \/>\n<meta property=\"og:image\" content=\"https:\/\/poloforma.hu\/wp-content\/uploads\/2021\/11\/kerek-nyaku-pulover3-683x1024.png\" \/>\n\t<meta property=\"og:image:width\" content=\"683\" \/>\n\t<meta property=\"og:image:height\" content=\"1024\" \/>\n\t<meta property=\"og:image:type\" content=\"image\/png\" \/>\n<meta name=\"twitter:card\" content=\"summary_large_image\" \/>\n<meta name=\"twitter:label1\" content=\"Est. reading time\" \/>\n\t<meta name=\"twitter:data1\" content=\"1 minute\" \/>\n<script type=\"application\/ld+json\" class=\"yoast-schema-graph\">{\"@context\":\"https:\/\/schema.org\",\"@graph\":[{\"@type\":\"WebPage\",\"@id\":\"https:\/\/poloforma.hu\/en\/product\/fol-round-neck-sweater\/\",\"url\":\"https:\/\/poloforma.hu\/en\/product\/fol-round-neck-sweater\/\",\"name\":\"Fol round neck sweater - P\u00f3l\u00f3forma\",\"isPartOf\":{\"@id\":\"https:\/\/poloforma.hu\/#website\"},\"primaryImageOfPage\":{\"@id\":\"https:\/\/poloforma.hu\/en\/product\/fol-round-neck-sweater\/#primaryimage\"},\"image\":{\"@id\":\"https:\/\/poloforma.hu\/en\/product\/fol-round-neck-sweater\/#primaryimage\"},\"thumbnailUrl\":\"https:\/\/poloforma.hu\/wp-content\/uploads\/2021\/11\/kerek-nyaku-pulover3.png\",\"datePublished\":\"2021-11-15T13:33:39+00:00\",\"breadcrumb\":{\"@id\":\"https:\/\/poloforma.hu\/en\/product\/fol-round-neck-sweater\/#breadcrumb\"},\"inLanguage\":\"en-US\",\"potentialAction\":[{\"@type\":\"ReadAction\",\"target\":[\"https:\/\/poloforma.hu\/en\/product\/fol-round-neck-sweater\/\"]}]},{\"@type\":\"ImageObject\",\"inLanguage\":\"en-US\",\"@id\":\"https:\/\/poloforma.hu\/en\/product\/fol-round-neck-sweater\/#primaryimage\",\"url\":\"https:\/\/poloforma.hu\/wp-content\/uploads\/2021\/11\/kerek-nyaku-pulover3.png\",\"contentUrl\":\"https:\/\/poloforma.hu\/wp-content\/uploads\/2021\/11\/kerek-nyaku-pulover3.png\",\"width\":1776,\"height\":2664},{\"@type\":\"BreadcrumbList\",\"@id\":\"https:\/\/poloforma.hu\/en\/product\/fol-round-neck-sweater\/#breadcrumb\",\"itemListElement\":[{\"@type\":\"ListItem\",\"position\":1,\"name\":\"Kezd\u0151lap\",\"item\":\"https:\/\/poloforma.hu\/en\/\"},{\"@type\":\"ListItem\",\"position\":2,\"name\":\"Shop\",\"item\":\"https:\/\/poloforma.hu\/en\/shop\/\"},{\"@type\":\"ListItem\",\"position\":3,\"name\":\"Men&#039;s clothing\",\"item\":\"https:\/\/poloforma.hu\/product-category\/mens-clothing\/?lang=en\"},{\"@type\":\"ListItem\",\"position\":4,\"name\":\"Hoodie\",\"item\":\"https:\/\/poloforma.hu\/product-category\/mens-clothing\/hoodie-mens-clothing\/?lang=en\"},{\"@type\":\"ListItem\",\"position\":5,\"name\":\"Fol round neck sweater\"}]},{\"@type\":\"WebSite\",\"@id\":\"https:\/\/poloforma.hu\/#website\",\"url\":\"https:\/\/poloforma.hu\/\",\"name\":\"www.poloforma.hu\",\"description\":\"F\u00e9nyk\u00e9pes p\u00f3l\u00f3, b\u00f6gre, aj\u00e1nd\u00e9kt\u00e1rgy nyomtat\u00e1s, h\u00edmz\u00e9s\",\"publisher\":{\"@id\":\"https:\/\/poloforma.hu\/#organization\"},\"potentialAction\":[{\"@type\":\"SearchAction\",\"target\":{\"@type\":\"EntryPoint\",\"urlTemplate\":\"https:\/\/poloforma.hu\/?s={search_term_string}\"},\"query-input\":{\"@type\":\"PropertyValueSpecification\",\"valueRequired\":true,\"valueName\":\"search_term_string\"}}],\"inLanguage\":\"en-US\"},{\"@type\":\"Organization\",\"@id\":\"https:\/\/poloforma.hu\/#organization\",\"name\":\"www.poloforma.hu\",\"url\":\"https:\/\/poloforma.hu\/\",\"logo\":{\"@type\":\"ImageObject\",\"inLanguage\":\"en-US\",\"@id\":\"https:\/\/poloforma.hu\/#\/schema\/logo\/image\/\",\"url\":\"https:\/\/poloforma.hu\/wp-content\/uploads\/2022\/08\/favikon.png\",\"contentUrl\":\"https:\/\/poloforma.hu\/wp-content\/uploads\/2022\/08\/favikon.png\",\"width\":1794,\"height\":1639,\"caption\":\"www.poloforma.hu\"},\"image\":{\"@id\":\"https:\/\/poloforma.hu\/#\/schema\/logo\/image\/\"},\"sameAs\":[\"http:\/\/www.facebook.com\/poloforma\",\"http:\/\/www.instagram.com\/poloparadicsom\"]}]}<\/script>\n<!-- \/ Yoast SEO Premium plugin. -->","yoast_head_json":{"title":"Fol round neck sweater - P\u00f3l\u00f3forma","robots":{"index":"index","follow":"follow","max-snippet":"max-snippet:-1","max-image-preview":"max-image-preview:large","max-video-preview":"max-video-preview:-1"},"canonical":"https:\/\/poloforma.hu\/en\/product\/fol-round-neck-sweater\/","og_locale":"en_US","og_type":"article","og_title":"Fol round neck sweater","og_description":"Fruit of the Loom round neck sweater \u00ac\u2013 both sporty and casual Print high quality Fruit of the Loom round neck sweaters in a variety of colours and at an affordable price. Great for sports or any occasion really. Round neck sweaters are at the casual end of the sweater category and have a place [&hellip;]","og_url":"https:\/\/poloforma.hu\/en\/product\/fol-round-neck-sweater\/","og_site_name":"P\u00f3l\u00f3forma","article_publisher":"http:\/\/www.facebook.com\/poloforma","og_image":[{"width":683,"height":1024,"url":"https:\/\/poloforma.hu\/wp-content\/uploads\/2021\/11\/kerek-nyaku-pulover3-683x1024.png","type":"image\/png"}],"twitter_card":"summary_large_image","twitter_misc":{"Est. reading time":"1 minute"},"schema":{"@context":"https:\/\/schema.org","@graph":[{"@type":"WebPage","@id":"https:\/\/poloforma.hu\/en\/product\/fol-round-neck-sweater\/","url":"https:\/\/poloforma.hu\/en\/product\/fol-round-neck-sweater\/","name":"Fol round neck sweater - P\u00f3l\u00f3forma","isPartOf":{"@id":"https:\/\/poloforma.hu\/#website"},"primaryImageOfPage":{"@id":"https:\/\/poloforma.hu\/en\/product\/fol-round-neck-sweater\/#primaryimage"},"image":{"@id":"https:\/\/poloforma.hu\/en\/product\/fol-round-neck-sweater\/#primaryimage"},"thumbnailUrl":"https:\/\/poloforma.hu\/wp-content\/uploads\/2021\/11\/kerek-nyaku-pulover3.png","datePublished":"2021-11-15T13:33:39+00:00","breadcrumb":{"@id":"https:\/\/poloforma.hu\/en\/product\/fol-round-neck-sweater\/#breadcrumb"},"inLanguage":"en-US","potentialAction":[{"@type":"ReadAction","target":["https:\/\/poloforma.hu\/en\/product\/fol-round-neck-sweater\/"]}]},{"@type":"ImageObject","inLanguage":"en-US","@id":"https:\/\/poloforma.hu\/en\/product\/fol-round-neck-sweater\/#primaryimage","url":"https:\/\/poloforma.hu\/wp-content\/uploads\/2021\/11\/kerek-nyaku-pulover3.png","contentUrl":"https:\/\/poloforma.hu\/wp-content\/uploads\/2021\/11\/kerek-nyaku-pulover3.png","width":1776,"height":2664},{"@type":"BreadcrumbList","@id":"https:\/\/poloforma.hu\/en\/product\/fol-round-neck-sweater\/#breadcrumb","itemListElement":[{"@type":"ListItem","position":1,"name":"Kezd\u0151lap","item":"https:\/\/poloforma.hu\/en\/"},{"@type":"ListItem","position":2,"name":"Shop","item":"https:\/\/poloforma.hu\/en\/shop\/"},{"@type":"ListItem","position":3,"name":"Men&#039;s clothing","item":"https:\/\/poloforma.hu\/product-category\/mens-clothing\/?lang=en"},{"@type":"ListItem","position":4,"name":"Hoodie","item":"https:\/\/poloforma.hu\/product-category\/mens-clothing\/hoodie-mens-clothing\/?lang=en"},{"@type":"ListItem","position":5,"name":"Fol round neck sweater"}]},{"@type":"WebSite","@id":"https:\/\/poloforma.hu\/#website","url":"https:\/\/poloforma.hu\/","name":"www.poloforma.hu","description":"F\u00e9nyk\u00e9pes p\u00f3l\u00f3, b\u00f6gre, aj\u00e1nd\u00e9kt\u00e1rgy nyomtat\u00e1s, h\u00edmz\u00e9s","publisher":{"@id":"https:\/\/poloforma.hu\/#organization"},"potentialAction":[{"@type":"SearchAction","target":{"@type":"EntryPoint","urlTemplate":"https:\/\/poloforma.hu\/?s={search_term_string}"},"query-input":{"@type":"PropertyValueSpecification","valueRequired":true,"valueName":"search_term_string"}}],"inLanguage":"en-US"},{"@type":"Organization","@id":"https:\/\/poloforma.hu\/#organization","name":"www.poloforma.hu","url":"https:\/\/poloforma.hu\/","logo":{"@type":"ImageObject","inLanguage":"en-US","@id":"https:\/\/poloforma.hu\/#\/schema\/logo\/image\/","url":"https:\/\/poloforma.hu\/wp-content\/uploads\/2022\/08\/favikon.png","contentUrl":"https:\/\/poloforma.hu\/wp-content\/uploads\/2022\/08\/favikon.png","width":1794,"height":1639,"caption":"www.poloforma.hu"},"image":{"@id":"https:\/\/poloforma.hu\/#\/schema\/logo\/image\/"},"sameAs":["http:\/\/www.facebook.com\/poloforma","http:\/\/www.instagram.com\/poloparadicsom"]}]}},"_links":{"self":[{"href":"https:\/\/poloforma.hu\/en\/wp-json\/wp\/v2\/product\/23775","targetHints":{"allow":["GET"]}}],"collection":[{"href":"https:\/\/poloforma.hu\/en\/wp-json\/wp\/v2\/product"}],"about":[{"href":"https:\/\/poloforma.hu\/en\/wp-json\/wp\/v2\/types\/product"}],"replies":[{"embeddable":true,"href":"https:\/\/poloforma.hu\/en\/wp-json\/wp\/v2\/comments?post=23775"}],"wp:featuredmedia":[{"embeddable":true,"href":"https:\/\/poloforma.hu\/en\/wp-json\/wp\/v2\/media\/12533"}],"wp:attachment":[{"href":"https:\/\/poloforma.hu\/en\/wp-json\/wp\/v2\/media?parent=23775"}],"wp:term":[{"taxonomy":"product_brand","embeddable":true,"href":"https:\/\/poloforma.hu\/en\/wp-json\/wp\/v2\/product_brand?post=23775"},{"taxonomy":"product_cat","embeddable":true,"href":"https:\/\/poloforma.hu\/en\/wp-json\/wp\/v2\/product_cat?post=23775"},{"taxonomy":"product_tag","embeddable":true,"href":"https:\/\/poloforma.hu\/en\/wp-json\/wp\/v2\/product_tag?post=23775"}],"curies":[{"name":"wp","href":"https:\/\/api.w.org\/{rel}","templated":true}]}}