{"id":23772,"date":"2021-11-15T14:06:27","date_gmt":"2021-11-15T14:06:27","guid":{"rendered":"https:\/\/poloforma.hu\/termek\/fol-sleeveless-top\/"},"modified":"2021-11-15T14:06:27","modified_gmt":"2021-11-15T13:06:27","slug":"fol-sleeveless-top","status":"publish","type":"product","link":"https:\/\/poloforma.hu\/en\/product\/fol-sleeveless-top\/","title":{"rendered":"FoL sleeveless top"},"content":{"rendered":"<p><strong>Fruit of the Loom sleeveless top<\/strong> &#8211; a sporting essential<\/p>\n<p>Print high quality Fruit of the Loom sleeveless tops in multiple colours, sizes, and at great prices &#8211; if sports are your life!<\/p>\n<p>You can wear a sleeveless top at any time, as it is comfortable and airy, but they come into their own in sports, as free movement isn&#8217;t impeded, and sweat can evaporate more easily if less textile covers your skin. Sleeveless tops are the perfect team solution as you can buy more of them at once because of their affordability and they will impress with their durability.<\/p>\n<p>The sleeveless tops are a straight fit, ensuring a comfortable fit during all forms of movement. They are 100% cotton and 97% cotton and 3% polyester for the Heather grey. The material thickness is relatively large (165g\/m2, 160g\/m2 in white.<\/p>\n<p>If you would like to print Fruit of the Loom sleeveless tops, order from our online store with just a few clicks!<\/p>\n","protected":false},"excerpt":{"rendered":"<p>Fruit of the Loom sleeveless top &#8211; a sporting essential Print high quality Fruit of the Loom sleeveless tops in multiple colours, sizes, and at great prices &#8211; if sports are your life! You can wear a sleeveless top at any time, as it is comfortable and airy, but they come into their own in [&hellip;]<\/p>\n","protected":false},"featured_media":12527,"comment_status":"closed","ping_status":"closed","template":"","meta":{"_acf_changed":false,"inline_featured_image":false},"product_brand":[],"product_cat":[157,165],"product_tag":[],"class_list":{"0":"post-23772","1":"product","2":"type-product","3":"status-publish","4":"has-post-thumbnail","6":"product_cat-mens-clothing","7":"product_cat-sleeveless-top-mens-clothing","9":"first","10":"instock","11":"shipping-taxable","12":"purchasable","13":"product-type-simple"},"acf":[],"yoast_head":"<!-- This site is optimized with the Yoast SEO Premium plugin v27.2 (Yoast SEO v27.2) - https:\/\/yoast.com\/product\/yoast-seo-premium-wordpress\/ -->\n<title>FoL sleeveless top - P\u00f3l\u00f3forma<\/title>\n<meta name=\"robots\" content=\"index, follow, max-snippet:-1, max-image-preview:large, max-video-preview:-1\" \/>\n<link rel=\"canonical\" href=\"https:\/\/poloforma.hu\/en\/product\/fol-sleeveless-top\/\" \/>\n<meta property=\"og:locale\" content=\"en_US\" \/>\n<meta property=\"og:type\" content=\"article\" \/>\n<meta property=\"og:title\" content=\"FoL sleeveless top\" \/>\n<meta property=\"og:description\" content=\"Fruit of the Loom sleeveless top &#8211; a sporting essential Print high quality Fruit of the Loom sleeveless tops in multiple colours, sizes, and at great prices &#8211; if sports are your life! You can wear a sleeveless top at any time, as it is comfortable and airy, but they come into their own in [&hellip;]\" \/>\n<meta property=\"og:url\" content=\"https:\/\/poloforma.hu\/en\/product\/fol-sleeveless-top\/\" \/>\n<meta property=\"og:site_name\" content=\"P\u00f3l\u00f3forma\" \/>\n<meta property=\"article:publisher\" content=\"http:\/\/www.facebook.com\/poloforma\" \/>\n<meta property=\"og:image\" content=\"https:\/\/poloforma.hu\/wp-content\/uploads\/2021\/11\/ujjatlan-triko-FoL-683x1024.png\" \/>\n\t<meta property=\"og:image:width\" content=\"683\" \/>\n\t<meta property=\"og:image:height\" content=\"1024\" \/>\n\t<meta property=\"og:image:type\" content=\"image\/png\" \/>\n<meta name=\"twitter:card\" content=\"summary_large_image\" \/>\n<meta name=\"twitter:label1\" content=\"Est. reading time\" \/>\n\t<meta name=\"twitter:data1\" content=\"1 minute\" \/>\n<script type=\"application\/ld+json\" class=\"yoast-schema-graph\">{\"@context\":\"https:\/\/schema.org\",\"@graph\":[{\"@type\":\"WebPage\",\"@id\":\"https:\/\/poloforma.hu\/en\/product\/fol-sleeveless-top\/\",\"url\":\"https:\/\/poloforma.hu\/en\/product\/fol-sleeveless-top\/\",\"name\":\"FoL sleeveless top - P\u00f3l\u00f3forma\",\"isPartOf\":{\"@id\":\"https:\/\/poloforma.hu\/#website\"},\"primaryImageOfPage\":{\"@id\":\"https:\/\/poloforma.hu\/en\/product\/fol-sleeveless-top\/#primaryimage\"},\"image\":{\"@id\":\"https:\/\/poloforma.hu\/en\/product\/fol-sleeveless-top\/#primaryimage\"},\"thumbnailUrl\":\"https:\/\/poloforma.hu\/wp-content\/uploads\/2021\/11\/ujjatlan-triko-FoL.png\",\"datePublished\":\"2021-11-15T14:06:27+00:00\",\"breadcrumb\":{\"@id\":\"https:\/\/poloforma.hu\/en\/product\/fol-sleeveless-top\/#breadcrumb\"},\"inLanguage\":\"en-US\",\"potentialAction\":[{\"@type\":\"ReadAction\",\"target\":[\"https:\/\/poloforma.hu\/en\/product\/fol-sleeveless-top\/\"]}]},{\"@type\":\"ImageObject\",\"inLanguage\":\"en-US\",\"@id\":\"https:\/\/poloforma.hu\/en\/product\/fol-sleeveless-top\/#primaryimage\",\"url\":\"https:\/\/poloforma.hu\/wp-content\/uploads\/2021\/11\/ujjatlan-triko-FoL.png\",\"contentUrl\":\"https:\/\/poloforma.hu\/wp-content\/uploads\/2021\/11\/ujjatlan-triko-FoL.png\",\"width\":1776,\"height\":2664},{\"@type\":\"BreadcrumbList\",\"@id\":\"https:\/\/poloforma.hu\/en\/product\/fol-sleeveless-top\/#breadcrumb\",\"itemListElement\":[{\"@type\":\"ListItem\",\"position\":1,\"name\":\"Kezd\u0151lap\",\"item\":\"https:\/\/poloforma.hu\/en\/\"},{\"@type\":\"ListItem\",\"position\":2,\"name\":\"Shop\",\"item\":\"https:\/\/poloforma.hu\/en\/shop\/\"},{\"@type\":\"ListItem\",\"position\":3,\"name\":\"F\u00e9rfi ruh\u00e1zat\",\"item\":\"https:\/\/poloforma.hu\/termekkategoria\/ferfi-ruhazat-nyomtatas\/\"},{\"@type\":\"ListItem\",\"position\":4,\"name\":\"Trik\u00f3\",\"item\":\"https:\/\/poloforma.hu\/termekkategoria\/ferfi-ruhazat-nyomtatas\/triko-nyomtatas\/\"},{\"@type\":\"ListItem\",\"position\":5,\"name\":\"FoL sleeveless top\"}]},{\"@type\":\"WebSite\",\"@id\":\"https:\/\/poloforma.hu\/#website\",\"url\":\"https:\/\/poloforma.hu\/\",\"name\":\"www.poloforma.hu\",\"description\":\"F\u00e9nyk\u00e9pes p\u00f3l\u00f3, b\u00f6gre, aj\u00e1nd\u00e9kt\u00e1rgy nyomtat\u00e1s, h\u00edmz\u00e9s\",\"publisher\":{\"@id\":\"https:\/\/poloforma.hu\/#organization\"},\"potentialAction\":[{\"@type\":\"SearchAction\",\"target\":{\"@type\":\"EntryPoint\",\"urlTemplate\":\"https:\/\/poloforma.hu\/?s={search_term_string}\"},\"query-input\":{\"@type\":\"PropertyValueSpecification\",\"valueRequired\":true,\"valueName\":\"search_term_string\"}}],\"inLanguage\":\"en-US\"},{\"@type\":\"Organization\",\"@id\":\"https:\/\/poloforma.hu\/#organization\",\"name\":\"www.poloforma.hu\",\"url\":\"https:\/\/poloforma.hu\/\",\"logo\":{\"@type\":\"ImageObject\",\"inLanguage\":\"en-US\",\"@id\":\"https:\/\/poloforma.hu\/#\/schema\/logo\/image\/\",\"url\":\"https:\/\/poloforma.hu\/wp-content\/uploads\/2022\/08\/favikon.png\",\"contentUrl\":\"https:\/\/poloforma.hu\/wp-content\/uploads\/2022\/08\/favikon.png\",\"width\":1794,\"height\":1639,\"caption\":\"www.poloforma.hu\"},\"image\":{\"@id\":\"https:\/\/poloforma.hu\/#\/schema\/logo\/image\/\"},\"sameAs\":[\"http:\/\/www.facebook.com\/poloforma\",\"http:\/\/www.instagram.com\/poloparadicsom\"]}]}<\/script>\n<!-- \/ Yoast SEO Premium plugin. -->","yoast_head_json":{"title":"FoL sleeveless top - P\u00f3l\u00f3forma","robots":{"index":"index","follow":"follow","max-snippet":"max-snippet:-1","max-image-preview":"max-image-preview:large","max-video-preview":"max-video-preview:-1"},"canonical":"https:\/\/poloforma.hu\/en\/product\/fol-sleeveless-top\/","og_locale":"en_US","og_type":"article","og_title":"FoL sleeveless top","og_description":"Fruit of the Loom sleeveless top &#8211; a sporting essential Print high quality Fruit of the Loom sleeveless tops in multiple colours, sizes, and at great prices &#8211; if sports are your life! You can wear a sleeveless top at any time, as it is comfortable and airy, but they come into their own in [&hellip;]","og_url":"https:\/\/poloforma.hu\/en\/product\/fol-sleeveless-top\/","og_site_name":"P\u00f3l\u00f3forma","article_publisher":"http:\/\/www.facebook.com\/poloforma","og_image":[{"width":683,"height":1024,"url":"https:\/\/poloforma.hu\/wp-content\/uploads\/2021\/11\/ujjatlan-triko-FoL-683x1024.png","type":"image\/png"}],"twitter_card":"summary_large_image","twitter_misc":{"Est. reading time":"1 minute"},"schema":{"@context":"https:\/\/schema.org","@graph":[{"@type":"WebPage","@id":"https:\/\/poloforma.hu\/en\/product\/fol-sleeveless-top\/","url":"https:\/\/poloforma.hu\/en\/product\/fol-sleeveless-top\/","name":"FoL sleeveless top - P\u00f3l\u00f3forma","isPartOf":{"@id":"https:\/\/poloforma.hu\/#website"},"primaryImageOfPage":{"@id":"https:\/\/poloforma.hu\/en\/product\/fol-sleeveless-top\/#primaryimage"},"image":{"@id":"https:\/\/poloforma.hu\/en\/product\/fol-sleeveless-top\/#primaryimage"},"thumbnailUrl":"https:\/\/poloforma.hu\/wp-content\/uploads\/2021\/11\/ujjatlan-triko-FoL.png","datePublished":"2021-11-15T14:06:27+00:00","breadcrumb":{"@id":"https:\/\/poloforma.hu\/en\/product\/fol-sleeveless-top\/#breadcrumb"},"inLanguage":"en-US","potentialAction":[{"@type":"ReadAction","target":["https:\/\/poloforma.hu\/en\/product\/fol-sleeveless-top\/"]}]},{"@type":"ImageObject","inLanguage":"en-US","@id":"https:\/\/poloforma.hu\/en\/product\/fol-sleeveless-top\/#primaryimage","url":"https:\/\/poloforma.hu\/wp-content\/uploads\/2021\/11\/ujjatlan-triko-FoL.png","contentUrl":"https:\/\/poloforma.hu\/wp-content\/uploads\/2021\/11\/ujjatlan-triko-FoL.png","width":1776,"height":2664},{"@type":"BreadcrumbList","@id":"https:\/\/poloforma.hu\/en\/product\/fol-sleeveless-top\/#breadcrumb","itemListElement":[{"@type":"ListItem","position":1,"name":"Kezd\u0151lap","item":"https:\/\/poloforma.hu\/en\/"},{"@type":"ListItem","position":2,"name":"Shop","item":"https:\/\/poloforma.hu\/en\/shop\/"},{"@type":"ListItem","position":3,"name":"F\u00e9rfi ruh\u00e1zat","item":"https:\/\/poloforma.hu\/termekkategoria\/ferfi-ruhazat-nyomtatas\/"},{"@type":"ListItem","position":4,"name":"Trik\u00f3","item":"https:\/\/poloforma.hu\/termekkategoria\/ferfi-ruhazat-nyomtatas\/triko-nyomtatas\/"},{"@type":"ListItem","position":5,"name":"FoL sleeveless top"}]},{"@type":"WebSite","@id":"https:\/\/poloforma.hu\/#website","url":"https:\/\/poloforma.hu\/","name":"www.poloforma.hu","description":"F\u00e9nyk\u00e9pes p\u00f3l\u00f3, b\u00f6gre, aj\u00e1nd\u00e9kt\u00e1rgy nyomtat\u00e1s, h\u00edmz\u00e9s","publisher":{"@id":"https:\/\/poloforma.hu\/#organization"},"potentialAction":[{"@type":"SearchAction","target":{"@type":"EntryPoint","urlTemplate":"https:\/\/poloforma.hu\/?s={search_term_string}"},"query-input":{"@type":"PropertyValueSpecification","valueRequired":true,"valueName":"search_term_string"}}],"inLanguage":"en-US"},{"@type":"Organization","@id":"https:\/\/poloforma.hu\/#organization","name":"www.poloforma.hu","url":"https:\/\/poloforma.hu\/","logo":{"@type":"ImageObject","inLanguage":"en-US","@id":"https:\/\/poloforma.hu\/#\/schema\/logo\/image\/","url":"https:\/\/poloforma.hu\/wp-content\/uploads\/2022\/08\/favikon.png","contentUrl":"https:\/\/poloforma.hu\/wp-content\/uploads\/2022\/08\/favikon.png","width":1794,"height":1639,"caption":"www.poloforma.hu"},"image":{"@id":"https:\/\/poloforma.hu\/#\/schema\/logo\/image\/"},"sameAs":["http:\/\/www.facebook.com\/poloforma","http:\/\/www.instagram.com\/poloparadicsom"]}]}},"_links":{"self":[{"href":"https:\/\/poloforma.hu\/en\/wp-json\/wp\/v2\/product\/23772","targetHints":{"allow":["GET"]}}],"collection":[{"href":"https:\/\/poloforma.hu\/en\/wp-json\/wp\/v2\/product"}],"about":[{"href":"https:\/\/poloforma.hu\/en\/wp-json\/wp\/v2\/types\/product"}],"replies":[{"embeddable":true,"href":"https:\/\/poloforma.hu\/en\/wp-json\/wp\/v2\/comments?post=23772"}],"wp:featuredmedia":[{"embeddable":true,"href":"https:\/\/poloforma.hu\/en\/wp-json\/wp\/v2\/media\/12527"}],"wp:attachment":[{"href":"https:\/\/poloforma.hu\/en\/wp-json\/wp\/v2\/media?parent=23772"}],"wp:term":[{"taxonomy":"product_brand","embeddable":true,"href":"https:\/\/poloforma.hu\/en\/wp-json\/wp\/v2\/product_brand?post=23772"},{"taxonomy":"product_cat","embeddable":true,"href":"https:\/\/poloforma.hu\/en\/wp-json\/wp\/v2\/product_cat?post=23772"},{"taxonomy":"product_tag","embeddable":true,"href":"https:\/\/poloforma.hu\/en\/wp-json\/wp\/v2\/product_tag?post=23772"}],"curies":[{"name":"wp","href":"https:\/\/api.w.org\/{rel}","templated":true}]}}