{"id":23720,"date":"2022-03-16T13:41:22","date_gmt":"2022-03-16T13:41:22","guid":{"rendered":"https:\/\/poloforma.hu\/termek\/a4-puzzle-96-pieces\/"},"modified":"2022-03-16T13:41:22","modified_gmt":"2022-03-16T12:41:22","slug":"a4-puzzle-96-pieces","status":"publish","type":"product","link":"https:\/\/poloforma.hu\/en\/product\/a4-puzzle-96-pieces\/","title":{"rendered":"A4 puzzle &#8211; 96 pieces"},"content":{"rendered":"<p><strong>A4 puzzle<\/strong> \u2013 compact game, unique gift<\/p>\n<p>Print an A4 puzzle in a short time, at a good price and in high quality &#8211; even for promotional purposes!<\/p>\n<p>The A4 puzzle can be an ideal gift for any occasion and for anyone. You can surprise your friends, relatives and even your business partners with one. Due to its size, it is relatively easy to put together (although that of course also depends on the number of pieces!) but the puzzle certainly won&#8217;t take up too much space and will bring boundless delight to the owner.<\/p>\n<p>If you choose an A4 puzzle with a memorable or special image, you are guaranteed successful gifting! The A4 puzzle is available in five versions &#8211; 35, 70, 96, 120 and 192 pieces &#8211; in cardboard or in a hard, wood-based, glossy finish.<\/p>\n<p>If you would like to reach your existing and potential customers or surprise your loved ones with the help of A4 puzzle printing, our webshop is at your disposal! Place your order with just a few clicks!<\/p>\n","protected":false},"excerpt":{"rendered":"<p>A4 puzzle \u2013 compact game, unique gift Print an A4 puzzle in a short time, at a good price and in high quality &#8211; even for promotional purposes! The A4 puzzle can be an ideal gift for any occasion and for anyone. You can surprise your friends, relatives and even your business partners with one. [&hellip;]<\/p>\n","protected":false},"featured_media":7872,"comment_status":"closed","ping_status":"closed","template":"","meta":{"_acf_changed":false,"inline_featured_image":false},"product_brand":[],"product_cat":[203],"product_tag":[],"class_list":{"0":"post-23720","1":"product","2":"type-product","3":"status-publish","4":"has-post-thumbnail","6":"product_cat-puzzle-en","8":"first","9":"instock","10":"shipping-taxable","11":"purchasable","12":"product-type-simple"},"acf":[],"yoast_head":"<!-- This site is optimized with the Yoast SEO Premium plugin v27.2 (Yoast SEO v27.2) - https:\/\/yoast.com\/product\/yoast-seo-premium-wordpress\/ -->\n<title>A4 puzzle - 96 pieces - P\u00f3l\u00f3forma<\/title>\n<meta name=\"robots\" content=\"index, follow, max-snippet:-1, max-image-preview:large, max-video-preview:-1\" \/>\n<link rel=\"canonical\" href=\"https:\/\/poloforma.hu\/en\/product\/a4-puzzle-96-pieces\/\" \/>\n<meta property=\"og:locale\" content=\"en_US\" \/>\n<meta property=\"og:type\" content=\"article\" \/>\n<meta property=\"og:title\" content=\"A4 puzzle - 96 pieces\" \/>\n<meta property=\"og:description\" content=\"A4 puzzle \u2013 compact game, unique gift Print an A4 puzzle in a short time, at a good price and in high quality &#8211; even for promotional purposes! The A4 puzzle can be an ideal gift for any occasion and for anyone. You can surprise your friends, relatives and even your business partners with one. [&hellip;]\" \/>\n<meta property=\"og:url\" content=\"https:\/\/poloforma.hu\/en\/product\/a4-puzzle-96-pieces\/\" \/>\n<meta property=\"og:site_name\" content=\"P\u00f3l\u00f3forma\" \/>\n<meta property=\"article:publisher\" content=\"http:\/\/www.facebook.com\/poloforma\" \/>\n<meta property=\"og:image\" content=\"https:\/\/poloforma.hu\/wp-content\/uploads\/2022\/03\/puzzle-scaled.jpg\" \/>\n\t<meta property=\"og:image:width\" content=\"2560\" \/>\n\t<meta property=\"og:image:height\" content=\"1707\" \/>\n\t<meta property=\"og:image:type\" content=\"image\/jpeg\" \/>\n<meta name=\"twitter:card\" content=\"summary_large_image\" \/>\n<meta name=\"twitter:label1\" content=\"Est. reading time\" \/>\n\t<meta name=\"twitter:data1\" content=\"1 minute\" \/>\n<script type=\"application\/ld+json\" class=\"yoast-schema-graph\">{\"@context\":\"https:\/\/schema.org\",\"@graph\":[{\"@type\":\"WebPage\",\"@id\":\"https:\/\/poloforma.hu\/en\/product\/a4-puzzle-96-pieces\/\",\"url\":\"https:\/\/poloforma.hu\/en\/product\/a4-puzzle-96-pieces\/\",\"name\":\"A4 puzzle - 96 pieces - P\u00f3l\u00f3forma\",\"isPartOf\":{\"@id\":\"https:\/\/poloforma.hu\/#website\"},\"primaryImageOfPage\":{\"@id\":\"https:\/\/poloforma.hu\/en\/product\/a4-puzzle-96-pieces\/#primaryimage\"},\"image\":{\"@id\":\"https:\/\/poloforma.hu\/en\/product\/a4-puzzle-96-pieces\/#primaryimage\"},\"thumbnailUrl\":\"https:\/\/poloforma.hu\/wp-content\/uploads\/2022\/03\/puzzle-scaled.jpg\",\"datePublished\":\"2022-03-16T13:41:22+00:00\",\"breadcrumb\":{\"@id\":\"https:\/\/poloforma.hu\/en\/product\/a4-puzzle-96-pieces\/#breadcrumb\"},\"inLanguage\":\"en-US\",\"potentialAction\":[{\"@type\":\"ReadAction\",\"target\":[\"https:\/\/poloforma.hu\/en\/product\/a4-puzzle-96-pieces\/\"]}]},{\"@type\":\"ImageObject\",\"inLanguage\":\"en-US\",\"@id\":\"https:\/\/poloforma.hu\/en\/product\/a4-puzzle-96-pieces\/#primaryimage\",\"url\":\"https:\/\/poloforma.hu\/wp-content\/uploads\/2022\/03\/puzzle-scaled.jpg\",\"contentUrl\":\"https:\/\/poloforma.hu\/wp-content\/uploads\/2022\/03\/puzzle-scaled.jpg\",\"width\":2560,\"height\":1707,\"caption\":\"White puzzle on the table\"},{\"@type\":\"BreadcrumbList\",\"@id\":\"https:\/\/poloforma.hu\/en\/product\/a4-puzzle-96-pieces\/#breadcrumb\",\"itemListElement\":[{\"@type\":\"ListItem\",\"position\":1,\"name\":\"Kezd\u0151lap\",\"item\":\"https:\/\/poloforma.hu\/en\/\"},{\"@type\":\"ListItem\",\"position\":2,\"name\":\"Shop\",\"item\":\"https:\/\/poloforma.hu\/en\/shop\/\"},{\"@type\":\"ListItem\",\"position\":3,\"name\":\"Puzzle\",\"item\":\"https:\/\/poloforma.hu\/en\/product-category\/puzzle-en\/\"},{\"@type\":\"ListItem\",\"position\":4,\"name\":\"A4 puzzle &#8211; 96 pieces\"}]},{\"@type\":\"WebSite\",\"@id\":\"https:\/\/poloforma.hu\/#website\",\"url\":\"https:\/\/poloforma.hu\/\",\"name\":\"www.poloforma.hu\",\"description\":\"F\u00e9nyk\u00e9pes p\u00f3l\u00f3, b\u00f6gre, aj\u00e1nd\u00e9kt\u00e1rgy nyomtat\u00e1s, h\u00edmz\u00e9s\",\"publisher\":{\"@id\":\"https:\/\/poloforma.hu\/#organization\"},\"potentialAction\":[{\"@type\":\"SearchAction\",\"target\":{\"@type\":\"EntryPoint\",\"urlTemplate\":\"https:\/\/poloforma.hu\/?s={search_term_string}\"},\"query-input\":{\"@type\":\"PropertyValueSpecification\",\"valueRequired\":true,\"valueName\":\"search_term_string\"}}],\"inLanguage\":\"en-US\"},{\"@type\":\"Organization\",\"@id\":\"https:\/\/poloforma.hu\/#organization\",\"name\":\"www.poloforma.hu\",\"url\":\"https:\/\/poloforma.hu\/\",\"logo\":{\"@type\":\"ImageObject\",\"inLanguage\":\"en-US\",\"@id\":\"https:\/\/poloforma.hu\/#\/schema\/logo\/image\/\",\"url\":\"https:\/\/poloforma.hu\/wp-content\/uploads\/2022\/08\/favikon.png\",\"contentUrl\":\"https:\/\/poloforma.hu\/wp-content\/uploads\/2022\/08\/favikon.png\",\"width\":1794,\"height\":1639,\"caption\":\"www.poloforma.hu\"},\"image\":{\"@id\":\"https:\/\/poloforma.hu\/#\/schema\/logo\/image\/\"},\"sameAs\":[\"http:\/\/www.facebook.com\/poloforma\",\"http:\/\/www.instagram.com\/poloparadicsom\"]}]}<\/script>\n<!-- \/ Yoast SEO Premium plugin. -->","yoast_head_json":{"title":"A4 puzzle - 96 pieces - P\u00f3l\u00f3forma","robots":{"index":"index","follow":"follow","max-snippet":"max-snippet:-1","max-image-preview":"max-image-preview:large","max-video-preview":"max-video-preview:-1"},"canonical":"https:\/\/poloforma.hu\/en\/product\/a4-puzzle-96-pieces\/","og_locale":"en_US","og_type":"article","og_title":"A4 puzzle - 96 pieces","og_description":"A4 puzzle \u2013 compact game, unique gift Print an A4 puzzle in a short time, at a good price and in high quality &#8211; even for promotional purposes! The A4 puzzle can be an ideal gift for any occasion and for anyone. You can surprise your friends, relatives and even your business partners with one. [&hellip;]","og_url":"https:\/\/poloforma.hu\/en\/product\/a4-puzzle-96-pieces\/","og_site_name":"P\u00f3l\u00f3forma","article_publisher":"http:\/\/www.facebook.com\/poloforma","og_image":[{"width":2560,"height":1707,"url":"https:\/\/poloforma.hu\/wp-content\/uploads\/2022\/03\/puzzle-scaled.jpg","type":"image\/jpeg"}],"twitter_card":"summary_large_image","twitter_misc":{"Est. reading time":"1 minute"},"schema":{"@context":"https:\/\/schema.org","@graph":[{"@type":"WebPage","@id":"https:\/\/poloforma.hu\/en\/product\/a4-puzzle-96-pieces\/","url":"https:\/\/poloforma.hu\/en\/product\/a4-puzzle-96-pieces\/","name":"A4 puzzle - 96 pieces - P\u00f3l\u00f3forma","isPartOf":{"@id":"https:\/\/poloforma.hu\/#website"},"primaryImageOfPage":{"@id":"https:\/\/poloforma.hu\/en\/product\/a4-puzzle-96-pieces\/#primaryimage"},"image":{"@id":"https:\/\/poloforma.hu\/en\/product\/a4-puzzle-96-pieces\/#primaryimage"},"thumbnailUrl":"https:\/\/poloforma.hu\/wp-content\/uploads\/2022\/03\/puzzle-scaled.jpg","datePublished":"2022-03-16T13:41:22+00:00","breadcrumb":{"@id":"https:\/\/poloforma.hu\/en\/product\/a4-puzzle-96-pieces\/#breadcrumb"},"inLanguage":"en-US","potentialAction":[{"@type":"ReadAction","target":["https:\/\/poloforma.hu\/en\/product\/a4-puzzle-96-pieces\/"]}]},{"@type":"ImageObject","inLanguage":"en-US","@id":"https:\/\/poloforma.hu\/en\/product\/a4-puzzle-96-pieces\/#primaryimage","url":"https:\/\/poloforma.hu\/wp-content\/uploads\/2022\/03\/puzzle-scaled.jpg","contentUrl":"https:\/\/poloforma.hu\/wp-content\/uploads\/2022\/03\/puzzle-scaled.jpg","width":2560,"height":1707,"caption":"White puzzle on the table"},{"@type":"BreadcrumbList","@id":"https:\/\/poloforma.hu\/en\/product\/a4-puzzle-96-pieces\/#breadcrumb","itemListElement":[{"@type":"ListItem","position":1,"name":"Kezd\u0151lap","item":"https:\/\/poloforma.hu\/en\/"},{"@type":"ListItem","position":2,"name":"Shop","item":"https:\/\/poloforma.hu\/en\/shop\/"},{"@type":"ListItem","position":3,"name":"Puzzle","item":"https:\/\/poloforma.hu\/en\/product-category\/puzzle-en\/"},{"@type":"ListItem","position":4,"name":"A4 puzzle &#8211; 96 pieces"}]},{"@type":"WebSite","@id":"https:\/\/poloforma.hu\/#website","url":"https:\/\/poloforma.hu\/","name":"www.poloforma.hu","description":"F\u00e9nyk\u00e9pes p\u00f3l\u00f3, b\u00f6gre, aj\u00e1nd\u00e9kt\u00e1rgy nyomtat\u00e1s, h\u00edmz\u00e9s","publisher":{"@id":"https:\/\/poloforma.hu\/#organization"},"potentialAction":[{"@type":"SearchAction","target":{"@type":"EntryPoint","urlTemplate":"https:\/\/poloforma.hu\/?s={search_term_string}"},"query-input":{"@type":"PropertyValueSpecification","valueRequired":true,"valueName":"search_term_string"}}],"inLanguage":"en-US"},{"@type":"Organization","@id":"https:\/\/poloforma.hu\/#organization","name":"www.poloforma.hu","url":"https:\/\/poloforma.hu\/","logo":{"@type":"ImageObject","inLanguage":"en-US","@id":"https:\/\/poloforma.hu\/#\/schema\/logo\/image\/","url":"https:\/\/poloforma.hu\/wp-content\/uploads\/2022\/08\/favikon.png","contentUrl":"https:\/\/poloforma.hu\/wp-content\/uploads\/2022\/08\/favikon.png","width":1794,"height":1639,"caption":"www.poloforma.hu"},"image":{"@id":"https:\/\/poloforma.hu\/#\/schema\/logo\/image\/"},"sameAs":["http:\/\/www.facebook.com\/poloforma","http:\/\/www.instagram.com\/poloparadicsom"]}]}},"_links":{"self":[{"href":"https:\/\/poloforma.hu\/en\/wp-json\/wp\/v2\/product\/23720","targetHints":{"allow":["GET"]}}],"collection":[{"href":"https:\/\/poloforma.hu\/en\/wp-json\/wp\/v2\/product"}],"about":[{"href":"https:\/\/poloforma.hu\/en\/wp-json\/wp\/v2\/types\/product"}],"replies":[{"embeddable":true,"href":"https:\/\/poloforma.hu\/en\/wp-json\/wp\/v2\/comments?post=23720"}],"wp:featuredmedia":[{"embeddable":true,"href":"https:\/\/poloforma.hu\/en\/wp-json\/wp\/v2\/media\/7872"}],"wp:attachment":[{"href":"https:\/\/poloforma.hu\/en\/wp-json\/wp\/v2\/media?parent=23720"}],"wp:term":[{"taxonomy":"product_brand","embeddable":true,"href":"https:\/\/poloforma.hu\/en\/wp-json\/wp\/v2\/product_brand?post=23720"},{"taxonomy":"product_cat","embeddable":true,"href":"https:\/\/poloforma.hu\/en\/wp-json\/wp\/v2\/product_cat?post=23720"},{"taxonomy":"product_tag","embeddable":true,"href":"https:\/\/poloforma.hu\/en\/wp-json\/wp\/v2\/product_tag?post=23720"}],"curies":[{"name":"wp","href":"https:\/\/api.w.org\/{rel}","templated":true}]}}