{"id":23700,"date":"2021-11-16T10:58:11","date_gmt":"2021-11-16T09:58:11","guid":{"rendered":"https:\/\/poloforma.hu\/termek\/spoon-mug\/"},"modified":"2025-02-16T21:54:48","modified_gmt":"2025-02-16T20:54:48","slug":"custom-spoon-mug-printing-unique-personalized-mugs-for-corporate-gifts-promotions","status":"publish","type":"product","link":"https:\/\/poloforma.hu\/en\/product\/custom-spoon-mug-printing-unique-personalized-mugs-for-corporate-gifts-promotions\/","title":{"rendered":"Spoon mug"},"content":{"rendered":"<p data-start=\"0\" data-end=\"80\"><strong data-start=\"0\" data-end=\"80\">Custom Spoon Mug Printing \u2013 Personalized Spoon Mugs for Gifts and Promotions<\/strong><\/p>\n<p data-start=\"82\" data-end=\"596\">Custom spoon mug printing offers a unique and practical way to create stylish gifts and promotional items. It produces effective promotional products as well. These personalized spoon mugs are comfortable and highly functional. The built-in spoon fits perfectly into the mug\u2019s side, and it lets you mix your favorite beverage quickly. Moreover, these spoon mugs serve as excellent gifts and as effective corporate promotional items. Also, mugs featuring your company logo or slogan continuously promote your brand.<\/p>\n<h3 data-start=\"598\" data-end=\"632\">Why Choose Spoon Mug Printing?<\/h3>\n<p data-start=\"634\" data-end=\"1063\">Spoon mugs are practical accessories that win users quickly, and they are easy to use every day. Custom spoon mug printing lets you add unique designs, logos, or text. As a result, each use reminds the user of your personalized message. Furthermore, these spoon mugs are perfect for birthdays, Christmas, and corporate events. The printed designs are durable and resistant to wear, so the mugs keep their original look over time.<\/p>\n<p data-start=\"1065\" data-end=\"1360\">Custom spoon mug printing is one of the best ways to surprise family, friends, or colleagues. It offers a practical and distinctive gift option, and it works well for promotions too. Because each mug is used daily, your company logo, message, or slogan remains visible and reinforces your brand.<\/p>\n<h3 data-start=\"1362\" data-end=\"1390\">Advantages of Spoon Mugs<\/h3>\n<ul data-start=\"1392\" data-end=\"2007\">\n<li data-start=\"1392\" data-end=\"1585\"><strong data-start=\"1394\" data-end=\"1420\">Practical and Stylish:<\/strong> These mugs are designed elegantly and are extremely useful. The integrated spoon helps you mix your favorite drink with ease, and it adds a touch of sophistication.<\/li>\n<li data-start=\"1586\" data-end=\"1735\"><strong data-start=\"1588\" data-end=\"1605\">Customizable:<\/strong> Custom spoon mug printing allows you to add any design, photo, logo, or text. Consequently, each mug becomes unique and personal.<\/li>\n<li data-start=\"1736\" data-end=\"1875\"><strong data-start=\"1738\" data-end=\"1767\">Durable and Long-Lasting:<\/strong> Spoon mugs are made from high-quality materials, and they ensure that the printed designs last a long time.<\/li>\n<li data-start=\"1876\" data-end=\"2007\"><strong data-start=\"1878\" data-end=\"1910\">Excellent Promotional Gifts:<\/strong> Personalized spoon mugs are ideal for companies, and they constantly remind users of your brand.<\/li>\n<\/ul>\n<h3 data-start=\"2009\" data-end=\"2056\">Why Choose Spoon Mugs as Promotional Gifts?<\/h3>\n<p data-start=\"2058\" data-end=\"2583\">Custom spoon mug printing is ideal for companies that seek unique and practical promotional items. They are used daily, and your company\u2019s logo stays visible. Furthermore, personalized mugs are stylish gifts and offer excellent advertising surfaces because the logo appears every time the mug is used. In addition, spoon mugs come in many colors and patterns, and they are fully customizable to meet your company\u2019s needs. You can add a simple logo or a complex graphic, and this ensures a distinctive and eye-catching design.<\/p>\n<h3 data-start=\"2585\" data-end=\"2618\">The Versatility of Spoon Mugs<\/h3>\n<p data-start=\"2620\" data-end=\"2952\" data-is-last-node=\"\">Spoon mugs work well in both workplaces and offices, and they are also perfect for home use. They are ideal for mixing various beverages because they combine functionality with style. Personalized spoon mugs fulfill both practical and aesthetic needs, and they are excellent for enjoying coffee, tea, hot chocolate, or any beverage.<\/p>\n","protected":false},"excerpt":{"rendered":"<p>Custom Spoon Mug Printing \u2013 Personalized Spoon Mugs for Gifts and Promotions Custom spoon mug printing offers a unique and practical way to create stylish gifts and promotional items. It produces effective promotional products as well. These personalized spoon mugs are comfortable and highly functional. The built-in spoon fits perfectly into the mug\u2019s side, and [&hellip;]<\/p>\n","protected":false},"featured_media":3841,"comment_status":"closed","ping_status":"closed","template":"","meta":{"_acf_changed":false,"inline_featured_image":false},"product_brand":[],"product_cat":[178],"product_tag":[],"class_list":{"0":"post-23700","1":"product","2":"type-product","3":"status-publish","4":"has-post-thumbnail","6":"product_cat-mug","8":"first","9":"instock","10":"shipping-taxable","11":"purchasable","12":"product-type-simple"},"acf":[],"yoast_head":"<!-- This site is optimized with the Yoast SEO Premium plugin v27.2 (Yoast SEO v27.2) - https:\/\/yoast.com\/product\/yoast-seo-premium-wordpress\/ -->\n<title>Custom Spoon Mug Printing \u2013 Personalized Mugs<\/title>\n<meta name=\"robots\" content=\"index, follow, max-snippet:-1, max-image-preview:large, max-video-preview:-1\" \/>\n<link rel=\"canonical\" href=\"https:\/\/poloforma.hu\/en\/product\/custom-spoon-mug-printing-unique-personalized-mugs-for-corporate-gifts-promotions\/\" \/>\n<meta property=\"og:locale\" content=\"en_US\" \/>\n<meta property=\"og:type\" content=\"article\" \/>\n<meta property=\"og:title\" content=\"Spoon mug\" \/>\n<meta property=\"og:description\" content=\"Custom Spoon Mug Printing \u2013 Personalized Spoon Mugs for Gifts and Promotions Custom spoon mug printing offers a unique and practical way to create stylish gifts and promotional items. It produces effective promotional products as well. These personalized spoon mugs are comfortable and highly functional. The built-in spoon fits perfectly into the mug\u2019s side, and [&hellip;]\" \/>\n<meta property=\"og:url\" content=\"https:\/\/poloforma.hu\/en\/product\/custom-spoon-mug-printing-unique-personalized-mugs-for-corporate-gifts-promotions\/\" \/>\n<meta property=\"og:site_name\" content=\"P\u00f3l\u00f3forma\" \/>\n<meta property=\"article:publisher\" content=\"http:\/\/www.facebook.com\/poloforma\" \/>\n<meta property=\"article:modified_time\" content=\"2025-02-16T20:54:48+00:00\" \/>\n<meta property=\"og:image\" content=\"https:\/\/poloforma.hu\/wp-content\/uploads\/2021\/11\/kanalas-bogre-minta-scaled.jpg\" \/>\n\t<meta property=\"og:image:width\" content=\"2560\" \/>\n\t<meta property=\"og:image:height\" content=\"1707\" \/>\n\t<meta property=\"og:image:type\" content=\"image\/jpeg\" \/>\n<meta name=\"twitter:card\" content=\"summary_large_image\" \/>\n<meta name=\"twitter:label1\" content=\"Est. reading time\" \/>\n\t<meta name=\"twitter:data1\" content=\"2 minutes\" \/>\n<script type=\"application\/ld+json\" class=\"yoast-schema-graph\">{\"@context\":\"https:\/\/schema.org\",\"@graph\":[{\"@type\":\"WebPage\",\"@id\":\"https:\/\/poloforma.hu\/en\/product\/custom-spoon-mug-printing-unique-personalized-mugs-for-corporate-gifts-promotions\/\",\"url\":\"https:\/\/poloforma.hu\/en\/product\/custom-spoon-mug-printing-unique-personalized-mugs-for-corporate-gifts-promotions\/\",\"name\":\"Custom Spoon Mug Printing \u2013 Personalized Mugs\",\"isPartOf\":{\"@id\":\"https:\/\/poloforma.hu\/#website\"},\"primaryImageOfPage\":{\"@id\":\"https:\/\/poloforma.hu\/en\/product\/custom-spoon-mug-printing-unique-personalized-mugs-for-corporate-gifts-promotions\/#primaryimage\"},\"image\":{\"@id\":\"https:\/\/poloforma.hu\/en\/product\/custom-spoon-mug-printing-unique-personalized-mugs-for-corporate-gifts-promotions\/#primaryimage\"},\"thumbnailUrl\":\"https:\/\/poloforma.hu\/wp-content\/uploads\/2021\/11\/kanalas-bogre-minta-scaled.jpg\",\"datePublished\":\"2021-11-16T09:58:11+00:00\",\"dateModified\":\"2025-02-16T20:54:48+00:00\",\"breadcrumb\":{\"@id\":\"https:\/\/poloforma.hu\/en\/product\/custom-spoon-mug-printing-unique-personalized-mugs-for-corporate-gifts-promotions\/#breadcrumb\"},\"inLanguage\":\"en-US\",\"potentialAction\":[{\"@type\":\"ReadAction\",\"target\":[\"https:\/\/poloforma.hu\/en\/product\/custom-spoon-mug-printing-unique-personalized-mugs-for-corporate-gifts-promotions\/\"]}]},{\"@type\":\"ImageObject\",\"inLanguage\":\"en-US\",\"@id\":\"https:\/\/poloforma.hu\/en\/product\/custom-spoon-mug-printing-unique-personalized-mugs-for-corporate-gifts-promotions\/#primaryimage\",\"url\":\"https:\/\/poloforma.hu\/wp-content\/uploads\/2021\/11\/kanalas-bogre-minta-scaled.jpg\",\"contentUrl\":\"https:\/\/poloforma.hu\/wp-content\/uploads\/2021\/11\/kanalas-bogre-minta-scaled.jpg\",\"width\":2560,\"height\":1707},{\"@type\":\"BreadcrumbList\",\"@id\":\"https:\/\/poloforma.hu\/en\/product\/custom-spoon-mug-printing-unique-personalized-mugs-for-corporate-gifts-promotions\/#breadcrumb\",\"itemListElement\":[{\"@type\":\"ListItem\",\"position\":1,\"name\":\"Kezd\u0151lap\",\"item\":\"https:\/\/poloforma.hu\/en\/\"},{\"@type\":\"ListItem\",\"position\":2,\"name\":\"Shop\",\"item\":\"https:\/\/poloforma.hu\/en\/shop\/\"},{\"@type\":\"ListItem\",\"position\":3,\"name\":\"Mug\",\"item\":\"https:\/\/poloforma.hu\/product-category\/mug\/?lang=en\"},{\"@type\":\"ListItem\",\"position\":4,\"name\":\"Spoon mug\"}]},{\"@type\":\"WebSite\",\"@id\":\"https:\/\/poloforma.hu\/#website\",\"url\":\"https:\/\/poloforma.hu\/\",\"name\":\"www.poloforma.hu\",\"description\":\"F\u00e9nyk\u00e9pes p\u00f3l\u00f3, b\u00f6gre, aj\u00e1nd\u00e9kt\u00e1rgy nyomtat\u00e1s, h\u00edmz\u00e9s\",\"publisher\":{\"@id\":\"https:\/\/poloforma.hu\/#organization\"},\"potentialAction\":[{\"@type\":\"SearchAction\",\"target\":{\"@type\":\"EntryPoint\",\"urlTemplate\":\"https:\/\/poloforma.hu\/?s={search_term_string}\"},\"query-input\":{\"@type\":\"PropertyValueSpecification\",\"valueRequired\":true,\"valueName\":\"search_term_string\"}}],\"inLanguage\":\"en-US\"},{\"@type\":\"Organization\",\"@id\":\"https:\/\/poloforma.hu\/#organization\",\"name\":\"www.poloforma.hu\",\"url\":\"https:\/\/poloforma.hu\/\",\"logo\":{\"@type\":\"ImageObject\",\"inLanguage\":\"en-US\",\"@id\":\"https:\/\/poloforma.hu\/#\/schema\/logo\/image\/\",\"url\":\"https:\/\/poloforma.hu\/wp-content\/uploads\/2022\/08\/favikon.png\",\"contentUrl\":\"https:\/\/poloforma.hu\/wp-content\/uploads\/2022\/08\/favikon.png\",\"width\":1794,\"height\":1639,\"caption\":\"www.poloforma.hu\"},\"image\":{\"@id\":\"https:\/\/poloforma.hu\/#\/schema\/logo\/image\/\"},\"sameAs\":[\"http:\/\/www.facebook.com\/poloforma\",\"http:\/\/www.instagram.com\/poloparadicsom\"]}]}<\/script>\n<!-- \/ Yoast SEO Premium plugin. -->","yoast_head_json":{"title":"Custom Spoon Mug Printing \u2013 Personalized Mugs","robots":{"index":"index","follow":"follow","max-snippet":"max-snippet:-1","max-image-preview":"max-image-preview:large","max-video-preview":"max-video-preview:-1"},"canonical":"https:\/\/poloforma.hu\/en\/product\/custom-spoon-mug-printing-unique-personalized-mugs-for-corporate-gifts-promotions\/","og_locale":"en_US","og_type":"article","og_title":"Spoon mug","og_description":"Custom Spoon Mug Printing \u2013 Personalized Spoon Mugs for Gifts and Promotions Custom spoon mug printing offers a unique and practical way to create stylish gifts and promotional items. It produces effective promotional products as well. These personalized spoon mugs are comfortable and highly functional. The built-in spoon fits perfectly into the mug\u2019s side, and [&hellip;]","og_url":"https:\/\/poloforma.hu\/en\/product\/custom-spoon-mug-printing-unique-personalized-mugs-for-corporate-gifts-promotions\/","og_site_name":"P\u00f3l\u00f3forma","article_publisher":"http:\/\/www.facebook.com\/poloforma","article_modified_time":"2025-02-16T20:54:48+00:00","og_image":[{"width":2560,"height":1707,"url":"https:\/\/poloforma.hu\/wp-content\/uploads\/2021\/11\/kanalas-bogre-minta-scaled.jpg","type":"image\/jpeg"}],"twitter_card":"summary_large_image","twitter_misc":{"Est. reading time":"2 minutes"},"schema":{"@context":"https:\/\/schema.org","@graph":[{"@type":"WebPage","@id":"https:\/\/poloforma.hu\/en\/product\/custom-spoon-mug-printing-unique-personalized-mugs-for-corporate-gifts-promotions\/","url":"https:\/\/poloforma.hu\/en\/product\/custom-spoon-mug-printing-unique-personalized-mugs-for-corporate-gifts-promotions\/","name":"Custom Spoon Mug Printing \u2013 Personalized Mugs","isPartOf":{"@id":"https:\/\/poloforma.hu\/#website"},"primaryImageOfPage":{"@id":"https:\/\/poloforma.hu\/en\/product\/custom-spoon-mug-printing-unique-personalized-mugs-for-corporate-gifts-promotions\/#primaryimage"},"image":{"@id":"https:\/\/poloforma.hu\/en\/product\/custom-spoon-mug-printing-unique-personalized-mugs-for-corporate-gifts-promotions\/#primaryimage"},"thumbnailUrl":"https:\/\/poloforma.hu\/wp-content\/uploads\/2021\/11\/kanalas-bogre-minta-scaled.jpg","datePublished":"2021-11-16T09:58:11+00:00","dateModified":"2025-02-16T20:54:48+00:00","breadcrumb":{"@id":"https:\/\/poloforma.hu\/en\/product\/custom-spoon-mug-printing-unique-personalized-mugs-for-corporate-gifts-promotions\/#breadcrumb"},"inLanguage":"en-US","potentialAction":[{"@type":"ReadAction","target":["https:\/\/poloforma.hu\/en\/product\/custom-spoon-mug-printing-unique-personalized-mugs-for-corporate-gifts-promotions\/"]}]},{"@type":"ImageObject","inLanguage":"en-US","@id":"https:\/\/poloforma.hu\/en\/product\/custom-spoon-mug-printing-unique-personalized-mugs-for-corporate-gifts-promotions\/#primaryimage","url":"https:\/\/poloforma.hu\/wp-content\/uploads\/2021\/11\/kanalas-bogre-minta-scaled.jpg","contentUrl":"https:\/\/poloforma.hu\/wp-content\/uploads\/2021\/11\/kanalas-bogre-minta-scaled.jpg","width":2560,"height":1707},{"@type":"BreadcrumbList","@id":"https:\/\/poloforma.hu\/en\/product\/custom-spoon-mug-printing-unique-personalized-mugs-for-corporate-gifts-promotions\/#breadcrumb","itemListElement":[{"@type":"ListItem","position":1,"name":"Kezd\u0151lap","item":"https:\/\/poloforma.hu\/en\/"},{"@type":"ListItem","position":2,"name":"Shop","item":"https:\/\/poloforma.hu\/en\/shop\/"},{"@type":"ListItem","position":3,"name":"Mug","item":"https:\/\/poloforma.hu\/product-category\/mug\/?lang=en"},{"@type":"ListItem","position":4,"name":"Spoon mug"}]},{"@type":"WebSite","@id":"https:\/\/poloforma.hu\/#website","url":"https:\/\/poloforma.hu\/","name":"www.poloforma.hu","description":"F\u00e9nyk\u00e9pes p\u00f3l\u00f3, b\u00f6gre, aj\u00e1nd\u00e9kt\u00e1rgy nyomtat\u00e1s, h\u00edmz\u00e9s","publisher":{"@id":"https:\/\/poloforma.hu\/#organization"},"potentialAction":[{"@type":"SearchAction","target":{"@type":"EntryPoint","urlTemplate":"https:\/\/poloforma.hu\/?s={search_term_string}"},"query-input":{"@type":"PropertyValueSpecification","valueRequired":true,"valueName":"search_term_string"}}],"inLanguage":"en-US"},{"@type":"Organization","@id":"https:\/\/poloforma.hu\/#organization","name":"www.poloforma.hu","url":"https:\/\/poloforma.hu\/","logo":{"@type":"ImageObject","inLanguage":"en-US","@id":"https:\/\/poloforma.hu\/#\/schema\/logo\/image\/","url":"https:\/\/poloforma.hu\/wp-content\/uploads\/2022\/08\/favikon.png","contentUrl":"https:\/\/poloforma.hu\/wp-content\/uploads\/2022\/08\/favikon.png","width":1794,"height":1639,"caption":"www.poloforma.hu"},"image":{"@id":"https:\/\/poloforma.hu\/#\/schema\/logo\/image\/"},"sameAs":["http:\/\/www.facebook.com\/poloforma","http:\/\/www.instagram.com\/poloparadicsom"]}]}},"_links":{"self":[{"href":"https:\/\/poloforma.hu\/en\/wp-json\/wp\/v2\/product\/23700","targetHints":{"allow":["GET"]}}],"collection":[{"href":"https:\/\/poloforma.hu\/en\/wp-json\/wp\/v2\/product"}],"about":[{"href":"https:\/\/poloforma.hu\/en\/wp-json\/wp\/v2\/types\/product"}],"replies":[{"embeddable":true,"href":"https:\/\/poloforma.hu\/en\/wp-json\/wp\/v2\/comments?post=23700"}],"wp:featuredmedia":[{"embeddable":true,"href":"https:\/\/poloforma.hu\/en\/wp-json\/wp\/v2\/media\/3841"}],"wp:attachment":[{"href":"https:\/\/poloforma.hu\/en\/wp-json\/wp\/v2\/media?parent=23700"}],"wp:term":[{"taxonomy":"product_brand","embeddable":true,"href":"https:\/\/poloforma.hu\/en\/wp-json\/wp\/v2\/product_brand?post=23700"},{"taxonomy":"product_cat","embeddable":true,"href":"https:\/\/poloforma.hu\/en\/wp-json\/wp\/v2\/product_cat?post=23700"},{"taxonomy":"product_tag","embeddable":true,"href":"https:\/\/poloforma.hu\/en\/wp-json\/wp\/v2\/product_tag?post=23700"}],"curies":[{"name":"wp","href":"https:\/\/api.w.org\/{rel}","templated":true}]}}