{"id":23694,"date":"2021-11-14T15:14:11","date_gmt":"2021-11-14T14:14:11","guid":{"rendered":"https:\/\/poloforma.hu\/termek\/fol-womens-round-neck-t-shirt\/"},"modified":"2025-04-27T10:26:58","modified_gmt":"2025-04-27T08:26:58","slug":"fol-womens-round-neck-t-shirt","status":"publish","type":"product","link":"https:\/\/poloforma.hu\/en\/product\/fol-womens-round-neck-t-shirt\/","title":{"rendered":"FoL women&#8217;s round neck T-shirt"},"content":{"rendered":"<p><strong>Fruit of the Loom women&#8217;s round neck T-shirt<\/strong> &#8211; a basic piece for all occasions<\/p>\n<p>Print high quality, affordable, Fruit of the Loom women&#8217;s round neck T-Shirts, in a range of countless colours and in all sizes &#8211; sometimes you don&#8217;t have to waste time thinking about what to wear!<\/p>\n<p>With a round neck T-shirt and a pair of jeans, shorts, or skirt, you\u2019re ready to go, whether it&#8217;s a party, work or just out and about. A wardrobe full of round-necked T-shirts, can be a real timesaver. As it&#8217;s Fruit of the Loom, you can be sure of their durability too. At such a good price, you can buy more than one at the same time and have them personalised to suit you just right!<\/p>\n<p>The tailoring of our round necked T-shirts is very much with a woman&#8217;s taste in mind, which is further accentuated by the slimming side stitching. They are made of a pre-shrunk, circular knit, 100% cotton Belcoro yarn, and 97% cotton and 3% polyester in the case of the Heather grey and grey myrtle. The round necked T-shirts have double-row stitching on the sleeves, waist and neckline, the latter with a cotton\/ Lycra ribbed neck reinforcement. Wash them at a maximum temperature of 30\u00b0C for durability!<\/p>\n<p>If you would like to print Fruit of the Loom women&#8217;s round neck T-shirts, order from our webshop easily with just a few clicks!<\/p>\n","protected":false},"excerpt":{"rendered":"<p>Fruit of the Loom women&#8217;s round neck T-shirt &#8211; a basic piece for all occasions Print high quality, affordable, Fruit of the Loom women&#8217;s round neck T-Shirts, in a range of countless colours and in all sizes &#8211; sometimes you don&#8217;t have to waste time thinking about what to wear! With a round neck T-shirt [&hellip;]<\/p>\n","protected":false},"featured_media":12501,"comment_status":"closed","ping_status":"closed","template":"","meta":{"_acf_changed":false,"inline_featured_image":false},"product_brand":[],"product_cat":[201,197],"product_tag":[],"class_list":{"0":"post-23694","1":"product","2":"type-product","3":"status-publish","4":"has-post-thumbnail","6":"product_cat-t-shirt","7":"product_cat-womens-clothing","9":"first","10":"instock","11":"shipping-taxable","12":"purchasable","13":"product-type-simple"},"acf":[],"yoast_head":"<!-- This site is optimized with the Yoast SEO Premium plugin v27.2 (Yoast SEO v27.2) - https:\/\/yoast.com\/product\/yoast-seo-premium-wordpress\/ -->\n<title>FoL women&#039;s round neck T-shirt - P\u00f3l\u00f3forma<\/title>\n<meta name=\"robots\" content=\"index, follow, max-snippet:-1, max-image-preview:large, max-video-preview:-1\" \/>\n<link rel=\"canonical\" href=\"https:\/\/poloforma.hu\/en\/product\/fol-womens-round-neck-t-shirt\/\" \/>\n<meta property=\"og:locale\" content=\"en_US\" \/>\n<meta property=\"og:type\" content=\"article\" \/>\n<meta property=\"og:title\" content=\"FoL women&#039;s round neck T-shirt\" \/>\n<meta property=\"og:description\" content=\"Fruit of the Loom women&#8217;s round neck T-shirt &#8211; a basic piece for all occasions Print high quality, affordable, Fruit of the Loom women&#8217;s round neck T-Shirts, in a range of countless colours and in all sizes &#8211; sometimes you don&#8217;t have to waste time thinking about what to wear! With a round neck T-shirt [&hellip;]\" \/>\n<meta property=\"og:url\" content=\"https:\/\/poloforma.hu\/en\/product\/fol-womens-round-neck-t-shirt\/\" \/>\n<meta property=\"og:site_name\" content=\"P\u00f3l\u00f3forma\" \/>\n<meta property=\"article:publisher\" content=\"http:\/\/www.facebook.com\/poloforma\" \/>\n<meta property=\"article:modified_time\" content=\"2025-04-27T08:26:58+00:00\" \/>\n<meta property=\"og:image\" content=\"https:\/\/poloforma.hu\/wp-content\/uploads\/2021\/11\/kerek-nyaku-polo2-777x1024.png\" \/>\n\t<meta property=\"og:image:width\" content=\"777\" \/>\n\t<meta property=\"og:image:height\" content=\"1024\" \/>\n\t<meta property=\"og:image:type\" content=\"image\/png\" \/>\n<meta name=\"twitter:card\" content=\"summary_large_image\" \/>\n<meta name=\"twitter:label1\" content=\"Est. reading time\" \/>\n\t<meta name=\"twitter:data1\" content=\"1 minute\" \/>\n<script type=\"application\/ld+json\" class=\"yoast-schema-graph\">{\"@context\":\"https:\/\/schema.org\",\"@graph\":[{\"@type\":\"WebPage\",\"@id\":\"https:\/\/poloforma.hu\/en\/product\/fol-womens-round-neck-t-shirt\/\",\"url\":\"https:\/\/poloforma.hu\/en\/product\/fol-womens-round-neck-t-shirt\/\",\"name\":\"FoL women's round neck T-shirt - P\u00f3l\u00f3forma\",\"isPartOf\":{\"@id\":\"https:\/\/poloforma.hu\/#website\"},\"primaryImageOfPage\":{\"@id\":\"https:\/\/poloforma.hu\/en\/product\/fol-womens-round-neck-t-shirt\/#primaryimage\"},\"image\":{\"@id\":\"https:\/\/poloforma.hu\/en\/product\/fol-womens-round-neck-t-shirt\/#primaryimage\"},\"thumbnailUrl\":\"https:\/\/poloforma.hu\/wp-content\/uploads\/2021\/11\/kerek-nyaku-polo2.png\",\"datePublished\":\"2021-11-14T14:14:11+00:00\",\"dateModified\":\"2025-04-27T08:26:58+00:00\",\"breadcrumb\":{\"@id\":\"https:\/\/poloforma.hu\/en\/product\/fol-womens-round-neck-t-shirt\/#breadcrumb\"},\"inLanguage\":\"en-US\",\"potentialAction\":[{\"@type\":\"ReadAction\",\"target\":[\"https:\/\/poloforma.hu\/en\/product\/fol-womens-round-neck-t-shirt\/\"]}]},{\"@type\":\"ImageObject\",\"inLanguage\":\"en-US\",\"@id\":\"https:\/\/poloforma.hu\/en\/product\/fol-womens-round-neck-t-shirt\/#primaryimage\",\"url\":\"https:\/\/poloforma.hu\/wp-content\/uploads\/2021\/11\/kerek-nyaku-polo2.png\",\"contentUrl\":\"https:\/\/poloforma.hu\/wp-content\/uploads\/2021\/11\/kerek-nyaku-polo2.png\",\"width\":2048,\"height\":2700},{\"@type\":\"BreadcrumbList\",\"@id\":\"https:\/\/poloforma.hu\/en\/product\/fol-womens-round-neck-t-shirt\/#breadcrumb\",\"itemListElement\":[{\"@type\":\"ListItem\",\"position\":1,\"name\":\"Kezd\u0151lap\",\"item\":\"https:\/\/poloforma.hu\/en\/\"},{\"@type\":\"ListItem\",\"position\":2,\"name\":\"Shop\",\"item\":\"https:\/\/poloforma.hu\/en\/shop\/\"},{\"@type\":\"ListItem\",\"position\":3,\"name\":\"Women&#039;s clothing\",\"item\":\"https:\/\/poloforma.hu\/product-category\/womens-clothing\/?lang=en\"},{\"@type\":\"ListItem\",\"position\":4,\"name\":\"T-shirt\",\"item\":\"https:\/\/poloforma.hu\/product-category\/t-shirt\/?lang=en\"},{\"@type\":\"ListItem\",\"position\":5,\"name\":\"FoL women&#8217;s round neck T-shirt\"}]},{\"@type\":\"WebSite\",\"@id\":\"https:\/\/poloforma.hu\/#website\",\"url\":\"https:\/\/poloforma.hu\/\",\"name\":\"www.poloforma.hu\",\"description\":\"F\u00e9nyk\u00e9pes p\u00f3l\u00f3, b\u00f6gre, aj\u00e1nd\u00e9kt\u00e1rgy nyomtat\u00e1s, h\u00edmz\u00e9s\",\"publisher\":{\"@id\":\"https:\/\/poloforma.hu\/#organization\"},\"potentialAction\":[{\"@type\":\"SearchAction\",\"target\":{\"@type\":\"EntryPoint\",\"urlTemplate\":\"https:\/\/poloforma.hu\/?s={search_term_string}\"},\"query-input\":{\"@type\":\"PropertyValueSpecification\",\"valueRequired\":true,\"valueName\":\"search_term_string\"}}],\"inLanguage\":\"en-US\"},{\"@type\":\"Organization\",\"@id\":\"https:\/\/poloforma.hu\/#organization\",\"name\":\"www.poloforma.hu\",\"url\":\"https:\/\/poloforma.hu\/\",\"logo\":{\"@type\":\"ImageObject\",\"inLanguage\":\"en-US\",\"@id\":\"https:\/\/poloforma.hu\/#\/schema\/logo\/image\/\",\"url\":\"https:\/\/poloforma.hu\/wp-content\/uploads\/2022\/08\/favikon.png\",\"contentUrl\":\"https:\/\/poloforma.hu\/wp-content\/uploads\/2022\/08\/favikon.png\",\"width\":1794,\"height\":1639,\"caption\":\"www.poloforma.hu\"},\"image\":{\"@id\":\"https:\/\/poloforma.hu\/#\/schema\/logo\/image\/\"},\"sameAs\":[\"http:\/\/www.facebook.com\/poloforma\",\"http:\/\/www.instagram.com\/poloparadicsom\"]}]}<\/script>\n<!-- \/ Yoast SEO Premium plugin. -->","yoast_head_json":{"title":"FoL women's round neck T-shirt - P\u00f3l\u00f3forma","robots":{"index":"index","follow":"follow","max-snippet":"max-snippet:-1","max-image-preview":"max-image-preview:large","max-video-preview":"max-video-preview:-1"},"canonical":"https:\/\/poloforma.hu\/en\/product\/fol-womens-round-neck-t-shirt\/","og_locale":"en_US","og_type":"article","og_title":"FoL women's round neck T-shirt","og_description":"Fruit of the Loom women&#8217;s round neck T-shirt &#8211; a basic piece for all occasions Print high quality, affordable, Fruit of the Loom women&#8217;s round neck T-Shirts, in a range of countless colours and in all sizes &#8211; sometimes you don&#8217;t have to waste time thinking about what to wear! With a round neck T-shirt [&hellip;]","og_url":"https:\/\/poloforma.hu\/en\/product\/fol-womens-round-neck-t-shirt\/","og_site_name":"P\u00f3l\u00f3forma","article_publisher":"http:\/\/www.facebook.com\/poloforma","article_modified_time":"2025-04-27T08:26:58+00:00","og_image":[{"width":777,"height":1024,"url":"https:\/\/poloforma.hu\/wp-content\/uploads\/2021\/11\/kerek-nyaku-polo2-777x1024.png","type":"image\/png"}],"twitter_card":"summary_large_image","twitter_misc":{"Est. reading time":"1 minute"},"schema":{"@context":"https:\/\/schema.org","@graph":[{"@type":"WebPage","@id":"https:\/\/poloforma.hu\/en\/product\/fol-womens-round-neck-t-shirt\/","url":"https:\/\/poloforma.hu\/en\/product\/fol-womens-round-neck-t-shirt\/","name":"FoL women's round neck T-shirt - P\u00f3l\u00f3forma","isPartOf":{"@id":"https:\/\/poloforma.hu\/#website"},"primaryImageOfPage":{"@id":"https:\/\/poloforma.hu\/en\/product\/fol-womens-round-neck-t-shirt\/#primaryimage"},"image":{"@id":"https:\/\/poloforma.hu\/en\/product\/fol-womens-round-neck-t-shirt\/#primaryimage"},"thumbnailUrl":"https:\/\/poloforma.hu\/wp-content\/uploads\/2021\/11\/kerek-nyaku-polo2.png","datePublished":"2021-11-14T14:14:11+00:00","dateModified":"2025-04-27T08:26:58+00:00","breadcrumb":{"@id":"https:\/\/poloforma.hu\/en\/product\/fol-womens-round-neck-t-shirt\/#breadcrumb"},"inLanguage":"en-US","potentialAction":[{"@type":"ReadAction","target":["https:\/\/poloforma.hu\/en\/product\/fol-womens-round-neck-t-shirt\/"]}]},{"@type":"ImageObject","inLanguage":"en-US","@id":"https:\/\/poloforma.hu\/en\/product\/fol-womens-round-neck-t-shirt\/#primaryimage","url":"https:\/\/poloforma.hu\/wp-content\/uploads\/2021\/11\/kerek-nyaku-polo2.png","contentUrl":"https:\/\/poloforma.hu\/wp-content\/uploads\/2021\/11\/kerek-nyaku-polo2.png","width":2048,"height":2700},{"@type":"BreadcrumbList","@id":"https:\/\/poloforma.hu\/en\/product\/fol-womens-round-neck-t-shirt\/#breadcrumb","itemListElement":[{"@type":"ListItem","position":1,"name":"Kezd\u0151lap","item":"https:\/\/poloforma.hu\/en\/"},{"@type":"ListItem","position":2,"name":"Shop","item":"https:\/\/poloforma.hu\/en\/shop\/"},{"@type":"ListItem","position":3,"name":"Women&#039;s clothing","item":"https:\/\/poloforma.hu\/product-category\/womens-clothing\/?lang=en"},{"@type":"ListItem","position":4,"name":"T-shirt","item":"https:\/\/poloforma.hu\/product-category\/t-shirt\/?lang=en"},{"@type":"ListItem","position":5,"name":"FoL women&#8217;s round neck T-shirt"}]},{"@type":"WebSite","@id":"https:\/\/poloforma.hu\/#website","url":"https:\/\/poloforma.hu\/","name":"www.poloforma.hu","description":"F\u00e9nyk\u00e9pes p\u00f3l\u00f3, b\u00f6gre, aj\u00e1nd\u00e9kt\u00e1rgy nyomtat\u00e1s, h\u00edmz\u00e9s","publisher":{"@id":"https:\/\/poloforma.hu\/#organization"},"potentialAction":[{"@type":"SearchAction","target":{"@type":"EntryPoint","urlTemplate":"https:\/\/poloforma.hu\/?s={search_term_string}"},"query-input":{"@type":"PropertyValueSpecification","valueRequired":true,"valueName":"search_term_string"}}],"inLanguage":"en-US"},{"@type":"Organization","@id":"https:\/\/poloforma.hu\/#organization","name":"www.poloforma.hu","url":"https:\/\/poloforma.hu\/","logo":{"@type":"ImageObject","inLanguage":"en-US","@id":"https:\/\/poloforma.hu\/#\/schema\/logo\/image\/","url":"https:\/\/poloforma.hu\/wp-content\/uploads\/2022\/08\/favikon.png","contentUrl":"https:\/\/poloforma.hu\/wp-content\/uploads\/2022\/08\/favikon.png","width":1794,"height":1639,"caption":"www.poloforma.hu"},"image":{"@id":"https:\/\/poloforma.hu\/#\/schema\/logo\/image\/"},"sameAs":["http:\/\/www.facebook.com\/poloforma","http:\/\/www.instagram.com\/poloparadicsom"]}]}},"_links":{"self":[{"href":"https:\/\/poloforma.hu\/en\/wp-json\/wp\/v2\/product\/23694","targetHints":{"allow":["GET"]}}],"collection":[{"href":"https:\/\/poloforma.hu\/en\/wp-json\/wp\/v2\/product"}],"about":[{"href":"https:\/\/poloforma.hu\/en\/wp-json\/wp\/v2\/types\/product"}],"replies":[{"embeddable":true,"href":"https:\/\/poloforma.hu\/en\/wp-json\/wp\/v2\/comments?post=23694"}],"wp:featuredmedia":[{"embeddable":true,"href":"https:\/\/poloforma.hu\/en\/wp-json\/wp\/v2\/media\/12501"}],"wp:attachment":[{"href":"https:\/\/poloforma.hu\/en\/wp-json\/wp\/v2\/media?parent=23694"}],"wp:term":[{"taxonomy":"product_brand","embeddable":true,"href":"https:\/\/poloforma.hu\/en\/wp-json\/wp\/v2\/product_brand?post=23694"},{"taxonomy":"product_cat","embeddable":true,"href":"https:\/\/poloforma.hu\/en\/wp-json\/wp\/v2\/product_cat?post=23694"},{"taxonomy":"product_tag","embeddable":true,"href":"https:\/\/poloforma.hu\/en\/wp-json\/wp\/v2\/product_tag?post=23694"}],"curies":[{"name":"wp","href":"https:\/\/api.w.org\/{rel}","templated":true}]}}