{"id":229713,"date":"2024-10-10T01:18:46","date_gmt":"2024-10-09T23:22:37","guid":{"rendered":"https:\/\/poloforma.hu\/?post_type=product&#038;p=229713"},"modified":"2025-05-17T18:26:13","modified_gmt":"2025-05-17T16:26:13","slug":"malfini-cross-mens-vest","status":"publish","type":"product","link":"https:\/\/poloforma.hu\/en\/product\/malfini-cross-mens-vest\/","title":{"rendered":"Malfini cross men&#8217;s vest"},"content":{"rendered":"<p><b>Malfini Cross Vest: Masculine Style with Printing and Embroidery<\/b><\/p>\n<p><span style=\"font-weight: 400;\">Have you considered that a personalized men\u2019s vest could be the perfect solution, whether you\u2019re looking for a unique gift or aiming to build your brand? The Malfini Cross model combines functionality and style while providing an excellent foundation for bringing your creative ideas to life. Let\u2019s explore the possibilities together!<\/span><\/p>\n<p><span style=\"font-weight: 400;\">The combination of quilted and softshell fabrics ensures warmth and flexibility, while the curved, extended hem at the back protects the waist. Thanks to the straight cut, this vest flatters all body types. It also includes practical features, such as an inner zippered chest pocket and side pockets, adding to its utility.<\/span><\/p>\n<p><span style=\"font-weight: 400;\">A men&#8217;s vest with printing or embroidery can appeal to a wide range of audiences. Outdoor enthusiasts will appreciate its protection and comfort in nature, while it can also be useful in many indoor jobs, such as warehouse work. The choice of black, gray, and navy blue colors makes Malfini Cross vests even more versatile, aiding you in your design process.<\/span><\/p>\n<p><b>Embroidery vs. Printing<\/b><\/p>\n<ul>\n<li style=\"font-weight: 400;\" aria-level=\"1\"><span style=\"font-weight: 400;\">If you&#8217;re looking for a durable, premium look that can withstand frequent washing, embroidery on a men&#8217;s vest is your best option.<\/span><\/li>\n<li style=\"font-weight: 400;\" aria-level=\"1\"><span style=\"font-weight: 400;\">If you want to showcase larger, more colorful, or detailed designs, then printing is the technique for you.<\/span><\/li>\n<\/ul>\n<p><span style=\"font-weight: 400;\">Can\u2019t decide? Don\u2019t worry\u2014once you have your design ready, we\u2019re happy to advise you on which technique would best bring your vision to life.<\/span><\/p>\n<p><b>How to Customize It<\/b><\/p>\n<p><span style=\"font-weight: 400;\">The area near the heart is perfect for logos or short slogans, while the back of the vest offers more space for larger designs or longer text. Looking for a fresh approach? The area around the side pockets provides a discreet yet visible space for smaller decorations, though we recommend this as a complementary option.<\/span><\/p>\n<p><b>Tip<\/b><span style=\"font-weight: 400;\">: Keep in mind that the vest will look different in various positions! A larger design on the back, for example, might be partially hidden when sitting.<\/span><\/p>\n<p><b>Design Tips<\/b><\/p>\n<ul>\n<li style=\"font-weight: 400;\" aria-level=\"1\"><span style=\"font-weight: 400;\">Choose colors for the design that either match or contrast with the vest\u2019s base color.<\/span><\/li>\n<li style=\"font-weight: 400;\" aria-level=\"1\"><span style=\"font-weight: 400;\">Pay attention to proportions\u2014the design on the chest should be no larger than 10&#215;10 cm.<\/span><\/li>\n<li style=\"font-weight: 400;\" aria-level=\"1\"><span style=\"font-weight: 400;\">Be mindful of the details\u2014consider the texture of the fabric when designing your pattern.<\/span><\/li>\n<li style=\"font-weight: 400;\" aria-level=\"1\"><span style=\"font-weight: 400;\">Remember that simplicity can often be more effective; sometimes, less is more.<\/span><\/li>\n<li style=\"font-weight: 400;\" aria-level=\"1\"><span style=\"font-weight: 400;\">For a gift, consider adding personal touches to make the vest truly special.<\/span><\/li>\n<li style=\"font-weight: 400;\" aria-level=\"1\"><span style=\"font-weight: 400;\">For corporate use, make sure the branding elements are represented properly.<\/span><\/li>\n<li style=\"font-weight: 400;\" aria-level=\"1\"><span style=\"font-weight: 400;\">Regardless of the purpose, choose a design that will remain relevant and stylish for a long time.<\/span><\/li>\n<\/ul>\n<p><span style=\"font-weight: 400;\">Don\u2019t be afraid to experiment! A vest with a company logo can be an effective promotional tool, while one decorated with a personal message or pattern can become a lasting memory.<\/span><\/p>\n<p><span style=\"font-weight: 400;\">The price for a custom men\u2019s vest starts at 19,590 HUF for both embroidery and printing. This price includes an embroidered design of approximately 8&#215;8 cm or a printed logo of 10&#215;10 cm. Whichever technique you choose, the turnaround time is just 2-3 working days, so you don\u2019t have to worry even if you&#8217;re short on time.<\/span><\/p>\n<p><span style=\"font-weight: 400;\">In summary, a personalized Malfini Cross men\u2019s vest is much more than just an everyday piece of clothing. Whether you\u2019re looking for a special gift for a loved one or aiming to strengthen your brand, this versatile vest is a perfect choice, and the design is entirely up to you!<\/span><\/p>\n<p><span style=\"font-weight: 400;\">The high-quality material, customizability, and quick production time ensure that you\u2019ll receive a truly unique and valuable item. So don\u2019t hesitate\u2014let your creativity run free!<\/span><\/p>\n","protected":false},"excerpt":{"rendered":"<p>Malfini Cross Vest: Masculine Style with Printing and Embroidery Have you considered that a personalized men\u2019s vest could be the perfect solution, whether you\u2019re looking for a unique gift or aiming to build your brand? The Malfini Cross model combines functionality and style while providing an excellent foundation for bringing your creative ideas to life. [&hellip;]<\/p>\n","protected":false},"featured_media":229684,"comment_status":"closed","ping_status":"closed","template":"","meta":{"_acf_changed":false,"inline_featured_image":false},"product_brand":[],"product_cat":[237],"product_tag":[],"class_list":{"0":"post-229713","1":"product","2":"type-product","3":"status-publish","4":"has-post-thumbnail","6":"product_cat-mens-vest","8":"first","9":"instock","10":"shipping-taxable","11":"purchasable","12":"product-type-simple"},"acf":[],"yoast_head":"<!-- This site is optimized with the Yoast SEO Premium plugin v27.2 (Yoast SEO v27.2) - https:\/\/yoast.com\/product\/yoast-seo-premium-wordpress\/ -->\n<title>Malfini cross men&#039;s vest - P\u00f3l\u00f3forma<\/title>\n<meta name=\"robots\" content=\"index, follow, max-snippet:-1, max-image-preview:large, max-video-preview:-1\" \/>\n<link rel=\"canonical\" href=\"https:\/\/poloforma.hu\/en\/product\/malfini-cross-mens-vest\/\" \/>\n<meta property=\"og:locale\" content=\"en_US\" \/>\n<meta property=\"og:type\" content=\"article\" \/>\n<meta property=\"og:title\" content=\"Malfini cross men&#039;s vest\" \/>\n<meta property=\"og:description\" content=\"Malfini Cross Vest: Masculine Style with Printing and Embroidery Have you considered that a personalized men\u2019s vest could be the perfect solution, whether you\u2019re looking for a unique gift or aiming to build your brand? The Malfini Cross model combines functionality and style while providing an excellent foundation for bringing your creative ideas to life. [&hellip;]\" \/>\n<meta property=\"og:url\" content=\"https:\/\/poloforma.hu\/en\/product\/malfini-cross-mens-vest\/\" \/>\n<meta property=\"og:site_name\" content=\"P\u00f3l\u00f3forma\" \/>\n<meta property=\"article:publisher\" content=\"http:\/\/www.facebook.com\/poloforma\" \/>\n<meta property=\"article:modified_time\" content=\"2025-05-17T16:26:13+00:00\" \/>\n<meta property=\"og:image\" content=\"https:\/\/poloforma.hu\/wp-content\/uploads\/2024\/10\/mintakep-1.jpg\" \/>\n\t<meta property=\"og:image:width\" content=\"768\" \/>\n\t<meta property=\"og:image:height\" content=\"1024\" \/>\n\t<meta property=\"og:image:type\" content=\"image\/jpeg\" \/>\n<meta name=\"twitter:card\" content=\"summary_large_image\" \/>\n<meta name=\"twitter:label1\" content=\"Est. reading time\" \/>\n\t<meta name=\"twitter:data1\" content=\"3 minutes\" \/>\n<script type=\"application\/ld+json\" class=\"yoast-schema-graph\">{\"@context\":\"https:\/\/schema.org\",\"@graph\":[{\"@type\":\"WebPage\",\"@id\":\"https:\/\/poloforma.hu\/en\/product\/malfini-cross-mens-vest\/\",\"url\":\"https:\/\/poloforma.hu\/en\/product\/malfini-cross-mens-vest\/\",\"name\":\"Malfini cross men's vest - P\u00f3l\u00f3forma\",\"isPartOf\":{\"@id\":\"https:\/\/poloforma.hu\/#website\"},\"primaryImageOfPage\":{\"@id\":\"https:\/\/poloforma.hu\/en\/product\/malfini-cross-mens-vest\/#primaryimage\"},\"image\":{\"@id\":\"https:\/\/poloforma.hu\/en\/product\/malfini-cross-mens-vest\/#primaryimage\"},\"thumbnailUrl\":\"https:\/\/poloforma.hu\/wp-content\/uploads\/2024\/10\/mintakep-1.jpg\",\"datePublished\":\"2024-10-09T23:22:37+00:00\",\"dateModified\":\"2025-05-17T16:26:13+00:00\",\"breadcrumb\":{\"@id\":\"https:\/\/poloforma.hu\/en\/product\/malfini-cross-mens-vest\/#breadcrumb\"},\"inLanguage\":\"en-US\",\"potentialAction\":[{\"@type\":\"ReadAction\",\"target\":[\"https:\/\/poloforma.hu\/en\/product\/malfini-cross-mens-vest\/\"]}]},{\"@type\":\"ImageObject\",\"inLanguage\":\"en-US\",\"@id\":\"https:\/\/poloforma.hu\/en\/product\/malfini-cross-mens-vest\/#primaryimage\",\"url\":\"https:\/\/poloforma.hu\/wp-content\/uploads\/2024\/10\/mintakep-1.jpg\",\"contentUrl\":\"https:\/\/poloforma.hu\/wp-content\/uploads\/2024\/10\/mintakep-1.jpg\",\"width\":6045,\"height\":8061,\"caption\":\"Malfini Cross mell\u00e9ny\"},{\"@type\":\"BreadcrumbList\",\"@id\":\"https:\/\/poloforma.hu\/en\/product\/malfini-cross-mens-vest\/#breadcrumb\",\"itemListElement\":[{\"@type\":\"ListItem\",\"position\":1,\"name\":\"Kezd\u0151lap\",\"item\":\"https:\/\/poloforma.hu\/en\/\"},{\"@type\":\"ListItem\",\"position\":2,\"name\":\"Shop\",\"item\":\"https:\/\/poloforma.hu\/en\/shop\/\"},{\"@type\":\"ListItem\",\"position\":3,\"name\":\"Men&#039;s clothing\",\"item\":\"https:\/\/poloforma.hu\/product-category\/mens-clothing\/?lang=en\"},{\"@type\":\"ListItem\",\"position\":4,\"name\":\"Vest\",\"item\":\"https:\/\/poloforma.hu\/en\/product-category\/mens-clothing\/mens-vest\/\"},{\"@type\":\"ListItem\",\"position\":5,\"name\":\"Malfini cross men&#8217;s vest\"}]},{\"@type\":\"WebSite\",\"@id\":\"https:\/\/poloforma.hu\/#website\",\"url\":\"https:\/\/poloforma.hu\/\",\"name\":\"www.poloforma.hu\",\"description\":\"F\u00e9nyk\u00e9pes p\u00f3l\u00f3, b\u00f6gre, aj\u00e1nd\u00e9kt\u00e1rgy nyomtat\u00e1s, h\u00edmz\u00e9s\",\"publisher\":{\"@id\":\"https:\/\/poloforma.hu\/#organization\"},\"potentialAction\":[{\"@type\":\"SearchAction\",\"target\":{\"@type\":\"EntryPoint\",\"urlTemplate\":\"https:\/\/poloforma.hu\/?s={search_term_string}\"},\"query-input\":{\"@type\":\"PropertyValueSpecification\",\"valueRequired\":true,\"valueName\":\"search_term_string\"}}],\"inLanguage\":\"en-US\"},{\"@type\":\"Organization\",\"@id\":\"https:\/\/poloforma.hu\/#organization\",\"name\":\"www.poloforma.hu\",\"url\":\"https:\/\/poloforma.hu\/\",\"logo\":{\"@type\":\"ImageObject\",\"inLanguage\":\"en-US\",\"@id\":\"https:\/\/poloforma.hu\/#\/schema\/logo\/image\/\",\"url\":\"https:\/\/poloforma.hu\/wp-content\/uploads\/2022\/08\/favikon.png\",\"contentUrl\":\"https:\/\/poloforma.hu\/wp-content\/uploads\/2022\/08\/favikon.png\",\"width\":1794,\"height\":1639,\"caption\":\"www.poloforma.hu\"},\"image\":{\"@id\":\"https:\/\/poloforma.hu\/#\/schema\/logo\/image\/\"},\"sameAs\":[\"http:\/\/www.facebook.com\/poloforma\",\"http:\/\/www.instagram.com\/poloparadicsom\"]}]}<\/script>\n<!-- \/ Yoast SEO Premium plugin. -->","yoast_head_json":{"title":"Malfini cross men's vest - P\u00f3l\u00f3forma","robots":{"index":"index","follow":"follow","max-snippet":"max-snippet:-1","max-image-preview":"max-image-preview:large","max-video-preview":"max-video-preview:-1"},"canonical":"https:\/\/poloforma.hu\/en\/product\/malfini-cross-mens-vest\/","og_locale":"en_US","og_type":"article","og_title":"Malfini cross men's vest","og_description":"Malfini Cross Vest: Masculine Style with Printing and Embroidery Have you considered that a personalized men\u2019s vest could be the perfect solution, whether you\u2019re looking for a unique gift or aiming to build your brand? The Malfini Cross model combines functionality and style while providing an excellent foundation for bringing your creative ideas to life. [&hellip;]","og_url":"https:\/\/poloforma.hu\/en\/product\/malfini-cross-mens-vest\/","og_site_name":"P\u00f3l\u00f3forma","article_publisher":"http:\/\/www.facebook.com\/poloforma","article_modified_time":"2025-05-17T16:26:13+00:00","og_image":[{"url":"https:\/\/poloforma.hu\/wp-content\/uploads\/2024\/10\/mintakep-1.jpg","width":768,"height":1024,"type":"image\/jpeg"}],"twitter_card":"summary_large_image","twitter_misc":{"Est. reading time":"3 minutes"},"schema":{"@context":"https:\/\/schema.org","@graph":[{"@type":"WebPage","@id":"https:\/\/poloforma.hu\/en\/product\/malfini-cross-mens-vest\/","url":"https:\/\/poloforma.hu\/en\/product\/malfini-cross-mens-vest\/","name":"Malfini cross men's vest - P\u00f3l\u00f3forma","isPartOf":{"@id":"https:\/\/poloforma.hu\/#website"},"primaryImageOfPage":{"@id":"https:\/\/poloforma.hu\/en\/product\/malfini-cross-mens-vest\/#primaryimage"},"image":{"@id":"https:\/\/poloforma.hu\/en\/product\/malfini-cross-mens-vest\/#primaryimage"},"thumbnailUrl":"https:\/\/poloforma.hu\/wp-content\/uploads\/2024\/10\/mintakep-1.jpg","datePublished":"2024-10-09T23:22:37+00:00","dateModified":"2025-05-17T16:26:13+00:00","breadcrumb":{"@id":"https:\/\/poloforma.hu\/en\/product\/malfini-cross-mens-vest\/#breadcrumb"},"inLanguage":"en-US","potentialAction":[{"@type":"ReadAction","target":["https:\/\/poloforma.hu\/en\/product\/malfini-cross-mens-vest\/"]}]},{"@type":"ImageObject","inLanguage":"en-US","@id":"https:\/\/poloforma.hu\/en\/product\/malfini-cross-mens-vest\/#primaryimage","url":"https:\/\/poloforma.hu\/wp-content\/uploads\/2024\/10\/mintakep-1.jpg","contentUrl":"https:\/\/poloforma.hu\/wp-content\/uploads\/2024\/10\/mintakep-1.jpg","width":6045,"height":8061,"caption":"Malfini Cross mell\u00e9ny"},{"@type":"BreadcrumbList","@id":"https:\/\/poloforma.hu\/en\/product\/malfini-cross-mens-vest\/#breadcrumb","itemListElement":[{"@type":"ListItem","position":1,"name":"Kezd\u0151lap","item":"https:\/\/poloforma.hu\/en\/"},{"@type":"ListItem","position":2,"name":"Shop","item":"https:\/\/poloforma.hu\/en\/shop\/"},{"@type":"ListItem","position":3,"name":"Men&#039;s clothing","item":"https:\/\/poloforma.hu\/product-category\/mens-clothing\/?lang=en"},{"@type":"ListItem","position":4,"name":"Vest","item":"https:\/\/poloforma.hu\/en\/product-category\/mens-clothing\/mens-vest\/"},{"@type":"ListItem","position":5,"name":"Malfini cross men&#8217;s vest"}]},{"@type":"WebSite","@id":"https:\/\/poloforma.hu\/#website","url":"https:\/\/poloforma.hu\/","name":"www.poloforma.hu","description":"F\u00e9nyk\u00e9pes p\u00f3l\u00f3, b\u00f6gre, aj\u00e1nd\u00e9kt\u00e1rgy nyomtat\u00e1s, h\u00edmz\u00e9s","publisher":{"@id":"https:\/\/poloforma.hu\/#organization"},"potentialAction":[{"@type":"SearchAction","target":{"@type":"EntryPoint","urlTemplate":"https:\/\/poloforma.hu\/?s={search_term_string}"},"query-input":{"@type":"PropertyValueSpecification","valueRequired":true,"valueName":"search_term_string"}}],"inLanguage":"en-US"},{"@type":"Organization","@id":"https:\/\/poloforma.hu\/#organization","name":"www.poloforma.hu","url":"https:\/\/poloforma.hu\/","logo":{"@type":"ImageObject","inLanguage":"en-US","@id":"https:\/\/poloforma.hu\/#\/schema\/logo\/image\/","url":"https:\/\/poloforma.hu\/wp-content\/uploads\/2022\/08\/favikon.png","contentUrl":"https:\/\/poloforma.hu\/wp-content\/uploads\/2022\/08\/favikon.png","width":1794,"height":1639,"caption":"www.poloforma.hu"},"image":{"@id":"https:\/\/poloforma.hu\/#\/schema\/logo\/image\/"},"sameAs":["http:\/\/www.facebook.com\/poloforma","http:\/\/www.instagram.com\/poloparadicsom"]}]}},"_links":{"self":[{"href":"https:\/\/poloforma.hu\/en\/wp-json\/wp\/v2\/product\/229713","targetHints":{"allow":["GET"]}}],"collection":[{"href":"https:\/\/poloforma.hu\/en\/wp-json\/wp\/v2\/product"}],"about":[{"href":"https:\/\/poloforma.hu\/en\/wp-json\/wp\/v2\/types\/product"}],"replies":[{"embeddable":true,"href":"https:\/\/poloforma.hu\/en\/wp-json\/wp\/v2\/comments?post=229713"}],"wp:featuredmedia":[{"embeddable":true,"href":"https:\/\/poloforma.hu\/en\/wp-json\/wp\/v2\/media\/229684"}],"wp:attachment":[{"href":"https:\/\/poloforma.hu\/en\/wp-json\/wp\/v2\/media?parent=229713"}],"wp:term":[{"taxonomy":"product_brand","embeddable":true,"href":"https:\/\/poloforma.hu\/en\/wp-json\/wp\/v2\/product_brand?post=229713"},{"taxonomy":"product_cat","embeddable":true,"href":"https:\/\/poloforma.hu\/en\/wp-json\/wp\/v2\/product_cat?post=229713"},{"taxonomy":"product_tag","embeddable":true,"href":"https:\/\/poloforma.hu\/en\/wp-json\/wp\/v2\/product_tag?post=229713"}],"curies":[{"name":"wp","href":"https:\/\/api.w.org\/{rel}","templated":true}]}}