{"id":172760,"date":"2024-02-07T23:18:23","date_gmt":"2024-02-07T22:18:23","guid":{"rendered":"https:\/\/poloforma.hu\/?post_type=product&#038;p=172760"},"modified":"2025-03-17T11:08:01","modified_gmt":"2025-03-17T10:08:01","slug":"umbrella-printing-for-every-season-and-occasion","status":"publish","type":"product","link":"https:\/\/poloforma.hu\/en\/product\/umbrella-printing-for-every-season-and-occasion\/","title":{"rendered":"Umbrella Printing for Every Season and Occasion"},"content":{"rendered":"<p><span style=\"font-weight: 400;\">Umbrella printing couldn&#8217;t be more timely, no matter the season. Whether you&#8217;re looking for a promotional gift or a personal surprise, you won&#8217;t find a better functional item. Let&#8217;s see in what situations a printed umbrella can be a great choice!<\/span><\/p>\n<p><span style=\"font-weight: 400;\">Promote your business during rainy days!<\/span><\/p>\n<p><span style=\"font-weight: 400;\">While umbrellas are considered seasonal accessories as they primarily come out on rainy days, they are also handy during strong sunlight, not to mention that many people use them as fashion accessories. Visible and always in motion, they provide a superbly usable, mobile advertising surface.<\/span><\/p>\n<p><span style=\"font-weight: 400;\">The rich variety of colors, different types, sizes, and their indispensability make umbrellas essential promotional gifts. Everyone has an umbrella at home, but it&#8217;s easy to forget it somewhere, it can be turned inside out by the wind, or one of its ribs can break. A stylish, logoed piece comes in handy when the old one becomes unusable.<\/span><\/p>\n<p><span style=\"font-weight: 400;\">In seasonal promotions, an umbrella is a classic item. It can be a giveaway at festivals or a prize in some ongoing contest. People won&#8217;t refuse such an item because they will need it soon anyway.<\/span><\/p>\n<p><span style=\"font-weight: 400;\">We can print logos, slogans, distinctive patterns in color according to the specified parameters. You don&#8217;t have to stick to pens and mugs because other ideas can also be very successful.<\/span><\/p>\n<p><span style=\"font-weight: 400;\">Unique Umbrella in the Rain<\/span><\/p>\n<p><span style=\"font-weight: 400;\">Beyond corporate gifts, the umbrella is an everyday accessory that everyone has at least one in their hallway. We&#8217;ll create your own personalized accessory with printing.<\/span><\/p>\n<p><span style=\"font-weight: 400;\">Umbrellas are items that for most people are just dull, plain, and ordinary pieces. Who would want to step out into a gray, rainy day with yet another depressing black umbrella? Don&#8217;t do that, instead, bring out your own designed umbrella, made unique with printing!<\/span><\/p>\n<p><span style=\"font-weight: 400;\">On a plain background, a colorful pattern or even a photo looks spectacular. How about your favorite picture flashing every time the weather turns rainy? Besides images, a surface adorned with text also attracts attention extraordinarily. We&#8217;re happy to print your favorite book quotes or song lyrics onto the umbrella.<\/span><\/p>\n<p><span style=\"font-weight: 400;\">Gift Others with a Printed Umbrella!<\/span><\/p>\n<p><span style=\"font-weight: 400;\">If you already have a creatively decorated umbrella, don&#8217;t forget about your family and friends! There are always occasions when you need to show off the latest gift ideas. Surely, no one has pulled such a surprise out of the gift wrap yet.<\/span><\/p>\n<p><span style=\"font-weight: 400;\">It&#8217;s good to know a bit about the other person&#8217;s taste, style, or find out their favorites to ensure you can delight them with a printed gift item. If you prefer to focus on memories, you can&#8217;t go wrong with a shared photo!<\/span><\/p>\n<p><span style=\"font-weight: 400;\">A photo umbrella can also serve as home decor; it doesn&#8217;t have to be used strictly as intended. The printable area on the umbrella corresponds to a total of 18&#215;18 centimeters. This size is enough for one or more photos to adorn the top of the umbrella in detailed form.<\/span><\/p>\n<p><span style=\"font-weight: 400;\">Bring color to even the grayest, most depressing days, stand out from the sea of black umbrellas with your own colorful, creative, and unique umbrella! You&#8217;ll definitely not go unnoticed; in fact, you&#8217;ll receive numerous compliments on the street as well. Gift a friend, relative, or colleague with a creatively decorated umbrella, wishing them similar delightful experiences! We&#8217;ll create the new umbrella for you!<\/span><\/p>\n","protected":false},"excerpt":{"rendered":"<p>Umbrella printing couldn&#8217;t be more timely, no matter the season. Whether you&#8217;re looking for a promotional gift or a personal surprise, you won&#8217;t find a better functional item. Let&#8217;s see in what situations a printed umbrella can be a great choice! Promote your business during rainy days! While umbrellas are considered seasonal accessories as they [&hellip;]<\/p>\n","protected":false},"featured_media":161283,"comment_status":"closed","ping_status":"closed","template":"","meta":{"_acf_changed":false,"inline_featured_image":false},"product_brand":[],"product_cat":[155,239],"product_tag":[],"class_list":{"0":"post-172760","1":"product","2":"type-product","3":"status-publish","4":"has-post-thumbnail","6":"product_cat-other","7":"product_cat-umberella","9":"first","10":"instock","11":"shipping-taxable","12":"purchasable","13":"product-type-simple"},"acf":[],"yoast_head":"<!-- This site is optimized with the Yoast SEO Premium plugin v27.2 (Yoast SEO v27.2) - https:\/\/yoast.com\/product\/yoast-seo-premium-wordpress\/ -->\n<title>Umbrella Printing for Every Season and Occasion - P\u00f3l\u00f3forma<\/title>\n<meta name=\"robots\" content=\"index, follow, max-snippet:-1, max-image-preview:large, max-video-preview:-1\" \/>\n<link rel=\"canonical\" href=\"https:\/\/poloforma.hu\/en\/product\/umbrella-printing-for-every-season-and-occasion\/\" \/>\n<meta property=\"og:locale\" content=\"en_US\" \/>\n<meta property=\"og:type\" content=\"article\" \/>\n<meta property=\"og:title\" content=\"Umbrella Printing for Every Season and Occasion\" \/>\n<meta property=\"og:description\" content=\"Umbrella printing couldn&#8217;t be more timely, no matter the season. Whether you&#8217;re looking for a promotional gift or a personal surprise, you won&#8217;t find a better functional item. Let&#8217;s see in what situations a printed umbrella can be a great choice! Promote your business during rainy days! While umbrellas are considered seasonal accessories as they [&hellip;]\" \/>\n<meta property=\"og:url\" content=\"https:\/\/poloforma.hu\/en\/product\/umbrella-printing-for-every-season-and-occasion\/\" \/>\n<meta property=\"og:site_name\" content=\"P\u00f3l\u00f3forma\" \/>\n<meta property=\"article:publisher\" content=\"http:\/\/www.facebook.com\/poloforma\" \/>\n<meta property=\"article:modified_time\" content=\"2025-03-17T10:08:01+00:00\" \/>\n<meta property=\"og:image\" content=\"https:\/\/poloforma.hu\/wp-content\/uploads\/2024\/02\/minta-kep_-682x1024.png\" \/>\n\t<meta property=\"og:image:width\" content=\"682\" \/>\n\t<meta property=\"og:image:height\" content=\"1024\" \/>\n\t<meta property=\"og:image:type\" content=\"image\/png\" \/>\n<meta name=\"twitter:card\" content=\"summary_large_image\" \/>\n<meta name=\"twitter:label1\" content=\"Est. reading time\" \/>\n\t<meta name=\"twitter:data1\" content=\"3 minutes\" \/>\n<script type=\"application\/ld+json\" class=\"yoast-schema-graph\">{\"@context\":\"https:\/\/schema.org\",\"@graph\":[{\"@type\":\"WebPage\",\"@id\":\"https:\/\/poloforma.hu\/en\/product\/umbrella-printing-for-every-season-and-occasion\/\",\"url\":\"https:\/\/poloforma.hu\/en\/product\/umbrella-printing-for-every-season-and-occasion\/\",\"name\":\"Umbrella Printing for Every Season and Occasion - P\u00f3l\u00f3forma\",\"isPartOf\":{\"@id\":\"https:\/\/poloforma.hu\/#website\"},\"primaryImageOfPage\":{\"@id\":\"https:\/\/poloforma.hu\/en\/product\/umbrella-printing-for-every-season-and-occasion\/#primaryimage\"},\"image\":{\"@id\":\"https:\/\/poloforma.hu\/en\/product\/umbrella-printing-for-every-season-and-occasion\/#primaryimage\"},\"thumbnailUrl\":\"https:\/\/poloforma.hu\/wp-content\/uploads\/2024\/02\/minta-kep_.png\",\"datePublished\":\"2024-02-07T22:18:23+00:00\",\"dateModified\":\"2025-03-17T10:08:01+00:00\",\"breadcrumb\":{\"@id\":\"https:\/\/poloforma.hu\/en\/product\/umbrella-printing-for-every-season-and-occasion\/#breadcrumb\"},\"inLanguage\":\"en-US\",\"potentialAction\":[{\"@type\":\"ReadAction\",\"target\":[\"https:\/\/poloforma.hu\/en\/product\/umbrella-printing-for-every-season-and-occasion\/\"]}]},{\"@type\":\"ImageObject\",\"inLanguage\":\"en-US\",\"@id\":\"https:\/\/poloforma.hu\/en\/product\/umbrella-printing-for-every-season-and-occasion\/#primaryimage\",\"url\":\"https:\/\/poloforma.hu\/wp-content\/uploads\/2024\/02\/minta-kep_.png\",\"contentUrl\":\"https:\/\/poloforma.hu\/wp-content\/uploads\/2024\/02\/minta-kep_.png\",\"width\":1968,\"height\":2953,\"caption\":\"Egyedi eserny\u0151\"},{\"@type\":\"BreadcrumbList\",\"@id\":\"https:\/\/poloforma.hu\/en\/product\/umbrella-printing-for-every-season-and-occasion\/#breadcrumb\",\"itemListElement\":[{\"@type\":\"ListItem\",\"position\":1,\"name\":\"Kezd\u0151lap\",\"item\":\"https:\/\/poloforma.hu\/en\/\"},{\"@type\":\"ListItem\",\"position\":2,\"name\":\"Shop\",\"item\":\"https:\/\/poloforma.hu\/en\/shop\/\"},{\"@type\":\"ListItem\",\"position\":3,\"name\":\"Egy\u00e9b\",\"item\":\"https:\/\/poloforma.hu\/termekkategoria\/szemelyre-szabhato-ajandekok\/\"},{\"@type\":\"ListItem\",\"position\":4,\"name\":\"Eserny\u0151\",\"item\":\"https:\/\/poloforma.hu\/termekkategoria\/szemelyre-szabhato-ajandekok\/esernyo-nyomtatas\/\"},{\"@type\":\"ListItem\",\"position\":5,\"name\":\"Umbrella Printing for Every Season and Occasion\"}]},{\"@type\":\"WebSite\",\"@id\":\"https:\/\/poloforma.hu\/#website\",\"url\":\"https:\/\/poloforma.hu\/\",\"name\":\"www.poloforma.hu\",\"description\":\"F\u00e9nyk\u00e9pes p\u00f3l\u00f3, b\u00f6gre, aj\u00e1nd\u00e9kt\u00e1rgy nyomtat\u00e1s, h\u00edmz\u00e9s\",\"publisher\":{\"@id\":\"https:\/\/poloforma.hu\/#organization\"},\"potentialAction\":[{\"@type\":\"SearchAction\",\"target\":{\"@type\":\"EntryPoint\",\"urlTemplate\":\"https:\/\/poloforma.hu\/?s={search_term_string}\"},\"query-input\":{\"@type\":\"PropertyValueSpecification\",\"valueRequired\":true,\"valueName\":\"search_term_string\"}}],\"inLanguage\":\"en-US\"},{\"@type\":\"Organization\",\"@id\":\"https:\/\/poloforma.hu\/#organization\",\"name\":\"www.poloforma.hu\",\"url\":\"https:\/\/poloforma.hu\/\",\"logo\":{\"@type\":\"ImageObject\",\"inLanguage\":\"en-US\",\"@id\":\"https:\/\/poloforma.hu\/#\/schema\/logo\/image\/\",\"url\":\"https:\/\/poloforma.hu\/wp-content\/uploads\/2022\/08\/favikon.png\",\"contentUrl\":\"https:\/\/poloforma.hu\/wp-content\/uploads\/2022\/08\/favikon.png\",\"width\":1794,\"height\":1639,\"caption\":\"www.poloforma.hu\"},\"image\":{\"@id\":\"https:\/\/poloforma.hu\/#\/schema\/logo\/image\/\"},\"sameAs\":[\"http:\/\/www.facebook.com\/poloforma\",\"http:\/\/www.instagram.com\/poloparadicsom\"]}]}<\/script>\n<!-- \/ Yoast SEO Premium plugin. -->","yoast_head_json":{"title":"Umbrella Printing for Every Season and Occasion - P\u00f3l\u00f3forma","robots":{"index":"index","follow":"follow","max-snippet":"max-snippet:-1","max-image-preview":"max-image-preview:large","max-video-preview":"max-video-preview:-1"},"canonical":"https:\/\/poloforma.hu\/en\/product\/umbrella-printing-for-every-season-and-occasion\/","og_locale":"en_US","og_type":"article","og_title":"Umbrella Printing for Every Season and Occasion","og_description":"Umbrella printing couldn&#8217;t be more timely, no matter the season. Whether you&#8217;re looking for a promotional gift or a personal surprise, you won&#8217;t find a better functional item. Let&#8217;s see in what situations a printed umbrella can be a great choice! Promote your business during rainy days! While umbrellas are considered seasonal accessories as they [&hellip;]","og_url":"https:\/\/poloforma.hu\/en\/product\/umbrella-printing-for-every-season-and-occasion\/","og_site_name":"P\u00f3l\u00f3forma","article_publisher":"http:\/\/www.facebook.com\/poloforma","article_modified_time":"2025-03-17T10:08:01+00:00","og_image":[{"width":682,"height":1024,"url":"https:\/\/poloforma.hu\/wp-content\/uploads\/2024\/02\/minta-kep_-682x1024.png","type":"image\/png"}],"twitter_card":"summary_large_image","twitter_misc":{"Est. reading time":"3 minutes"},"schema":{"@context":"https:\/\/schema.org","@graph":[{"@type":"WebPage","@id":"https:\/\/poloforma.hu\/en\/product\/umbrella-printing-for-every-season-and-occasion\/","url":"https:\/\/poloforma.hu\/en\/product\/umbrella-printing-for-every-season-and-occasion\/","name":"Umbrella Printing for Every Season and Occasion - P\u00f3l\u00f3forma","isPartOf":{"@id":"https:\/\/poloforma.hu\/#website"},"primaryImageOfPage":{"@id":"https:\/\/poloforma.hu\/en\/product\/umbrella-printing-for-every-season-and-occasion\/#primaryimage"},"image":{"@id":"https:\/\/poloforma.hu\/en\/product\/umbrella-printing-for-every-season-and-occasion\/#primaryimage"},"thumbnailUrl":"https:\/\/poloforma.hu\/wp-content\/uploads\/2024\/02\/minta-kep_.png","datePublished":"2024-02-07T22:18:23+00:00","dateModified":"2025-03-17T10:08:01+00:00","breadcrumb":{"@id":"https:\/\/poloforma.hu\/en\/product\/umbrella-printing-for-every-season-and-occasion\/#breadcrumb"},"inLanguage":"en-US","potentialAction":[{"@type":"ReadAction","target":["https:\/\/poloforma.hu\/en\/product\/umbrella-printing-for-every-season-and-occasion\/"]}]},{"@type":"ImageObject","inLanguage":"en-US","@id":"https:\/\/poloforma.hu\/en\/product\/umbrella-printing-for-every-season-and-occasion\/#primaryimage","url":"https:\/\/poloforma.hu\/wp-content\/uploads\/2024\/02\/minta-kep_.png","contentUrl":"https:\/\/poloforma.hu\/wp-content\/uploads\/2024\/02\/minta-kep_.png","width":1968,"height":2953,"caption":"Egyedi eserny\u0151"},{"@type":"BreadcrumbList","@id":"https:\/\/poloforma.hu\/en\/product\/umbrella-printing-for-every-season-and-occasion\/#breadcrumb","itemListElement":[{"@type":"ListItem","position":1,"name":"Kezd\u0151lap","item":"https:\/\/poloforma.hu\/en\/"},{"@type":"ListItem","position":2,"name":"Shop","item":"https:\/\/poloforma.hu\/en\/shop\/"},{"@type":"ListItem","position":3,"name":"Egy\u00e9b","item":"https:\/\/poloforma.hu\/termekkategoria\/szemelyre-szabhato-ajandekok\/"},{"@type":"ListItem","position":4,"name":"Eserny\u0151","item":"https:\/\/poloforma.hu\/termekkategoria\/szemelyre-szabhato-ajandekok\/esernyo-nyomtatas\/"},{"@type":"ListItem","position":5,"name":"Umbrella Printing for Every Season and Occasion"}]},{"@type":"WebSite","@id":"https:\/\/poloforma.hu\/#website","url":"https:\/\/poloforma.hu\/","name":"www.poloforma.hu","description":"F\u00e9nyk\u00e9pes p\u00f3l\u00f3, b\u00f6gre, aj\u00e1nd\u00e9kt\u00e1rgy nyomtat\u00e1s, h\u00edmz\u00e9s","publisher":{"@id":"https:\/\/poloforma.hu\/#organization"},"potentialAction":[{"@type":"SearchAction","target":{"@type":"EntryPoint","urlTemplate":"https:\/\/poloforma.hu\/?s={search_term_string}"},"query-input":{"@type":"PropertyValueSpecification","valueRequired":true,"valueName":"search_term_string"}}],"inLanguage":"en-US"},{"@type":"Organization","@id":"https:\/\/poloforma.hu\/#organization","name":"www.poloforma.hu","url":"https:\/\/poloforma.hu\/","logo":{"@type":"ImageObject","inLanguage":"en-US","@id":"https:\/\/poloforma.hu\/#\/schema\/logo\/image\/","url":"https:\/\/poloforma.hu\/wp-content\/uploads\/2022\/08\/favikon.png","contentUrl":"https:\/\/poloforma.hu\/wp-content\/uploads\/2022\/08\/favikon.png","width":1794,"height":1639,"caption":"www.poloforma.hu"},"image":{"@id":"https:\/\/poloforma.hu\/#\/schema\/logo\/image\/"},"sameAs":["http:\/\/www.facebook.com\/poloforma","http:\/\/www.instagram.com\/poloparadicsom"]}]}},"_links":{"self":[{"href":"https:\/\/poloforma.hu\/en\/wp-json\/wp\/v2\/product\/172760","targetHints":{"allow":["GET"]}}],"collection":[{"href":"https:\/\/poloforma.hu\/en\/wp-json\/wp\/v2\/product"}],"about":[{"href":"https:\/\/poloforma.hu\/en\/wp-json\/wp\/v2\/types\/product"}],"replies":[{"embeddable":true,"href":"https:\/\/poloforma.hu\/en\/wp-json\/wp\/v2\/comments?post=172760"}],"wp:featuredmedia":[{"embeddable":true,"href":"https:\/\/poloforma.hu\/en\/wp-json\/wp\/v2\/media\/161283"}],"wp:attachment":[{"href":"https:\/\/poloforma.hu\/en\/wp-json\/wp\/v2\/media?parent=172760"}],"wp:term":[{"taxonomy":"product_brand","embeddable":true,"href":"https:\/\/poloforma.hu\/en\/wp-json\/wp\/v2\/product_brand?post=172760"},{"taxonomy":"product_cat","embeddable":true,"href":"https:\/\/poloforma.hu\/en\/wp-json\/wp\/v2\/product_cat?post=172760"},{"taxonomy":"product_tag","embeddable":true,"href":"https:\/\/poloforma.hu\/en\/wp-json\/wp\/v2\/product_tag?post=172760"}],"curies":[{"name":"wp","href":"https:\/\/api.w.org\/{rel}","templated":true}]}}