{"id":2683,"date":"2021-06-16T13:10:59","date_gmt":"2021-06-16T13:10:59","guid":{"rendered":"https:\/\/poloforma.hu\/adatkezelesi-tajekoztato\/"},"modified":"2023-06-08T13:35:56","modified_gmt":"2023-06-08T11:35:56","slug":"privacy-policy","status":"publish","type":"page","link":"https:\/\/poloforma.hu\/en\/privacy-policy\/","title":{"rendered":"Privacy policy"},"content":{"rendered":"\t\t<div data-elementor-type=\"wp-page\" data-elementor-id=\"2683\" class=\"elementor elementor-2683 elementor-3\" data-elementor-post-type=\"page\">\n\t\t\t\t\t\t<section class=\"elementor-section elementor-top-section elementor-element elementor-element-65d189e elementor-section-boxed elementor-section-height-default elementor-section-height-default\" data-id=\"65d189e\" data-element_type=\"section\" data-e-type=\"section\">\n\t\t\t\t\t\t<div class=\"elementor-container elementor-column-gap-default\">\n\t\t\t\t\t<div class=\"elementor-column elementor-col-100 elementor-top-column elementor-element elementor-element-e538e84\" data-id=\"e538e84\" data-element_type=\"column\" data-e-type=\"column\">\n\t\t\t<div class=\"elementor-widget-wrap elementor-element-populated\">\n\t\t\t\t\t\t<div class=\"elementor-element elementor-element-ff58627 elementor-widget elementor-widget-html\" data-id=\"ff58627\" data-element_type=\"widget\" data-e-type=\"widget\" data-widget_type=\"html.default\">\n\t\t\t\t<div class=\"elementor-widget-container\">\n\t\t\t\t\t<!DOCTYPE html>\n<html lang=\"en\">\n  <head>\n    <meta charset=\"utf-8\" \/>\n    <meta http-equiv=\"X-UA-Compatible\" content=\"IE=edge,chrome=1\" \/>\n    <meta\n      name=\"viewport\"\n      content=\"width=device-width, initial-scale=1, shrink-to-fit=no\"\n    \/>\n    <title>Privacy Policy<\/title>\n    <link href=\"\/assets\/css\/bootstrap.min.css\" rel=\"stylesheet\" \/>\n    <link href=\"\/assets\/css\/live.min.css\" rel=\"stylesheet\" \/>\n\n    <meta name=\"robots\" content=\"noindex\" \/>\n  <\/head>\n  <body>\n    <div class=\"wrapper\">\n      <div class=\"page\">\n        <div class=\"container\">\n          <div class=\"row\">\n            <div class=\"col-md-12\">\n              <h1>Privacy Policy for Poloparadicsom Kft<\/h1>\n              <p>\n                At poloforma.hu, accessible from www.poloforma.hu, one of our\n                main priorities is the privacy of our visitors. This Privacy\n                Policy document contains types of information that is collected\n                and recorded by poloforma.hu and how we use it.\n              <\/p>\n              <p>\n                If you have additional questions or require more information\n                about our Privacy Policy, do not hesitate to contact us.\n              <\/p>\n              <p>\n                This Privacy Policy applies only to our online activities and is\n                valid for visitors to our website with regards to the\n                information that they shared and\/or collect in poloforma.hu.\n                This policy is not applicable to any information collected\n                offline or via channels other than this website. Our Privacy\n                Policy was created with the help of the\n                <a href=\"https:\/\/www.privacypolicygenerator.info\/\"\n                  >Free Privacy Policy Generator<\/a\n                >.\n              <\/p>\n              <h2>Consent<\/h2>\n              <p>\n                By using our website, you hereby consent to our Privacy Policy\n                and agree to its terms.\n              <\/p>\n              <h2>Information we collect<\/h2>\n              <p>\n                The personal information that you are asked to provide, and the\n                reasons why you are asked to provide it, will be made clear to\n                you at the point we ask you to provide your personal\n                information.\n              <\/p>\n              <p>\n                If you contact us directly, we may receive additional\n                information about you such as your name, email address, phone\n                number, the contents of the message and\/or attachments you may\n                send us, and any other information you may choose to provide.\n              <\/p>\n              <p>\n                When you register for an Account, we may ask for your contact\n                information, including items such as name, company name,\n                address, email address, and telephone number.\n              <\/p>\n              <h2>How we use your information<\/h2>\n              <p>\n                We use the information we collect in various ways, including to:\n              <\/p>\n              <ul>\n                <li>Provide, operate, and maintain our website<\/li>\n                <li>Improve, personalize, and expand our website<\/li>\n                <li>Understand and analyze how you use our website<\/li>\n                <li>\n                  Develop new products, services, features, and functionality\n                <\/li>\n                <li>\n                  Communicate with you, either directly or through one of our\n                  partners, including for customer service, to provide you with\n                  updates and other information relating to the website, and for\n                  marketing and promotional purposes\n                <\/li>\n                <li>Send you emails<\/li>\n                <li>Find and prevent fraud<\/li>\n              <\/ul>\n              <h2>SimplePay<\/h2>\n              <p>\n                I acknowledge the following personal data stored in the user\n                account ofSimon Alma E.V. 6600 Szentes, dr. V\u00e1rady Lip\u00f3t \u00c1rp\u00e1d u\n                37. in the user database of https:\/\/poloforma.hu\/ will be handed\n                over to OTP Mobil Ltd. and is trusted as data processor. The\n                data transferred by the data controller are the following: name,\n                address, payable amount, purchase amount, shipping cost,\n                purchase content.\n              <\/p>\n              <p>\n                The nature and purpose of the data processing activity performed\n                by the data processor in the SimplePay Privacy Policy can be\n                found at the following link: http:\/\/simplepay.hu\/vasarlo-aff\n              <\/p>\n              <h2>Log Files<\/h2>\n              <p>\n                poloforma.hu follows a standard procedure of using log files.\n                These files log visitors when they visit websites. All hosting\n                companies do this and a part of hosting services' analytics. The\n                information collected by log files include internet protocol\n                (IP) addresses, browser type, Internet Service Provider (ISP),\n                date and time stamp, referring\/exit pages, and possibly the\n                number of clicks. These are not linked to any information that\n                is personally identifiable. The purpose of the information is\n                for analyzing trends, administering the site, tracking users'\n                movement on the website, and gathering demographic information.\n              <\/p>\n              <h2>Cookies and Web Beacons<\/h2>\n              <p>\n                Like any other website, poloforma.hu uses 'cookies'. These\n                cookies are used to store information including visitors'\n                preferences, and the pages on the website that the visitor\n                accessed or visited. The information is used to optimize the\n                users' experience by customizing our web page content based on\n                visitors' browser type and\/or other information.\n              <\/p>\n              <h2>Advertising Partners Privacy Policies<\/h2>\n              <p>\n                You may consult this list to find the Privacy Policy for each of\n                the advertising partners of poloforma.hu.\n              <\/p>\n              <p>\n                Third-party ad servers or ad networks uses technologies like\n                cookies, JavaScript, or Web Beacons that are used in their\n                respective advertisements and links that appear on poloforma.hu,\n                which are sent directly to users' browser. They automatically\n                receive your IP address when this occurs. These technologies are\n                used to measure the effectiveness of their advertising campaigns\n                and\/or to personalize the advertising content that you see on\n                websites that you visit.\n              <\/p>\n              <p>\n                Note that poloforma.hu has no access to or control over these\n                cookies that are used by third-party advertisers.\n              <\/p>\n              <h2>Third Party Privacy Policies<\/h2>\n              <p>\n                poloforma.hu's Privacy Policy does not apply to other\n                advertisers or websites. Thus, we are advising you to consult\n                the respective Privacy Policies of these third-party ad servers\n                for more detailed information. It may include their practices\n                and instructions about how to opt-out of certain options.\n              <\/p>\n              <p>\n                You can choose to disable cookies through your individual\n                browser options. To know more detailed information about cookie\n                management with specific web browsers, it can be found at the\n                browsers' respective websites.\n              <\/p>\n              <h2>CCPA Privacy Rights (Do Not Sell My Personal Information)<\/h2>\n              <p>\n                Under the CCPA, among other rights, California consumers have\n                the right to:\n              <\/p>\n              <p>\n                Request that a business that collects a consumer's personal data\n                disclose the categories and specific pieces of personal data\n                that a business has collected about consumers.\n              <\/p>\n              <p>\n                Request that a business delete any personal data about the\n                consumer that a business has collected.\n              <\/p>\n              <p>\n                Request that a business that sells a consumer's personal data,\n                not sell the consumer's personal data.\n              <\/p>\n              <p>\n                If you make a request, we have one month to respond to you. If\n                you would like to exercise any of these rights, please contact\n                us.\n              <\/p>\n              <h2>GDPR Data Protection Rights<\/h2>\n              <p>\n                We would like to make sure you are fully aware of all of your\n                data protection rights. Every user is entitled to the following:\n              <\/p>\n              <p>\n                The right to access \u2013 You have the right to request copies of\n                your personal data. We may charge you a small fee for this\n                service.\n              <\/p>\n              <p>\n                The right to rectification \u2013 You have the right to request that\n                we correct any information you believe is inaccurate. You also\n                have the right to request that we complete the information you\n                believe is incomplete.\n              <\/p>\n              <p>\n                The right to erasure \u2013 You have the right to request that we\n                erase your personal data, under certain conditions.\n              <\/p>\n              <p>\n                The right to restrict processing \u2013 You have the right to request\n                that we restrict the processing of your personal data, under\n                certain conditions.\n              <\/p>\n              <p>\n                The right to object to processing \u2013 You have the right to object\n                to our processing of your personal data, under certain\n                conditions.\n              <\/p>\n              <p>\n                The right to data portability \u2013 You have the right to request\n                that we transfer the data that we have collected to another\n                organization, or directly to you, under certain conditions.\n              <\/p>\n              <p>\n                If you make a request, we have one month to respond to you. If\n                you would like to exercise any of these rights, please contact\n                us.\n              <\/p>\n              <h2>Children's Information<\/h2>\n              <p>\n                Another part of our priority is adding protection for children\n                while using the internet. We encourage parents and guardians to\n                observe, participate in, and\/or monitor and guide their online\n                activity.\n              <\/p>\n              <p>\n                poloforma.hu does not knowingly collect any Personal\n                Identifiable Information from children under the age of 13. If\n                you think that your child provided this kind of information on\n                our website, we strongly encourage you to contact us immediately\n                and we will do our best efforts to promptly remove such\n                information from our records.\n              <\/p>\n              <hr \/>\n              <p>\n                Generated using\n                <a href=\"https:\/\/www.privacypolicygenerator.info\"\n                  >Privacy Policy Generator<\/a\n                >\n              <\/p>\n            <\/div>\n          <\/div>\n        <\/div>\n      <\/div>\n    <\/div>\n  <\/body>\n<\/html>\n\t\t\t\t<\/div>\n\t\t\t\t<\/div>\n\t\t\t\t\t<\/div>\n\t\t<\/div>\n\t\t\t\t\t<\/div>\n\t\t<\/section>\n\t\t\t\t<\/div>\n\t\t","protected":false},"excerpt":{"rendered":"<p>Privacy Policy Privacy Policy for Poloparadicsom Kft At poloforma.hu, accessible from www.poloforma.hu, one of our main priorities is the privacy of our visitors. This Privacy Policy document contains types of information that is collected and recorded by poloforma.hu and how we use it. If you have additional questions or require more information about our Privacy [&hellip;]<\/p>\n","protected":false},"author":1,"featured_media":0,"parent":0,"menu_order":0,"comment_status":"closed","ping_status":"open","template":"","meta":{"_acf_changed":false,"inline_featured_image":false,"footnotes":""},"class_list":["post-2683","page","type-page","status-publish","hentry"],"acf":[],"yoast_head":"<!-- This site is optimized with the Yoast SEO Premium plugin v27.2 (Yoast SEO v27.2) - https:\/\/yoast.com\/product\/yoast-seo-premium-wordpress\/ -->\n<title>Privacy policy - P\u00f3l\u00f3forma<\/title>\n<meta name=\"robots\" content=\"index, follow, max-snippet:-1, max-image-preview:large, max-video-preview:-1\" \/>\n<link rel=\"canonical\" href=\"https:\/\/poloforma.hu\/en\/privacy-policy\/\" \/>\n<meta property=\"og:locale\" content=\"en_US\" \/>\n<meta property=\"og:type\" content=\"article\" \/>\n<meta property=\"og:title\" content=\"Privacy policy\" \/>\n<meta property=\"og:description\" content=\"Privacy Policy Privacy Policy for Poloparadicsom Kft At poloforma.hu, accessible from www.poloforma.hu, one of our main priorities is the privacy of our visitors. This Privacy Policy document contains types of information that is collected and recorded by poloforma.hu and how we use it. If you have additional questions or require more information about our Privacy [&hellip;]\" \/>\n<meta property=\"og:url\" content=\"https:\/\/poloforma.hu\/en\/privacy-policy\/\" \/>\n<meta property=\"og:site_name\" content=\"P\u00f3l\u00f3forma\" \/>\n<meta property=\"article:publisher\" content=\"http:\/\/www.facebook.com\/poloforma\" \/>\n<meta property=\"article:modified_time\" content=\"2023-06-08T11:35:56+00:00\" \/>\n<meta property=\"og:image\" content=\"https:\/\/poloforma.hu\/wp-content\/uploads\/2023\/04\/Egyedi-polo-nyomtatas-polo-szerkesztes-fenykepes-ajandekok-1.png\" \/>\n\t<meta property=\"og:image:width\" content=\"1917\" \/>\n\t<meta property=\"og:image:height\" content=\"703\" \/>\n\t<meta property=\"og:image:type\" content=\"image\/png\" \/>\n<meta name=\"twitter:card\" content=\"summary_large_image\" \/>\n<meta name=\"twitter:label1\" content=\"Est. reading time\" \/>\n\t<meta name=\"twitter:data1\" content=\"5 minutes\" \/>\n<script type=\"application\/ld+json\" class=\"yoast-schema-graph\">{\"@context\":\"https:\/\/schema.org\",\"@graph\":[{\"@type\":\"WebPage\",\"@id\":\"https:\/\/poloforma.hu\/en\/privacy-policy\/\",\"url\":\"https:\/\/poloforma.hu\/en\/privacy-policy\/\",\"name\":\"Privacy policy - P\u00f3l\u00f3forma\",\"isPartOf\":{\"@id\":\"https:\/\/poloforma.hu\/#website\"},\"datePublished\":\"2021-06-16T13:10:59+00:00\",\"dateModified\":\"2023-06-08T11:35:56+00:00\",\"breadcrumb\":{\"@id\":\"https:\/\/poloforma.hu\/en\/privacy-policy\/#breadcrumb\"},\"inLanguage\":\"en-US\",\"potentialAction\":[{\"@type\":\"ReadAction\",\"target\":[\"https:\/\/poloforma.hu\/en\/privacy-policy\/\"]}]},{\"@type\":\"BreadcrumbList\",\"@id\":\"https:\/\/poloforma.hu\/en\/privacy-policy\/#breadcrumb\",\"itemListElement\":[{\"@type\":\"ListItem\",\"position\":1,\"name\":\"Kezd\u0151lap\",\"item\":\"https:\/\/poloforma.hu\/en\/\"},{\"@type\":\"ListItem\",\"position\":2,\"name\":\"Privacy policy\"}]},{\"@type\":\"WebSite\",\"@id\":\"https:\/\/poloforma.hu\/#website\",\"url\":\"https:\/\/poloforma.hu\/\",\"name\":\"www.poloforma.hu\",\"description\":\"F\u00e9nyk\u00e9pes p\u00f3l\u00f3, b\u00f6gre, aj\u00e1nd\u00e9kt\u00e1rgy nyomtat\u00e1s, h\u00edmz\u00e9s\",\"publisher\":{\"@id\":\"https:\/\/poloforma.hu\/#organization\"},\"potentialAction\":[{\"@type\":\"SearchAction\",\"target\":{\"@type\":\"EntryPoint\",\"urlTemplate\":\"https:\/\/poloforma.hu\/?s={search_term_string}\"},\"query-input\":{\"@type\":\"PropertyValueSpecification\",\"valueRequired\":true,\"valueName\":\"search_term_string\"}}],\"inLanguage\":\"en-US\"},{\"@type\":\"Organization\",\"@id\":\"https:\/\/poloforma.hu\/#organization\",\"name\":\"www.poloforma.hu\",\"url\":\"https:\/\/poloforma.hu\/\",\"logo\":{\"@type\":\"ImageObject\",\"inLanguage\":\"en-US\",\"@id\":\"https:\/\/poloforma.hu\/#\/schema\/logo\/image\/\",\"url\":\"https:\/\/poloforma.hu\/wp-content\/uploads\/2022\/08\/favikon.png\",\"contentUrl\":\"https:\/\/poloforma.hu\/wp-content\/uploads\/2022\/08\/favikon.png\",\"width\":1794,\"height\":1639,\"caption\":\"www.poloforma.hu\"},\"image\":{\"@id\":\"https:\/\/poloforma.hu\/#\/schema\/logo\/image\/\"},\"sameAs\":[\"http:\/\/www.facebook.com\/poloforma\",\"http:\/\/www.instagram.com\/poloparadicsom\"]}]}<\/script>\n<!-- \/ Yoast SEO Premium plugin. -->","yoast_head_json":{"title":"Privacy policy - P\u00f3l\u00f3forma","robots":{"index":"index","follow":"follow","max-snippet":"max-snippet:-1","max-image-preview":"max-image-preview:large","max-video-preview":"max-video-preview:-1"},"canonical":"https:\/\/poloforma.hu\/en\/privacy-policy\/","og_locale":"en_US","og_type":"article","og_title":"Privacy policy","og_description":"Privacy Policy Privacy Policy for Poloparadicsom Kft At poloforma.hu, accessible from www.poloforma.hu, one of our main priorities is the privacy of our visitors. This Privacy Policy document contains types of information that is collected and recorded by poloforma.hu and how we use it. If you have additional questions or require more information about our Privacy [&hellip;]","og_url":"https:\/\/poloforma.hu\/en\/privacy-policy\/","og_site_name":"P\u00f3l\u00f3forma","article_publisher":"http:\/\/www.facebook.com\/poloforma","article_modified_time":"2023-06-08T11:35:56+00:00","og_image":[{"width":1917,"height":703,"url":"https:\/\/poloforma.hu\/wp-content\/uploads\/2023\/04\/Egyedi-polo-nyomtatas-polo-szerkesztes-fenykepes-ajandekok-1.png","type":"image\/png"}],"twitter_card":"summary_large_image","twitter_misc":{"Est. reading time":"5 minutes"},"schema":{"@context":"https:\/\/schema.org","@graph":[{"@type":"WebPage","@id":"https:\/\/poloforma.hu\/en\/privacy-policy\/","url":"https:\/\/poloforma.hu\/en\/privacy-policy\/","name":"Privacy policy - P\u00f3l\u00f3forma","isPartOf":{"@id":"https:\/\/poloforma.hu\/#website"},"datePublished":"2021-06-16T13:10:59+00:00","dateModified":"2023-06-08T11:35:56+00:00","breadcrumb":{"@id":"https:\/\/poloforma.hu\/en\/privacy-policy\/#breadcrumb"},"inLanguage":"en-US","potentialAction":[{"@type":"ReadAction","target":["https:\/\/poloforma.hu\/en\/privacy-policy\/"]}]},{"@type":"BreadcrumbList","@id":"https:\/\/poloforma.hu\/en\/privacy-policy\/#breadcrumb","itemListElement":[{"@type":"ListItem","position":1,"name":"Kezd\u0151lap","item":"https:\/\/poloforma.hu\/en\/"},{"@type":"ListItem","position":2,"name":"Privacy policy"}]},{"@type":"WebSite","@id":"https:\/\/poloforma.hu\/#website","url":"https:\/\/poloforma.hu\/","name":"www.poloforma.hu","description":"F\u00e9nyk\u00e9pes p\u00f3l\u00f3, b\u00f6gre, aj\u00e1nd\u00e9kt\u00e1rgy nyomtat\u00e1s, h\u00edmz\u00e9s","publisher":{"@id":"https:\/\/poloforma.hu\/#organization"},"potentialAction":[{"@type":"SearchAction","target":{"@type":"EntryPoint","urlTemplate":"https:\/\/poloforma.hu\/?s={search_term_string}"},"query-input":{"@type":"PropertyValueSpecification","valueRequired":true,"valueName":"search_term_string"}}],"inLanguage":"en-US"},{"@type":"Organization","@id":"https:\/\/poloforma.hu\/#organization","name":"www.poloforma.hu","url":"https:\/\/poloforma.hu\/","logo":{"@type":"ImageObject","inLanguage":"en-US","@id":"https:\/\/poloforma.hu\/#\/schema\/logo\/image\/","url":"https:\/\/poloforma.hu\/wp-content\/uploads\/2022\/08\/favikon.png","contentUrl":"https:\/\/poloforma.hu\/wp-content\/uploads\/2022\/08\/favikon.png","width":1794,"height":1639,"caption":"www.poloforma.hu"},"image":{"@id":"https:\/\/poloforma.hu\/#\/schema\/logo\/image\/"},"sameAs":["http:\/\/www.facebook.com\/poloforma","http:\/\/www.instagram.com\/poloparadicsom"]}]}},"_links":{"self":[{"href":"https:\/\/poloforma.hu\/en\/wp-json\/wp\/v2\/pages\/2683","targetHints":{"allow":["GET"]}}],"collection":[{"href":"https:\/\/poloforma.hu\/en\/wp-json\/wp\/v2\/pages"}],"about":[{"href":"https:\/\/poloforma.hu\/en\/wp-json\/wp\/v2\/types\/page"}],"author":[{"embeddable":true,"href":"https:\/\/poloforma.hu\/en\/wp-json\/wp\/v2\/users\/1"}],"replies":[{"embeddable":true,"href":"https:\/\/poloforma.hu\/en\/wp-json\/wp\/v2\/comments?post=2683"}],"version-history":[{"count":70,"href":"https:\/\/poloforma.hu\/en\/wp-json\/wp\/v2\/pages\/2683\/revisions"}],"predecessor-version":[{"id":92474,"href":"https:\/\/poloforma.hu\/en\/wp-json\/wp\/v2\/pages\/2683\/revisions\/92474"}],"wp:attachment":[{"href":"https:\/\/poloforma.hu\/en\/wp-json\/wp\/v2\/media?parent=2683"}],"curies":[{"name":"wp","href":"https:\/\/api.w.org\/{rel}","templated":true}]}}